{"id":3712,"date":"2024-02-05T09:01:12","date_gmt":"2024-02-05T09:01:12","guid":{"rendered":"https:\/\/fireisolator.com\/about-us\/"},"modified":"2026-03-06T12:44:13","modified_gmt":"2026-03-06T12:44:13","slug":"ueber-uns","status":"publish","type":"page","link":"https:\/\/fireisolator.com\/de\/ueber-uns\/","title":{"rendered":"\u00dcber uns"},"content":{"rendered":"<div  data-label=\"Content\" data-id=\"content--1\" data-export-id=\"content-2\" data-category=\"content\" class=\"content-2 content-section content-section-spacing\" id=\"content-1\" style=\"background-color: rgb(255, 255, 255); background-image: none;\"><div > <div  class=\"row middle-xs\"><div  class=\"col-sm-5 bg-image shadow-large-black\" data-bg=\"image\" style=\"background-image: url(&quot;https:\/\/fireisolator.com\/wp-content\/uploads\/2025\/02\/Fire-Blanket-bag.jpg&quot;);\"><\/div> <div  class=\"col-sm-7 full-col-left-padding full-col-right-padding\"> <div  class=\"row\"> <div  data-type=\"column\" class=\"space-bottom-small content-title-col\">  <h2  class=\"\">\u00dcber FIRE\u26a1\ufe0fISOLATOR<\/h2> <p  class=\"\">FIRE\u26a1\ufe0fISOLATOR ist ein ISO 9001-zertifiziertes Unternehmen aus den Niederlanden. Wir sind Teil der Heijboer Safety Group, die seit \u00fcber 40 Jahren weltweit in den Bereichen Sicherheitsprodukte und Sicherheitskennzeichnung t\u00e4tig ist. Wie bei allen anderen Produkten und Dienstleistungen dieser ISO 9001-zertifizierten Gruppe ist es unser Ziel, mit Fire Isolator eine hochwertige, transparente und nachhaltige L\u00f6sung zur Beherrschung von Br\u00e4nden in Elektrofahrzeugen bereitzustellen.<br >\n\n<br >Das FIRE\u26a1\ufe0fISOLATOR-Konzept, das entwickelt wurde, um die Sch\u00e4den durch Br\u00e4nde in Elektrofahrzeugen (EVs) zu begrenzen, entstand, als unsere Partner \u2013 mit einer langj\u00e4hrigen Erfahrung in der europ\u00e4ischen F\u00e4hrindustrie \u2013 nach mehreren Anfragen aus der Branche zusammenkamen, um eine L\u00f6sung f\u00fcr EV-Br\u00e4nde w\u00e4hrend der Fahrt zu finden. Da diese Experten wussten, dass Lithiumbr\u00e4nde extrem schwer zu l\u00f6schen sind, wurde ein v\u00f6llig neues Konzept entwickelt: FIRE\u26a1\ufe0fISOLATOR.\n<\/p><\/div> <\/div> <div  class=\"row spaced-cols \" data-type=\"row\">   <div  class=\"col-xs-6\" data-type=\"column\"> <\/div>  <\/div><\/div> <\/div><\/div> <\/div><div  data-label=\"Overlappable\" data-id=\"overlappable--1\" data-export-id=\"overlappable-3\" data-category=\"overlappable\" class=\"overlappable-3 content-section content-section-spacing\" data-overlap=\"true\" id=\"overlappable-1\" style=\"background-color: rgb(255, 255, 255);\"><div  class=\"gridContainer\"> <div  class=\"row bg-color-white shadow-medium\"><div  class=\"col-xs-12 col-sm-6 image-col first-image-col\" data-bg=\"image\" style=\"background-image: url(&quot;https:\/\/fireisolator.com\/wp-content\/uploads\/2023\/01\/cropped-op-maat-4.jpg&quot;);\"><\/div> <div  class=\"col-xs-12 col-sm-6 content-col col-padding col-padding-xs\"> <div  class=\"col-padding\" data-type=\"column\"> <h4  class=\"\">Qualit\u00e4t und Politik<\/h4> <p  class=\"\">Fire Isolator hat sich mit seinem FIRE\u26a1\ufe0fISOLATOR Konzept, einem bahnbrechenden Ansatz zur Minimierung von Kollateralsch\u00e4den durch Br\u00e4nde in Elektrofahrzeugen, zu au\u00dfergew\u00f6hnlicher Qualit\u00e4t verpflichtet. Wir konzentrieren uns auf Zuverl\u00e4ssigkeit und erf\u00fcllen die internationalen Brandschutznormen. Unsere Produkte sind sowohl auf Effizienz als auch auf Langlebigkeit ausgelegt und bieten ein hervorragendes Preis-Leistungs-Verh\u00e4ltnis. Bei allem, was wir tun, von unseren Produkten bis zu unserem Kundendienst, steht Qualit\u00e4t an erster Stelle.\n<br ><br >\nBei Fire Isolator stellen wir sicher, dass ein komplettes Lager aller Fire Isolator-Produkte und -Zubeh\u00f6rteile immer verf\u00fcgbar ist, um innerhalb von 24 Stunden Hilfe leisten zu k\u00f6nnen. Unsere Unternehmenskultur basiert auf grundlegenden Werten: Kunden haben f\u00fcr uns h\u00f6chste Priorit\u00e4t, wir sch\u00e4tzen unsere kompetenten Mitarbeiter, f\u00f6rdern Innovationen und tragen Verantwortung und Rechenschaft gegen\u00fcber unseren Kunden, der Umwelt und der globalen Gemeinschaft.<\/p> <\/div> <\/div><\/div> <div  class=\"row bg-color-white shadow-medium\"><div  class=\"col-xs-12 col-sm-6 content-col col-padding col-padding-xs\"> <div  class=\"col-padding\" data-type=\"column\"><h4  class=\"\">Umwelt, Gesundheit und Sicherheit<\/h4> <p  class=\"\">Fire Isolator hat sich mit seinem innovativen Konzept FIRE\u26a1\ufe0fISOLATOR, das speziell f\u00fcr die wirksame Brandbek\u00e4mpfung in Elektrofahrzeugen entwickelt wurde, voll und ganz der Umwelt-, Gesundheits- und Sicherheitspolitik (EHS) verschrieben. Unsere Produkte erf\u00fcllen alle wesentlichen Zertifizierungen und gew\u00e4hrleisten die h\u00f6chsten Sicherheits- und Umweltschutzstandards.\n<br ><br >\nUnser Engagement geht \u00fcber die Produktentwicklung hinaus und erstreckt sich auf alle Aspekte unserer T\u00e4tigkeit:\n<br ><br >\n\u2022\tBereitstellung einer sicheren Arbeitsumgebung f\u00fcr Mitarbeiter und Interessengruppen.<br >\n\u2022\tWir minimieren unseren \u00f6kologischen Fu\u00dfabdruck.<br >\n\u2022\tIntegration von EHS in unsere Forschung und Entwicklung.<br >\n\u2022\tKontinuierliche Verbesserung unserer EHS-Bem\u00fchungen.<\/p> <\/div> <\/div> <div  class=\"col-xs-12 col-sm-6 image-col second-image-col first-xs last-sm\" data-bg=\"image\" style=\"background-image: url(&quot;https:\/\/fireisolator.com\/wp-content\/uploads\/2023\/10\/cropped-Fire-Blanket-training-1.jpg&quot;);\"><\/div> <\/div><\/div> <\/div><div  data-label=\"Team\" data-id=\"team--1\" data-export-id=\"team-2\" data-category=\"team\" class=\"team-2 content-section content-section-spacing\" id=\"team-1\" style=\"background-color: rgb(255, 255, 255);\"><div  class=\"gridContainer\"> <div  class=\"row text-center\"><div  class=\"section-title-col\" data-type=\"column\"> <h2  class=\"\">Our Team<\/h2> <p  class=\"lead\">Fire Isolator setzt die h\u00f6chsten Standards in Qualit\u00e4t und Service um, was sich in unserer ISO 9001-Zertifizierung widerspiegelt. Mit Sitz in den Niederlanden sorgt unser engagiertes Team f\u00fcr reibungslose weltweite Abl\u00e4ufe und reagiert schnell und effizient auf alle Anfragen und Bestellungen. Wir sind stolz darauf, die Schnelligkeit und Exzellenz zu liefern, auf die sich unsere H\u00e4ndler verlassen k\u00f6nnen.<br >\nLernen Sie das FIRE\u26a1\ufe0fISOLATOR-Team kennen:<\/p><\/div> <\/div> <div  class=\"row spaced-cols content-center-sm\" data-type=\"row\"> <div  class=\"col-sm-6 col-md-3\"> <div  class=\"card y-move no-padding bordered\"> <img  decoding=\"async\" class=\"face\" src=\"https:\/\/fireisolator.com\/wp-content\/uploads\/2024\/05\/JP-WEB.jpg\" title=\"JP WEB\" alt=\"Jan Peter Fire Isolator\"> <div  data-type=\"column\" class=\"col-padding-small col-padding-small-xs description-container\"> <h4  class=\"font-500\">Jan Peter Verheuvel<\/h4> <p  class=\"small\" style=\"font-style: italic;\">Director<\/p> <div  class=\"social-icons-group\" data-type=\"group\"> <a  href=\"#\" target=\"_self\" data-reiki-hidden=\"true\" rel=\"noopener\"><i  class=\"fa icon fa-facebook-square gray\"><\/i><\/a> <a  href=\"#\" target=\"_self\" data-reiki-hidden=\"true\" rel=\"noopener\"><i  class=\"fa icon fa-twitter-square gray\"><\/i><\/a> <a  href=\"#\" target=\"_self\" data-reiki-hidden=\"true\" rel=\"noopener\"><i  class=\"fa icon fa-linkedin-square gray\"><\/i><\/a> <a  href=\"#\" target=\"_self\" data-reiki-hidden=\"true\" rel=\"noopener\"><i  class=\"fa icon fa-google-plus-square gray\"><\/i><\/a><\/div> <\/div><\/div> <\/div> <div  class=\"col-sm-6 col-md-3\"> <div  class=\"card y-move no-padding bordered\"> <img  decoding=\"async\" class=\"face\" src=\"https:\/\/fireisolator.com\/wp-content\/uploads\/2024\/12\/Dirk-Silvius.jpg\" title=\"Dirk Silvius\" alt=\"Dirk Silvius\"> <div  data-type=\"column\" class=\"col-padding-small col-padding-small-xs description-container\"> <h4  class=\"font-500\">Dirk Silvius<\/h4> <p  class=\"small\" style=\"font-style: italic;\">Sales<\/p> <div  class=\"social-icons-group\" data-type=\"group\"> <a  href=\"#\" target=\"_self\" data-reiki-hidden=\"true\" rel=\"noopener\"><i  class=\"fa icon fa-facebook-square gray\"><\/i><\/a> <a  href=\"#\" target=\"_self\" data-reiki-hidden=\"true\" rel=\"noopener\"><i  class=\"fa icon fa-twitter-square gray\"><\/i><\/a> <a  href=\"#\" target=\"_self\" data-reiki-hidden=\"true\" rel=\"noopener\"><i  class=\"fa icon fa-linkedin-square gray\"><\/i><\/a> <a  href=\"#\" target=\"_self\" data-reiki-hidden=\"true\" rel=\"noopener\"><i  class=\"fa icon fa-google-plus-square gray\"><\/i><\/a><\/div> <\/div><\/div> <\/div>      <div  class=\"col-sm-6 col-md-3\"> <div  class=\"card y-move no-padding bordered\"> <img  decoding=\"async\" class=\"face\" src=\"https:\/\/fireisolator.com\/wp-content\/uploads\/cropped-Marieke-WEB.jpg\" title=\"cropped-Marieke-WEB.jpg\" alt=\"\"> <div  data-type=\"column\" class=\"col-padding-small col-padding-small-xs description-container\"> <h4  class=\"font-500\">Marieke Zwerver<\/h4> <p  class=\"small\" style=\"font-style: italic;\">Backoffice<\/p> <div  class=\"social-icons-group\" data-type=\"group\"> <a  href=\"#\" target=\"_self\" data-reiki-hidden=\"true\" rel=\"noopener\"><i  class=\"fa icon fa-facebook-square gray\"><\/i><\/a> <a  href=\"#\" target=\"_self\" data-reiki-hidden=\"true\" rel=\"noopener\"><i  class=\"fa icon fa-twitter-square gray\"><\/i><\/a> <a  href=\"#\" target=\"_self\" data-reiki-hidden=\"true\" rel=\"noopener\"><i  class=\"fa icon fa-linkedin-square gray\"><\/i><\/a> <a  href=\"#\" target=\"_self\" data-reiki-hidden=\"true\" rel=\"noopener\"><i  class=\"fa icon fa-google-plus-square gray\"><\/i><\/a><\/div> <\/div><\/div> <\/div><div  class=\"col-sm-6 col-md-3\"> <div  class=\"card y-move no-padding bordered\"> <img  decoding=\"async\" class=\"face\" src=\"https:\/\/fireisolator.com\/wp-content\/uploads\/Mario-WEB.jpg\" title=\"Mario WEB\" alt=\"Mario\"> <div  data-type=\"column\" class=\"col-padding-small col-padding-small-xs description-container\"> <h4  class=\"font-500\">Mario Verkijk<\/h4> <p  class=\"small\" style=\"font-style: italic;\">Logistics &amp; Warehouse<\/p> <div  class=\"social-icons-group\" data-type=\"group\"> <a  href=\"#\" target=\"_self\" data-reiki-hidden=\"true\" rel=\"noopener\"><i  class=\"fa icon fa-facebook-square gray\"><\/i><\/a> <a  href=\"#\" target=\"_self\" data-reiki-hidden=\"true\" rel=\"noopener\"><i  class=\"fa icon fa-twitter-square gray\"><\/i><\/a> <a  href=\"#\" target=\"_self\" data-reiki-hidden=\"true\" rel=\"noopener\"><i  class=\"fa icon fa-linkedin-square gray\"><\/i><\/a> <a  href=\"#\" target=\"_self\" data-reiki-hidden=\"true\" rel=\"noopener\"><i  class=\"fa icon fa-google-plus-square gray\"><\/i><\/a><\/div> <\/div><\/div> <\/div><div  class=\"col-sm-6 col-md-3\"> <div  class=\"card y-move no-padding bordered\"> <img  decoding=\"async\" class=\"face\" src=\"https:\/\/fireisolator.com\/wp-content\/uploads\/Sander.jpg\" title=\"Sander\" alt=\"Sander\"> <div  data-type=\"column\" class=\"col-padding-small col-padding-small-xs description-container\"> <h4  class=\"font-500\">Sander Hoogendijk<\/h4> <p  class=\"small\" style=\"font-style: italic;\">Senior Allround Marketeer<\/p> <div  class=\"social-icons-group\" data-type=\"group\"> <a  href=\"#\" target=\"_self\" data-reiki-hidden=\"true\" rel=\"noopener\"><i  class=\"fa icon fa-facebook-square gray\"><\/i><\/a> <a  href=\"#\" target=\"_self\" data-reiki-hidden=\"true\" rel=\"noopener\"><i  class=\"fa icon fa-twitter-square gray\"><\/i><\/a> <a  href=\"#\" target=\"_self\" data-reiki-hidden=\"true\" rel=\"noopener\"><i  class=\"fa icon fa-linkedin-square gray\"><\/i><\/a> <a  href=\"#\" target=\"_self\" data-reiki-hidden=\"true\" rel=\"noopener\"><i  class=\"fa icon fa-google-plus-square gray\"><\/i><\/a><\/div> <\/div><\/div> <\/div><div  class=\"col-sm-6 col-md-3\"> <div  class=\"card y-move no-padding bordered\"> <img  decoding=\"async\" class=\"face\" src=\"https:\/\/fireisolator.com\/wp-content\/uploads\/Nicky-WEB-1.jpg\" title=\"Nicky WEB\" alt=\"Nicky\"> <div  data-type=\"column\" class=\"col-padding-small col-padding-small-xs description-container\"> <h4  class=\"font-500\">Nicky van Dijk<\/h4> <p  class=\"small\" style=\"font-style: italic;\">Senior Allround Marketeer<\/p> <div  class=\"social-icons-group\" data-type=\"group\"> <a  href=\"#\" target=\"_self\" data-reiki-hidden=\"true\" rel=\"noopener\"><i  class=\"fa icon fa-facebook-square gray\"><\/i><\/a> <a  href=\"#\" target=\"_self\" data-reiki-hidden=\"true\" rel=\"noopener\"><i  class=\"fa icon fa-twitter-square gray\"><\/i><\/a> <a  href=\"#\" target=\"_self\" data-reiki-hidden=\"true\" rel=\"noopener\"><i  class=\"fa icon fa-linkedin-square gray\"><\/i><\/a> <a  href=\"#\" target=\"_self\" data-reiki-hidden=\"true\" rel=\"noopener\"><i  class=\"fa icon fa-google-plus-square gray\"><\/i><\/a><\/div> <\/div><\/div> <\/div><\/div> <\/div><\/div>","protected":false},"excerpt":{"rendered":"<p>\u00dcber FIRE\u26a1\ufe0fISOLATOR FIRE\u26a1\ufe0fISOLATOR ist ein ISO 9001-zertifiziertes Unternehmen aus den Niederlanden. Wir sind Teil der Heijboer Safety Group, die seit \u00fcber 40 Jahren weltweit in den Bereichen Sicherheitsprodukte und Sicherheitskennzeichnung t\u00e4tig ist. Wie bei allen anderen Produkten und Dienstleistungen dieser ISO 9001-zertifizierten Gruppe ist es unser Ziel, mit Fire Isolator eine hochwertige, transparente und nachhaltige&hellip; <br \/> <a class=\"read-more\" href=\"https:\/\/fireisolator.com\/de\/ueber-uns\/\">Weiterlesen<\/a><\/p>\n","protected":false},"author":5,"featured_media":3397,"parent":0,"menu_order":0,"comment_status":"closed","ping_status":"closed","template":"pro\/page-templates\/full-width-page.php","meta":{"_acf_changed":false,"content-type":"","inline_featured_image":false,"footnotes":""},"class_list":["post-3712","page","type-page","status-publish","has-post-thumbnail","hentry"],"acf":[],"yoast_head":"<!-- This site is optimized with the Yoast SEO Premium plugin v24.6 (Yoast SEO v24.6) - https:\/\/yoast.com\/wordpress\/plugins\/seo\/ -->\n<title>\u00dcber uns &#8226; Fire Isolator<\/title>\n<meta name=\"description\" content=\"\u00dcber uns - Unser Fire Isolator-Konzept bietet eine bew\u00e4hrte L\u00f6sung zur Bek\u00e4mpfung von Br\u00e4nden in Elektroautos und minimiert Kollateralsch\u00e4den.\" \/>\n<meta name=\"robots\" content=\"index, follow, max-snippet:-1, max-image-preview:large, max-video-preview:-1\" \/>\n<link rel=\"canonical\" href=\"https:\/\/fireisolator.com\/de\/ueber-uns\/\" \/>\n<meta property=\"og:locale\" content=\"de_DE\" \/>\n<meta property=\"og:type\" content=\"article\" \/>\n<meta property=\"og:title\" content=\"\u00dcber uns\" \/>\n<meta property=\"og:description\" content=\"\u00dcber uns - Unser Fire Isolator-Konzept bietet eine bew\u00e4hrte L\u00f6sung zur Bek\u00e4mpfung von Br\u00e4nden in Elektroautos und minimiert Kollateralsch\u00e4den.\" \/>\n<meta property=\"og:url\" content=\"https:\/\/fireisolator.com\/de\/ueber-uns\/\" \/>\n<meta property=\"og:site_name\" content=\"Fire Isolator\" \/>\n<meta property=\"article:modified_time\" content=\"2026-03-06T12:44:13+00:00\" \/>\n<meta property=\"og:image\" content=\"https:\/\/fireisolator.com\/wp-content\/uploads\/2023\/10\/fire-blanket-2.0.jpg\" \/>\n\t<meta property=\"og:image:width\" content=\"1500\" \/>\n\t<meta property=\"og:image:height\" content=\"600\" \/>\n\t<meta property=\"og:image:type\" content=\"image\/jpeg\" \/>\n<meta name=\"twitter:card\" content=\"summary_large_image\" \/>\n<meta name=\"twitter:label1\" content=\"Gesch\u00e4tzte Lesezeit\" \/>\n\t<meta name=\"twitter:data1\" content=\"3\u00a0Minuten\" \/>\n<script type=\"application\/ld+json\" class=\"yoast-schema-graph\">{\"@context\":\"https:\/\/schema.org\",\"@graph\":[{\"@type\":\"WebPage\",\"@id\":\"https:\/\/fireisolator.com\/de\/ueber-uns\/\",\"url\":\"https:\/\/fireisolator.com\/de\/ueber-uns\/\",\"name\":\"\u00dcber uns &#8226; Fire Isolator\",\"isPartOf\":{\"@id\":\"https:\/\/fireisolator.com\/de\/#website\"},\"primaryImageOfPage\":{\"@id\":\"https:\/\/fireisolator.com\/de\/ueber-uns\/#primaryimage\"},\"image\":{\"@id\":\"https:\/\/fireisolator.com\/de\/ueber-uns\/#primaryimage\"},\"thumbnailUrl\":\"https:\/\/fireisolator.com\/wp-content\/uploads\/2023\/10\/fire-blanket-2.0.jpg\",\"datePublished\":\"2024-02-05T09:01:12+00:00\",\"dateModified\":\"2026-03-06T12:44:13+00:00\",\"description\":\"\u00dcber uns - Unser Fire Isolator-Konzept bietet eine bew\u00e4hrte L\u00f6sung zur Bek\u00e4mpfung von Br\u00e4nden in Elektroautos und minimiert Kollateralsch\u00e4den.\",\"breadcrumb\":{\"@id\":\"https:\/\/fireisolator.com\/de\/ueber-uns\/#breadcrumb\"},\"inLanguage\":\"de\",\"potentialAction\":[{\"@type\":\"ReadAction\",\"target\":[\"https:\/\/fireisolator.com\/de\/ueber-uns\/\"]}]},{\"@type\":\"ImageObject\",\"inLanguage\":\"de\",\"@id\":\"https:\/\/fireisolator.com\/de\/ueber-uns\/#primaryimage\",\"url\":\"https:\/\/fireisolator.com\/wp-content\/uploads\/2023\/10\/fire-blanket-2.0.jpg\",\"contentUrl\":\"https:\/\/fireisolator.com\/wp-content\/uploads\/2023\/10\/fire-blanket-2.0.jpg\",\"width\":1500,\"height\":600,\"caption\":\"Br\u00e4nde in Elektroautos\"},{\"@type\":\"BreadcrumbList\",\"@id\":\"https:\/\/fireisolator.com\/de\/ueber-uns\/#breadcrumb\",\"itemListElement\":[{\"@type\":\"ListItem\",\"position\":1,\"name\":\"Home\",\"item\":\"https:\/\/fireisolator.com\/de\/\"},{\"@type\":\"ListItem\",\"position\":2,\"name\":\"\u00dcber uns\"}]},{\"@type\":\"WebSite\",\"@id\":\"https:\/\/fireisolator.com\/de\/#website\",\"url\":\"https:\/\/fireisolator.com\/de\/\",\"name\":\"FIRE\u26a1\ufe0fISOLATOR\",\"description\":\"The solution to isolate EV car fires\",\"publisher\":{\"@id\":\"https:\/\/fireisolator.com\/de\/#organization\"},\"potentialAction\":[{\"@type\":\"SearchAction\",\"target\":{\"@type\":\"EntryPoint\",\"urlTemplate\":\"https:\/\/fireisolator.com\/de\/?s={search_term_string}\"},\"query-input\":{\"@type\":\"PropertyValueSpecification\",\"valueRequired\":true,\"valueName\":\"search_term_string\"}}],\"inLanguage\":\"de\"},{\"@type\":\"Organization\",\"@id\":\"https:\/\/fireisolator.com\/de\/#organization\",\"name\":\"Blomsma Signs & Safety\",\"url\":\"https:\/\/fireisolator.com\/de\/\",\"logo\":{\"@type\":\"ImageObject\",\"inLanguage\":\"de\",\"@id\":\"https:\/\/fireisolator.com\/de\/#\/schema\/logo\/image\/\",\"url\":\"\",\"contentUrl\":\"\",\"caption\":\"Blomsma Signs & Safety\"},\"image\":{\"@id\":\"https:\/\/fireisolator.com\/de\/#\/schema\/logo\/image\/\"}}]}<\/script>\n<!-- \/ Yoast SEO Premium plugin. -->","yoast_head_json":{"title":"\u00dcber uns &#8226; Fire Isolator","description":"\u00dcber uns - Unser Fire Isolator-Konzept bietet eine bew\u00e4hrte L\u00f6sung zur Bek\u00e4mpfung von Br\u00e4nden in Elektroautos und minimiert Kollateralsch\u00e4den.","robots":{"index":"index","follow":"follow","max-snippet":"max-snippet:-1","max-image-preview":"max-image-preview:large","max-video-preview":"max-video-preview:-1"},"canonical":"https:\/\/fireisolator.com\/de\/ueber-uns\/","og_locale":"de_DE","og_type":"article","og_title":"\u00dcber uns","og_description":"\u00dcber uns - Unser Fire Isolator-Konzept bietet eine bew\u00e4hrte L\u00f6sung zur Bek\u00e4mpfung von Br\u00e4nden in Elektroautos und minimiert Kollateralsch\u00e4den.","og_url":"https:\/\/fireisolator.com\/de\/ueber-uns\/","og_site_name":"Fire Isolator","article_modified_time":"2026-03-06T12:44:13+00:00","og_image":[{"width":1500,"height":600,"url":"https:\/\/fireisolator.com\/wp-content\/uploads\/2023\/10\/fire-blanket-2.0.jpg","type":"image\/jpeg"}],"twitter_card":"summary_large_image","twitter_misc":{"Gesch\u00e4tzte Lesezeit":"3\u00a0Minuten"},"schema":{"@context":"https:\/\/schema.org","@graph":[{"@type":"WebPage","@id":"https:\/\/fireisolator.com\/de\/ueber-uns\/","url":"https:\/\/fireisolator.com\/de\/ueber-uns\/","name":"\u00dcber uns &#8226; Fire Isolator","isPartOf":{"@id":"https:\/\/fireisolator.com\/de\/#website"},"primaryImageOfPage":{"@id":"https:\/\/fireisolator.com\/de\/ueber-uns\/#primaryimage"},"image":{"@id":"https:\/\/fireisolator.com\/de\/ueber-uns\/#primaryimage"},"thumbnailUrl":"https:\/\/fireisolator.com\/wp-content\/uploads\/2023\/10\/fire-blanket-2.0.jpg","datePublished":"2024-02-05T09:01:12+00:00","dateModified":"2026-03-06T12:44:13+00:00","description":"\u00dcber uns - Unser Fire Isolator-Konzept bietet eine bew\u00e4hrte L\u00f6sung zur Bek\u00e4mpfung von Br\u00e4nden in Elektroautos und minimiert Kollateralsch\u00e4den.","breadcrumb":{"@id":"https:\/\/fireisolator.com\/de\/ueber-uns\/#breadcrumb"},"inLanguage":"de","potentialAction":[{"@type":"ReadAction","target":["https:\/\/fireisolator.com\/de\/ueber-uns\/"]}]},{"@type":"ImageObject","inLanguage":"de","@id":"https:\/\/fireisolator.com\/de\/ueber-uns\/#primaryimage","url":"https:\/\/fireisolator.com\/wp-content\/uploads\/2023\/10\/fire-blanket-2.0.jpg","contentUrl":"https:\/\/fireisolator.com\/wp-content\/uploads\/2023\/10\/fire-blanket-2.0.jpg","width":1500,"height":600,"caption":"Br\u00e4nde in Elektroautos"},{"@type":"BreadcrumbList","@id":"https:\/\/fireisolator.com\/de\/ueber-uns\/#breadcrumb","itemListElement":[{"@type":"ListItem","position":1,"name":"Home","item":"https:\/\/fireisolator.com\/de\/"},{"@type":"ListItem","position":2,"name":"\u00dcber uns"}]},{"@type":"WebSite","@id":"https:\/\/fireisolator.com\/de\/#website","url":"https:\/\/fireisolator.com\/de\/","name":"FIRE\u26a1\ufe0fISOLATOR","description":"The solution to isolate EV car fires","publisher":{"@id":"https:\/\/fireisolator.com\/de\/#organization"},"potentialAction":[{"@type":"SearchAction","target":{"@type":"EntryPoint","urlTemplate":"https:\/\/fireisolator.com\/de\/?s={search_term_string}"},"query-input":{"@type":"PropertyValueSpecification","valueRequired":true,"valueName":"search_term_string"}}],"inLanguage":"de"},{"@type":"Organization","@id":"https:\/\/fireisolator.com\/de\/#organization","name":"Blomsma Signs & Safety","url":"https:\/\/fireisolator.com\/de\/","logo":{"@type":"ImageObject","inLanguage":"de","@id":"https:\/\/fireisolator.com\/de\/#\/schema\/logo\/image\/","url":"","contentUrl":"","caption":"Blomsma Signs & Safety"},"image":{"@id":"https:\/\/fireisolator.com\/de\/#\/schema\/logo\/image\/"}}]}},"_links":{"self":[{"href":"https:\/\/fireisolator.com\/de\/wp-json\/wp\/v2\/pages\/3712","targetHints":{"allow":["GET"]}}],"collection":[{"href":"https:\/\/fireisolator.com\/de\/wp-json\/wp\/v2\/pages"}],"about":[{"href":"https:\/\/fireisolator.com\/de\/wp-json\/wp\/v2\/types\/page"}],"author":[{"embeddable":true,"href":"https:\/\/fireisolator.com\/de\/wp-json\/wp\/v2\/users\/5"}],"replies":[{"embeddable":true,"href":"https:\/\/fireisolator.com\/de\/wp-json\/wp\/v2\/comments?post=3712"}],"version-history":[{"count":16,"href":"https:\/\/fireisolator.com\/de\/wp-json\/wp\/v2\/pages\/3712\/revisions"}],"predecessor-version":[{"id":8646,"href":"https:\/\/fireisolator.com\/de\/wp-json\/wp\/v2\/pages\/3712\/revisions\/8646"}],"wp:featuredmedia":[{"embeddable":true,"href":"https:\/\/fireisolator.com\/de\/wp-json\/wp\/v2\/media\/3397"}],"wp:attachment":[{"href":"https:\/\/fireisolator.com\/de\/wp-json\/wp\/v2\/media?parent=3712"}],"curies":[{"name":"wp","href":"https:\/\/api.w.org\/{rel}","templated":true}]}}