{"id":3736,"date":"2023-10-05T09:45:07","date_gmt":"2023-10-05T09:45:07","guid":{"rendered":"https:\/\/fireisolator.com\/?page_id=3736"},"modified":"2025-07-21T09:29:35","modified_gmt":"2025-07-21T09:29:35","slug":"brandbekaempfung-mit-aerosol-units","status":"publish","type":"page","link":"https:\/\/fireisolator.com\/de\/brandbekaempfung-mit-aerosol-units\/","title":{"rendered":"Brandbek\u00e4mpfung mit Aerosol Units"},"content":{"rendered":"<div  data-label=\"Content\" data-id=\"content--1\" data-export-id=\"content-2\" data-category=\"content\" class=\"content-2 content-section content-section-spacing\" id=\"content-1\" style=\"background-color: rgb(255, 255, 255);\"><div > <div  class=\"row middle-xs\"><div  class=\"col-sm-5 bg-image shadow-large-black\" data-bg=\"image\" style=\"background-image: url(&quot;https:\/\/fireisolator.com\/wp-content\/uploads\/2025\/02\/aerosol-unit-high-quality.jpg&quot;);\"><\/div> <div  class=\"col-sm-7 full-col-left-padding full-col-right-padding\"> <div  class=\"row\"> <div  data-type=\"column\" class=\"space-bottom-small content-title-col\"> <h5  class=\"\">FIRE ISOLATOR<\/h5> <h2  class=\"\">Aerosol Units<\/h2> <p  class=\"\">Aerosol Units (FI-AUCA1) sind leichte, tragbare Ger\u00e4te, die spezielle Aerosoltechnologie mit Kaliumdusiumnitrat nutzen, um Br\u00e4nde zu unterdr\u00fccken. Das Ger\u00e4t setzt winzige feste Partikel frei, die in einem Gas suspendiert sind. Diese Partikel st\u00f6ren die chemischen Kettenreaktionen des Feuers und unterbrechen den Verbrennungsprozess. Obwohl die Aerosol Units den Sauerstoffgehalt nicht ersch\u00f6pfen, kann das freigesetzte Gas die Sauerstoffkonzentration im Brandbereich verringern und so die Flammen weiter unterdr\u00fccken.&nbsp;Lesen Sie <a data-mce-href=\"..\/vermeidung-von-deflagrationsrisiken-unter-ev-brandloeschdecken\/\" href=\"..\/vermeidung-von-deflagrationsrisiken-unter-ev-brandloeschdecken\/\" target=\"_self\" data-mce-selected=\"inline-boundary\" >hier<\/a>, wie die Aerosole die Deflagration von Gasen unter der Decke verhindern.<\/p><\/div> <\/div> <div  class=\"row spaced-cols \" data-type=\"row\"> <div  class=\"col-xs-6\" data-type=\"column\"> <h5  class=\"\">UMWELTFREUNDLICH<\/h5> <p  class=\"\">\u00d6kologisch sicher und umweltfreundlich, unsch\u00e4dlich f\u00fcr Menschen und Tiere.<\/p><\/div> <div  class=\"col-xs-6\" data-type=\"column\"><h5  class=\"\">TESTS<\/h5> <p  class=\"\">UL 2775, EN15276-1, ISO15779, NFPA2010, EPA SNAP<\/p><\/div> <div  class=\"col-xs-6\" data-type=\"column\"><h5  class=\"\">ABMESSUNGEN &amp; SPEZIFIKATIONEN<\/h5> <p  class=\"\">Alle Informationen finden Sie in unseren Datenbl\u00e4ttern: <a  data-mce-href=\"..\/..\/wp-content\/uploads\/2025\/01\/Datasheet_FireIsolator_AerosolUnit_2025-1.pdf\" href=\"..\/..\/wp-content\/uploads\/2025\/01\/Datasheet_FireIsolator_AerosolUnit_2025-1.pdf\" target=\"_blank\" rel=\"noopener\" data-mce-selected=\"inline-boundary\" data-cp-link=\"1\" class=\"\">Aerosol Unit Datenblatt<\/a>.<br >\n<a  data-mce-href=\"..\/..\/wp-content\/uploads\/2025\/01\/Datasheet_FireIsolator_AerosolUnitSet_2025.pdf\" href=\"..\/..\/wp-content\/uploads\/2025\/01\/Datasheet_FireIsolator_AerosolUnitSet_2025.pdf\" target=\"_blank\" rel=\"noopener\" data-mce-selected=\"inline-boundary\" data-cp-link=\"1\" class=\"\">Auch als Set erh\u00e4ltlich<\/a>.<\/p><\/div> <div  class=\"col-xs-6\" data-type=\"column\"><h5  class=\"\">ANWENDUNG<\/h5> <p  class=\"\">Einfach zu verwenden, indem man die Starterleine entfernt und die Einheit direkt ins Feuer wirft.<\/p><\/div> <\/div><\/div> <\/div><\/div> <\/div><div  data-label=\"Gallery\" data-id=\"gallery--1\" data-export-id=\"gallery-2\" data-category=\"gallery\" class=\"gallery-2 content-section content-section-spacing\" id=\"gallery-1\" style=\"background-color: rgb(255, 255, 255); background-image: none;\"><div  class=\"\"> <div  class=\"row\"><div  class=\"col-xs-12 full-no-padding\" data-editable=\"true\" data-content-shortcode=\"mesmerize_gallery id=&quot;mesmerize-gallery-2&quot; columns=&quot;4&quot; ids=&quot;5548,5850,5846,5544&quot; lb=&quot;1&quot; masonry=&quot;0&quot; size=&quot;large&quot; link=&quot;file&quot; \"><div id='mesmerize-gallery-2' class='gallery-wrapper'><style type=\"text\/css\">\n                    @media only screen and (min-width: 768px) {\n                    [data-unique-id='mesmerize-gallery-2-69d7ce5001f31'] dl {\n                        float: left;\n                        width: 25% !important;\n                        max-width:  25% !important;\n                        min-width:  25% !important;\n                    }\n\n                    [data-unique-id='mesmerize-gallery-2-69d7ce5001f31'] dl:nth-of-type(4n +1 ) {\n                      clear: both;\n                      }\n                    }\n                <\/style><div id='mesmerize-gallery-2' class='mesmerize-gallery-2-dls-wrapper gallery-items-wrapper materialis-gallery' data-unique-id='mesmerize-gallery-2-69d7ce5001f31'><dl class='gallery-item'>\n\t\t\t<dt class='gallery-icon landscape'>\n\t\t\t\t<a data-fancybox=\"mesmerize-gallery-2-group\" href='https:\/\/fireisolator.com\/wp-content\/uploads\/2025\/02\/aerosol-unit-3.jpg'><img decoding=\"async\"  width=\"1024\" height=\"597\" src=\"https:\/\/fireisolator.com\/wp-content\/uploads\/2025\/02\/aerosol-unit-3-1024x597.jpg\"  class='mesmerize-gallery-2-image' alt=\"Aerosol Units Car Fire\" srcset=\"https:\/\/fireisolator.com\/wp-content\/uploads\/2025\/02\/aerosol-unit-3-1024x597.jpg 1024w, https:\/\/fireisolator.com\/wp-content\/uploads\/2025\/02\/aerosol-unit-3-300x175.jpg 300w, https:\/\/fireisolator.com\/wp-content\/uploads\/2025\/02\/aerosol-unit-3-150x88.jpg 150w, https:\/\/fireisolator.com\/wp-content\/uploads\/2025\/02\/aerosol-unit-3-768x448.jpg 768w, https:\/\/fireisolator.com\/wp-content\/uploads\/2025\/02\/aerosol-unit-3.jpg 1500w\" sizes=\"(max-width: 1024px) 100vw, 1024px\" \/><\/a>\n\t\t\t<\/dt><\/dl><dl class='gallery-item'>\n\t\t\t<dt class='gallery-icon landscape'>\n\t\t\t\t<a data-fancybox=\"mesmerize-gallery-2-group\" href='https:\/\/fireisolator.com\/wp-content\/uploads\/2025\/02\/aerosol-unit-test.jpg'><img decoding=\"async\"  width=\"1024\" height=\"597\" src=\"https:\/\/fireisolator.com\/wp-content\/uploads\/2025\/02\/aerosol-unit-test-1024x597.jpg\"  class='mesmerize-gallery-2-image' alt=\"aerosol unit test\" srcset=\"https:\/\/fireisolator.com\/wp-content\/uploads\/2025\/02\/aerosol-unit-test-1024x597.jpg 1024w, https:\/\/fireisolator.com\/wp-content\/uploads\/2025\/02\/aerosol-unit-test-300x175.jpg 300w, https:\/\/fireisolator.com\/wp-content\/uploads\/2025\/02\/aerosol-unit-test-150x88.jpg 150w, https:\/\/fireisolator.com\/wp-content\/uploads\/2025\/02\/aerosol-unit-test-768x448.jpg 768w, https:\/\/fireisolator.com\/wp-content\/uploads\/2025\/02\/aerosol-unit-test.jpg 1500w\" sizes=\"(max-width: 1024px) 100vw, 1024px\" \/><\/a>\n\t\t\t<\/dt><\/dl><dl class='gallery-item'>\n\t\t\t<dt class='gallery-icon landscape'>\n\t\t\t\t<a data-fancybox=\"mesmerize-gallery-2-group\" href='https:\/\/fireisolator.com\/wp-content\/uploads\/2025\/02\/aerosol-unit-in-action.jpg'><img decoding=\"async\"  width=\"1024\" height=\"597\" src=\"https:\/\/fireisolator.com\/wp-content\/uploads\/2025\/02\/aerosol-unit-in-action-1024x597.jpg\"  class='mesmerize-gallery-2-image' alt=\"aerosol unit in action\" srcset=\"https:\/\/fireisolator.com\/wp-content\/uploads\/2025\/02\/aerosol-unit-in-action-1024x597.jpg 1024w, https:\/\/fireisolator.com\/wp-content\/uploads\/2025\/02\/aerosol-unit-in-action-300x175.jpg 300w, https:\/\/fireisolator.com\/wp-content\/uploads\/2025\/02\/aerosol-unit-in-action-150x88.jpg 150w, https:\/\/fireisolator.com\/wp-content\/uploads\/2025\/02\/aerosol-unit-in-action-768x448.jpg 768w, https:\/\/fireisolator.com\/wp-content\/uploads\/2025\/02\/aerosol-unit-in-action.jpg 1500w\" sizes=\"(max-width: 1024px) 100vw, 1024px\" \/><\/a>\n\t\t\t<\/dt><\/dl><dl class='gallery-item'>\n\t\t\t<dt class='gallery-icon landscape'>\n\t\t\t\t<a data-fancybox=\"mesmerize-gallery-2-group\" href='https:\/\/fireisolator.com\/wp-content\/uploads\/2025\/02\/aerosol-unit-2.jpg'><img decoding=\"async\"  width=\"1024\" height=\"597\" src=\"https:\/\/fireisolator.com\/wp-content\/uploads\/2025\/02\/aerosol-unit-2-1024x597.jpg\"  class='mesmerize-gallery-2-image' alt=\"Aerosol Units\" srcset=\"https:\/\/fireisolator.com\/wp-content\/uploads\/2025\/02\/aerosol-unit-2-1024x597.jpg 1024w, https:\/\/fireisolator.com\/wp-content\/uploads\/2025\/02\/aerosol-unit-2-300x175.jpg 300w, https:\/\/fireisolator.com\/wp-content\/uploads\/2025\/02\/aerosol-unit-2-150x88.jpg 150w, https:\/\/fireisolator.com\/wp-content\/uploads\/2025\/02\/aerosol-unit-2-768x448.jpg 768w, https:\/\/fireisolator.com\/wp-content\/uploads\/2025\/02\/aerosol-unit-2.jpg 1500w\" sizes=\"(max-width: 1024px) 100vw, 1024px\" \/><\/a>\n\t\t\t<\/dt><\/dl>\n\t\t<\/div>\n<script>(function($){window.MaterialisCaptionsGallery && window.MaterialisCaptionsGallery($('[data-unique-id=\"mesmerize-gallery-2-69d7ce5001f31\"]'))})(jQuery)<\/script><\/div><\/div><\/div> <\/div><\/div><div  data-label=\"Content\" data-id=\"content--2\" data-export-id=\"content-12\" data-category=\"content\" class=\"content-12 content-section content-section-spacing\" id=\"content-2\" style=\"background-color: rgb(255, 255, 255);\"><div  class=\"gridContainer\"> <div  class=\"row text-center\"><div  class=\"section-title-col\" data-type=\"column\"> <h2  class=\"\">Vorteile und Eigenschaften<\/h2> <p  class=\"lead\" style=\"text-align: left;\">Die Aerosol Unit ist ein leichtes, tragbares Ger\u00e4t, das speziell f\u00fcr Ersthelfer in Brandsituationen entwickelt wurde, insbesondere f\u00fcr Br\u00e4nde der Klassen A, B und C. Sie bietet eine schnelle und effektive Methode zur Brandbek\u00e4mpfung, indem sie die Hitze reduziert und den Einsatz von Wasser oder Schaum minimiert, wodurch Sch\u00e4den an Geb\u00e4uden und Inventar begrenzt werden. Sobald die Einheit aktiviert und in den Brandbereich geworfen wird, verteilt sie automatisch eine feine Aerosolnebel, die die Flammen je nach Raumvolumen erheblich unterdr\u00fcckt oder l\u00f6scht.\n<br ><br >\nDie Aerosol Unit wurde f\u00fcr den Einsatz in engen R\u00e4umen optimiert und bietet eine Abdeckungsreichweite von bis zu 45 m\u00b3 (1400 ft\u00b3). Im Gegensatz zu herk\u00f6mmlichen L\u00f6schmethoden entzieht sie dem Raum keinen Sauerstoff, wodurch sie sicher in geschlossenen Bereichen verwendet werden kann.\n<br ><br >\nZus\u00e4tzlich hinterl\u00e4sst die Aerosol Unit kaum bis keine R\u00fcckst\u00e4nde, was eine effiziente und unkomplizierte Reinigung nach dem Brand erm\u00f6glicht.\n<br ><br >\nHergestellt in den Niederlanden, erf\u00fcllt die Einheit die h\u00f6chsten Sicherheits- und Umweltstandards, darunter UL 2775, EN15276-1, <a  data-mce-href=\"https:\/\/www.iso.org\/standard\/52016.html\" href=\"https:\/\/www.iso.org\/standard\/52016.html\" target=\"_blank\" rel=\"noopener\" data-mce-selected=\"inline-boundary\" data-cp-link=\"1\" class=\"\">ISO15779<\/a>, NFPA2010 und EPA SNAP. Unsere Aerosol Units sind \u00f6kologisch sicher. Sie haben kein Ozonabbaupotenzial (ODP = 0) und kein Treibhauspotenzial (GWP = 0), was sie zu einer umweltfreundlichen L\u00f6sung zur Brandbek\u00e4mpfung macht.\n<br ><br >\nDie Aerosol Unit wurde f\u00fcr eine einfache Anwendung konzipiert und kann schnell aktiviert werden, indem die Starterleine gezogen und die Einheit direkt in den Brandbereich geworfen wird. Um ihre Effektivit\u00e4t zu maximieren, bietet Fire Isolator Schulungen zur korrekten Nutzung an. Dar\u00fcber hinaus stellen wir ein animiertes Schulungsvideo zur Verf\u00fcgung, das die richtige Anwendung unserer Fire Isolator-Produkte, einschlie\u00dflich der Aerosol Unit, demonstriert.\n<br ><br ><b >\nWeitere Vorteile:<\/b><br >\n\u2022 Lebensdauer von 15 Jahren f\u00fcr langfristige Zuverl\u00e4ssigkeit.<br >\n\u2022 Vielseitige L\u00f6sung: Geeignet f\u00fcr industrielle, gewerbliche und fahrzeugbezogene Brandbek\u00e4mpfung.\n<br ><br ><br >\nNur f\u00fcr den Einsatz durch geschulte Feuerwehrkr\u00e4fte und Ersthelfer.<\/p><\/div> <\/div> <div  class=\"row center-xs middle-xs\"> <div  class=\"col-sm-9\" data-type=\"column\"> <\/div> <\/div><\/div> <\/div>","protected":false},"excerpt":{"rendered":"<p>FIRE ISOLATOR Aerosol Units Aerosol Units (FI-AUCA1) sind leichte, tragbare Ger\u00e4te, die spezielle Aerosoltechnologie mit Kaliumdusiumnitrat nutzen, um Br\u00e4nde zu unterdr\u00fccken. Das Ger\u00e4t setzt winzige feste Partikel frei, die in einem Gas suspendiert sind. Diese Partikel st\u00f6ren die chemischen Kettenreaktionen des Feuers und unterbrechen den Verbrennungsprozess. Obwohl die Aerosol Units den Sauerstoffgehalt nicht ersch\u00f6pfen, kann&hellip; <br \/> <a class=\"read-more\" href=\"https:\/\/fireisolator.com\/de\/brandbekaempfung-mit-aerosol-units\/\">Weiterlesen<\/a><\/p>\n","protected":false},"author":5,"featured_media":3415,"parent":0,"menu_order":0,"comment_status":"closed","ping_status":"closed","template":"pro\/page-templates\/full-width-page.php","meta":{"_acf_changed":false,"content-type":"","inline_featured_image":false,"footnotes":""},"class_list":["post-3736","page","type-page","status-publish","has-post-thumbnail","hentry"],"acf":[],"yoast_head":"<!-- This site is optimized with the Yoast SEO Premium plugin v24.6 (Yoast SEO v24.6) - https:\/\/yoast.com\/wordpress\/plugins\/seo\/ -->\n<title>Brandbek\u00e4mpfung mit Aerosol Units &#8226; Fire Isolator<\/title>\n<meta name=\"description\" content=\"Aerosol Units sind leichte, tragbare Ger\u00e4te, die eine spezielle Aerosoltechnologie (mit Kaliumnitrat) zur Brandbek\u00e4mpfung einsetzen.\" \/>\n<meta name=\"robots\" content=\"index, follow, max-snippet:-1, max-image-preview:large, max-video-preview:-1\" \/>\n<link rel=\"canonical\" href=\"https:\/\/fireisolator.com\/de\/brandbekaempfung-mit-aerosol-units\/\" \/>\n<meta property=\"og:locale\" content=\"de_DE\" \/>\n<meta property=\"og:type\" content=\"article\" \/>\n<meta property=\"og:title\" content=\"Brandbek\u00e4mpfung mit Aerosol Units\" \/>\n<meta property=\"og:description\" content=\"Aerosol Units sind leichte, tragbare Ger\u00e4te, die eine spezielle Aerosoltechnologie (mit Kaliumnitrat) zur Brandbek\u00e4mpfung einsetzen.\" \/>\n<meta property=\"og:url\" content=\"https:\/\/fireisolator.com\/de\/brandbekaempfung-mit-aerosol-units\/\" \/>\n<meta property=\"og:site_name\" content=\"Fire Isolator\" \/>\n<meta property=\"article:modified_time\" content=\"2025-07-21T09:29:35+00:00\" \/>\n<meta property=\"og:image\" content=\"https:\/\/fireisolator.com\/wp-content\/uploads\/2023\/10\/how-to-use.jpg\" \/>\n\t<meta property=\"og:image:width\" content=\"800\" \/>\n\t<meta property=\"og:image:height\" content=\"300\" \/>\n\t<meta property=\"og:image:type\" content=\"image\/jpeg\" \/>\n<meta name=\"twitter:card\" content=\"summary_large_image\" \/>\n<meta name=\"twitter:label1\" content=\"Gesch\u00e4tzte Lesezeit\" \/>\n\t<meta name=\"twitter:data1\" content=\"4\u00a0Minuten\" \/>\n<script type=\"application\/ld+json\" class=\"yoast-schema-graph\">{\"@context\":\"https:\/\/schema.org\",\"@graph\":[{\"@type\":\"WebPage\",\"@id\":\"https:\/\/fireisolator.com\/de\/brandbekaempfung-mit-aerosol-units\/\",\"url\":\"https:\/\/fireisolator.com\/de\/brandbekaempfung-mit-aerosol-units\/\",\"name\":\"Brandbek\u00e4mpfung mit Aerosol Units &#8226; Fire Isolator\",\"isPartOf\":{\"@id\":\"https:\/\/fireisolator.com\/de\/#website\"},\"primaryImageOfPage\":{\"@id\":\"https:\/\/fireisolator.com\/de\/brandbekaempfung-mit-aerosol-units\/#primaryimage\"},\"image\":{\"@id\":\"https:\/\/fireisolator.com\/de\/brandbekaempfung-mit-aerosol-units\/#primaryimage\"},\"thumbnailUrl\":\"https:\/\/fireisolator.com\/wp-content\/uploads\/2023\/10\/how-to-use.jpg\",\"datePublished\":\"2023-10-05T09:45:07+00:00\",\"dateModified\":\"2025-07-21T09:29:35+00:00\",\"description\":\"Aerosol Units sind leichte, tragbare Ger\u00e4te, die eine spezielle Aerosoltechnologie (mit Kaliumnitrat) zur Brandbek\u00e4mpfung einsetzen.\",\"breadcrumb\":{\"@id\":\"https:\/\/fireisolator.com\/de\/brandbekaempfung-mit-aerosol-units\/#breadcrumb\"},\"inLanguage\":\"de\",\"potentialAction\":[{\"@type\":\"ReadAction\",\"target\":[\"https:\/\/fireisolator.com\/de\/brandbekaempfung-mit-aerosol-units\/\"]}]},{\"@type\":\"ImageObject\",\"inLanguage\":\"de\",\"@id\":\"https:\/\/fireisolator.com\/de\/brandbekaempfung-mit-aerosol-units\/#primaryimage\",\"url\":\"https:\/\/fireisolator.com\/wp-content\/uploads\/2023\/10\/how-to-use.jpg\",\"contentUrl\":\"https:\/\/fireisolator.com\/wp-content\/uploads\/2023\/10\/how-to-use.jpg\",\"width\":800,\"height\":300,\"caption\":\"Fire Blanket EV\"},{\"@type\":\"BreadcrumbList\",\"@id\":\"https:\/\/fireisolator.com\/de\/brandbekaempfung-mit-aerosol-units\/#breadcrumb\",\"itemListElement\":[{\"@type\":\"ListItem\",\"position\":1,\"name\":\"Home\",\"item\":\"https:\/\/fireisolator.com\/de\/\"},{\"@type\":\"ListItem\",\"position\":2,\"name\":\"Brandbek\u00e4mpfung mit Aerosol Units\"}]},{\"@type\":\"WebSite\",\"@id\":\"https:\/\/fireisolator.com\/de\/#website\",\"url\":\"https:\/\/fireisolator.com\/de\/\",\"name\":\"FIRE\u26a1\ufe0fISOLATOR\",\"description\":\"The solution to isolate EV car fires\",\"publisher\":{\"@id\":\"https:\/\/fireisolator.com\/de\/#organization\"},\"potentialAction\":[{\"@type\":\"SearchAction\",\"target\":{\"@type\":\"EntryPoint\",\"urlTemplate\":\"https:\/\/fireisolator.com\/de\/?s={search_term_string}\"},\"query-input\":{\"@type\":\"PropertyValueSpecification\",\"valueRequired\":true,\"valueName\":\"search_term_string\"}}],\"inLanguage\":\"de\"},{\"@type\":\"Organization\",\"@id\":\"https:\/\/fireisolator.com\/de\/#organization\",\"name\":\"Blomsma Signs & Safety\",\"url\":\"https:\/\/fireisolator.com\/de\/\",\"logo\":{\"@type\":\"ImageObject\",\"inLanguage\":\"de\",\"@id\":\"https:\/\/fireisolator.com\/de\/#\/schema\/logo\/image\/\",\"url\":\"\",\"contentUrl\":\"\",\"caption\":\"Blomsma Signs & Safety\"},\"image\":{\"@id\":\"https:\/\/fireisolator.com\/de\/#\/schema\/logo\/image\/\"}}]}<\/script>\n<!-- \/ Yoast SEO Premium plugin. -->","yoast_head_json":{"title":"Brandbek\u00e4mpfung mit Aerosol Units &#8226; Fire Isolator","description":"Aerosol Units sind leichte, tragbare Ger\u00e4te, die eine spezielle Aerosoltechnologie (mit Kaliumnitrat) zur Brandbek\u00e4mpfung einsetzen.","robots":{"index":"index","follow":"follow","max-snippet":"max-snippet:-1","max-image-preview":"max-image-preview:large","max-video-preview":"max-video-preview:-1"},"canonical":"https:\/\/fireisolator.com\/de\/brandbekaempfung-mit-aerosol-units\/","og_locale":"de_DE","og_type":"article","og_title":"Brandbek\u00e4mpfung mit Aerosol Units","og_description":"Aerosol Units sind leichte, tragbare Ger\u00e4te, die eine spezielle Aerosoltechnologie (mit Kaliumnitrat) zur Brandbek\u00e4mpfung einsetzen.","og_url":"https:\/\/fireisolator.com\/de\/brandbekaempfung-mit-aerosol-units\/","og_site_name":"Fire Isolator","article_modified_time":"2025-07-21T09:29:35+00:00","og_image":[{"width":800,"height":300,"url":"https:\/\/fireisolator.com\/wp-content\/uploads\/2023\/10\/how-to-use.jpg","type":"image\/jpeg"}],"twitter_card":"summary_large_image","twitter_misc":{"Gesch\u00e4tzte Lesezeit":"4\u00a0Minuten"},"schema":{"@context":"https:\/\/schema.org","@graph":[{"@type":"WebPage","@id":"https:\/\/fireisolator.com\/de\/brandbekaempfung-mit-aerosol-units\/","url":"https:\/\/fireisolator.com\/de\/brandbekaempfung-mit-aerosol-units\/","name":"Brandbek\u00e4mpfung mit Aerosol Units &#8226; Fire Isolator","isPartOf":{"@id":"https:\/\/fireisolator.com\/de\/#website"},"primaryImageOfPage":{"@id":"https:\/\/fireisolator.com\/de\/brandbekaempfung-mit-aerosol-units\/#primaryimage"},"image":{"@id":"https:\/\/fireisolator.com\/de\/brandbekaempfung-mit-aerosol-units\/#primaryimage"},"thumbnailUrl":"https:\/\/fireisolator.com\/wp-content\/uploads\/2023\/10\/how-to-use.jpg","datePublished":"2023-10-05T09:45:07+00:00","dateModified":"2025-07-21T09:29:35+00:00","description":"Aerosol Units sind leichte, tragbare Ger\u00e4te, die eine spezielle Aerosoltechnologie (mit Kaliumnitrat) zur Brandbek\u00e4mpfung einsetzen.","breadcrumb":{"@id":"https:\/\/fireisolator.com\/de\/brandbekaempfung-mit-aerosol-units\/#breadcrumb"},"inLanguage":"de","potentialAction":[{"@type":"ReadAction","target":["https:\/\/fireisolator.com\/de\/brandbekaempfung-mit-aerosol-units\/"]}]},{"@type":"ImageObject","inLanguage":"de","@id":"https:\/\/fireisolator.com\/de\/brandbekaempfung-mit-aerosol-units\/#primaryimage","url":"https:\/\/fireisolator.com\/wp-content\/uploads\/2023\/10\/how-to-use.jpg","contentUrl":"https:\/\/fireisolator.com\/wp-content\/uploads\/2023\/10\/how-to-use.jpg","width":800,"height":300,"caption":"Fire Blanket EV"},{"@type":"BreadcrumbList","@id":"https:\/\/fireisolator.com\/de\/brandbekaempfung-mit-aerosol-units\/#breadcrumb","itemListElement":[{"@type":"ListItem","position":1,"name":"Home","item":"https:\/\/fireisolator.com\/de\/"},{"@type":"ListItem","position":2,"name":"Brandbek\u00e4mpfung mit Aerosol Units"}]},{"@type":"WebSite","@id":"https:\/\/fireisolator.com\/de\/#website","url":"https:\/\/fireisolator.com\/de\/","name":"FIRE\u26a1\ufe0fISOLATOR","description":"The solution to isolate EV car fires","publisher":{"@id":"https:\/\/fireisolator.com\/de\/#organization"},"potentialAction":[{"@type":"SearchAction","target":{"@type":"EntryPoint","urlTemplate":"https:\/\/fireisolator.com\/de\/?s={search_term_string}"},"query-input":{"@type":"PropertyValueSpecification","valueRequired":true,"valueName":"search_term_string"}}],"inLanguage":"de"},{"@type":"Organization","@id":"https:\/\/fireisolator.com\/de\/#organization","name":"Blomsma Signs & Safety","url":"https:\/\/fireisolator.com\/de\/","logo":{"@type":"ImageObject","inLanguage":"de","@id":"https:\/\/fireisolator.com\/de\/#\/schema\/logo\/image\/","url":"","contentUrl":"","caption":"Blomsma Signs & Safety"},"image":{"@id":"https:\/\/fireisolator.com\/de\/#\/schema\/logo\/image\/"}}]}},"_links":{"self":[{"href":"https:\/\/fireisolator.com\/de\/wp-json\/wp\/v2\/pages\/3736","targetHints":{"allow":["GET"]}}],"collection":[{"href":"https:\/\/fireisolator.com\/de\/wp-json\/wp\/v2\/pages"}],"about":[{"href":"https:\/\/fireisolator.com\/de\/wp-json\/wp\/v2\/types\/page"}],"author":[{"embeddable":true,"href":"https:\/\/fireisolator.com\/de\/wp-json\/wp\/v2\/users\/5"}],"replies":[{"embeddable":true,"href":"https:\/\/fireisolator.com\/de\/wp-json\/wp\/v2\/comments?post=3736"}],"version-history":[{"count":17,"href":"https:\/\/fireisolator.com\/de\/wp-json\/wp\/v2\/pages\/3736\/revisions"}],"predecessor-version":[{"id":7704,"href":"https:\/\/fireisolator.com\/de\/wp-json\/wp\/v2\/pages\/3736\/revisions\/7704"}],"wp:featuredmedia":[{"embeddable":true,"href":"https:\/\/fireisolator.com\/de\/wp-json\/wp\/v2\/media\/3415"}],"wp:attachment":[{"href":"https:\/\/fireisolator.com\/de\/wp-json\/wp\/v2\/media?parent=3736"}],"curies":[{"name":"wp","href":"https:\/\/api.w.org\/{rel}","templated":true}]}}