{"id":3814,"date":"2023-11-08T10:39:57","date_gmt":"2023-11-08T10:39:57","guid":{"rendered":"https:\/\/fireisolator.com\/watermist-lance\/"},"modified":"2026-01-19T10:32:14","modified_gmt":"2026-01-19T10:32:14","slug":"wassernebel-applikator","status":"publish","type":"page","link":"https:\/\/fireisolator.com\/de\/wassernebel-applikator\/","title":{"rendered":"Wassernebel-Applikator"},"content":{"rendered":"<div  data-label=\"Content\" data-id=\"content--1\" data-export-id=\"content-12\" data-category=\"content\" class=\"content-12 content-section content-section-spacing\" id=\"content-1\" style=\"background-color: rgb(255, 255, 255);\"><div  class=\"gridContainer\"> <div  class=\"row text-center\"><div  class=\"section-title-col\" data-type=\"column\"> <h2  class=\"\">Wassernebel-Applikator Produkte<\/h2> <p  class=\"lead\">Die Wassernebel-Applikatoren von Fire Isolator bieten eine innovative und effektive L\u00f6sung zur Brandbek\u00e4mpfung, insbesondere in risikoreichen Situationen wie EV-Batteriebr\u00e4nden. Durch fortschrittliche Wassernebeltechnologie k\u00fchlen sie das Feuer schnell, reduzieren die Hitze und minimieren giftige D\u00e4mpfe. Dank ihrer Vielseitigkeit erh\u00f6hen sie die Sicherheit und begrenzen Sch\u00e4den, wodurch sie ein unverzichtbares Werkzeug f\u00fcr die moderne Brandbek\u00e4mpfung sind.<\/p><\/div> <\/div> <div  class=\"row center-xs middle-xs\"> <div  class=\"col-sm-9\" data-type=\"column\"> <\/div> <\/div><\/div> <\/div><div  data-label=\"Content\" data-id=\"content--2\" data-export-id=\"content-2\" data-category=\"content\" class=\"content-2 content-section content-section-spacing\" id=\"content-2\" style=\"background-color: rgb(255, 255, 255); background-image: none;\"><div > <div  class=\"row middle-xs\"><div  class=\"col-sm-5 bg-image shadow-large-black\" data-bg=\"image\" style=\"background-image: url(&quot;https:\/\/fireisolator.com\/wp-content\/uploads\/2025\/02\/watermist-4.jpg&quot;);\"><\/div> <div  class=\"col-sm-7 full-col-left-padding full-col-right-padding\"> <div  class=\"row\"> <div  data-type=\"column\" class=\"space-bottom-small content-title-col\"> <h5  class=\"\">FIRE ISOLATOR<\/h5> <h2  class=\"\">Wassernebel-Lanze<\/h2> <p  class=\"\">Die Wassernebel-Lanze (FI-WMLANCE) ist Teil unseres Wassernebel-Applikator-Sortiments und ein spezielles L\u00f6schwerkzeug. Sie spr\u00fcht einen feinen Wassernebel \u00fcber eine Feuerl\u00f6schdecke, nachdem diese \u00fcber ein brennendes Elektrofahrzeug gelegt wurde. Dadurch wird die Decke befeuchtet und luftdichter, was ihre Effektivit\u00e4t bei der Brandbek\u00e4mpfung und der Eind\u00e4mmung giftiger D\u00e4mpfe erh\u00f6ht. Zudem k\u00fchlt der Nebel die Umgebung und verdr\u00e4ngt Sauerstoff, was die L\u00f6schwirkung verbessert.<\/p><\/div> <\/div> <div  class=\"row spaced-cols \" data-type=\"row\"> <div  class=\"col-xs-6\" data-type=\"column\"> <h5  class=\"\">MATERIALIEN<\/h5> <p  class=\"\">Hochwertiger Edelstahl mit PE-beschichtetem Schaft (SS 304).<\/p><\/div> <div  class=\"col-xs-6\" data-type=\"column\"><h5  class=\"\">TESTS<\/h5> <p  class=\"\">ABS-zertifiziert und entspricht den Anforderungen der SOLAS-Vorschriften II-2\/10.7.3.<\/p><\/div> <div  class=\"col-xs-6\" data-type=\"column\"><h5  class=\"\">ABMESSUNGEN &amp; SPEZIFIKATIONEN<\/h5> <p  class=\"\"><a  data-mce-href=\"..\/..\/wp-content\/uploads\/2025\/01\/Datasheet_Watermist_Lance_v2.pdf\" href=\"..\/..\/wp-content\/uploads\/2025\/01\/Datasheet_Watermist_Lance_v2.pdf\" target=\"_blank\" rel=\"noopener\" data-mce-selected=\"inline-boundary\" data-cp-link=\"1\" class=\"\">Hier klicken<\/a>, um das Datenblatt der Wassernebel-Lanze mit Spezifikationen und Abmessungen anzusehen.<\/p><\/div> <div  class=\"col-xs-6\" data-type=\"column\"><h5  class=\"\">ANSCHL\u00dcSSE<\/h5> <p  class=\"\">1\u2033 Au\u00dfengewinde ohne Kugelventil<br >\n1\u2033 Innengewinde mit Kugelventil<\/p><\/div> <\/div><\/div> <\/div><\/div> <\/div><div  data-label=\"Content\" data-id=\"content--3\" data-export-id=\"content-3\" data-category=\"content\" class=\"content-3 content-section content-section-spacing\" id=\"content-3\" style=\"background-color: rgb(255, 255, 255);\"><div > <div  class=\"row middle-xs\"><div  class=\"col-sm-7 full-col-left-padding full-col-right-padding\"> <div  class=\"row\"><div  data-type=\"column\" class=\"space-bottom-small content-title-col\"> <h5  class=\"\">FIRE ISOLATOR<\/h5> <h2  class=\"\">Wassernebel-Stock 26<\/h2> <p  class=\"\">Der mobile Wassernebel-Stock 26 (FI-WMS26) ist ein leichtes L\u00f6schwerkzeug, das sich einfach unter oder neben brennenden Fahrzeugen man\u00f6vrieren l\u00e4sst. Besonders praktisch ist er in engen R\u00e4umen wie F\u00e4hren und Parkgaragen. Der Stock spr\u00fcht einen feinen Wassernebel, um das Fahrzeug zu k\u00fchlen, bevor es mit einer Feuerl\u00f6schdecke abgedeckt wird. Zudem bietet er zus\u00e4tzlichen Schutz, indem er eine Barriere zwischen dem Anwender und der Hitze schafft.<\/p><\/div> <\/div> <div  class=\"row spaced-cols\" data-type=\"row\"> <div  class=\"col-xs-6\" data-type=\"column\"> <h5  class=\"\">MATERIALIEN<\/h5> <p  class=\"\">Hergestellt aus Aluminium f\u00fcr ein leichtes und einfach zu handhabendes Design.<\/p><\/div> <div  class=\"col-xs-6\" data-type=\"column\"><h5  class=\"\">TESTS<\/h5> <p  class=\"\">Gepr\u00fcft gem\u00e4\u00df EN IEC 60900:2018<br >\n&amp; EN IEC 61010-1   A1:2019<\/p><\/div> <div  class=\"col-xs-6\" data-type=\"column\"><h5  class=\"\">ABMESSUNGEN &amp; SPEZIFIKATIONEN<\/h5> <p  class=\"\"><a  data-mce-href=\"..\/..\/wp-content\/uploads\/2025\/01\/FI_Datasheet_Watermist_Applicator_36_v2-1.pdf\" href=\"..\/..\/wp-content\/uploads\/2025\/01\/FI_Datasheet_Watermist_Applicator_36_v2-1.pdf\" target=\"_blank\" rel=\"noopener\" data-mce-selected=\"inline-boundary\" data-cp-link=\"1\" class=\"\">Hier klicken<\/a>, um das Datenblatt mit Spezifikationen und Abmessungen anzusehen oder den Wassernebel-Stock 26<a  data-mce-href=\"https:\/\/www.youtube.com\/watch?v=brgPwaY05dg\" href=\"https:\/\/www.youtube.com\/watch?v=brgPwaY05dg\" target=\"_blank\" rel=\"noopener\" data-mce-selected=\"inline-boundary\" data-cp-link=\"1\" class=\"\">&nbsp;in Aktion<\/a> zu sehen.<\/p><\/div> <div  class=\"col-xs-6\" data-type=\"column\"><h5  class=\"\">ANSCHL\u00dcSSE<\/h5> <p  class=\"\">Hauptk\u00f6rper: 60A Aluminiumrohr, 5 mm dick, in 3 Segmente unterteilt. M60-Au\u00dfengewinde, 50A-Storz-Kupplung.<\/p><\/div> <\/div><\/div> <div  class=\"col-sm-5 bg-image shadow-large-black revert-classes-holder\" data-bg=\"image\" style=\"background-image: url(&quot;https:\/\/fireisolator.com\/wp-content\/uploads\/2025\/02\/Watermist-Applicator-36.jpg&quot;);\"><\/div><\/div> <\/div><\/div><div  data-label=\"Content\" data-id=\"content--4\" data-export-id=\"content-2\" data-category=\"content\" class=\"content-2 content-section content-section-spacing\" id=\"content-4\" style=\"background-color: rgb(255, 255, 255); background-image: none;\"><div > <div  class=\"row middle-xs\"><div  class=\"col-sm-5 bg-image shadow-large-black\" data-bg=\"image\" style=\"background-image: url(&quot;https:\/\/fireisolator.com\/wp-content\/uploads\/2025\/02\/watermist-applicator-126.jpg&quot;);\"><\/div> <div  class=\"col-sm-7 full-col-left-padding full-col-right-padding\"> <div  class=\"row\"> <div  data-type=\"column\" class=\"space-bottom-small content-title-col\"> <h5  class=\"\">FIRE ISOLATOR<\/h5> <h2  class=\"\">Wassernebel-Applikator 126<\/h2> <p  class=\"\">Der Wassernebel-Applikator 126 (FI-WMA126) bietet einen revolution\u00e4ren Ansatz zur Bek\u00e4mpfung von Br\u00e4nden in Elektrofahrzeugen, indem er direkt unter oder in der N\u00e4he der Fahrzeugbatterie eingesetzt wird. Da die meisten EV-Br\u00e4nde in der (Lithium-Ionen-)Batterie entstehen, erm\u00f6glicht der Wassernebel-Applikator 126 eine effektive Brandbek\u00e4mpfung an der Quelle. Die Wassernebel-Technologie sorgt f\u00fcr eine schnelle K\u00fchlung und Unterdr\u00fcckung des Feuers, wodurch die Sicherheit erh\u00f6ht und Sch\u00e4den reduziert werden.<\/p><\/div> <\/div> <div  class=\"row spaced-cols \" data-type=\"row\"> <div  class=\"col-xs-6\" data-type=\"column\"> <h5  class=\"\">MATERIALIEN<\/h5> <p  class=\"\">Hergestellt aus Aluminium f\u00fcr ein leichtes und einfach zu handhabendes Design.<\/p><\/div> <div  class=\"col-xs-6\" data-type=\"column\"><h5  class=\"\">GEPATENTIERT<\/h5> <p  class=\"\">Unsere Wassernebel-Applikatoren sind patentierte Systeme und einzigartig auf dem Markt.<\/p><\/div> <div  class=\"col-xs-6\" data-type=\"column\"><h5  class=\"\">ABMESSUNGEN &amp; SPEZIFIKATIONEN<\/h5> <p  class=\"\"><a  data-mce-href=\"..\/..\/wp-content\/uploads\/2025\/01\/Datasheet_FireIsolator_Watermist_Applicator126_2025.pdf\" href=\"..\/..\/wp-content\/uploads\/2025\/01\/Datasheet_FireIsolator_Watermist_Applicator126_2025.pdf\" target=\"_blank\" rel=\"noopener\" data-mce-selected=\"inline-boundary\" data-cp-link=\"1\" class=\"\">Hier klicken<\/a>, um das Datenblatt des Wassernebel-Applikators 126 anzusehen.<\/p><\/div> <div  class=\"col-xs-6\" data-type=\"column\"><h5  class=\"\">ANSCHL\u00dcSSE<\/h5> <p  class=\"\">Eine Storz C02-Kupplung.<\/p><\/div> <\/div><\/div> <\/div><\/div> <\/div><div  data-label=\"Content\" data-id=\"content--5\" data-export-id=\"content-3\" data-category=\"content\" class=\"content-3 content-section content-section-spacing\" id=\"content-5\" style=\"background-color: rgb(255, 255, 255);\"><div > <div  class=\"row middle-xs\"><div  class=\"col-sm-7 full-col-left-padding full-col-right-padding\"> <div  class=\"row\"><div  data-type=\"column\" class=\"space-bottom-small content-title-col\"> <h5  class=\"\">FIRE ISOLATOR<\/h5> <h2  class=\"\">Wassernebel-Applikator 138<\/h2> <p  class=\"\">Der Fire Isolator Mobile Wassernebel-Applikator 138 (FI-WMA138) ist eine Weiterentwicklung des Wassernebel-Applikators 126, ein revolution\u00e4res Produkt zur Bek\u00e4mpfung von Fahrzeugbr\u00e4nden, insbesondere in Elektrofahrzeugen. Diese Version ist l\u00e4nger als die 126-Variante. Der FI-WMA138 ist eine handliche Ausf\u00fchrung mit einem Gewicht von nur 10 kg, wodurch er leicht von einer Person bedient werden kann. Er kann problemlos unter das Fahrzeug geschoben werden, um den Fahrzeugboden zu k\u00fchlen.<\/p><\/div> <\/div> <div  class=\"row spaced-cols\" data-type=\"row\"> <div  class=\"col-xs-6\" data-type=\"column\"> <h5  class=\"\">MATERIALIEN<\/h5> <p  class=\"\">Hergestellt aus Aluminium f\u00fcr ein leichtes und einfach zu handhabendes Design.<\/p><\/div> <div  class=\"col-xs-6\" data-type=\"column\"><h5  class=\"\">GEPATENTIERT<\/h5> <p  class=\"\">Unsere Wassernebel-Applikatoren sind patentierte Systeme und einzigartig auf dem Markt.<\/p><\/div> <div  class=\"col-xs-6\" data-type=\"column\"><h5  class=\"\">ABMESSUNGEN &amp; SPEZIFIKATIONEN<\/h5> <p  class=\"\"><a  data-mce-href=\"..\/..\/wp-content\/uploads\/2025\/01\/Datasheet_FireIsolator_Watermist_Applicator138_2025.pdf\" href=\"..\/..\/wp-content\/uploads\/2025\/01\/Datasheet_FireIsolator_Watermist_Applicator138_2025.pdf\" target=\"_blank\" rel=\"noopener\" data-mce-selected=\"inline-boundary\" data-cp-link=\"1\" class=\"\">Hier klicken<\/a>, um das Datenblatt des Wassernebel-Applikators 138 anzusehen.<\/p><\/div> <div  class=\"col-xs-6\" data-type=\"column\"><h5  class=\"\">ANSCHL\u00dcSSE<\/h5> <p  class=\"\">Eine Storz C02-Kupplung.<\/p><\/div> <\/div><\/div> <div  class=\"col-sm-5 bg-image shadow-large-black revert-classes-holder\" data-bg=\"image\" style=\"background-image: url(&quot;https:\/\/fireisolator.com\/wp-content\/uploads\/2025\/02\/watermist-applicator-138.jpg&quot;);\"><\/div><\/div> <\/div><\/div><div  data-label=\"Content\" data-id=\"content--6\" data-export-id=\"content-2\" data-category=\"content\" class=\"content-2 content-section content-section-spacing\" id=\"content-6\" style=\"background-color: rgb(255, 255, 255); background-image: none;\"><div > <div  class=\"row middle-xs\"><div  class=\"col-sm-5 bg-image shadow-large-black\" data-bg=\"image\" style=\"background-image: url(&quot;https:\/\/fireisolator.com\/wp-content\/uploads\/2025\/02\/Watermist-Applicator-241.jpg&quot;);\"><\/div> <div  class=\"col-sm-7 full-col-left-padding full-col-right-padding\"> <div  class=\"row\"> <div  data-type=\"column\" class=\"space-bottom-small content-title-col\"> <h5  class=\"\">FIRE ISOLATOR<\/h5> <h2  class=\"\">Wassernebel-Applikator 241<\/h2> <p  class=\"\">Der Fire Isolator Mobile Wassernebel-Applikator 241 (FI-WMA241) ist eine erweiterte Version der Modelle FI-WMA126 und FI-WMA138 zur Bek\u00e4mpfung von Fahrzeugbr\u00e4nden. Der FI-WMA241 ist eine gr\u00f6\u00dfere Ausf\u00fchrung mit einem Gewicht von 30 kg. Er kann problemlos unter das Fahrzeug geschoben werden, um nahezu die gesamte Unterseite zu k\u00fchlen, kann aber auch seitlich positioniert werden, wie auf dem Bild gezeigt.<\/p><\/div> <\/div> <div  class=\"row spaced-cols \" data-type=\"row\"> <div  class=\"col-xs-6\" data-type=\"column\"> <h5  class=\"\">MATERIALIEN<\/h5> <p  class=\"\">Hergestellt aus Aluminium f\u00fcr ein leichtes und einfach zu handhabendes Design.<\/p><\/div> <div  class=\"col-xs-6\" data-type=\"column\"><h5  class=\"\">GEPATENTIERT<\/h5> <p  class=\"\">Unsere Wassernebel-Applikatoren sind patentierte Systeme und einzigartig auf dem Markt.<\/p><\/div> <div  class=\"col-xs-6\" data-type=\"column\"><h5  class=\"\">ABMESSUNGEN &amp; SPEZIFIKATIONEN<\/h5> <p  class=\"\"><a  data-mce-href=\"..\/..\/wp-content\/uploads\/2025\/01\/Datasheet_FireIsolator_Watermist_Applicator241_2025.pdf\" href=\"..\/..\/wp-content\/uploads\/2025\/01\/Datasheet_FireIsolator_Watermist_Applicator241_2025.pdf\" target=\"_blank\" rel=\"noopener\" data-mce-selected=\"inline-boundary\" data-cp-link=\"1\" class=\"\">Hier klicken<\/a>, um das Datenblatt des Wassernebel-Applikators 241 anzusehen.<\/p><\/div> <div  class=\"col-xs-6\" data-type=\"column\"><h5  class=\"\">ANSCHL\u00dcSSE<\/h5> <p  class=\"\">Eine Storz C02-Kupplung.<\/p><\/div> <\/div><\/div> <\/div><\/div> <\/div>","protected":false},"excerpt":{"rendered":"<p>Wassernebel-Applikator Produkte Die Wassernebel-Applikatoren von Fire Isolator bieten eine innovative und effektive L\u00f6sung zur Brandbek\u00e4mpfung, insbesondere in risikoreichen Situationen wie EV-Batteriebr\u00e4nden. Durch fortschrittliche Wassernebeltechnologie k\u00fchlen sie das Feuer schnell, reduzieren die Hitze und minimieren giftige D\u00e4mpfe. Dank ihrer Vielseitigkeit erh\u00f6hen sie die Sicherheit und begrenzen Sch\u00e4den, wodurch sie ein unverzichtbares Werkzeug f\u00fcr die moderne Brandbek\u00e4mpfung&hellip; <br \/> <a class=\"read-more\" href=\"https:\/\/fireisolator.com\/de\/wassernebel-applikator\/\">Weiterlesen<\/a><\/p>\n","protected":false},"author":5,"featured_media":3419,"parent":0,"menu_order":0,"comment_status":"closed","ping_status":"closed","template":"pro\/page-templates\/full-width-page.php","meta":{"_acf_changed":false,"content-type":"","inline_featured_image":false,"footnotes":""},"class_list":["post-3814","page","type-page","status-publish","has-post-thumbnail","hentry"],"acf":[],"yoast_head":"<!-- This site is optimized with the Yoast SEO Premium plugin v24.6 (Yoast SEO v24.6) - https:\/\/yoast.com\/wordpress\/plugins\/seo\/ -->\n<title>Wassernebel-Applikator &#8226; Fire Isolator<\/title>\n<meta name=\"description\" content=\"Wassernebel-Applikatoren bek\u00e4mpfen Br\u00e4nde durch schnelle K\u00fchlung, Sauerstoffverdr\u00e4ngung und die Reduktion von Rauch und giftigen D\u00e4mpfen.\" \/>\n<meta name=\"robots\" content=\"index, follow, max-snippet:-1, max-image-preview:large, max-video-preview:-1\" \/>\n<link rel=\"canonical\" href=\"https:\/\/fireisolator.com\/de\/wassernebel-applikator\/\" \/>\n<meta property=\"og:locale\" content=\"de_DE\" \/>\n<meta property=\"og:type\" content=\"article\" \/>\n<meta property=\"og:title\" content=\"Wassernebel-Applikator\" \/>\n<meta property=\"og:description\" content=\"Wassernebel-Applikatoren bek\u00e4mpfen Br\u00e4nde durch schnelle K\u00fchlung, Sauerstoffverdr\u00e4ngung und die Reduktion von Rauch und giftigen D\u00e4mpfen.\" \/>\n<meta property=\"og:url\" content=\"https:\/\/fireisolator.com\/de\/wassernebel-applikator\/\" \/>\n<meta property=\"og:site_name\" content=\"Fire Isolator\" \/>\n<meta property=\"article:modified_time\" content=\"2026-01-19T10:32:14+00:00\" \/>\n<meta property=\"og:image\" content=\"https:\/\/fireisolator.com\/wp-content\/uploads\/2023\/10\/toepassing-watermist-lance.jpg\" \/>\n\t<meta property=\"og:image:width\" content=\"800\" \/>\n\t<meta property=\"og:image:height\" content=\"300\" \/>\n\t<meta property=\"og:image:type\" content=\"image\/jpeg\" \/>\n<meta name=\"twitter:card\" content=\"summary_large_image\" \/>\n<meta name=\"twitter:label1\" content=\"Gesch\u00e4tzte Lesezeit\" \/>\n\t<meta name=\"twitter:data1\" content=\"3\u00a0Minuten\" \/>\n<script type=\"application\/ld+json\" class=\"yoast-schema-graph\">{\"@context\":\"https:\/\/schema.org\",\"@graph\":[{\"@type\":\"WebPage\",\"@id\":\"https:\/\/fireisolator.com\/de\/wassernebel-applikator\/\",\"url\":\"https:\/\/fireisolator.com\/de\/wassernebel-applikator\/\",\"name\":\"Wassernebel-Applikator &#8226; Fire Isolator\",\"isPartOf\":{\"@id\":\"https:\/\/fireisolator.com\/de\/#website\"},\"primaryImageOfPage\":{\"@id\":\"https:\/\/fireisolator.com\/de\/wassernebel-applikator\/#primaryimage\"},\"image\":{\"@id\":\"https:\/\/fireisolator.com\/de\/wassernebel-applikator\/#primaryimage\"},\"thumbnailUrl\":\"https:\/\/fireisolator.com\/wp-content\/uploads\/2023\/10\/toepassing-watermist-lance.jpg\",\"datePublished\":\"2023-11-08T10:39:57+00:00\",\"dateModified\":\"2026-01-19T10:32:14+00:00\",\"description\":\"Wassernebel-Applikatoren bek\u00e4mpfen Br\u00e4nde durch schnelle K\u00fchlung, Sauerstoffverdr\u00e4ngung und die Reduktion von Rauch und giftigen D\u00e4mpfen.\",\"breadcrumb\":{\"@id\":\"https:\/\/fireisolator.com\/de\/wassernebel-applikator\/#breadcrumb\"},\"inLanguage\":\"de\",\"potentialAction\":[{\"@type\":\"ReadAction\",\"target\":[\"https:\/\/fireisolator.com\/de\/wassernebel-applikator\/\"]}]},{\"@type\":\"ImageObject\",\"inLanguage\":\"de\",\"@id\":\"https:\/\/fireisolator.com\/de\/wassernebel-applikator\/#primaryimage\",\"url\":\"https:\/\/fireisolator.com\/wp-content\/uploads\/2023\/10\/toepassing-watermist-lance.jpg\",\"contentUrl\":\"https:\/\/fireisolator.com\/wp-content\/uploads\/2023\/10\/toepassing-watermist-lance.jpg\",\"width\":800,\"height\":300,\"caption\":\"Wassernebel Lanze\"},{\"@type\":\"BreadcrumbList\",\"@id\":\"https:\/\/fireisolator.com\/de\/wassernebel-applikator\/#breadcrumb\",\"itemListElement\":[{\"@type\":\"ListItem\",\"position\":1,\"name\":\"Home\",\"item\":\"https:\/\/fireisolator.com\/de\/\"},{\"@type\":\"ListItem\",\"position\":2,\"name\":\"Wassernebel-Applikator\"}]},{\"@type\":\"WebSite\",\"@id\":\"https:\/\/fireisolator.com\/de\/#website\",\"url\":\"https:\/\/fireisolator.com\/de\/\",\"name\":\"FIRE\u26a1\ufe0fISOLATOR\",\"description\":\"The solution to isolate EV car fires\",\"publisher\":{\"@id\":\"https:\/\/fireisolator.com\/de\/#organization\"},\"potentialAction\":[{\"@type\":\"SearchAction\",\"target\":{\"@type\":\"EntryPoint\",\"urlTemplate\":\"https:\/\/fireisolator.com\/de\/?s={search_term_string}\"},\"query-input\":{\"@type\":\"PropertyValueSpecification\",\"valueRequired\":true,\"valueName\":\"search_term_string\"}}],\"inLanguage\":\"de\"},{\"@type\":\"Organization\",\"@id\":\"https:\/\/fireisolator.com\/de\/#organization\",\"name\":\"Blomsma Signs & Safety\",\"url\":\"https:\/\/fireisolator.com\/de\/\",\"logo\":{\"@type\":\"ImageObject\",\"inLanguage\":\"de\",\"@id\":\"https:\/\/fireisolator.com\/de\/#\/schema\/logo\/image\/\",\"url\":\"\",\"contentUrl\":\"\",\"caption\":\"Blomsma Signs & Safety\"},\"image\":{\"@id\":\"https:\/\/fireisolator.com\/de\/#\/schema\/logo\/image\/\"}}]}<\/script>\n<!-- \/ Yoast SEO Premium plugin. -->","yoast_head_json":{"title":"Wassernebel-Applikator &#8226; Fire Isolator","description":"Wassernebel-Applikatoren bek\u00e4mpfen Br\u00e4nde durch schnelle K\u00fchlung, Sauerstoffverdr\u00e4ngung und die Reduktion von Rauch und giftigen D\u00e4mpfen.","robots":{"index":"index","follow":"follow","max-snippet":"max-snippet:-1","max-image-preview":"max-image-preview:large","max-video-preview":"max-video-preview:-1"},"canonical":"https:\/\/fireisolator.com\/de\/wassernebel-applikator\/","og_locale":"de_DE","og_type":"article","og_title":"Wassernebel-Applikator","og_description":"Wassernebel-Applikatoren bek\u00e4mpfen Br\u00e4nde durch schnelle K\u00fchlung, Sauerstoffverdr\u00e4ngung und die Reduktion von Rauch und giftigen D\u00e4mpfen.","og_url":"https:\/\/fireisolator.com\/de\/wassernebel-applikator\/","og_site_name":"Fire Isolator","article_modified_time":"2026-01-19T10:32:14+00:00","og_image":[{"width":800,"height":300,"url":"https:\/\/fireisolator.com\/wp-content\/uploads\/2023\/10\/toepassing-watermist-lance.jpg","type":"image\/jpeg"}],"twitter_card":"summary_large_image","twitter_misc":{"Gesch\u00e4tzte Lesezeit":"3\u00a0Minuten"},"schema":{"@context":"https:\/\/schema.org","@graph":[{"@type":"WebPage","@id":"https:\/\/fireisolator.com\/de\/wassernebel-applikator\/","url":"https:\/\/fireisolator.com\/de\/wassernebel-applikator\/","name":"Wassernebel-Applikator &#8226; Fire Isolator","isPartOf":{"@id":"https:\/\/fireisolator.com\/de\/#website"},"primaryImageOfPage":{"@id":"https:\/\/fireisolator.com\/de\/wassernebel-applikator\/#primaryimage"},"image":{"@id":"https:\/\/fireisolator.com\/de\/wassernebel-applikator\/#primaryimage"},"thumbnailUrl":"https:\/\/fireisolator.com\/wp-content\/uploads\/2023\/10\/toepassing-watermist-lance.jpg","datePublished":"2023-11-08T10:39:57+00:00","dateModified":"2026-01-19T10:32:14+00:00","description":"Wassernebel-Applikatoren bek\u00e4mpfen Br\u00e4nde durch schnelle K\u00fchlung, Sauerstoffverdr\u00e4ngung und die Reduktion von Rauch und giftigen D\u00e4mpfen.","breadcrumb":{"@id":"https:\/\/fireisolator.com\/de\/wassernebel-applikator\/#breadcrumb"},"inLanguage":"de","potentialAction":[{"@type":"ReadAction","target":["https:\/\/fireisolator.com\/de\/wassernebel-applikator\/"]}]},{"@type":"ImageObject","inLanguage":"de","@id":"https:\/\/fireisolator.com\/de\/wassernebel-applikator\/#primaryimage","url":"https:\/\/fireisolator.com\/wp-content\/uploads\/2023\/10\/toepassing-watermist-lance.jpg","contentUrl":"https:\/\/fireisolator.com\/wp-content\/uploads\/2023\/10\/toepassing-watermist-lance.jpg","width":800,"height":300,"caption":"Wassernebel Lanze"},{"@type":"BreadcrumbList","@id":"https:\/\/fireisolator.com\/de\/wassernebel-applikator\/#breadcrumb","itemListElement":[{"@type":"ListItem","position":1,"name":"Home","item":"https:\/\/fireisolator.com\/de\/"},{"@type":"ListItem","position":2,"name":"Wassernebel-Applikator"}]},{"@type":"WebSite","@id":"https:\/\/fireisolator.com\/de\/#website","url":"https:\/\/fireisolator.com\/de\/","name":"FIRE\u26a1\ufe0fISOLATOR","description":"The solution to isolate EV car fires","publisher":{"@id":"https:\/\/fireisolator.com\/de\/#organization"},"potentialAction":[{"@type":"SearchAction","target":{"@type":"EntryPoint","urlTemplate":"https:\/\/fireisolator.com\/de\/?s={search_term_string}"},"query-input":{"@type":"PropertyValueSpecification","valueRequired":true,"valueName":"search_term_string"}}],"inLanguage":"de"},{"@type":"Organization","@id":"https:\/\/fireisolator.com\/de\/#organization","name":"Blomsma Signs & Safety","url":"https:\/\/fireisolator.com\/de\/","logo":{"@type":"ImageObject","inLanguage":"de","@id":"https:\/\/fireisolator.com\/de\/#\/schema\/logo\/image\/","url":"","contentUrl":"","caption":"Blomsma Signs & Safety"},"image":{"@id":"https:\/\/fireisolator.com\/de\/#\/schema\/logo\/image\/"}}]}},"_links":{"self":[{"href":"https:\/\/fireisolator.com\/de\/wp-json\/wp\/v2\/pages\/3814","targetHints":{"allow":["GET"]}}],"collection":[{"href":"https:\/\/fireisolator.com\/de\/wp-json\/wp\/v2\/pages"}],"about":[{"href":"https:\/\/fireisolator.com\/de\/wp-json\/wp\/v2\/types\/page"}],"author":[{"embeddable":true,"href":"https:\/\/fireisolator.com\/de\/wp-json\/wp\/v2\/users\/5"}],"replies":[{"embeddable":true,"href":"https:\/\/fireisolator.com\/de\/wp-json\/wp\/v2\/comments?post=3814"}],"version-history":[{"count":20,"href":"https:\/\/fireisolator.com\/de\/wp-json\/wp\/v2\/pages\/3814\/revisions"}],"predecessor-version":[{"id":8263,"href":"https:\/\/fireisolator.com\/de\/wp-json\/wp\/v2\/pages\/3814\/revisions\/8263"}],"wp:featuredmedia":[{"embeddable":true,"href":"https:\/\/fireisolator.com\/de\/wp-json\/wp\/v2\/media\/3419"}],"wp:attachment":[{"href":"https:\/\/fireisolator.com\/de\/wp-json\/wp\/v2\/media?parent=3814"}],"curies":[{"name":"wp","href":"https:\/\/api.w.org\/{rel}","templated":true}]}}