{"id":6119,"date":"2025-02-24T14:25:08","date_gmt":"2025-02-24T14:25:08","guid":{"rendered":"https:\/\/fireisolator.com\/?page_id=6119"},"modified":"2025-02-24T14:48:35","modified_gmt":"2025-02-24T14:48:35","slug":"produkte","status":"publish","type":"page","link":"https:\/\/fireisolator.com\/de\/produkte\/","title":{"rendered":"Fire\u26a1Isolator Produkte"},"content":{"rendered":"<div data-label=\"Portfolio\" data-id=\"portfolio--1\" data-export-id=\"portfolio-1\" data-category=\"portfolio\" class=\"portfolio-1 content-section content-section-spacing\" id=\"portfolio-1\"  style=\"background-color: rgb(255, 255, 255);\"><div class=\"gridContainer\" > <div class=\"row text-center\" ><div class=\"section-title-col\" data-type=\"column\" > <h2 class=\"\" >Fire\u26a1Isolator Produkte<\/h2> <p class=\"lead\" >Das Fire\u26a1Isolator-Konzept basiert auf einer Kombination gr\u00fcndlich getesteter und bew\u00e4hrter Elemente, die zusammen die effektivste L\u00f6sung zur Bek\u00e4mpfung und Kontrolle von Br\u00e4nden in Elektrofahrzeugen bieten. Ob in Parkh\u00e4usern, Garagen oder sogar an Bord von F\u00e4hren, unser System wurde entwickelt, um die Brandbek\u00e4mpfung zu verbessern und die Sicherheit in risikoreichen Umgebungen zu erh\u00f6hen.\n<br ><br >\nZus\u00e4tzlich zu unseren Kernprodukten &#8211; der L\u00f6schdecke, den Wassernebelapplikatoren und den Aerosolger\u00e4ten &#8211; bieten wir ein umfassendes Sortiment an Fire Isolator-Zubeh\u00f6r. Diese erg\u00e4nzenden Hilfsmittel optimieren die Eind\u00e4mmung und Unterdr\u00fcckung von Br\u00e4nden und gew\u00e4hrleisten einen umfassenden Ansatz f\u00fcr den EV-Brandschutz. Auf dieser Seite finden Sie einen detaillierten \u00dcberblick \u00fcber unsere verf\u00fcgbaren Produkte, die alle den h\u00f6chsten Anforderungen an Zuverl\u00e4ssigkeit und Leistung entsprechen.\n<br ><br >\n<br ><\/p><\/div> <\/div> <div data-type=\"row\" class=\"row spaced-cols\" data-fixed=\"true\" > <div class=\"col-xs-12 col-sm-4\" > <div class=\"contentswap-effect visible\" data-hover-fx=\"portfolio-1\" > <div class=\"initial-image\" > <img decoding=\"async\" data-size=\"500x333\" src=\"https:\/\/fireisolator.com\/wp-content\/uploads\/2025\/02\/Fire-Blanket-Ultimate.jpg\" ><\/div> <div class=\"overlay\" ><\/div> <div class=\"swap-inner col-xs-12\" > <div class=\"row full-height-row bottom-xs\" > <div class=\"col-xs-12 color1 text-center content-holder\" > <h4 class=\"inverted font-500\" >Feuerl\u00f6schdecke<\/h4> <a href=\"https:\/\/fireisolator.com\/de\/feuerloeschdecke-fuer-autos\" class=\"inverted italic p small\"  target=\"_self\" data-cp-link=\"1\">mehr lesen<\/a><\/div> <\/div><\/div> <\/div><\/div> <div class=\"col-xs-12 col-sm-4\" ><div class=\"contentswap-effect visible\" data-hover-fx=\"portfolio-1\" > <div class=\"initial-image\" > <img decoding=\"async\" data-size=\"500x333\" src=\"https:\/\/fireisolator.com\/wp-content\/uploads\/2025\/02\/aerosol-unit-high-quality.jpg\" ><\/div> <div class=\"overlay\" ><\/div> <div class=\"swap-inner col-xs-12\" > <div class=\"row full-height-row bottom-xs\" > <div class=\"col-xs-12 color1 text-center content-holder\" > <h4 class=\"inverted font-500\" >Aerosol Units<\/h4> <a href=\"https:\/\/fireisolator.com\/de\/brandbekaempfung-mit-aerosol-units\" class=\"inverted italic p small\"  target=\"_self\" data-cp-link=\"1\">mehr lesen<\/a><\/div> <\/div><\/div> <\/div><\/div> <div class=\"col-xs-12 col-sm-4\" ><div class=\"contentswap-effect visible\" data-hover-fx=\"portfolio-1\" > <div class=\"initial-image\" > <img decoding=\"async\" data-size=\"500x333\" src=\"https:\/\/fireisolator.com\/wp-content\/uploads\/2025\/02\/watermist-lance-for-all-products-page.jpg\" ><\/div> <div class=\"overlay\" ><\/div> <div class=\"swap-inner col-xs-12\" > <div class=\"row full-height-row bottom-xs\" > <div class=\"col-xs-12 color1 text-center content-holder\" > <h4 class=\"inverted font-500\" >Wassernebel Applikator<\/h4> <a href=\"https:\/\/fireisolator.com\/de\/wassernebel-applikator\" class=\"inverted italic p small\"  target=\"_self\" data-cp-link=\"1\">mehr lesen<\/a><\/div> <\/div><\/div> <\/div><\/div> <div class=\"col-xs-12 col-sm-4\" ><div class=\"contentswap-effect visible\" data-hover-fx=\"portfolio-1\" > <div class=\"initial-image\" > <img decoding=\"async\" data-size=\"500x333\" src=\"https:\/\/fireisolator.com\/wp-content\/uploads\/2025\/02\/fire-blanket-backpacks-1.jpg\" ><\/div> <div class=\"overlay\" ><\/div> <div class=\"swap-inner col-xs-12\" > <div class=\"row full-height-row bottom-xs\" > <div class=\"col-xs-12 color1 text-center content-holder\" > <h4 class=\"inverted font-500\" >Taschen und Schr\u00e4nke<\/h4> <a href=\"https:\/\/fireisolator.com\/accessories\" class=\"inverted italic p small\"  target=\"_self\" data-cp-link=\"1\">mehr lesen<\/a><\/div> <\/div><\/div> <\/div><\/div> <div class=\"col-xs-12 col-sm-4\" ><div class=\"contentswap-effect visible\" data-hover-fx=\"portfolio-1\" > <div class=\"initial-image\" > <img decoding=\"async\" data-size=\"500x333\" src=\"https:\/\/fireisolator.com\/wp-content\/uploads\/2025\/02\/thermal-viewer-1.jpg\" ><\/div> <div class=\"overlay\" ><\/div> <div class=\"swap-inner col-xs-12\" > <div class=\"row full-height-row bottom-xs\" > <div class=\"col-xs-12 color1 text-center content-holder\" > <h4 class=\"inverted font-500\" >Thermal Viewer<\/h4> <a href=\"https:\/\/fireisolator.com\/accessories\" class=\"inverted italic p small\"  target=\"_self\" data-cp-link=\"1\">mehr lesen<\/a><\/div> <\/div><\/div> <\/div><\/div> <div class=\"col-xs-12 col-sm-4\" ><div class=\"contentswap-effect visible\" data-hover-fx=\"portfolio-1\" > <div class=\"initial-image\" > <img decoding=\"async\" data-size=\"500x333\" src=\"https:\/\/fireisolator.com\/wp-content\/uploads\/2025\/02\/firemans-axe-1.jpg\" ><\/div> <div class=\"overlay\" ><\/div> <div class=\"swap-inner col-xs-12\" > <div class=\"row full-height-row bottom-xs\" > <div class=\"col-xs-12 color1 text-center content-holder\" > <h4 class=\"inverted font-500\" >andere Produkte<\/h4> <a href=\"https:\/\/fireisolator.com\/accessories\" class=\"inverted italic p small\"  target=\"_self\" data-cp-link=\"1\">mehr lesen<\/a><\/div> <\/div><\/div> <\/div><\/div> <\/div><\/div> <\/div>","protected":false},"excerpt":{"rendered":"<p>Fire\u26a1Isolator Produkte Das Fire\u26a1Isolator-Konzept basiert auf einer Kombination gr\u00fcndlich getesteter und bew\u00e4hrter Elemente, die zusammen die effektivste L\u00f6sung zur Bek\u00e4mpfung und Kontrolle von Br\u00e4nden in Elektrofahrzeugen bieten. Ob in Parkh\u00e4usern, Garagen oder sogar an Bord von F\u00e4hren, unser System wurde entwickelt, um die Brandbek\u00e4mpfung zu verbessern und die Sicherheit in risikoreichen Umgebungen zu erh\u00f6hen. Zus\u00e4tzlich&hellip; <br \/> <a class=\"read-more\" href=\"https:\/\/fireisolator.com\/de\/produkte\/\">Weiterlesen<\/a><\/p>\n","protected":false},"author":5,"featured_media":0,"parent":0,"menu_order":0,"comment_status":"closed","ping_status":"closed","template":"pro\/page-templates\/full-width-page.php","meta":{"_acf_changed":false,"content-type":"","inline_featured_image":false,"footnotes":""},"class_list":["post-6119","page","type-page","status-publish","hentry"],"acf":[],"yoast_head":"<!-- This site is optimized with the Yoast SEO Premium plugin v24.6 (Yoast SEO v24.6) - https:\/\/yoast.com\/wordpress\/plugins\/seo\/ -->\n<title>Fire\u26a1Isolator Produkte &#8226; Fire Isolator<\/title>\n<meta name=\"robots\" content=\"index, follow, max-snippet:-1, max-image-preview:large, max-video-preview:-1\" \/>\n<link rel=\"canonical\" href=\"https:\/\/fireisolator.com\/de\/produkte\/\" \/>\n<meta property=\"og:locale\" content=\"de_DE\" \/>\n<meta property=\"og:type\" content=\"article\" \/>\n<meta property=\"og:title\" content=\"Fire\u26a1Isolator Produkte\" \/>\n<meta property=\"og:description\" content=\"Fire\u26a1Isolator Produkte Das Fire\u26a1Isolator-Konzept basiert auf einer Kombination gr\u00fcndlich getesteter und bew\u00e4hrter Elemente, die zusammen die effektivste L\u00f6sung zur Bek\u00e4mpfung und Kontrolle von Br\u00e4nden in Elektrofahrzeugen bieten. Ob in Parkh\u00e4usern, Garagen oder sogar an Bord von F\u00e4hren, unser System wurde entwickelt, um die Brandbek\u00e4mpfung zu verbessern und die Sicherheit in risikoreichen Umgebungen zu erh\u00f6hen. Zus\u00e4tzlich&hellip; Weiterlesen\" \/>\n<meta property=\"og:url\" content=\"https:\/\/fireisolator.com\/de\/produkte\/\" \/>\n<meta property=\"og:site_name\" content=\"Fire Isolator\" \/>\n<meta property=\"article:modified_time\" content=\"2025-02-24T14:48:35+00:00\" \/>\n<meta property=\"og:image\" content=\"https:\/\/fireisolator.com\/wp-content\/uploads\/2025\/02\/Fire-Blanket-Ultimate.jpg\" \/>\n<meta name=\"twitter:card\" content=\"summary_large_image\" \/>\n<script type=\"application\/ld+json\" class=\"yoast-schema-graph\">{\"@context\":\"https:\/\/schema.org\",\"@graph\":[{\"@type\":\"WebPage\",\"@id\":\"https:\/\/fireisolator.com\/de\/produkte\/\",\"url\":\"https:\/\/fireisolator.com\/de\/produkte\/\",\"name\":\"Fire\u26a1Isolator Produkte &#8226; Fire Isolator\",\"isPartOf\":{\"@id\":\"https:\/\/fireisolator.com\/de\/#website\"},\"primaryImageOfPage\":{\"@id\":\"https:\/\/fireisolator.com\/de\/produkte\/#primaryimage\"},\"image\":{\"@id\":\"https:\/\/fireisolator.com\/de\/produkte\/#primaryimage\"},\"thumbnailUrl\":\"https:\/\/fireisolator.com\/wp-content\/uploads\/2025\/02\/Fire-Blanket-Ultimate.jpg\",\"datePublished\":\"2025-02-24T14:25:08+00:00\",\"dateModified\":\"2025-02-24T14:48:35+00:00\",\"breadcrumb\":{\"@id\":\"https:\/\/fireisolator.com\/de\/produkte\/#breadcrumb\"},\"inLanguage\":\"de\",\"potentialAction\":[{\"@type\":\"ReadAction\",\"target\":[\"https:\/\/fireisolator.com\/de\/produkte\/\"]}]},{\"@type\":\"ImageObject\",\"inLanguage\":\"de\",\"@id\":\"https:\/\/fireisolator.com\/de\/produkte\/#primaryimage\",\"url\":\"https:\/\/fireisolator.com\/wp-content\/uploads\/2025\/02\/Fire-Blanket-Ultimate.jpg\",\"contentUrl\":\"https:\/\/fireisolator.com\/wp-content\/uploads\/2025\/02\/Fire-Blanket-Ultimate.jpg\"},{\"@type\":\"BreadcrumbList\",\"@id\":\"https:\/\/fireisolator.com\/de\/produkte\/#breadcrumb\",\"itemListElement\":[{\"@type\":\"ListItem\",\"position\":1,\"name\":\"Home\",\"item\":\"https:\/\/fireisolator.com\/de\/\"},{\"@type\":\"ListItem\",\"position\":2,\"name\":\"Fire\u26a1Isolator Produkte\"}]},{\"@type\":\"WebSite\",\"@id\":\"https:\/\/fireisolator.com\/de\/#website\",\"url\":\"https:\/\/fireisolator.com\/de\/\",\"name\":\"FIRE\u26a1\ufe0fISOLATOR\",\"description\":\"The solution to isolate EV car fires\",\"publisher\":{\"@id\":\"https:\/\/fireisolator.com\/de\/#organization\"},\"potentialAction\":[{\"@type\":\"SearchAction\",\"target\":{\"@type\":\"EntryPoint\",\"urlTemplate\":\"https:\/\/fireisolator.com\/de\/?s={search_term_string}\"},\"query-input\":{\"@type\":\"PropertyValueSpecification\",\"valueRequired\":true,\"valueName\":\"search_term_string\"}}],\"inLanguage\":\"de\"},{\"@type\":\"Organization\",\"@id\":\"https:\/\/fireisolator.com\/de\/#organization\",\"name\":\"Blomsma Signs & Safety\",\"url\":\"https:\/\/fireisolator.com\/de\/\",\"logo\":{\"@type\":\"ImageObject\",\"inLanguage\":\"de\",\"@id\":\"https:\/\/fireisolator.com\/de\/#\/schema\/logo\/image\/\",\"url\":\"\",\"contentUrl\":\"\",\"caption\":\"Blomsma Signs & Safety\"},\"image\":{\"@id\":\"https:\/\/fireisolator.com\/de\/#\/schema\/logo\/image\/\"}}]}<\/script>\n<!-- \/ Yoast SEO Premium plugin. -->","yoast_head_json":{"title":"Fire\u26a1Isolator Produkte &#8226; Fire Isolator","robots":{"index":"index","follow":"follow","max-snippet":"max-snippet:-1","max-image-preview":"max-image-preview:large","max-video-preview":"max-video-preview:-1"},"canonical":"https:\/\/fireisolator.com\/de\/produkte\/","og_locale":"de_DE","og_type":"article","og_title":"Fire\u26a1Isolator Produkte","og_description":"Fire\u26a1Isolator Produkte Das Fire\u26a1Isolator-Konzept basiert auf einer Kombination gr\u00fcndlich getesteter und bew\u00e4hrter Elemente, die zusammen die effektivste L\u00f6sung zur Bek\u00e4mpfung und Kontrolle von Br\u00e4nden in Elektrofahrzeugen bieten. Ob in Parkh\u00e4usern, Garagen oder sogar an Bord von F\u00e4hren, unser System wurde entwickelt, um die Brandbek\u00e4mpfung zu verbessern und die Sicherheit in risikoreichen Umgebungen zu erh\u00f6hen. Zus\u00e4tzlich&hellip; Weiterlesen","og_url":"https:\/\/fireisolator.com\/de\/produkte\/","og_site_name":"Fire Isolator","article_modified_time":"2025-02-24T14:48:35+00:00","og_image":[{"url":"https:\/\/fireisolator.com\/wp-content\/uploads\/2025\/02\/Fire-Blanket-Ultimate.jpg","type":"","width":"","height":""}],"twitter_card":"summary_large_image","schema":{"@context":"https:\/\/schema.org","@graph":[{"@type":"WebPage","@id":"https:\/\/fireisolator.com\/de\/produkte\/","url":"https:\/\/fireisolator.com\/de\/produkte\/","name":"Fire\u26a1Isolator Produkte &#8226; Fire Isolator","isPartOf":{"@id":"https:\/\/fireisolator.com\/de\/#website"},"primaryImageOfPage":{"@id":"https:\/\/fireisolator.com\/de\/produkte\/#primaryimage"},"image":{"@id":"https:\/\/fireisolator.com\/de\/produkte\/#primaryimage"},"thumbnailUrl":"https:\/\/fireisolator.com\/wp-content\/uploads\/2025\/02\/Fire-Blanket-Ultimate.jpg","datePublished":"2025-02-24T14:25:08+00:00","dateModified":"2025-02-24T14:48:35+00:00","breadcrumb":{"@id":"https:\/\/fireisolator.com\/de\/produkte\/#breadcrumb"},"inLanguage":"de","potentialAction":[{"@type":"ReadAction","target":["https:\/\/fireisolator.com\/de\/produkte\/"]}]},{"@type":"ImageObject","inLanguage":"de","@id":"https:\/\/fireisolator.com\/de\/produkte\/#primaryimage","url":"https:\/\/fireisolator.com\/wp-content\/uploads\/2025\/02\/Fire-Blanket-Ultimate.jpg","contentUrl":"https:\/\/fireisolator.com\/wp-content\/uploads\/2025\/02\/Fire-Blanket-Ultimate.jpg"},{"@type":"BreadcrumbList","@id":"https:\/\/fireisolator.com\/de\/produkte\/#breadcrumb","itemListElement":[{"@type":"ListItem","position":1,"name":"Home","item":"https:\/\/fireisolator.com\/de\/"},{"@type":"ListItem","position":2,"name":"Fire\u26a1Isolator Produkte"}]},{"@type":"WebSite","@id":"https:\/\/fireisolator.com\/de\/#website","url":"https:\/\/fireisolator.com\/de\/","name":"FIRE\u26a1\ufe0fISOLATOR","description":"The solution to isolate EV car fires","publisher":{"@id":"https:\/\/fireisolator.com\/de\/#organization"},"potentialAction":[{"@type":"SearchAction","target":{"@type":"EntryPoint","urlTemplate":"https:\/\/fireisolator.com\/de\/?s={search_term_string}"},"query-input":{"@type":"PropertyValueSpecification","valueRequired":true,"valueName":"search_term_string"}}],"inLanguage":"de"},{"@type":"Organization","@id":"https:\/\/fireisolator.com\/de\/#organization","name":"Blomsma Signs & Safety","url":"https:\/\/fireisolator.com\/de\/","logo":{"@type":"ImageObject","inLanguage":"de","@id":"https:\/\/fireisolator.com\/de\/#\/schema\/logo\/image\/","url":"","contentUrl":"","caption":"Blomsma Signs & Safety"},"image":{"@id":"https:\/\/fireisolator.com\/de\/#\/schema\/logo\/image\/"}}]}},"_links":{"self":[{"href":"https:\/\/fireisolator.com\/de\/wp-json\/wp\/v2\/pages\/6119","targetHints":{"allow":["GET"]}}],"collection":[{"href":"https:\/\/fireisolator.com\/de\/wp-json\/wp\/v2\/pages"}],"about":[{"href":"https:\/\/fireisolator.com\/de\/wp-json\/wp\/v2\/types\/page"}],"author":[{"embeddable":true,"href":"https:\/\/fireisolator.com\/de\/wp-json\/wp\/v2\/users\/5"}],"replies":[{"embeddable":true,"href":"https:\/\/fireisolator.com\/de\/wp-json\/wp\/v2\/comments?post=6119"}],"version-history":[{"count":4,"href":"https:\/\/fireisolator.com\/de\/wp-json\/wp\/v2\/pages\/6119\/revisions"}],"predecessor-version":[{"id":6126,"href":"https:\/\/fireisolator.com\/de\/wp-json\/wp\/v2\/pages\/6119\/revisions\/6126"}],"wp:attachment":[{"href":"https:\/\/fireisolator.com\/de\/wp-json\/wp\/v2\/media?parent=6119"}],"curies":[{"name":"wp","href":"https:\/\/api.w.org\/{rel}","templated":true}]}}