{"id":6156,"date":"2025-02-13T08:11:29","date_gmt":"2025-02-13T08:11:29","guid":{"rendered":"https:\/\/fireisolator.com\/?page_id=6156"},"modified":"2025-11-19T07:52:32","modified_gmt":"2025-11-19T07:52:32","slug":"zubehoer","status":"publish","type":"page","link":"https:\/\/fireisolator.com\/de\/zubehoer\/","title":{"rendered":"Fire Isolator Zubeh\u00f6r"},"content":{"rendered":"<div  data-label=\"Content\" data-id=\"content--1\" data-export-id=\"content-12\" data-category=\"content\" class=\"content-12 content-section content-section-spacing\" id=\"content-1\" style=\"background-color: rgb(255, 255, 255);\"><div  class=\"gridContainer\"> <div  class=\"row text-center\"><div  class=\"section-title-col\" data-type=\"column\"> <h2  class=\"\">Fire Isolator Zubeh\u00f6r<\/h2> <p  class=\"lead\">Zus\u00e4tzlich zu unseren Kernprodukten bietet Fire Isolator eine Reihe von Zubeh\u00f6rteilen an, die unsere L\u00f6sungen verbessern und erg\u00e4nzen. Zu unserem Zubeh\u00f6r geh\u00f6rt ein strapazierf\u00e4higer und praktischer Aufbewahrungsschrank, in dem Sie Ihr Fire Isolator Blanket und andere wichtige Ausr\u00fcstungsgegenst\u00e4nde geordnet und leicht zug\u00e4nglich aufbewahren k\u00f6nnen. F\u00fcr den m\u00fchelosen Transport bieten wir den Fire Isolator Trolley und den Fire Isolator Backpack an, die einen schnellen und effizienten Einsatz unserer Decken in Notsituationen erm\u00f6glichen. Dar\u00fcber hinaus bieten wir einen W\u00e4rmebildbetrachter an, mit dem Ersthelfer die Hitzeentwicklung genau messen und die Brandsituation besser kontrollieren k\u00f6nnen. Entdecken Sie unten unser komplettes Zubeh\u00f6rsortiment.<\/p><\/div> <\/div> <div  class=\"row center-xs middle-xs\"> <div  class=\"col-sm-9\" data-type=\"column\"> <\/div> <\/div><\/div> <\/div><div  data-label=\"Content\" data-id=\"content--2\" data-export-id=\"content-2\" data-category=\"content\" class=\"content-2 content-section content-section-spacing\" id=\"content-2\" style=\"background-color: rgb(255, 255, 255); background-image: none;\"><div > <div  class=\"row middle-xs\"><div  class=\"col-sm-5 bg-image shadow-large-black\" data-bg=\"image\" style=\"background-image: url(&quot;https:\/\/fireisolator.com\/wp-content\/uploads\/2025\/02\/Steel-Cabinet.jpg&quot;);\"><\/div> <div  class=\"col-sm-7 full-col-left-padding full-col-right-padding\"> <div  class=\"row\"> <div  data-type=\"column\" class=\"space-bottom-small content-title-col\"> <h5  class=\"\">FIRE ISOLATOR<\/h5> <h2  class=\"\">Der Fire Isolator Cabinet<\/h2> <p  class=\"\">Der Fire Isolator-Stahlschrank (FI-CABINET) ist stabil gebaut und speziell f\u00fcr die sichere Aufbewahrung der Fire Isolator Blanket und anderer Fire Isolator-Produkte konzipiert. Dieser Schrank bietet eine sichere und bequeme Aufbewahrungsl\u00f6sung, die Ihre Feuerl\u00f6schdecke leicht zug\u00e4nglich und in der N\u00e4he potenzieller Brandrisiken aufbewahrt.<\/p><\/div> <\/div> <div  class=\"row spaced-cols \" data-type=\"row\"> <div  class=\"col-xs-6\" data-type=\"column\"> <h5  class=\"\">MATERIALIEN<\/h5> <p  class=\"\">Der Stahlschrank ist aus 0,8 mm Stahlblech gefertigt.<\/p><\/div> <div  class=\"col-xs-6\" data-type=\"column\"><h5  class=\"\">ABMESSUNGEN &amp; SPEZIFIKATIONEN<\/h5> <p  class=\"\"><a  data-mce-href=\"..\/..\/wp-content\/uploads\/2025\/01\/Datasheet_FireIsolator_SteelCabinet_2025.pdf\" href=\"..\/..\/wp-content\/uploads\/2025\/01\/Datasheet_FireIsolator_SteelCabinet_2025.pdf\" target=\"_blank\" rel=\"noopener\" data-mce-selected=\"inline-boundary\" data-cp-link=\"1\" class=\"\">Klicken Sie hier<\/a>, um das Datenblatt f\u00fcr den Fire Isolator Steel Cabinet herunterzuladen.<\/p><\/div>   <\/div><\/div> <\/div><\/div> <\/div><div  data-label=\"Content\" data-id=\"content--3\" data-export-id=\"content-3\" data-category=\"content\" class=\"content-3 content-section content-section-spacing\" id=\"content-3\" style=\"background-color: rgb(255, 255, 255);\"><div > <div  class=\"row middle-xs\"><div  class=\"col-sm-7 full-col-left-padding full-col-right-padding\"> <div  class=\"row\"><div  data-type=\"column\" class=\"space-bottom-small content-title-col\"> <h5  class=\"\">FIRE ISOLATOR<\/h5> <h2  class=\"\">Der Thermal Viewer<\/h2> <p  class=\"\">Der Thermal Viewer (FI-TVIEW) ist eine leichte, leistungsstarke Infrarotkamera mit drei Bildmodi f\u00fcr die Temperatur\u00fcberwachung in Echtzeit. Mit einem Messbereich von -20\u00b0C bis 1.000\u00b0C (-5\u00b0F bis 1.800\u00b0F) hilft sie den Einsatzkr\u00e4ften, Brandrisiken einzusch\u00e4tzen und festzustellen, wann zus\u00e4tzliche Aerosol-Einheiten ben\u00f6tigt werden. Mit seiner PC-Software-Analyse und einer Batterielebensdauer von mehr als 7 Stunden gew\u00e4hrleistet es Pr\u00e4zision und Zuverl\u00e4ssigkeit in kritischen Situationen.<\/p><\/div> <\/div> <div  class=\"row spaced-cols\" data-type=\"row\"> <div  class=\"col-xs-6\" data-type=\"column\"> <h5  class=\"\">BILD-MODUS<\/h5> <p  class=\"\">Thermisch, Visuell &amp; Fusion<\/p><\/div> <div  class=\"col-xs-6\" data-type=\"column\"><h5  class=\"\">ZERTIFIZIERUNGEN<\/h5> <p  class=\"\">CE+UKCA<\/p><\/div> <div  class=\"col-xs-6\" data-type=\"column\"><h5  class=\"\">ABMESSUNGEN &amp; SPEZIFIKATIONEN<\/h5> <p  class=\"\"><a  data-mce-href=\"..\/..\/wp-content\/uploads\/2025\/01\/Datasheet_FireIsolator_ThermalViewer_2025.pdf\" href=\"..\/..\/wp-content\/uploads\/2025\/01\/Datasheet_FireIsolator_ThermalViewer_2025.pdf\" target=\"_blank\" rel=\"noopener\" data-mce-selected=\"inline-boundary\" data-cp-link=\"1\" class=\"\">Laden Sie<\/a> das Datenblatt zum Thermal Viewer herunter, um weitere Informationen zu erhalten.<\/p><\/div> <div  class=\"col-xs-6\" data-type=\"column\"><h5  class=\"\">BILDSPEICHER<\/h5> <p  class=\"\">216G<\/p><\/div> <\/div><\/div> <div  class=\"col-sm-5 bg-image shadow-large-black revert-classes-holder\" data-bg=\"image\" style=\"background-image: url(&quot;https:\/\/fireisolator.com\/wp-content\/uploads\/2025\/02\/thermal-viewer-1.jpg&quot;);\"><\/div><\/div> <\/div><\/div><div  data-label=\"Content\" data-id=\"content--4\" data-export-id=\"content-2\" data-category=\"content\" class=\"content-2 content-section content-section-spacing\" id=\"content-4\" style=\"background-color: rgb(255, 255, 255); background-image: none;\"><div > <div  class=\"row middle-xs\"><div  class=\"col-sm-5 bg-image shadow-large-black\" data-bg=\"image\" style=\"background-image: url(&quot;https:\/\/fireisolator.com\/wp-content\/uploads\/2025\/02\/trollehy-1.jpg&quot;);\"><\/div> <div  class=\"col-sm-7 full-col-left-padding full-col-right-padding\"> <div  class=\"row\"> <div  data-type=\"column\" class=\"space-bottom-small content-title-col\"> <h5  class=\"\">FIRE ISOLATOR<\/h5> <h2  class=\"\">Der Feuerl\u00f6schdecken-Trolley<\/h2> <p  class=\"\">Der Fire Isolator Trolley (FI-TRBAG) ist eine kompakte, leicht zu man\u00f6vrierende L\u00f6sung f\u00fcr den Transport der L\u00f6schdecke. Er wiegt im beladenen Zustand 40 kg und verf\u00fcgt \u00fcber robuste R\u00e4der und interne Gurte zur sicheren Aufbewahrung. Sie ist f\u00fcr den schnellen Einsatz im Notfall konzipiert und enth\u00e4lt eine Bedienungsanleitung und einen Klettverschluss f\u00fcr den schnellen Zugriff.<\/p><\/div> <\/div> <div  class=\"row spaced-cols \" data-type=\"row\"> <div  class=\"col-xs-6\" data-type=\"column\"> <h5  class=\"\">MATERIALIEN<\/h5> <p  class=\"\">Beidseitig beschichtetes PVC.<\/p><\/div> <div  class=\"col-xs-6\" data-type=\"column\"><h5  class=\"\">ABMESSUNGEN UND SPEZIFIKATIONEN<\/h5> <p  class=\"\"><a  data-mce-href=\"..\/..\/wp-content\/uploads\/2025\/01\/Datasheet_FireIsolator_Trolley_2025.pdf\" href=\"..\/..\/wp-content\/uploads\/2025\/01\/Datasheet_FireIsolator_Trolley_2025.pdf\" target=\"_blank\" rel=\"noopener\" data-mce-selected=\"inline-boundary\" data-cp-link=\"1\" class=\"\">Laden Sie<\/a> das Datenblatt f\u00fcr den Fire Isolator Trolley herunter, um weitere Informationen zu erhalten.<\/p><\/div>   <\/div><\/div> <\/div><\/div> <\/div><div  data-label=\"Content\" data-id=\"content--5\" data-export-id=\"content-3\" data-category=\"content\" class=\"content-3 content-section content-section-spacing\" id=\"content-5\" style=\"background-color: rgb(255, 255, 255);\"><div > <div  class=\"row middle-xs\"><div  class=\"col-sm-7 full-col-left-padding full-col-right-padding\"> <div  class=\"row\"><div  data-type=\"column\" class=\"space-bottom-small content-title-col\"> <h5  class=\"\">FIRE ISOLATOR<\/h5> <h2  class=\"\">Der Feuerl\u00f6schdeckenrucksack<\/h2> <p  class=\"\">Mit dem Fire Isolator Backpack kann eine Person die Feuerl\u00f6schdecke m\u00fchelos tragen, so dass nicht mehr zwei Personen ben\u00f6tigt werden. Mit einem Gewicht von 40 kg im gepackten Zustand sorgen das ergonomische Design, die gepolsterten Gurte und die Innenf\u00e4cher f\u00fcr einen sicheren und bequemen Transport.<\/p><\/div> <\/div> <div  class=\"row spaced-cols\" data-type=\"row\"> <div  class=\"col-xs-6\" data-type=\"column\"> <h5  class=\"\">MATERIALIEN<\/h5> <p  class=\"\">Beidseitig beschichtetes PVC.<\/p><\/div> <div  class=\"col-xs-6\" data-type=\"column\"><h5  class=\"\">ABMESSUNGEN UND SPEZIFIKATIONEN<\/h5> <p  class=\"\"><a  data-mce-href=\"..\/..\/wp-content\/uploads\/2025\/01\/Datasheet_FireIsolator_Backpack_2025.pdf\" href=\"..\/..\/wp-content\/uploads\/2025\/01\/Datasheet_FireIsolator_Backpack_2025.pdf\" target=\"_blank\" rel=\"noopener\" data-mce-selected=\"inline-boundary\" data-cp-link=\"1\" class=\"\">Laden Sie<\/a> das Datenblatt f\u00fcr den Fire Isolator Backpack herunter, um weitere Informationen zu erhalten.<\/p><\/div>   <\/div><\/div> <div  class=\"col-sm-5 bg-image shadow-large-black revert-classes-holder\" data-bg=\"image\" style=\"background-image: url(&quot;https:\/\/fireisolator.com\/wp-content\/uploads\/2025\/02\/fire-blanket-backpacks-1.jpg&quot;);\"><\/div><\/div> <\/div><\/div><div  data-label=\"Content\" data-id=\"content--6\" data-export-id=\"content-2\" data-category=\"content\" class=\"content-2 content-section content-section-spacing\" id=\"content-6\" style=\"background-color: rgb(255, 255, 255); background-image: none;\"><div > <div  class=\"row middle-xs\"><div  class=\"col-sm-5 bg-image shadow-large-black\" data-bg=\"image\" style=\"background-image: url(&quot;https:\/\/fireisolator.com\/wp-content\/uploads\/2025\/02\/EV-fire-gun.jpg&quot;);\"><\/div> <div  class=\"col-sm-7 full-col-left-padding full-col-right-padding\"> <div  class=\"row\"> <div  data-type=\"column\" class=\"space-bottom-small content-title-col\"> <h5  class=\"\">FIRE ISOLATOR<\/h5> <h2  class=\"\">Die EV-Feuerpistole<\/h2> <p  class=\"\">Die Fire Isolator EV Fire Gun (FI-FIREGUN) ist ein Werkzeug, das entwickelt wurde, um in den Batteriekasten einzudringen und ihn mit Wasser zu fluten. Auf diese Weise kann man versuchen, das Feuer im Batteriekasten zu l\u00f6schen. Viele Tests haben uns gezeigt, dass die EV Fire Gun ein wirksames Mittel ist, um eine Ausbreitung des Feuers zu verhindern. Die Fire Gun kann 40 Liter Wasser pro Minute bei zwei bar abgeben.<\/p><\/div> <\/div> <div  class=\"row spaced-cols \" data-type=\"row\"> <div  class=\"col-xs-6\" data-type=\"column\"> <h5  class=\"\">ABMESSUNGEN UND SPEZIFIKATIONEN<\/h5> <p  class=\"\"><a  data-mce-href=\"..\/..\/wp-content\/uploads\/2025\/01\/Datasheet_FireIsolator_FireGun_2025.pdf\" href=\"..\/..\/wp-content\/uploads\/2025\/01\/Datasheet_FireIsolator_FireGun_2025.pdf\" target=\"_blank\" rel=\"noopener\" data-mce-selected=\"inline-boundary\" data-cp-link=\"1\" class=\"\">Laden Sie<\/a> das Datenblatt zur EV Fire Gun herunter, um weitere Informationen zu erhalten.<\/p><\/div>    <\/div><\/div> <\/div><\/div> <\/div><div  data-label=\"Content\" data-id=\"content--7\" data-export-id=\"content-3\" data-category=\"content\" class=\"content-3 content-section content-section-spacing\" id=\"content-7\" style=\"background-color: rgb(255, 255, 255);\"><div > <div  class=\"row middle-xs\"><div  class=\"col-sm-7 full-col-left-padding full-col-right-padding\"> <div  class=\"row\"><div  data-type=\"column\" class=\"space-bottom-small content-title-col\"> <h5  class=\"\">FIRE ISOLATOR<\/h5> <h2  class=\"\">Die Feuerwehraxt<\/h2> <p  class=\"\">Die Feuerwehraxt (FI-FAX) ist ein unverzichtbares Werkzeug f\u00fcr Feuerwehrleute, das f\u00fcr eine Vielzahl von Brandbek\u00e4mpfungs- und Rettungseins\u00e4tzen entwickelt wurde. Sie erm\u00f6glicht ein schnelles und effektives \u00dcberwinden von Hindernissen, so dass die Feuerwehrleute zu den betroffenen Bereichen vordringen und die Rettung effizient durchf\u00fchren k\u00f6nnen. Die Feuerwehraxt verf\u00fcgt \u00fcber einen robusten Glasfaserstiel und wurde in \u00dcbereinstimmung mit dem FSS-Code entwickelt und getestet.<\/p><\/div> <\/div> <div  class=\"row spaced-cols\" data-type=\"row\"> <div  class=\"col-xs-6\" data-type=\"column\"> <h5  class=\"\">MATERIALIEN<\/h5> <p  class=\"\">Stahlklinge und Glasfaserstiel. Eine Hochspannungsisolierung kann auf Anfrage geliefert werden.<\/p><\/div>    <div  class=\"col-xs-6\" data-type=\"column\"> <h5  class=\"\">ABMESSUNGEN UND SPEZIFIKATIONEN<\/h5> <p  class=\"\">F\u00fcr weitere Informationen \u00fcber die Feuerwehraxt <a  data-mce-href=\"..\/..\/wp-content\/uploads\/2025\/01\/Datasheet-Fire-Isolator-FI-FAX-Fireman-Axe_2025.pdf\" href=\"..\/..\/wp-content\/uploads\/2025\/01\/Datasheet-Fire-Isolator-FI-FAX-Fireman-Axe_2025.pdf\" target=\"_blank\" rel=\"noopener\" data-mce-selected=\"inline-boundary\" data-cp-link=\"1\" class=\"\">laden Sie<\/a> bitte das Datenblatt herunter.<\/p><\/div><\/div><\/div> <div  class=\"col-sm-5 bg-image shadow-large-black revert-classes-holder\" data-bg=\"image\" style=\"background-image: url(&quot;https:\/\/fireisolator.com\/wp-content\/uploads\/2025\/02\/firemans-axe-1.jpg&quot;);\"><\/div><\/div> <\/div><\/div><div  data-label=\"Content\" data-id=\"content--8\" data-export-id=\"content-2\" data-category=\"content\" class=\"content-2 content-section content-section-spacing\" id=\"content-8\" style=\"background-color: rgb(255, 255, 255); background-image: none;\"><div > <div  class=\"row middle-xs\"><div  class=\"col-sm-5 bg-image shadow-large-black\" data-bg=\"image\" style=\"background-image: url(&quot;https:\/\/fireisolator.com\/wp-content\/uploads\/The-FIre-Isolator-Kit-GRP-Box-1.jpg&quot;);\"><\/div> <div  class=\"col-sm-7 full-col-left-padding full-col-right-padding\"> <div  class=\"row\"> <div  data-type=\"column\" class=\"space-bottom-small content-title-col\"> <h5  class=\"\">FIRE ISOLATOR<\/h5> <h2  class=\"\">Das Fire Isolator Kit &amp; GRP Box<\/h2> <p  class=\"\">Die Fire Isolator GRP Box kann einzeln oder als Teil des Fire Isolator KIT erworben werden, das die Fire Blanket Ultimate, Aerosol Units, die Wassernebellanze und die Fireman\u2019s Axe enth\u00e4lt. Diese hochwertige, robuste Box ist daf\u00fcr ausgelegt, jedem Klima standzuhalten, und eignet sich daher perfekt f\u00fcr den langfristigen Au\u00dfeneinsatz. Au\u00dferdem bietet sie Platz f\u00fcr die Watermist Stick 26, sodass alle wichtigen Werkzeuge sicher an einem Ort aufbewahrt werden k\u00f6nnen.<\/p><\/div> <\/div> <div  class=\"row spaced-cols \" data-type=\"row\">   <div  class=\"col-xs-6\" data-type=\"column\"> <\/div>  <\/div><\/div> <\/div><\/div> <\/div>","protected":false},"excerpt":{"rendered":"<p>Fire Isolator Zubeh\u00f6r Zus\u00e4tzlich zu unseren Kernprodukten bietet Fire Isolator eine Reihe von Zubeh\u00f6rteilen an, die unsere L\u00f6sungen verbessern und erg\u00e4nzen. Zu unserem Zubeh\u00f6r geh\u00f6rt ein strapazierf\u00e4higer und praktischer Aufbewahrungsschrank, in dem Sie Ihr Fire Isolator Blanket und andere wichtige Ausr\u00fcstungsgegenst\u00e4nde geordnet und leicht zug\u00e4nglich aufbewahren k\u00f6nnen. F\u00fcr den m\u00fchelosen Transport bieten wir den Fire&hellip; <br \/> <a class=\"read-more\" href=\"https:\/\/fireisolator.com\/de\/zubehoer\/\">Weiterlesen<\/a><\/p>\n","protected":false},"author":5,"featured_media":0,"parent":0,"menu_order":0,"comment_status":"closed","ping_status":"closed","template":"pro\/page-templates\/full-width-page.php","meta":{"_acf_changed":false,"content-type":"","inline_featured_image":false,"footnotes":""},"class_list":["post-6156","page","type-page","status-publish","hentry"],"acf":[],"yoast_head":"<!-- This site is optimized with the Yoast SEO Premium plugin v24.6 (Yoast SEO v24.6) - https:\/\/yoast.com\/wordpress\/plugins\/seo\/ -->\n<title>Fire Isolator Zubeh\u00f6r &#8226; Fire Isolator<\/title>\n<meta name=\"description\" content=\"Zus\u00e4tzlich zu unseren Kernprodukten bietet Fire Isolator Zubeh\u00f6r an, das unsere L\u00f6sungen optimal erg\u00e4nzt und verbessert.\" \/>\n<meta name=\"robots\" content=\"index, follow, max-snippet:-1, max-image-preview:large, max-video-preview:-1\" \/>\n<link rel=\"canonical\" href=\"https:\/\/fireisolator.com\/de\/zubehoer\/\" \/>\n<meta property=\"og:locale\" content=\"de_DE\" \/>\n<meta property=\"og:type\" content=\"article\" \/>\n<meta property=\"og:title\" content=\"Fire Isolator Zubeh\u00f6r\" \/>\n<meta property=\"og:description\" content=\"Zus\u00e4tzlich zu unseren Kernprodukten bietet Fire Isolator Zubeh\u00f6r an, das unsere L\u00f6sungen optimal erg\u00e4nzt und verbessert.\" \/>\n<meta property=\"og:url\" content=\"https:\/\/fireisolator.com\/de\/zubehoer\/\" \/>\n<meta property=\"og:site_name\" content=\"Fire Isolator\" \/>\n<meta property=\"article:modified_time\" content=\"2025-11-19T07:52:32+00:00\" \/>\n<meta name=\"twitter:card\" content=\"summary_large_image\" \/>\n<script type=\"application\/ld+json\" class=\"yoast-schema-graph\">{\"@context\":\"https:\/\/schema.org\",\"@graph\":[{\"@type\":\"WebPage\",\"@id\":\"https:\/\/fireisolator.com\/de\/zubehoer\/\",\"url\":\"https:\/\/fireisolator.com\/de\/zubehoer\/\",\"name\":\"Fire Isolator Zubeh\u00f6r &#8226; Fire Isolator\",\"isPartOf\":{\"@id\":\"https:\/\/fireisolator.com\/de\/#website\"},\"datePublished\":\"2025-02-13T08:11:29+00:00\",\"dateModified\":\"2025-11-19T07:52:32+00:00\",\"description\":\"Zus\u00e4tzlich zu unseren Kernprodukten bietet Fire Isolator Zubeh\u00f6r an, das unsere L\u00f6sungen optimal erg\u00e4nzt und verbessert.\",\"breadcrumb\":{\"@id\":\"https:\/\/fireisolator.com\/de\/zubehoer\/#breadcrumb\"},\"inLanguage\":\"de\",\"potentialAction\":[{\"@type\":\"ReadAction\",\"target\":[\"https:\/\/fireisolator.com\/de\/zubehoer\/\"]}]},{\"@type\":\"BreadcrumbList\",\"@id\":\"https:\/\/fireisolator.com\/de\/zubehoer\/#breadcrumb\",\"itemListElement\":[{\"@type\":\"ListItem\",\"position\":1,\"name\":\"Home\",\"item\":\"https:\/\/fireisolator.com\/de\/\"},{\"@type\":\"ListItem\",\"position\":2,\"name\":\"Fire Isolator Zubeh\u00f6r\"}]},{\"@type\":\"WebSite\",\"@id\":\"https:\/\/fireisolator.com\/de\/#website\",\"url\":\"https:\/\/fireisolator.com\/de\/\",\"name\":\"FIRE\u26a1\ufe0fISOLATOR\",\"description\":\"The solution to isolate EV car fires\",\"publisher\":{\"@id\":\"https:\/\/fireisolator.com\/de\/#organization\"},\"potentialAction\":[{\"@type\":\"SearchAction\",\"target\":{\"@type\":\"EntryPoint\",\"urlTemplate\":\"https:\/\/fireisolator.com\/de\/?s={search_term_string}\"},\"query-input\":{\"@type\":\"PropertyValueSpecification\",\"valueRequired\":true,\"valueName\":\"search_term_string\"}}],\"inLanguage\":\"de\"},{\"@type\":\"Organization\",\"@id\":\"https:\/\/fireisolator.com\/de\/#organization\",\"name\":\"Blomsma Signs & Safety\",\"url\":\"https:\/\/fireisolator.com\/de\/\",\"logo\":{\"@type\":\"ImageObject\",\"inLanguage\":\"de\",\"@id\":\"https:\/\/fireisolator.com\/de\/#\/schema\/logo\/image\/\",\"url\":\"\",\"contentUrl\":\"\",\"caption\":\"Blomsma Signs & Safety\"},\"image\":{\"@id\":\"https:\/\/fireisolator.com\/de\/#\/schema\/logo\/image\/\"}}]}<\/script>\n<!-- \/ Yoast SEO Premium plugin. -->","yoast_head_json":{"title":"Fire Isolator Zubeh\u00f6r &#8226; Fire Isolator","description":"Zus\u00e4tzlich zu unseren Kernprodukten bietet Fire Isolator Zubeh\u00f6r an, das unsere L\u00f6sungen optimal erg\u00e4nzt und verbessert.","robots":{"index":"index","follow":"follow","max-snippet":"max-snippet:-1","max-image-preview":"max-image-preview:large","max-video-preview":"max-video-preview:-1"},"canonical":"https:\/\/fireisolator.com\/de\/zubehoer\/","og_locale":"de_DE","og_type":"article","og_title":"Fire Isolator Zubeh\u00f6r","og_description":"Zus\u00e4tzlich zu unseren Kernprodukten bietet Fire Isolator Zubeh\u00f6r an, das unsere L\u00f6sungen optimal erg\u00e4nzt und verbessert.","og_url":"https:\/\/fireisolator.com\/de\/zubehoer\/","og_site_name":"Fire Isolator","article_modified_time":"2025-11-19T07:52:32+00:00","twitter_card":"summary_large_image","schema":{"@context":"https:\/\/schema.org","@graph":[{"@type":"WebPage","@id":"https:\/\/fireisolator.com\/de\/zubehoer\/","url":"https:\/\/fireisolator.com\/de\/zubehoer\/","name":"Fire Isolator Zubeh\u00f6r &#8226; Fire Isolator","isPartOf":{"@id":"https:\/\/fireisolator.com\/de\/#website"},"datePublished":"2025-02-13T08:11:29+00:00","dateModified":"2025-11-19T07:52:32+00:00","description":"Zus\u00e4tzlich zu unseren Kernprodukten bietet Fire Isolator Zubeh\u00f6r an, das unsere L\u00f6sungen optimal erg\u00e4nzt und verbessert.","breadcrumb":{"@id":"https:\/\/fireisolator.com\/de\/zubehoer\/#breadcrumb"},"inLanguage":"de","potentialAction":[{"@type":"ReadAction","target":["https:\/\/fireisolator.com\/de\/zubehoer\/"]}]},{"@type":"BreadcrumbList","@id":"https:\/\/fireisolator.com\/de\/zubehoer\/#breadcrumb","itemListElement":[{"@type":"ListItem","position":1,"name":"Home","item":"https:\/\/fireisolator.com\/de\/"},{"@type":"ListItem","position":2,"name":"Fire Isolator Zubeh\u00f6r"}]},{"@type":"WebSite","@id":"https:\/\/fireisolator.com\/de\/#website","url":"https:\/\/fireisolator.com\/de\/","name":"FIRE\u26a1\ufe0fISOLATOR","description":"The solution to isolate EV car fires","publisher":{"@id":"https:\/\/fireisolator.com\/de\/#organization"},"potentialAction":[{"@type":"SearchAction","target":{"@type":"EntryPoint","urlTemplate":"https:\/\/fireisolator.com\/de\/?s={search_term_string}"},"query-input":{"@type":"PropertyValueSpecification","valueRequired":true,"valueName":"search_term_string"}}],"inLanguage":"de"},{"@type":"Organization","@id":"https:\/\/fireisolator.com\/de\/#organization","name":"Blomsma Signs & Safety","url":"https:\/\/fireisolator.com\/de\/","logo":{"@type":"ImageObject","inLanguage":"de","@id":"https:\/\/fireisolator.com\/de\/#\/schema\/logo\/image\/","url":"","contentUrl":"","caption":"Blomsma Signs & Safety"},"image":{"@id":"https:\/\/fireisolator.com\/de\/#\/schema\/logo\/image\/"}}]}},"_links":{"self":[{"href":"https:\/\/fireisolator.com\/de\/wp-json\/wp\/v2\/pages\/6156","targetHints":{"allow":["GET"]}}],"collection":[{"href":"https:\/\/fireisolator.com\/de\/wp-json\/wp\/v2\/pages"}],"about":[{"href":"https:\/\/fireisolator.com\/de\/wp-json\/wp\/v2\/types\/page"}],"author":[{"embeddable":true,"href":"https:\/\/fireisolator.com\/de\/wp-json\/wp\/v2\/users\/5"}],"replies":[{"embeddable":true,"href":"https:\/\/fireisolator.com\/de\/wp-json\/wp\/v2\/comments?post=6156"}],"version-history":[{"count":9,"href":"https:\/\/fireisolator.com\/de\/wp-json\/wp\/v2\/pages\/6156\/revisions"}],"predecessor-version":[{"id":8021,"href":"https:\/\/fireisolator.com\/de\/wp-json\/wp\/v2\/pages\/6156\/revisions\/8021"}],"wp:attachment":[{"href":"https:\/\/fireisolator.com\/de\/wp-json\/wp\/v2\/media?parent=6156"}],"curies":[{"name":"wp","href":"https:\/\/api.w.org\/{rel}","templated":true}]}}