{"id":6253,"date":"2025-02-12T07:19:22","date_gmt":"2025-02-12T07:19:22","guid":{"rendered":"https:\/\/fireisolator.com\/?page_id=6253"},"modified":"2025-08-26T09:45:40","modified_gmt":"2025-08-26T09:45:40","slug":"fi-blecon0806-feuerloeschdecke-economy","status":"publish","type":"page","link":"https:\/\/fireisolator.com\/de\/fi-blecon0806-feuerloeschdecke-economy\/","title":{"rendered":"FI-BLECON0806 Feuerl\u00f6schdecke Economy"},"content":{"rendered":"<div  data-label=\"Content\" data-id=\"content--1\" data-export-id=\"content-2\" data-category=\"content\" class=\"content-2 content-section content-section-spacing\" id=\"content-1\" style=\"background-color: rgb(255, 255, 255);\"><div > <div  class=\"row middle-xs\"><div  class=\"col-sm-5 bg-image shadow-large-black\" data-bg=\"image\" style=\"background-image: url(&quot;https:\/\/fireisolator.com\/wp-content\/uploads\/2025\/02\/The-Economy-Fire-Blanket.jpg&quot;);\"><\/div> <div  class=\"col-sm-7 full-col-left-padding full-col-right-padding\"> <div  class=\"row\"> <div  data-type=\"column\" class=\"space-bottom-small content-title-col\"> <h5  class=\"\">FIRE ISOLATOR<\/h5> <h2  class=\"\">Die FI-BLECON0806 Economy-Feuerl\u00f6schdecke<\/h2> <p  class=\"\">Die Economy Fire Blanket ist eine dauerhafte und kosteng\u00fcnstige L\u00f6sung zur Bek\u00e4mpfung von Fahrzeugbr\u00e4nden. Durch den Entzug von Sauerstoff reduziert sie Rauch und giftige D\u00e4mpfe und schafft so eine sicherere Umgebung f\u00fcr die Einsatzkr\u00e4fte. Sie h\u00e4lt das Feuer unter Kontrolle, verhindert die weitere Ausbreitung und begrenzt den Schaden. Die FI-BLECON0806 Economy Fire Blanket ist f\u00fcr Standard-Autobr\u00e4nde mehrfach wiederverwendbar, f\u00fcr EV-Br\u00e4nde aber auch zum einmaligen Gebrauch geeignet. Diese L\u00f6schdecke wurde f\u00fcr Parkpl\u00e4tze, Einkaufszentren, F\u00e4hren und andere \u00f6ffentliche Bereiche entwickelt und bietet eine erschwingliche und effektive L\u00f6sung zur Brandbek\u00e4mpfung.<\/p><\/div> <\/div> <div  class=\"row spaced-cols \" data-type=\"row\"> <div  class=\"col-xs-6\" data-type=\"column\"> <h5  class=\"\">MATERIALIEN<\/h5> <p  class=\"\">Glasfasermischung mit 70 % Silica h\u00f6chster Qualit\u00e4t.<\/p><\/div> <div  class=\"col-xs-6\" data-type=\"column\"><h5  class=\"\">PR\u00dcFUNG<\/h5> <p  class=\"\" aria-label=\"To enrich screen reader interactions, please activate Accessibility in Grammarly extension settings\">DIN EN 13501-1 gepr\u00fcft mit A1-Zertifikat von KIWA\/MPA, ASTMD6413 gepr\u00fcft von HPL Engineering.&nbsp;DIN SPEC 91489.<\/p><\/div> <div  class=\"col-xs-6\" data-type=\"column\"><h5  class=\"\">ABMESSUNGEN UND SPEZIFIKATIONEN<\/h5> <p  class=\"\"><a  data-mce-href=\"..\/..\/wp-content\/uploads\/FI-BLECON0806_Datasheet_FireIsolator_EconomyFireBlanket.pdf\" href=\"..\/..\/wp-content\/uploads\/FI-BLECON0806_Datasheet_FireIsolator_EconomyFireBlanket.pdf\" target=\"_blank\" rel=\"noopener\" data-mce-selected=\"inline-boundary\" data-cp-link=\"1\" class=\"\">Laden Sie das Datenblatt<\/a> f\u00fcr die Economy Fire Blanket herunter, um weitere Informationen zu erhalten.<\/p><\/div> <div  class=\"col-xs-6\" data-type=\"column\"><h5  class=\"\">EINFACH ZU BENUTZEN<\/h5> <p  class=\"\">Einfach zu verwenden, mit farbigen Schlaufen versehen.<\/p><\/div> <\/div><\/div> <\/div><\/div> <\/div><div  data-label=\"Cta\" data-id=\"cta--1\" data-export-id=\"cta-blue-section\" data-category=\"cta\" class=\"cta-blue-section content-section content-section-spacing-medium bg-color1 white-text\" id=\"cta-1\"><div  class=\"gridContainer\"> <div  class=\"row middle-xs\"><div  class=\"col-sm-8 space-bottom-xs\" data-type=\"column\"> <h2  class=\"\">Nehmen Sie direkt Kontakt mit uns auf!<\/h2> <\/div> <div  class=\"col-sm-4 end-sm\" data-type=\"column\"> <a  class=\"button color-white dark-text\" href=\"https:\/\/fireisolator.com\/de\/kontakt\/\" target=\"_self\" data-cp-link=\"1\" data-icon=\"\">KONTAKT<\/a><\/div> <\/div><\/div> <\/div><div  data-label=\"Content\" data-id=\"content--2\" data-export-id=\"content-12\" data-category=\"content\" class=\"content-12 content-section content-section-spacing\" id=\"content-2\" style=\"background-color: rgb(255, 255, 255); background-image: none;\"><div  class=\"gridContainer\"> <div  class=\"row text-center\"><div  class=\"section-title-col\" data-type=\"column\"> <h2  class=\"\">Vorteile und Merkmale<\/h2> <p  class=\"lead\" style=\"text-align: left;\" aria-label=\"To enrich screen reader interactions, please activate Accessibility in Grammarly extension settings\">Die FI-BLECON0806 Economy Fire Blanket wurde f\u00fcr eine effektive Brandbek\u00e4mpfung entwickelt und bietet eine kosteng\u00fcnstige L\u00f6sung f\u00fcr Br\u00e4nde sowohl von Fahrzeugen mit Verbrennungsmotor als auch von Elektrofahrzeugen. Mit einer Hitzebest\u00e4ndigkeit von bis zu 1100\u00b0C (2000\u00b0F) sorgt die Decke f\u00fcr eine zuverl\u00e4ssige Brandisolierung in Parkh\u00e4usern, Einkaufszentren, F\u00e4hren und anderen risikoreichen Bereichen. W\u00e4hrend sie f\u00fcr normale Fahrzeugbr\u00e4nde wiederverwendbar ist, ist sie aufgrund der extremen Bedingungen bei Lithiumbatteriebr\u00e4nden nur einmal f\u00fcr EV-Br\u00e4nde verwendbar. Durch das Abschneiden der Sauerstoffzufuhr hilft die Decke, Rauch und giftige D\u00e4mpfe zu reduzieren, die Ausbreitung des Feuers zu verhindern und Sch\u00e4den an der Umgebung zu minimieren.\n<br ><br >\nDie Economy Fire Blanket besteht aus 70 % hochwertiger Silica in Kombination mit Glasfasern und ist sowohl robust als auch leicht. Das Material wurde speziell wegen seiner hervorragenden Hitzebest\u00e4ndigkeit ausgew\u00e4hlt und gew\u00e4hrleistet eine optimale Brandkontrolle. W\u00e4hrend des Einsatzes f\u00e4ngt die Decke kein Feuer, wodurch ihre strukturelle Integrit\u00e4t auch in extremen Brandbedingungen erhalten bleibt.\n<br ><br >\nDie FI-BLECON0806 Economy Fire Blanket wurde umfassend getestet und erf\u00fcllt die Normen DIN EN 13501-1 (A1-zertifiziert durch KIWA\/MPA),&nbsp;DIN SPEC 91489 und ASTM D6413, was die Einhaltung internationaler Brandschutzvorschriften sicherstellt. Die Decke ist f\u00fcr eine einfache Handhabung durch zwei Personen konzipiert und verf\u00fcgt \u00fcber gro\u00dfe, farbige Schlaufen, die eine schnelle und effiziente Anwendung erm\u00f6glichen. Sie wird in einer stabilen Smart Bag geliefert, mit optionalen Aufbewahrungsl\u00f6sungen wie einem wandmontierten Schrank, einem Transportwagen oder einem Rucksack, um den Transport und die Zug\u00e4nglichkeit zu erleichtern.\n<br ><br ><b >\nWeitere Vorteile:<\/b><br >\n\u2022 Wiederverwendbar f\u00fcr herk\u00f6mmliche Fahrzeugbr\u00e4nde.<br >\n\u2022 Geeignet f\u00fcr verschiedene Fahrzeugtypen, von kleinen Stadtautos bis zu gro\u00dfen SUVs und Pick-ups.<br >\n\u2022 Keine Haltbarkeitsgrenze, mit einer Lebensdauer von \u00fcber 25 Jahren bei sachgem\u00e4\u00dfer Lagerung.<br >\n\u2022 In individuellen Gr\u00f6\u00dfen auf Anfrage erh\u00e4ltlich.<span  id=\"_mce_caret\" data-mce-bogus=\"1\" data-mce-type=\"format-caret\">\ufeff<\/span><\/p><a  class=\"button color1\" href=\"https:\/\/fireisolator.com\/de\/kontakt\/\" target=\"_self\" data-cp-link=\"1\" data-icon=\"\">Kontaktieren Sie uns f\u00fcr mehr Informationen<\/a><\/div> <\/div> <div  class=\"row center-xs middle-xs\"> <div  class=\"col-sm-9\" data-type=\"column\"> <img  decoding=\"async\" class=\"shadow-large\" src=\"https:\/\/fireisolator.com\/wp-content\/uploads\/2024\/10\/slovenia-fire-blinket-op-maat-web.jpg\" title=\"slovenia fire blinket op maat web\" alt=\"Brandbek\u00e4mpfung von Elektroautos\"><\/div> <\/div><\/div> <\/div><div  data-label=\"Portfolio\" data-id=\"portfolio--1\" data-export-id=\"portfolio-5\" data-category=\"portfolio\" class=\"portfolio-5 content-section content-section-spacing\" id=\"portfolio-1\" style=\"background-color: rgb(255, 255, 255); background-image: none;\"><div  class=\"gridContainer\"> <div  class=\"row text-center\"><div  class=\"section-title-col\" data-type=\"column\"> <h2  class=\"\">Mehr Feuerl\u00f6schdecken<\/h2> <p  class=\"lead\">Fire Isolator bietet mehrere Feuerl\u00f6schdecken an, jede mit ihren eigenen einzigartigen Vorteilen.<br >\nSehen Sie sich hier unsere anderen Feuerl\u00f6schdecken an:<\/p><\/div> <\/div> <div  class=\"row space-bottom spaced-cols\" data-type=\"row\"> <div  class=\"col-xs-12 col-sm-4 text-center\"> <div  class=\"card no-padding bordered\"> <div  data-hover-fx=\"portfolio-6\" class=\"contentswap-effect\"> <div  class=\"initial-image\"> <img  decoding=\"async\" data-size=\"500x333\" src=\"https:\/\/fireisolator.com\/wp-content\/uploads\/2025\/02\/Fire-Blanket-Ultimate.jpg\"><\/div> <div  class=\"overlay bg-color6\"><\/div> <div  class=\"swap-inner col-xs-12\"> <div  class=\"row full-height-row middle-xs middle-sm\"> <div  class=\"col-xs-12 text-center content-holder\"> <a  class=\"button small color-white\" href=\"https:\/\/fireisolator.com\/de\/fi-bl0906-ultimate-ev-auto-feuerloeschdecke\/\" target=\"_self\" data-cp-link=\"1\" data-icon=\"\">mehr lesen<\/a><\/div> <\/div><\/div> <\/div> <div  class=\"col-xs-12\"> <div  class=\"space-bottom space-top\" data-type=\"column\"> <h5  class=\"\">Ultimate Feuerl\u00f6schdecke<\/h5> <\/div> <\/div><\/div> <\/div> <div  class=\"col-xs-12 col-sm-4 text-center\"> <div  class=\"card no-padding bordered\"> <div  data-hover-fx=\"portfolio-6\" class=\"contentswap-effect\"> <div  class=\"initial-image\"> <img  decoding=\"async\" data-size=\"500x333\" src=\"https:\/\/fireisolator.com\/wp-content\/uploads\/2025\/02\/Ultra-Fire-Blanket-vrijstaand.jpg\"><\/div> <div  class=\"overlay bg-color6\"><\/div> <div  class=\"swap-inner col-xs-12\"> <div  class=\"row full-height-row middle-xs middle-sm\"> <div  class=\"col-xs-12 text-center content-holder\"> <a  class=\"button small color-white\" href=\"https:\/\/fireisolator.com\/de\/fi-blultra0806-ultra-feuerloeschdecke\/\" target=\"_self\" data-cp-link=\"1\" data-icon=\"\">mehr lesen<\/a><\/div> <\/div><\/div> <\/div> <div  class=\"col-xs-12\"> <div  class=\"space-bottom space-top\" data-type=\"column\"> <h5  class=\"\">Ultra Feuerl\u00f6schdecke<\/h5> <\/div> <\/div><\/div> <\/div> <div  class=\"col-xs-12 col-sm-4 text-center\"> <div  class=\"card no-padding bordered\"> <div  data-hover-fx=\"portfolio-6\" class=\"contentswap-effect\"> <div  class=\"initial-image\"> <img  decoding=\"async\" data-size=\"500x333\" src=\"https:\/\/fireisolator.com\/wp-content\/uploads\/2025\/02\/Lithium-Fire-Blanket.jpg\"><\/div> <div  class=\"overlay bg-color6\"><\/div> <div  class=\"swap-inner col-xs-12\"> <div  class=\"row full-height-row middle-xs middle-sm\"> <div  class=\"col-xs-12 text-center content-holder\"> <a  class=\"button small color-white\" href=\"https:\/\/fireisolator.com\/de\/feuerloeschdecken-fuer-e-bikes-und-e-scooter\/\" target=\"_self\" data-cp-link=\"1\" data-icon=\"\">mehr lesen<\/a><\/div> <\/div><\/div> <\/div> <div  class=\"col-xs-12\"> <div  class=\"space-bottom space-top\" data-type=\"column\"> <h5  class=\"\">Lithium-Feuerl\u00f6schdecke<\/h5> <\/div> <\/div><\/div> <\/div><\/div> <div  class=\"row\"><div  data-type=\"column\" class=\"col-xs-12 text-center\"> <a  class=\"button y-move color1\" href=\"https:\/\/fireisolator.com\/de\/produkte\/\" target=\"_self\" data-cp-link=\"1\" data-icon=\"\">Alle Produkte von Fire Isolator anzeigen<\/a><\/div> <\/div><\/div> <\/div>","protected":false},"excerpt":{"rendered":"<p>FIRE ISOLATOR Die FI-BLECON0806 Economy-Feuerl\u00f6schdecke Die Economy Fire Blanket ist eine dauerhafte und kosteng\u00fcnstige L\u00f6sung zur Bek\u00e4mpfung von Fahrzeugbr\u00e4nden. Durch den Entzug von Sauerstoff reduziert sie Rauch und giftige D\u00e4mpfe und schafft so eine sicherere Umgebung f\u00fcr die Einsatzkr\u00e4fte. Sie h\u00e4lt das Feuer unter Kontrolle, verhindert die weitere Ausbreitung und begrenzt den Schaden. Die FI-BLECON0806&hellip; <br \/> <a class=\"read-more\" href=\"https:\/\/fireisolator.com\/de\/fi-blecon0806-feuerloeschdecke-economy\/\">Weiterlesen<\/a><\/p>\n","protected":false},"author":5,"featured_media":0,"parent":0,"menu_order":0,"comment_status":"closed","ping_status":"closed","template":"pro\/page-templates\/full-width-page.php","meta":{"_acf_changed":false,"content-type":"","inline_featured_image":false,"footnotes":""},"class_list":["post-6253","page","type-page","status-publish","hentry"],"acf":[],"yoast_head":"<!-- This site is optimized with the Yoast SEO Premium plugin v24.6 (Yoast SEO v24.6) - https:\/\/yoast.com\/wordpress\/plugins\/seo\/ -->\n<title>FI-BLECON0806 Feuerl\u00f6schdecke Economy &#8226; Fire Isolator<\/title>\n<meta name=\"description\" content=\"Die FI-BLECON0806 Economy-Feuerl\u00f6schdecke ist die preisg\u00fcnstige L\u00f6sung in unserer Produktpalette f\u00fcr Fahrzeugbr\u00e4nde, die bis zu 1100\u00b0C reichen.\" \/>\n<meta name=\"robots\" content=\"index, follow, max-snippet:-1, max-image-preview:large, max-video-preview:-1\" \/>\n<link rel=\"canonical\" href=\"https:\/\/fireisolator.com\/de\/fi-blecon0806-feuerloeschdecke-economy\/\" \/>\n<meta property=\"og:locale\" content=\"de_DE\" \/>\n<meta property=\"og:type\" content=\"article\" \/>\n<meta property=\"og:title\" content=\"FI-BLECON0806 Feuerl\u00f6schdecke Economy\" \/>\n<meta property=\"og:description\" content=\"Die FI-BLECON0806 Economy-Feuerl\u00f6schdecke ist die preisg\u00fcnstige L\u00f6sung in unserer Produktpalette f\u00fcr Fahrzeugbr\u00e4nde, die bis zu 1100\u00b0C reichen.\" \/>\n<meta property=\"og:url\" content=\"https:\/\/fireisolator.com\/de\/fi-blecon0806-feuerloeschdecke-economy\/\" \/>\n<meta property=\"og:site_name\" content=\"Fire Isolator\" \/>\n<meta property=\"article:modified_time\" content=\"2025-08-26T09:45:40+00:00\" \/>\n<meta property=\"og:image\" content=\"https:\/\/fireisolator.com\/wp-content\/uploads\/2024\/10\/slovenia-fire-blinket-op-maat-web.jpg\" \/>\n<meta name=\"twitter:card\" content=\"summary_large_image\" \/>\n<script type=\"application\/ld+json\" class=\"yoast-schema-graph\">{\"@context\":\"https:\/\/schema.org\",\"@graph\":[{\"@type\":\"WebPage\",\"@id\":\"https:\/\/fireisolator.com\/de\/fi-blecon0806-feuerloeschdecke-economy\/\",\"url\":\"https:\/\/fireisolator.com\/de\/fi-blecon0806-feuerloeschdecke-economy\/\",\"name\":\"FI-BLECON0806 Feuerl\u00f6schdecke Economy &#8226; Fire Isolator\",\"isPartOf\":{\"@id\":\"https:\/\/fireisolator.com\/de\/#website\"},\"primaryImageOfPage\":{\"@id\":\"https:\/\/fireisolator.com\/de\/fi-blecon0806-feuerloeschdecke-economy\/#primaryimage\"},\"image\":{\"@id\":\"https:\/\/fireisolator.com\/de\/fi-blecon0806-feuerloeschdecke-economy\/#primaryimage\"},\"thumbnailUrl\":\"https:\/\/fireisolator.com\/wp-content\/uploads\/2024\/10\/slovenia-fire-blinket-op-maat-web.jpg\",\"datePublished\":\"2025-02-12T07:19:22+00:00\",\"dateModified\":\"2025-08-26T09:45:40+00:00\",\"description\":\"Die FI-BLECON0806 Economy-Feuerl\u00f6schdecke ist die preisg\u00fcnstige L\u00f6sung in unserer Produktpalette f\u00fcr Fahrzeugbr\u00e4nde, die bis zu 1100\u00b0C reichen.\",\"breadcrumb\":{\"@id\":\"https:\/\/fireisolator.com\/de\/fi-blecon0806-feuerloeschdecke-economy\/#breadcrumb\"},\"inLanguage\":\"de\",\"potentialAction\":[{\"@type\":\"ReadAction\",\"target\":[\"https:\/\/fireisolator.com\/de\/fi-blecon0806-feuerloeschdecke-economy\/\"]}]},{\"@type\":\"ImageObject\",\"inLanguage\":\"de\",\"@id\":\"https:\/\/fireisolator.com\/de\/fi-blecon0806-feuerloeschdecke-economy\/#primaryimage\",\"url\":\"https:\/\/fireisolator.com\/wp-content\/uploads\/2024\/10\/slovenia-fire-blinket-op-maat-web.jpg\",\"contentUrl\":\"https:\/\/fireisolator.com\/wp-content\/uploads\/2024\/10\/slovenia-fire-blinket-op-maat-web.jpg\"},{\"@type\":\"BreadcrumbList\",\"@id\":\"https:\/\/fireisolator.com\/de\/fi-blecon0806-feuerloeschdecke-economy\/#breadcrumb\",\"itemListElement\":[{\"@type\":\"ListItem\",\"position\":1,\"name\":\"Home\",\"item\":\"https:\/\/fireisolator.com\/de\/\"},{\"@type\":\"ListItem\",\"position\":2,\"name\":\"FI-BLECON0806 Feuerl\u00f6schdecke Economy\"}]},{\"@type\":\"WebSite\",\"@id\":\"https:\/\/fireisolator.com\/de\/#website\",\"url\":\"https:\/\/fireisolator.com\/de\/\",\"name\":\"FIRE\u26a1\ufe0fISOLATOR\",\"description\":\"The solution to isolate EV car fires\",\"publisher\":{\"@id\":\"https:\/\/fireisolator.com\/de\/#organization\"},\"potentialAction\":[{\"@type\":\"SearchAction\",\"target\":{\"@type\":\"EntryPoint\",\"urlTemplate\":\"https:\/\/fireisolator.com\/de\/?s={search_term_string}\"},\"query-input\":{\"@type\":\"PropertyValueSpecification\",\"valueRequired\":true,\"valueName\":\"search_term_string\"}}],\"inLanguage\":\"de\"},{\"@type\":\"Organization\",\"@id\":\"https:\/\/fireisolator.com\/de\/#organization\",\"name\":\"Blomsma Signs & Safety\",\"url\":\"https:\/\/fireisolator.com\/de\/\",\"logo\":{\"@type\":\"ImageObject\",\"inLanguage\":\"de\",\"@id\":\"https:\/\/fireisolator.com\/de\/#\/schema\/logo\/image\/\",\"url\":\"\",\"contentUrl\":\"\",\"caption\":\"Blomsma Signs & Safety\"},\"image\":{\"@id\":\"https:\/\/fireisolator.com\/de\/#\/schema\/logo\/image\/\"}}]}<\/script>\n<!-- \/ Yoast SEO Premium plugin. -->","yoast_head_json":{"title":"FI-BLECON0806 Feuerl\u00f6schdecke Economy &#8226; Fire Isolator","description":"Die FI-BLECON0806 Economy-Feuerl\u00f6schdecke ist die preisg\u00fcnstige L\u00f6sung in unserer Produktpalette f\u00fcr Fahrzeugbr\u00e4nde, die bis zu 1100\u00b0C reichen.","robots":{"index":"index","follow":"follow","max-snippet":"max-snippet:-1","max-image-preview":"max-image-preview:large","max-video-preview":"max-video-preview:-1"},"canonical":"https:\/\/fireisolator.com\/de\/fi-blecon0806-feuerloeschdecke-economy\/","og_locale":"de_DE","og_type":"article","og_title":"FI-BLECON0806 Feuerl\u00f6schdecke Economy","og_description":"Die FI-BLECON0806 Economy-Feuerl\u00f6schdecke ist die preisg\u00fcnstige L\u00f6sung in unserer Produktpalette f\u00fcr Fahrzeugbr\u00e4nde, die bis zu 1100\u00b0C reichen.","og_url":"https:\/\/fireisolator.com\/de\/fi-blecon0806-feuerloeschdecke-economy\/","og_site_name":"Fire Isolator","article_modified_time":"2025-08-26T09:45:40+00:00","og_image":[{"url":"https:\/\/fireisolator.com\/wp-content\/uploads\/2024\/10\/slovenia-fire-blinket-op-maat-web.jpg","type":"","width":"","height":""}],"twitter_card":"summary_large_image","schema":{"@context":"https:\/\/schema.org","@graph":[{"@type":"WebPage","@id":"https:\/\/fireisolator.com\/de\/fi-blecon0806-feuerloeschdecke-economy\/","url":"https:\/\/fireisolator.com\/de\/fi-blecon0806-feuerloeschdecke-economy\/","name":"FI-BLECON0806 Feuerl\u00f6schdecke Economy &#8226; Fire Isolator","isPartOf":{"@id":"https:\/\/fireisolator.com\/de\/#website"},"primaryImageOfPage":{"@id":"https:\/\/fireisolator.com\/de\/fi-blecon0806-feuerloeschdecke-economy\/#primaryimage"},"image":{"@id":"https:\/\/fireisolator.com\/de\/fi-blecon0806-feuerloeschdecke-economy\/#primaryimage"},"thumbnailUrl":"https:\/\/fireisolator.com\/wp-content\/uploads\/2024\/10\/slovenia-fire-blinket-op-maat-web.jpg","datePublished":"2025-02-12T07:19:22+00:00","dateModified":"2025-08-26T09:45:40+00:00","description":"Die FI-BLECON0806 Economy-Feuerl\u00f6schdecke ist die preisg\u00fcnstige L\u00f6sung in unserer Produktpalette f\u00fcr Fahrzeugbr\u00e4nde, die bis zu 1100\u00b0C reichen.","breadcrumb":{"@id":"https:\/\/fireisolator.com\/de\/fi-blecon0806-feuerloeschdecke-economy\/#breadcrumb"},"inLanguage":"de","potentialAction":[{"@type":"ReadAction","target":["https:\/\/fireisolator.com\/de\/fi-blecon0806-feuerloeschdecke-economy\/"]}]},{"@type":"ImageObject","inLanguage":"de","@id":"https:\/\/fireisolator.com\/de\/fi-blecon0806-feuerloeschdecke-economy\/#primaryimage","url":"https:\/\/fireisolator.com\/wp-content\/uploads\/2024\/10\/slovenia-fire-blinket-op-maat-web.jpg","contentUrl":"https:\/\/fireisolator.com\/wp-content\/uploads\/2024\/10\/slovenia-fire-blinket-op-maat-web.jpg"},{"@type":"BreadcrumbList","@id":"https:\/\/fireisolator.com\/de\/fi-blecon0806-feuerloeschdecke-economy\/#breadcrumb","itemListElement":[{"@type":"ListItem","position":1,"name":"Home","item":"https:\/\/fireisolator.com\/de\/"},{"@type":"ListItem","position":2,"name":"FI-BLECON0806 Feuerl\u00f6schdecke Economy"}]},{"@type":"WebSite","@id":"https:\/\/fireisolator.com\/de\/#website","url":"https:\/\/fireisolator.com\/de\/","name":"FIRE\u26a1\ufe0fISOLATOR","description":"The solution to isolate EV car fires","publisher":{"@id":"https:\/\/fireisolator.com\/de\/#organization"},"potentialAction":[{"@type":"SearchAction","target":{"@type":"EntryPoint","urlTemplate":"https:\/\/fireisolator.com\/de\/?s={search_term_string}"},"query-input":{"@type":"PropertyValueSpecification","valueRequired":true,"valueName":"search_term_string"}}],"inLanguage":"de"},{"@type":"Organization","@id":"https:\/\/fireisolator.com\/de\/#organization","name":"Blomsma Signs & Safety","url":"https:\/\/fireisolator.com\/de\/","logo":{"@type":"ImageObject","inLanguage":"de","@id":"https:\/\/fireisolator.com\/de\/#\/schema\/logo\/image\/","url":"","contentUrl":"","caption":"Blomsma Signs & Safety"},"image":{"@id":"https:\/\/fireisolator.com\/de\/#\/schema\/logo\/image\/"}}]}},"_links":{"self":[{"href":"https:\/\/fireisolator.com\/de\/wp-json\/wp\/v2\/pages\/6253","targetHints":{"allow":["GET"]}}],"collection":[{"href":"https:\/\/fireisolator.com\/de\/wp-json\/wp\/v2\/pages"}],"about":[{"href":"https:\/\/fireisolator.com\/de\/wp-json\/wp\/v2\/types\/page"}],"author":[{"embeddable":true,"href":"https:\/\/fireisolator.com\/de\/wp-json\/wp\/v2\/users\/5"}],"replies":[{"embeddable":true,"href":"https:\/\/fireisolator.com\/de\/wp-json\/wp\/v2\/comments?post=6253"}],"version-history":[{"count":7,"href":"https:\/\/fireisolator.com\/de\/wp-json\/wp\/v2\/pages\/6253\/revisions"}],"predecessor-version":[{"id":7814,"href":"https:\/\/fireisolator.com\/de\/wp-json\/wp\/v2\/pages\/6253\/revisions\/7814"}],"wp:attachment":[{"href":"https:\/\/fireisolator.com\/de\/wp-json\/wp\/v2\/media?parent=6253"}],"curies":[{"name":"wp","href":"https:\/\/api.w.org\/{rel}","templated":true}]}}