{"id":6334,"date":"2025-02-12T07:19:33","date_gmt":"2025-02-12T07:19:33","guid":{"rendered":"https:\/\/fireisolator.com\/?page_id=6334"},"modified":"2026-03-05T09:07:45","modified_gmt":"2026-03-05T09:07:45","slug":"fi-blultra0806-ultra-feuerloeschdecke","status":"publish","type":"page","link":"https:\/\/fireisolator.com\/de\/fi-blultra0806-ultra-feuerloeschdecke\/","title":{"rendered":"FI-BLULTRA0806 Ultra Feuerl\u00f6schdecke"},"content":{"rendered":"<div  data-label=\"Content\" data-id=\"content--1\" data-export-id=\"content-2\" data-category=\"content\" class=\"content-2 content-section content-section-spacing\" id=\"content-1\" style=\"background-color: rgb(255, 255, 255);\"><div > <div  class=\"row middle-xs\"><div  class=\"col-sm-5 bg-image shadow-large-black\" data-bg=\"image\" style=\"background-image: url(&quot;https:\/\/fireisolator.com\/wp-content\/uploads\/IMG_5601-22-2.jpg&quot;);\"><\/div> <div  class=\"col-sm-7 full-col-left-padding full-col-right-padding\"> <div  class=\"row\"> <div  data-type=\"column\" class=\"space-bottom-small content-title-col\"> <h5  class=\"\">FIRE ISOLATOR<\/h5> <h2  class=\"\">FI-BLULTRA0806 Ultra Feuerl\u00f6schdecke<\/h2> <p  class=\"\">Die ULTRA&nbsp;Feuerl\u00f6schdecke ist eine hochwertige Feuerl\u00f6schdecke und die st\u00e4rkste in unserem Sortiment. Die Fire Isolator ULTRA-Decke ist daf\u00fcr ausgelegt, mehrfach eingesetzt zu werden. Ihre Lebensdauer h\u00e4ngt davon ab, dass das offizielle Einsatzprotokoll eingehalten wird und nach dem Einsatz eine gr\u00fcndliche Inspektion durchgef\u00fchrt wird, um sicherzustellen, dass die Integrit\u00e4t des Materials erhalten geblieben ist. Wie unsere anderen Feuerl\u00f6schdecken wurde die Ultra entwickelt, um Br\u00e4nde sowohl von Fahrzeugen mit Verbrennungsmotor als auch von Elektrofahrzeugen (EVs) einzud\u00e4mmen und zu isolieren. Indem die Decke die Flammen eind\u00e4mmt, verhindert sie die Ausbreitung des Feuers, minimiert Kollateralsch\u00e4den und reduziert Rauch und giftige D\u00e4mpfe.<\/p><\/div> <\/div> <div  class=\"row spaced-cols \" data-type=\"row\"> <div  class=\"col-xs-6\" data-type=\"column\"> <h5  class=\"\">MATERIALIEN<\/h5> <p  class=\"\">Hergestellt aus hochwertigem Siliziumdioxid mit einer Graphitbeschichtung.<\/p><\/div> <div  class=\"col-xs-6\" data-type=\"column\"><h5  class=\"\">TESTS<\/h5> <p  class=\"\" aria-label=\"To enrich screen reader interactions, please activate Accessibility in Grammarly extension settings\">DIN EN 13501-1 klassifiziert mit A1<br >\nZertifikat von KIWA\/ MPA, ASTMD6413 klassifiziert durch HPL Engineering. NFPA701 durch SGS. DIN SPEC 91489.<\/p><\/div> <div  class=\"col-xs-6\" data-type=\"column\"><h5  class=\"\">ABMESSUNGEN &amp; SPEZIFIKATIONEN<\/h5> <p  class=\"\"><a  data-mce-href=\"..\/..\/wp-content\/uploads\/2025\/01\/Datasheet_FireIsolator_FireBlanket_Ultra_2025.pdf\" href=\"..\/..\/wp-content\/uploads\/2025\/01\/Datasheet_FireIsolator_FireBlanket_Ultra_2025.pdf\" target=\"_blank\" rel=\"noopener\" data-mce-selected=\"inline-boundary\" data-cp-link=\"1\" class=\"\">Laden Sie das Datenblatt<\/a> f\u00fcr die Ultra Fire Blanket herunter, um weitere Informationen zu erhalten.<\/p><\/div> <div  class=\"col-xs-6\" data-type=\"column\"><h5  class=\"\">EINFACH AUFZUBAUEN<\/h5> <p  class=\"\">Einfacher Einsatz, ausgestattet mit farbigen B\u00fcgeln.<\/p><\/div> <\/div><\/div> <\/div><\/div> <\/div><div  data-label=\"Gallery\" data-id=\"gallery--1\" data-export-id=\"gallery-2\" data-category=\"gallery\" class=\"gallery-2 content-section content-section-spacing\" id=\"gallery-1\" style=\"background-color: rgb(255, 255, 255); background-image: none;\"><div  class=\"\"> <div  class=\"row\"><div  class=\"col-xs-12 full-no-padding\" data-editable=\"true\" data-content-shortcode=\"mesmerize_gallery id=&quot;mesmerize-gallery-2&quot; columns=&quot;4&quot; ids=&quot;8536,5784,8532,8528&quot; lb=&quot;1&quot; masonry=&quot;0&quot; size=&quot;large&quot; link=&quot;file&quot; \"><div id='mesmerize-gallery-2' class='gallery-wrapper'><style type=\"text\/css\">\n                    @media only screen and (min-width: 768px) {\n                    [data-unique-id='mesmerize-gallery-2-69d7ce2f48a97'] dl {\n                        float: left;\n                        width: 25% !important;\n                        max-width:  25% !important;\n                        min-width:  25% !important;\n                    }\n\n                    [data-unique-id='mesmerize-gallery-2-69d7ce2f48a97'] dl:nth-of-type(4n +1 ) {\n                      clear: both;\n                      }\n                    }\n                <\/style><div id='mesmerize-gallery-2' class='mesmerize-gallery-2-dls-wrapper gallery-items-wrapper materialis-gallery' data-unique-id='mesmerize-gallery-2-69d7ce2f48a97'><dl class='gallery-item'>\n\t\t\t<dt class='gallery-icon landscape'>\n\t\t\t\t<a data-fancybox=\"mesmerize-gallery-2-group\" href='https:\/\/fireisolator.com\/wp-content\/uploads\/IMG_5634-2-scaled-e1772632753315.jpg'><img decoding=\"async\"  width=\"1024\" height=\"576\" src=\"https:\/\/fireisolator.com\/wp-content\/uploads\/IMG_5634-2-1024x576.jpg\"  class='mesmerize-gallery-2-image' alt=\"\" srcset=\"https:\/\/fireisolator.com\/wp-content\/uploads\/IMG_5634-2-1024x576.jpg 1024w, https:\/\/fireisolator.com\/wp-content\/uploads\/IMG_5634-2-300x169.jpg 300w, https:\/\/fireisolator.com\/wp-content\/uploads\/IMG_5634-2-150x84.jpg 150w, https:\/\/fireisolator.com\/wp-content\/uploads\/IMG_5634-2-768x432.jpg 768w, https:\/\/fireisolator.com\/wp-content\/uploads\/IMG_5634-2-1536x864.jpg 1536w, https:\/\/fireisolator.com\/wp-content\/uploads\/IMG_5634-2-2048x1152.jpg 2048w, https:\/\/fireisolator.com\/wp-content\/uploads\/IMG_5634-2-1920x1080.jpg 1920w\" sizes=\"(max-width: 1024px) 100vw, 1024px\" \/><\/a>\n\t\t\t<\/dt><\/dl><dl class='gallery-item'>\n\t\t\t<dt class='gallery-icon landscape'>\n\t\t\t\t<a data-fancybox=\"mesmerize-gallery-2-group\" href='https:\/\/fireisolator.com\/wp-content\/uploads\/2025\/02\/Ultra-Fire-blanket-e1772632705285.jpg'><img decoding=\"async\"  width=\"1024\" height=\"597\" src=\"https:\/\/fireisolator.com\/wp-content\/uploads\/2025\/02\/Ultra-Fire-blanket-1024x597.jpg\"  class='mesmerize-gallery-2-image' alt=\"Ultra Fire Blanket\" srcset=\"https:\/\/fireisolator.com\/wp-content\/uploads\/2025\/02\/Ultra-Fire-blanket-1024x597.jpg 1024w, https:\/\/fireisolator.com\/wp-content\/uploads\/2025\/02\/Ultra-Fire-blanket-300x175.jpg 300w, https:\/\/fireisolator.com\/wp-content\/uploads\/2025\/02\/Ultra-Fire-blanket-150x88.jpg 150w, https:\/\/fireisolator.com\/wp-content\/uploads\/2025\/02\/Ultra-Fire-blanket-768x448.jpg 768w, https:\/\/fireisolator.com\/wp-content\/uploads\/2025\/02\/Ultra-Fire-blanket.jpg 1500w\" sizes=\"(max-width: 1024px) 100vw, 1024px\" \/><\/a>\n\t\t\t<\/dt><\/dl><dl class='gallery-item'>\n\t\t\t<dt class='gallery-icon landscape'>\n\t\t\t\t<a data-fancybox=\"mesmerize-gallery-2-group\" href='https:\/\/fireisolator.com\/wp-content\/uploads\/IMG_5633-2-scaled-e1772632649547.jpg'><img decoding=\"async\"  width=\"1024\" height=\"576\" src=\"https:\/\/fireisolator.com\/wp-content\/uploads\/IMG_5633-2-1024x576.jpg\"  class='mesmerize-gallery-2-image' alt=\"\" srcset=\"https:\/\/fireisolator.com\/wp-content\/uploads\/IMG_5633-2-1024x576.jpg 1024w, https:\/\/fireisolator.com\/wp-content\/uploads\/IMG_5633-2-300x169.jpg 300w, https:\/\/fireisolator.com\/wp-content\/uploads\/IMG_5633-2-150x84.jpg 150w, https:\/\/fireisolator.com\/wp-content\/uploads\/IMG_5633-2-768x432.jpg 768w, https:\/\/fireisolator.com\/wp-content\/uploads\/IMG_5633-2-1536x864.jpg 1536w, https:\/\/fireisolator.com\/wp-content\/uploads\/IMG_5633-2-2048x1152.jpg 2048w, https:\/\/fireisolator.com\/wp-content\/uploads\/IMG_5633-2-1920x1080.jpg 1920w\" sizes=\"(max-width: 1024px) 100vw, 1024px\" \/><\/a>\n\t\t\t<\/dt><\/dl><dl class='gallery-item'>\n\t\t\t<dt class='gallery-icon landscape'>\n\t\t\t\t<a data-fancybox=\"mesmerize-gallery-2-group\" href='https:\/\/fireisolator.com\/wp-content\/uploads\/IMG_5606-2-scaled.jpg'><img decoding=\"async\"  width=\"1024\" height=\"576\" src=\"https:\/\/fireisolator.com\/wp-content\/uploads\/IMG_5606-2-1024x576.jpg\"  class='mesmerize-gallery-2-image' alt=\"\" srcset=\"https:\/\/fireisolator.com\/wp-content\/uploads\/IMG_5606-2-1024x576.jpg 1024w, https:\/\/fireisolator.com\/wp-content\/uploads\/IMG_5606-2-300x169.jpg 300w, https:\/\/fireisolator.com\/wp-content\/uploads\/IMG_5606-2-150x84.jpg 150w, https:\/\/fireisolator.com\/wp-content\/uploads\/IMG_5606-2-768x432.jpg 768w, https:\/\/fireisolator.com\/wp-content\/uploads\/IMG_5606-2-1536x864.jpg 1536w, https:\/\/fireisolator.com\/wp-content\/uploads\/IMG_5606-2-2048x1152.jpg 2048w, https:\/\/fireisolator.com\/wp-content\/uploads\/IMG_5606-2-1920x1080.jpg 1920w\" sizes=\"(max-width: 1024px) 100vw, 1024px\" \/><\/a>\n\t\t\t<\/dt><\/dl>\n\t\t<\/div>\n<script>(function($){window.MaterialisCaptionsGallery && window.MaterialisCaptionsGallery($('[data-unique-id=\"mesmerize-gallery-2-69d7ce2f48a97\"]'))})(jQuery)<\/script><\/div><\/div><\/div> <\/div><\/div><div  data-label=\"Cta\" data-id=\"cta--1\" data-export-id=\"cta-blue-section\" data-category=\"cta\" class=\"cta-blue-section content-section content-section-spacing-medium bg-color1 white-text\" id=\"cta-1\"><div  class=\"gridContainer\"> <div  class=\"row middle-xs\"><div  class=\"col-sm-8 space-bottom-xs\" data-type=\"column\"> <h2  class=\"\">Nehmen Sie direkt Kontakt mit uns auf!<\/h2> <\/div> <div  class=\"col-sm-4 end-sm\" data-type=\"column\"> <a  class=\"button color-white dark-text\" href=\"https:\/\/fireisolator.com\/de\/kontakt\/\" target=\"_self\" data-cp-link=\"1\" data-icon=\"\">KONTAKT<\/a><\/div> <\/div><\/div> <\/div><div  data-label=\"Content\" data-id=\"content--2\" data-export-id=\"content-12\" data-category=\"content\" class=\"content-12 content-section content-section-spacing\" id=\"content-2\" style=\"background-color: rgb(255, 255, 255);\"><div  class=\"gridContainer\"> <div  class=\"row text-center\"><div  class=\"section-title-col\" data-type=\"column\"> <h2  class=\"\">Vorteile und Eigenschaften<\/h2> <p  class=\"lead\" style=\"text-align: left;\" aria-label=\"To enrich screen reader interactions, please activate Accessibility in Grammarly extension settings\">Die FI-BLULTRA0806 Ultra Feuerl\u00f6schdecke ist f\u00fcr extreme Hitze ausgelegt und widersteht Spitzentemperaturen von bis zu 2050\u00b0C. Sie h\u00e4lt dauerhaft Temperaturen von 1400\u00b0C stand und ist somit eine zuverl\u00e4ssige L\u00f6sung zur Eind\u00e4mmung von Br\u00e4nden bei Fahrzeugen mit Verbrennungsmotoren sowie Elektrofahrzeugen. Durch den Entzug von Sauerstoff isoliert die Decke die Flammen, verhindert eine Brandausbreitung und reduziert Rauchentwicklung, wodurch Einsatzkr\u00e4fte besseren Zugang zum Fahrzeug erhalten.\n<br ><br >\nDie Ultra Feuerl\u00f6schdecke besteht zu 96,6 % aus hochwertigem Silica und verf\u00fcgt \u00fcber eine Graphitbeschichtung, sodass sie auch unter den extremen Bedingungen eines EV-Brandes optimal funktioniert. Sie kann mehrmals verwendet werden und kann nach dem Einsatz gereinigt werden, was eine kosteneffiziente und nachhaltige L\u00f6sung bietet.\n<br ><br >\nDie FI-BLULTRA0806 Ultra Feuerl\u00f6schdecke wurde umfangreich getestet und erf\u00fcllt die Normen DIN EN 13501-1 (A1-zertifiziert durch KIWA\/MPA), ASTM D6413,&nbsp;DIN SPEC 91489 und NFPA 701, wodurch die Einhaltung internationaler Brandschutzvorschriften gew\u00e4hrleistet wird. Dank gro\u00dfer farbiger Schlaufen l\u00e4sst sich die Decke von zwei Personen leicht auslegen. Sie ist mit einer robusten Smart Bag f\u00fcr die sichere Aufbewahrung erh\u00e4ltlich, alternativ steht ein Schrank f\u00fcr schnellen Zugriff im Notfall zur Verf\u00fcgung.\n<br ><br ><b >\nWeitere Vorteile:<\/b><br >\n\u2022 Geeignet f\u00fcr verschiedene Fahrzeugtypen \u2013 von Kleinwagen bis zu gro\u00dfen SUVs und Pick-ups sowie f\u00fcr leichte Elektrofahrzeuge (LEVs) wie E-Scooter und E-Bikes.<br >\n\u2022 Kein Verfallsdatum, mit einer Lagerf\u00e4higkeit von \u00fcber 25 Jahren, wenn sie ordnungsgem\u00e4\u00df aufbewahrt wird.<br >\n\u2022 Sondergr\u00f6\u00dfen auf Anfrage erh\u00e4ltlich.<\/p><a  class=\"button color1\" href=\"https:\/\/fireisolator.com\/de\/kontakt\/\" target=\"_self\" data-cp-link=\"1\" data-icon=\"\">Kontaktieren Sie uns f\u00fcr mehr Informationen<\/a><\/div> <\/div> <div  class=\"row center-xs middle-xs\"> <div  class=\"col-sm-9\" data-type=\"column\"> <\/div> <\/div><\/div> <\/div><div  data-label=\"Portfolio\" data-id=\"portfolio--1\" data-export-id=\"portfolio-5\" data-category=\"portfolio\" class=\"portfolio-5 content-section content-section-spacing\" id=\"portfolio-1\" style=\"background-color: rgb(255, 255, 255); background-image: none;\"><div  class=\"gridContainer\"> <div  class=\"row text-center\"><div  class=\"section-title-col\" data-type=\"column\"> <h2  class=\"\">Andere Fire Blankets verf\u00fcgbar<\/h2> <p  class=\"lead\">Fire Isolator bietet verschiedene Feuerl\u00f6schdecken an, jede mit ihren eigenen einzigartigen Vorteilen. Sehen Sie sich unsere anderen Feuerl\u00f6schdecken hier an:<\/p><\/div> <\/div> <div  class=\"row space-bottom spaced-cols\" data-type=\"row\"> <div  class=\"col-xs-12 col-sm-4 text-center\"> <div  class=\"card no-padding bordered\"> <div  data-hover-fx=\"portfolio-6\" class=\"contentswap-effect\"> <div  class=\"initial-image\"> <img  decoding=\"async\" data-size=\"500x333\" src=\"https:\/\/fireisolator.com\/wp-content\/uploads\/2025\/02\/The-Economy-Fire-Blanket.jpg\"><\/div> <div  class=\"overlay bg-color6\"><\/div> <div  class=\"swap-inner col-xs-12\"> <div  class=\"row full-height-row middle-xs middle-sm\"> <div  class=\"col-xs-12 text-center content-holder\"> <a  class=\"button small color-white dark-text\" href=\"https:\/\/fireisolator.com\/de\/fi-blecon0806-feuerloeschdecke-economy\/\" target=\"_self\" data-cp-link=\"1\" data-icon=\"\">mehr lesen<\/a><\/div> <\/div><\/div> <\/div> <div  class=\"col-xs-12\"> <div  class=\"space-bottom space-top\" data-type=\"column\"> <h5  class=\"\">Die Economy Feuerl\u00f6schdecke<\/h5> <\/div> <\/div><\/div> <\/div> <div  class=\"col-xs-12 col-sm-4 text-center\"> <div  class=\"card no-padding bordered\"> <div  data-hover-fx=\"portfolio-6\" class=\"contentswap-effect\"> <div  class=\"initial-image\"> <img  decoding=\"async\" data-size=\"500x333\" src=\"https:\/\/fireisolator.com\/wp-content\/uploads\/2025\/02\/Fire-Blanket-Ultimate.jpg\"><\/div> <div  class=\"overlay bg-color6\"><\/div> <div  class=\"swap-inner col-xs-12\"> <div  class=\"row full-height-row middle-xs middle-sm\"> <div  class=\"col-xs-12 text-center content-holder\"> <a  class=\"button small color-white dark-text\" href=\"https:\/\/fireisolator.com\/de\/fi-bl0906-ultimate-ev-auto-feuerloeschdecke\/\" target=\"_self\" data-cp-link=\"1\" data-icon=\"\">mehr lesen<\/a><\/div> <\/div><\/div> <\/div> <div  class=\"col-xs-12\"> <div  class=\"space-bottom space-top\" data-type=\"column\"> <h5  class=\"\">Die Ultimate Feuerl\u00f6schdecke<\/h5> <\/div> <\/div><\/div> <\/div> <div  class=\"col-xs-12 col-sm-4 text-center\"> <div  class=\"card no-padding bordered\"> <div  data-hover-fx=\"portfolio-6\" class=\"contentswap-effect\"> <div  class=\"initial-image\"> <img  decoding=\"async\" data-size=\"500x333\" src=\"https:\/\/fireisolator.com\/wp-content\/uploads\/2025\/02\/Lithium-Fire-Blanket.jpg\"><\/div> <div  class=\"overlay bg-color6\"><\/div> <div  class=\"swap-inner col-xs-12\"> <div  class=\"row full-height-row middle-xs middle-sm\"> <div  class=\"col-xs-12 text-center content-holder\"> <a  class=\"button small color-white dark-text\" href=\"https:\/\/fireisolator.com\/de\/feuerloeschdecken-fuer-e-bikes-und-e-scooter\/\" target=\"_self\" data-cp-link=\"1\" data-icon=\"\">mehr lesen<\/a><\/div> <\/div><\/div> <\/div> <div  class=\"col-xs-12\"> <div  class=\"space-bottom space-top\" data-type=\"column\"> <h5  class=\"\">Die Lithium-Feuerl\u00f6schdecke<\/h5> <\/div> <\/div><\/div> <\/div><\/div> <div  class=\"row\"><div  data-type=\"column\" class=\"col-xs-12 text-center\"> <a  class=\"button y-move color1\" href=\"https:\/\/fireisolator.com\/de\/produkte\/\" target=\"_self\" data-cp-link=\"1\" data-icon=\"\">Alle Fire Isolator Produkte ansehen<\/a><\/div> <\/div><\/div> <\/div>","protected":false},"excerpt":{"rendered":"<p>FIRE ISOLATOR FI-BLULTRA0806 Ultra Feuerl\u00f6schdecke Die ULTRA&nbsp;Feuerl\u00f6schdecke ist eine hochwertige Feuerl\u00f6schdecke und die st\u00e4rkste in unserem Sortiment. Die Fire Isolator ULTRA-Decke ist daf\u00fcr ausgelegt, mehrfach eingesetzt zu werden. Ihre Lebensdauer h\u00e4ngt davon ab, dass das offizielle Einsatzprotokoll eingehalten wird und nach dem Einsatz eine gr\u00fcndliche Inspektion durchgef\u00fchrt wird, um sicherzustellen, dass die Integrit\u00e4t des Materials&hellip; <br \/> <a class=\"read-more\" href=\"https:\/\/fireisolator.com\/de\/fi-blultra0806-ultra-feuerloeschdecke\/\">Weiterlesen<\/a><\/p>\n","protected":false},"author":5,"featured_media":0,"parent":0,"menu_order":0,"comment_status":"closed","ping_status":"closed","template":"pro\/page-templates\/full-width-page.php","meta":{"_acf_changed":false,"content-type":"","inline_featured_image":false,"footnotes":""},"class_list":["post-6334","page","type-page","status-publish","hentry"],"acf":[],"yoast_head":"<!-- This site is optimized with the Yoast SEO Premium plugin v24.6 (Yoast SEO v24.6) - https:\/\/yoast.com\/wordpress\/plugins\/seo\/ -->\n<title>FI-BLULTRA0806 Ultra Feuerl\u00f6schdecke &#8226; Fire Isolator<\/title>\n<meta name=\"description\" content=\"Die FI-BLULTRA0806 Ultra Feuerl\u00f6schdecke mit doppelter Silikonbeschichtung eignet sich f\u00fcr (EV-)Fahrzeugbr\u00e4nde.\" \/>\n<meta name=\"robots\" content=\"index, follow, max-snippet:-1, max-image-preview:large, max-video-preview:-1\" \/>\n<link rel=\"canonical\" href=\"https:\/\/fireisolator.com\/de\/fi-blultra0806-ultra-feuerloeschdecke\/\" \/>\n<meta property=\"og:locale\" content=\"de_DE\" \/>\n<meta property=\"og:type\" content=\"article\" \/>\n<meta property=\"og:title\" content=\"FI-BLULTRA0806 Ultra Feuerl\u00f6schdecke\" \/>\n<meta property=\"og:description\" content=\"Die FI-BLULTRA0806 Ultra Feuerl\u00f6schdecke mit doppelter Silikonbeschichtung eignet sich f\u00fcr (EV-)Fahrzeugbr\u00e4nde.\" \/>\n<meta property=\"og:url\" content=\"https:\/\/fireisolator.com\/de\/fi-blultra0806-ultra-feuerloeschdecke\/\" \/>\n<meta property=\"og:site_name\" content=\"Fire Isolator\" \/>\n<meta property=\"article:modified_time\" content=\"2026-03-05T09:07:45+00:00\" \/>\n<meta property=\"og:image\" content=\"https:\/\/fireisolator.com\/wp-content\/uploads\/2025\/02\/The-Economy-Fire-Blanket.jpg\" \/>\n<meta name=\"twitter:card\" content=\"summary_large_image\" \/>\n<script type=\"application\/ld+json\" class=\"yoast-schema-graph\">{\"@context\":\"https:\/\/schema.org\",\"@graph\":[{\"@type\":\"WebPage\",\"@id\":\"https:\/\/fireisolator.com\/de\/fi-blultra0806-ultra-feuerloeschdecke\/\",\"url\":\"https:\/\/fireisolator.com\/de\/fi-blultra0806-ultra-feuerloeschdecke\/\",\"name\":\"FI-BLULTRA0806 Ultra Feuerl\u00f6schdecke &#8226; Fire Isolator\",\"isPartOf\":{\"@id\":\"https:\/\/fireisolator.com\/de\/#website\"},\"primaryImageOfPage\":{\"@id\":\"https:\/\/fireisolator.com\/de\/fi-blultra0806-ultra-feuerloeschdecke\/#primaryimage\"},\"image\":{\"@id\":\"https:\/\/fireisolator.com\/de\/fi-blultra0806-ultra-feuerloeschdecke\/#primaryimage\"},\"thumbnailUrl\":\"https:\/\/fireisolator.com\/wp-content\/uploads\/2025\/02\/The-Economy-Fire-Blanket.jpg\",\"datePublished\":\"2025-02-12T07:19:33+00:00\",\"dateModified\":\"2026-03-05T09:07:45+00:00\",\"description\":\"Die FI-BLULTRA0806 Ultra Feuerl\u00f6schdecke mit doppelter Silikonbeschichtung eignet sich f\u00fcr (EV-)Fahrzeugbr\u00e4nde.\",\"breadcrumb\":{\"@id\":\"https:\/\/fireisolator.com\/de\/fi-blultra0806-ultra-feuerloeschdecke\/#breadcrumb\"},\"inLanguage\":\"de\",\"potentialAction\":[{\"@type\":\"ReadAction\",\"target\":[\"https:\/\/fireisolator.com\/de\/fi-blultra0806-ultra-feuerloeschdecke\/\"]}]},{\"@type\":\"ImageObject\",\"inLanguage\":\"de\",\"@id\":\"https:\/\/fireisolator.com\/de\/fi-blultra0806-ultra-feuerloeschdecke\/#primaryimage\",\"url\":\"https:\/\/fireisolator.com\/wp-content\/uploads\/2025\/02\/The-Economy-Fire-Blanket.jpg\",\"contentUrl\":\"https:\/\/fireisolator.com\/wp-content\/uploads\/2025\/02\/The-Economy-Fire-Blanket.jpg\"},{\"@type\":\"BreadcrumbList\",\"@id\":\"https:\/\/fireisolator.com\/de\/fi-blultra0806-ultra-feuerloeschdecke\/#breadcrumb\",\"itemListElement\":[{\"@type\":\"ListItem\",\"position\":1,\"name\":\"Home\",\"item\":\"https:\/\/fireisolator.com\/de\/\"},{\"@type\":\"ListItem\",\"position\":2,\"name\":\"FI-BLULTRA0806 Ultra Feuerl\u00f6schdecke\"}]},{\"@type\":\"WebSite\",\"@id\":\"https:\/\/fireisolator.com\/de\/#website\",\"url\":\"https:\/\/fireisolator.com\/de\/\",\"name\":\"FIRE\u26a1\ufe0fISOLATOR\",\"description\":\"The solution to isolate EV car fires\",\"publisher\":{\"@id\":\"https:\/\/fireisolator.com\/de\/#organization\"},\"potentialAction\":[{\"@type\":\"SearchAction\",\"target\":{\"@type\":\"EntryPoint\",\"urlTemplate\":\"https:\/\/fireisolator.com\/de\/?s={search_term_string}\"},\"query-input\":{\"@type\":\"PropertyValueSpecification\",\"valueRequired\":true,\"valueName\":\"search_term_string\"}}],\"inLanguage\":\"de\"},{\"@type\":\"Organization\",\"@id\":\"https:\/\/fireisolator.com\/de\/#organization\",\"name\":\"Blomsma Signs & Safety\",\"url\":\"https:\/\/fireisolator.com\/de\/\",\"logo\":{\"@type\":\"ImageObject\",\"inLanguage\":\"de\",\"@id\":\"https:\/\/fireisolator.com\/de\/#\/schema\/logo\/image\/\",\"url\":\"\",\"contentUrl\":\"\",\"caption\":\"Blomsma Signs & Safety\"},\"image\":{\"@id\":\"https:\/\/fireisolator.com\/de\/#\/schema\/logo\/image\/\"}}]}<\/script>\n<!-- \/ Yoast SEO Premium plugin. -->","yoast_head_json":{"title":"FI-BLULTRA0806 Ultra Feuerl\u00f6schdecke &#8226; Fire Isolator","description":"Die FI-BLULTRA0806 Ultra Feuerl\u00f6schdecke mit doppelter Silikonbeschichtung eignet sich f\u00fcr (EV-)Fahrzeugbr\u00e4nde.","robots":{"index":"index","follow":"follow","max-snippet":"max-snippet:-1","max-image-preview":"max-image-preview:large","max-video-preview":"max-video-preview:-1"},"canonical":"https:\/\/fireisolator.com\/de\/fi-blultra0806-ultra-feuerloeschdecke\/","og_locale":"de_DE","og_type":"article","og_title":"FI-BLULTRA0806 Ultra Feuerl\u00f6schdecke","og_description":"Die FI-BLULTRA0806 Ultra Feuerl\u00f6schdecke mit doppelter Silikonbeschichtung eignet sich f\u00fcr (EV-)Fahrzeugbr\u00e4nde.","og_url":"https:\/\/fireisolator.com\/de\/fi-blultra0806-ultra-feuerloeschdecke\/","og_site_name":"Fire Isolator","article_modified_time":"2026-03-05T09:07:45+00:00","og_image":[{"url":"https:\/\/fireisolator.com\/wp-content\/uploads\/2025\/02\/The-Economy-Fire-Blanket.jpg","type":"","width":"","height":""}],"twitter_card":"summary_large_image","schema":{"@context":"https:\/\/schema.org","@graph":[{"@type":"WebPage","@id":"https:\/\/fireisolator.com\/de\/fi-blultra0806-ultra-feuerloeschdecke\/","url":"https:\/\/fireisolator.com\/de\/fi-blultra0806-ultra-feuerloeschdecke\/","name":"FI-BLULTRA0806 Ultra Feuerl\u00f6schdecke &#8226; Fire Isolator","isPartOf":{"@id":"https:\/\/fireisolator.com\/de\/#website"},"primaryImageOfPage":{"@id":"https:\/\/fireisolator.com\/de\/fi-blultra0806-ultra-feuerloeschdecke\/#primaryimage"},"image":{"@id":"https:\/\/fireisolator.com\/de\/fi-blultra0806-ultra-feuerloeschdecke\/#primaryimage"},"thumbnailUrl":"https:\/\/fireisolator.com\/wp-content\/uploads\/2025\/02\/The-Economy-Fire-Blanket.jpg","datePublished":"2025-02-12T07:19:33+00:00","dateModified":"2026-03-05T09:07:45+00:00","description":"Die FI-BLULTRA0806 Ultra Feuerl\u00f6schdecke mit doppelter Silikonbeschichtung eignet sich f\u00fcr (EV-)Fahrzeugbr\u00e4nde.","breadcrumb":{"@id":"https:\/\/fireisolator.com\/de\/fi-blultra0806-ultra-feuerloeschdecke\/#breadcrumb"},"inLanguage":"de","potentialAction":[{"@type":"ReadAction","target":["https:\/\/fireisolator.com\/de\/fi-blultra0806-ultra-feuerloeschdecke\/"]}]},{"@type":"ImageObject","inLanguage":"de","@id":"https:\/\/fireisolator.com\/de\/fi-blultra0806-ultra-feuerloeschdecke\/#primaryimage","url":"https:\/\/fireisolator.com\/wp-content\/uploads\/2025\/02\/The-Economy-Fire-Blanket.jpg","contentUrl":"https:\/\/fireisolator.com\/wp-content\/uploads\/2025\/02\/The-Economy-Fire-Blanket.jpg"},{"@type":"BreadcrumbList","@id":"https:\/\/fireisolator.com\/de\/fi-blultra0806-ultra-feuerloeschdecke\/#breadcrumb","itemListElement":[{"@type":"ListItem","position":1,"name":"Home","item":"https:\/\/fireisolator.com\/de\/"},{"@type":"ListItem","position":2,"name":"FI-BLULTRA0806 Ultra Feuerl\u00f6schdecke"}]},{"@type":"WebSite","@id":"https:\/\/fireisolator.com\/de\/#website","url":"https:\/\/fireisolator.com\/de\/","name":"FIRE\u26a1\ufe0fISOLATOR","description":"The solution to isolate EV car fires","publisher":{"@id":"https:\/\/fireisolator.com\/de\/#organization"},"potentialAction":[{"@type":"SearchAction","target":{"@type":"EntryPoint","urlTemplate":"https:\/\/fireisolator.com\/de\/?s={search_term_string}"},"query-input":{"@type":"PropertyValueSpecification","valueRequired":true,"valueName":"search_term_string"}}],"inLanguage":"de"},{"@type":"Organization","@id":"https:\/\/fireisolator.com\/de\/#organization","name":"Blomsma Signs & Safety","url":"https:\/\/fireisolator.com\/de\/","logo":{"@type":"ImageObject","inLanguage":"de","@id":"https:\/\/fireisolator.com\/de\/#\/schema\/logo\/image\/","url":"","contentUrl":"","caption":"Blomsma Signs & Safety"},"image":{"@id":"https:\/\/fireisolator.com\/de\/#\/schema\/logo\/image\/"}}]}},"_links":{"self":[{"href":"https:\/\/fireisolator.com\/de\/wp-json\/wp\/v2\/pages\/6334","targetHints":{"allow":["GET"]}}],"collection":[{"href":"https:\/\/fireisolator.com\/de\/wp-json\/wp\/v2\/pages"}],"about":[{"href":"https:\/\/fireisolator.com\/de\/wp-json\/wp\/v2\/types\/page"}],"author":[{"embeddable":true,"href":"https:\/\/fireisolator.com\/de\/wp-json\/wp\/v2\/users\/5"}],"replies":[{"embeddable":true,"href":"https:\/\/fireisolator.com\/de\/wp-json\/wp\/v2\/comments?post=6334"}],"version-history":[{"count":12,"href":"https:\/\/fireisolator.com\/de\/wp-json\/wp\/v2\/pages\/6334\/revisions"}],"predecessor-version":[{"id":8572,"href":"https:\/\/fireisolator.com\/de\/wp-json\/wp\/v2\/pages\/6334\/revisions\/8572"}],"wp:attachment":[{"href":"https:\/\/fireisolator.com\/de\/wp-json\/wp\/v2\/media?parent=6334"}],"curies":[{"name":"wp","href":"https:\/\/api.w.org\/{rel}","templated":true}]}}