{"id":6363,"date":"2025-02-13T13:49:36","date_gmt":"2025-02-13T13:49:36","guid":{"rendered":"https:\/\/fireisolator.com\/?page_id=6363"},"modified":"2025-04-23T12:00:09","modified_gmt":"2025-04-23T12:00:09","slug":"feuerloeschdecken-fuer-e-bikes-und-e-scooter","status":"publish","type":"page","link":"https:\/\/fireisolator.com\/de\/feuerloeschdecken-fuer-e-bikes-und-e-scooter\/","title":{"rendered":"Feuerl\u00f6schdecken f\u00fcr E-Bikes und E-Scooter"},"content":{"rendered":"<div  data-label=\"Content\" data-id=\"content--1\" data-export-id=\"content-2\" data-category=\"content\" class=\"content-2 content-section content-section-spacing\" id=\"content-1\" style=\"background-color: rgb(255, 255, 255);\"><div > <div  class=\"row middle-xs\"><div  class=\"col-sm-5 bg-image shadow-large-black\" data-bg=\"image\" style=\"background-image: url(&quot;https:\/\/fireisolator.com\/wp-content\/uploads\/2025\/02\/Lithium-Fire-Blanket.jpg&quot;);\"><\/div> <div  class=\"col-sm-7 full-col-left-padding full-col-right-padding\"> <div  class=\"row\"> <div  data-type=\"column\" class=\"space-bottom-small content-title-col\"> <h5  class=\"\">FIRE ISOLATOR<\/h5> <h2  class=\"\">FI-BL0303 und FI-BL0202&nbsp;Feuerl\u00f6schdecken f\u00fcr E-Bikes und E-Scooter<\/h2> <p  class=\"\">Die Feuerl\u00f6schdecken f\u00fcr E-Bikes und E-Scooter sind eine dauerhafte und hocheffektive L\u00f6sung zur Isolierung von Br\u00e4nden in Lithiumbatterien, wie z.\u202fB. in E-Bikes, E-Scootern und Batteriespeichern. Indem dem Feuer der Sauerstoff entzogen wird, werden Rauch und giftige D\u00e4mpfe reduziert und gleichzeitig ein geschlossener Raum f\u00fcr Aerosoleinheiten geschaffen, um die Brandbek\u00e4mpfung zu verbessern. Dadurch wird eine weitere Ausbreitung des Feuers verhindert und der Kollateralschaden in der Umgebung minimiert.<\/p><\/div> <\/div> <div  class=\"row spaced-cols \" data-type=\"row\"> <div  class=\"col-xs-6\" data-type=\"column\"> <h5  class=\"\">MATERIALIEN<\/h5> <p  class=\"\">Hergestellt aus Siliziumdioxid-Materialien, f\u00fcr Spitzentemperaturen bis zu 1600 \u00b0C\/2900 \u00b0F.<\/p><\/div> <div  class=\"col-xs-6\" data-type=\"column\"><h5  class=\"\">TESTS<\/h5> <p  class=\"\">Gepr\u00fcft nach ISO EN 13501-1, NFPA701 und ASTMD6413.<\/p><\/div> <div  class=\"col-xs-6\" data-type=\"column\"><h5  class=\"\">ABMESSUNGEN &amp; SPEZIFIKATIONEN<\/h5> <p  class=\"\">Laden Sie <a  data-mce-href=\"..\/..\/wp-content\/uploads\/FI-BL0202_Datasheet_FireIsolator_LithiumFireBlanket.pdf\" href=\"..\/..\/wp-content\/uploads\/FI-BL0202_Datasheet_FireIsolator_LithiumFireBlanket.pdf\" target=\"_blank\" rel=\"noopener\" data-mce-selected=\"inline-boundary\" data-cp-link=\"1\" class=\"\">das Datenblatt zum FI-BL0202<\/a>.\n<br >Laden Sie <a  data-mce-href=\"..\/..\/wp-content\/uploads\/FI-BL0303_Datasheet_FireIsolator_LithiumFireBlanket.pdf\" href=\"..\/..\/wp-content\/uploads\/FI-BL0303_Datasheet_FireIsolator_LithiumFireBlanket.pdf\" target=\"_blank\" rel=\"noopener\" data-mce-selected=\"inline-boundary\" data-cp-link=\"1\" class=\"\">das Datenblatt zum FI-BL0303<\/a>.<\/p><\/div> <div  class=\"col-xs-6\" data-type=\"column\"><h5  class=\"\">EINFACHE AUSL\u00d6SUNG<\/h5> <p  class=\"\">Einfach zu installieren, ausgestattet mit farbigen Schlaufen.<\/p><\/div> <\/div><\/div> <\/div><\/div> <\/div><div  data-label=\"Gallery\" data-id=\"gallery--1\" data-export-id=\"gallery-2\" data-category=\"gallery\" class=\"gallery-2 content-section content-section-spacing\" id=\"gallery-1\" style=\"background-color: rgb(255, 255, 255); background-image: none;\"><div  class=\"\"> <div  class=\"row\"><div  class=\"col-xs-12 full-no-padding\" data-editable=\"true\" data-content-shortcode=\"mesmerize_gallery id=&quot;mesmerize-gallery-2&quot; columns=&quot;4&quot; ids=&quot;5985,5981,5977,5973&quot; lb=&quot;1&quot; masonry=&quot;0&quot; size=&quot;large&quot; link=&quot;file&quot; \"><div id='mesmerize-gallery-2' class='gallery-wrapper'><style type=\"text\/css\">\n                    @media only screen and (min-width: 768px) {\n                    [data-unique-id='mesmerize-gallery-2-69d7cee8d9375'] dl {\n                        float: left;\n                        width: 25% !important;\n                        max-width:  25% !important;\n                        min-width:  25% !important;\n                    }\n\n                    [data-unique-id='mesmerize-gallery-2-69d7cee8d9375'] dl:nth-of-type(4n +1 ) {\n                      clear: both;\n                      }\n                    }\n                <\/style><div id='mesmerize-gallery-2' class='mesmerize-gallery-2-dls-wrapper gallery-items-wrapper materialis-gallery' data-unique-id='mesmerize-gallery-2-69d7cee8d9375'><dl class='gallery-item'>\n\t\t\t<dt class='gallery-icon landscape'>\n\t\t\t\t<a data-fancybox=\"mesmerize-gallery-2-group\" href='https:\/\/fireisolator.com\/wp-content\/uploads\/2025\/02\/lithium-fire-blanket-4.jpg'><img decoding=\"async\"  width=\"1024\" height=\"597\" src=\"https:\/\/fireisolator.com\/wp-content\/uploads\/2025\/02\/lithium-fire-blanket-4-1024x597.jpg\"  class='mesmerize-gallery-2-image' alt=\"Feuerl\u00f6schdecken f\u00fcr E-Bikes und E-Scooter\" srcset=\"https:\/\/fireisolator.com\/wp-content\/uploads\/2025\/02\/lithium-fire-blanket-4-1024x597.jpg 1024w, https:\/\/fireisolator.com\/wp-content\/uploads\/2025\/02\/lithium-fire-blanket-4-300x175.jpg 300w, https:\/\/fireisolator.com\/wp-content\/uploads\/2025\/02\/lithium-fire-blanket-4-150x88.jpg 150w, https:\/\/fireisolator.com\/wp-content\/uploads\/2025\/02\/lithium-fire-blanket-4-768x448.jpg 768w, https:\/\/fireisolator.com\/wp-content\/uploads\/2025\/02\/lithium-fire-blanket-4.jpg 1500w\" sizes=\"(max-width: 1024px) 100vw, 1024px\" \/><\/a>\n\t\t\t<\/dt><\/dl><dl class='gallery-item'>\n\t\t\t<dt class='gallery-icon landscape'>\n\t\t\t\t<a data-fancybox=\"mesmerize-gallery-2-group\" href='https:\/\/fireisolator.com\/wp-content\/uploads\/2025\/02\/lithium-fire-blanket-bag.jpg'><img decoding=\"async\"  width=\"1024\" height=\"597\" src=\"https:\/\/fireisolator.com\/wp-content\/uploads\/2025\/02\/lithium-fire-blanket-bag-1024x597.jpg\"  class='mesmerize-gallery-2-image' alt=\"Lithium Branddekens\" srcset=\"https:\/\/fireisolator.com\/wp-content\/uploads\/2025\/02\/lithium-fire-blanket-bag-1024x597.jpg 1024w, https:\/\/fireisolator.com\/wp-content\/uploads\/2025\/02\/lithium-fire-blanket-bag-300x175.jpg 300w, https:\/\/fireisolator.com\/wp-content\/uploads\/2025\/02\/lithium-fire-blanket-bag-150x88.jpg 150w, https:\/\/fireisolator.com\/wp-content\/uploads\/2025\/02\/lithium-fire-blanket-bag-768x448.jpg 768w, https:\/\/fireisolator.com\/wp-content\/uploads\/2025\/02\/lithium-fire-blanket-bag.jpg 1500w\" sizes=\"(max-width: 1024px) 100vw, 1024px\" \/><\/a>\n\t\t\t<\/dt><\/dl><dl class='gallery-item'>\n\t\t\t<dt class='gallery-icon landscape'>\n\t\t\t\t<a data-fancybox=\"mesmerize-gallery-2-group\" href='https:\/\/fireisolator.com\/wp-content\/uploads\/2025\/02\/lithium-fire-blanket-3.jpg'><img decoding=\"async\"  width=\"1024\" height=\"597\" src=\"https:\/\/fireisolator.com\/wp-content\/uploads\/2025\/02\/lithium-fire-blanket-3-1024x597.jpg\"  class='mesmerize-gallery-2-image' alt=\"Feuerl\u00f6schdecken f\u00fcr E-Bikes und E-Scooter\" srcset=\"https:\/\/fireisolator.com\/wp-content\/uploads\/2025\/02\/lithium-fire-blanket-3-1024x597.jpg 1024w, https:\/\/fireisolator.com\/wp-content\/uploads\/2025\/02\/lithium-fire-blanket-3-300x175.jpg 300w, https:\/\/fireisolator.com\/wp-content\/uploads\/2025\/02\/lithium-fire-blanket-3-150x88.jpg 150w, https:\/\/fireisolator.com\/wp-content\/uploads\/2025\/02\/lithium-fire-blanket-3-768x448.jpg 768w, https:\/\/fireisolator.com\/wp-content\/uploads\/2025\/02\/lithium-fire-blanket-3.jpg 1500w\" sizes=\"(max-width: 1024px) 100vw, 1024px\" \/><\/a>\n\t\t\t<\/dt><\/dl><dl class='gallery-item'>\n\t\t\t<dt class='gallery-icon landscape'>\n\t\t\t\t<a data-fancybox=\"mesmerize-gallery-2-group\" href='https:\/\/fireisolator.com\/wp-content\/uploads\/2025\/02\/lithium-fire-blanket-2.jpg'><img decoding=\"async\"  width=\"1024\" height=\"597\" src=\"https:\/\/fireisolator.com\/wp-content\/uploads\/2025\/02\/lithium-fire-blanket-2-1024x597.jpg\"  class='mesmerize-gallery-2-image' alt=\"Lithium Branddekens\" srcset=\"https:\/\/fireisolator.com\/wp-content\/uploads\/2025\/02\/lithium-fire-blanket-2-1024x597.jpg 1024w, https:\/\/fireisolator.com\/wp-content\/uploads\/2025\/02\/lithium-fire-blanket-2-300x175.jpg 300w, https:\/\/fireisolator.com\/wp-content\/uploads\/2025\/02\/lithium-fire-blanket-2-150x88.jpg 150w, https:\/\/fireisolator.com\/wp-content\/uploads\/2025\/02\/lithium-fire-blanket-2-768x448.jpg 768w, https:\/\/fireisolator.com\/wp-content\/uploads\/2025\/02\/lithium-fire-blanket-2.jpg 1500w\" sizes=\"(max-width: 1024px) 100vw, 1024px\" \/><\/a>\n\t\t\t<\/dt><\/dl>\n\t\t<\/div>\n<script>(function($){window.MaterialisCaptionsGallery && window.MaterialisCaptionsGallery($('[data-unique-id=\"mesmerize-gallery-2-69d7cee8d9375\"]'))})(jQuery)<\/script><\/div><\/div><\/div> <\/div><\/div><div  data-label=\"Content\" data-id=\"content--2\" data-export-id=\"content-12\" data-category=\"content\" class=\"content-12 content-section content-section-spacing\" id=\"content-2\" style=\"background-color: rgb(255, 255, 255);\"><div  class=\"gridContainer\"> <div  class=\"row text-center\"><div  class=\"section-title-col\" data-type=\"column\"> <h2  class=\"\">Vorteile und Eigenschaften<\/h2> <p  class=\"lead\" style=\"text-align: left;\">Die Feuerl\u00f6schdecken f\u00fcr E-Bikes und E-Scooter FI-BL0303 &amp; FI-BL0202 sind speziell daf\u00fcr entwickelt, extremen Temperaturen standzuhalten, mit einer Spitzenhitzebest\u00e4ndigkeit von bis zu 1600\u202f\u00b0C (2900\u202f\u00b0F). Sie k\u00f6nnen dauerhafte Temperaturen von 1200\u202f\u00b0C (2200\u202f\u00b0F) \u00fcber l\u00e4ngere Zeitr\u00e4ume aushalten und bieten somit eine zuverl\u00e4ssige L\u00f6sung zur Eind\u00e4mmung von Lithiumbatteriebr\u00e4nden.\n<br ><br >\nGefertigt aus hochwertigen Silica-Materialien, sind die Feuerl\u00f6schdecken sowohl langlebig als auch umweltfreundlich. Ihre Zusammensetzung wurde speziell ausgew\u00e4hlt, um den extremen Bedingungen eines Lithiumbrandes standzuhalten, ohne sich selbst zu entz\u00fcnden \u2013 ein wichtiger Sicherheitsaspekt, der in unseren Live-Tests best\u00e4tigt wurde. Dies macht sie zu einer sicheren und effektiven L\u00f6sung zur Isolierung von Br\u00e4nden bei leichten Elektrofahrzeugen (LEVs) wie E-Bikes und E-Scootern, sowie f\u00fcr Lithiumbatterien in Lagerung oder auf Paletten.\n<br ><br >\nDie Feuerl\u00f6schdecken f\u00fcr E-Bikes und E-Scooter FI-BL0303 &amp; FI-BL0202 wurden strengen Tests unterzogen und erf\u00fcllen die h\u00f6chsten Sicherheitsstandards, darunter ISO EN 13501-1, <a data-mce-href=\"https:\/\/www.nfpa.org\/codes-and-standards\/nfpa-701-standard-development\/701\" href=\"https:\/\/www.nfpa.org\/codes-and-standards\/nfpa-701-standard-development\/701\" target=\"_blank\" rel=\"noopener\" data-mce-selected=\"inline-boundary\"  data-cp-link=\"1\">NFPA 701<\/a> und ASTM D6413. Weltweit verf\u00fcgen nur drei Hersteller von Feuerl\u00f6schdecken \u00fcber den A1-Brandklassifizierungs-Testbericht nach ISO 13501-1, und wir sind stolz darauf, einer von ihnen zu sein. Diese Anforderung stellt sicher, dass ausschlie\u00dflich Feuerl\u00f6schdecken von h\u00f6chster Qualit\u00e4t verwendet werden.\n<br ><br >\nDie Feuerl\u00f6schdecken sind f\u00fcr eine einfache Handhabung konzipiert und lassen sich dank ihrer farbigen Schlaufen schnell und sicher auslegen. Zur besseren Anwender-Vorbereitung bietet Fire Isolator Schulungen zur korrekten Anwendung an.\n<br ><br >\nWeitere Vorteile:<br >\n\u2022 Wiederverwendbar und leicht zu reinigen nach dem Einsatz.<br >\n\u2022 Verhindert die Sauerstoffzufuhr zu den Flammen und reduziert Rauch sowie giftige D\u00e4mpfe.<br >\n\u2022 Auf Anfrage in individuellen Gr\u00f6\u00dfen erh\u00e4ltlich.<\/p><\/div> <\/div> <div  class=\"row center-xs middle-xs\"> <div  class=\"col-sm-9\" data-type=\"column\"> <\/div> <\/div><\/div> <\/div><div  data-label=\"Portfolio\" data-id=\"portfolio--1\" data-export-id=\"portfolio-5\" data-category=\"portfolio\" class=\"portfolio-5 content-section content-section-spacing\" id=\"portfolio-1\" style=\"background-color: rgb(255, 255, 255); background-image: none;\"><div  class=\"gridContainer\"> <div  class=\"row text-center\"><div  class=\"section-title-col\" data-type=\"column\"> <h2  class=\"\">Andere Feuerl\u00f6schdecken verf\u00fcgbar<\/h2> <p  class=\"lead\">Fire Isolator bietet verschiedene Feuerl\u00f6schdecken an, jede mit ihren eigenen einzigartigen Vorteilen. \n<br >Sehen Sie sich unsere anderen Feuerl\u00f6schdecken hier an:<\/p><\/div> <\/div> <div  class=\"row space-bottom spaced-cols\" data-type=\"row\"> <div  class=\"col-xs-12 col-sm-4 text-center\"> <div  class=\"card no-padding bordered\"> <div  data-hover-fx=\"portfolio-6\" class=\"contentswap-effect\"> <div  class=\"initial-image\"> <img decoding=\"async\"  data-size=\"500x333\" src=\"https:\/\/fireisolator.com\/wp-content\/uploads\/2025\/02\/Fire-Blanket-Ultimate.jpg\"><\/div> <div  class=\"overlay bg-color6\"><\/div> <div  class=\"swap-inner col-xs-12\"> <div  class=\"row full-height-row middle-xs middle-sm\"> <div  class=\"col-xs-12 text-center content-holder\"> <a  class=\"button small color-white\" href=\"https:\/\/fireisolator.com\/de\/fi-bl0906-ultimate-ev-auto-feuerloeschdecke\/\" target=\"_self\" data-cp-link=\"1\" data-icon=\"\">mehr lesen<\/a><\/div> <\/div><\/div> <\/div> <div  class=\"col-xs-12\"> <div  class=\"space-bottom space-top\" data-type=\"column\"> <h5  class=\"\">Ultimate Feuerl\u00f6schdecke<\/h5> <\/div> <\/div><\/div> <\/div> <div  class=\"col-xs-12 col-sm-4 text-center\"> <div  class=\"card no-padding bordered\"> <div  data-hover-fx=\"portfolio-6\" class=\"contentswap-effect\"> <div  class=\"initial-image\"> <img decoding=\"async\"  data-size=\"500x333\" src=\"https:\/\/fireisolator.com\/wp-content\/uploads\/2025\/02\/Ultra-Fire-Blanket-vrijstaand.jpg\"><\/div> <div  class=\"overlay bg-color6\"><\/div> <div  class=\"swap-inner col-xs-12\"> <div  class=\"row full-height-row middle-xs middle-sm\"> <div  class=\"col-xs-12 text-center content-holder\"> <a  class=\"button small color-white\" href=\"https:\/\/fireisolator.com\/de\/fi-blultra0806-ultra-feuerloeschdecke\/\" target=\"_self\" data-cp-link=\"1\" data-icon=\"\">mehr lesen<\/a><\/div> <\/div><\/div> <\/div> <div  class=\"col-xs-12\"> <div  class=\"space-bottom space-top\" data-type=\"column\"> <h5  class=\"\">Ultra Feuerl\u00f6schdecke<\/h5> <\/div> <\/div><\/div> <\/div> <div  class=\"col-xs-12 col-sm-4 text-center\"> <div  class=\"card no-padding bordered\"> <div  data-hover-fx=\"portfolio-6\" class=\"contentswap-effect\"> <div  class=\"initial-image\"> <img decoding=\"async\"  data-size=\"500x333\" src=\"https:\/\/fireisolator.com\/wp-content\/uploads\/2025\/02\/The-Economy-Fire-Blanket.jpg\"><\/div> <div  class=\"overlay bg-color6\"><\/div> <div  class=\"swap-inner col-xs-12\"> <div  class=\"row full-height-row middle-xs middle-sm\"> <div  class=\"col-xs-12 text-center content-holder\"> <a  class=\"button small color-white\" href=\"https:\/\/fireisolator.com\/de\/fi-blecon0806-feuerloeschdecke-economy\/\" target=\"_self\" data-cp-link=\"1\" data-icon=\"\">mehr lesen<\/a><\/div> <\/div><\/div> <\/div> <div  class=\"col-xs-12\"> <div  class=\"space-bottom space-top\" data-type=\"column\"> <h5  class=\"\">Economy Feuerl\u00f6schdecke<\/h5> <\/div> <\/div><\/div> <\/div><\/div> <div  class=\"row\"><div  data-type=\"column\" class=\"col-xs-12 text-center\"> <a  class=\"button y-move color1\" href=\"https:\/\/fireisolator.com\/de\/produkte\/\" target=\"_self\" data-cp-link=\"1\" data-icon=\"\">Alle Produkte von Fire Isolator anzeigen<\/a><\/div> <\/div><\/div> <\/div>","protected":false},"excerpt":{"rendered":"<p>FIRE ISOLATOR FI-BL0303 und FI-BL0202&nbsp;Feuerl\u00f6schdecken f\u00fcr E-Bikes und E-Scooter Die Feuerl\u00f6schdecken f\u00fcr E-Bikes und E-Scooter sind eine dauerhafte und hocheffektive L\u00f6sung zur Isolierung von Br\u00e4nden in Lithiumbatterien, wie z.\u202fB. in E-Bikes, E-Scootern und Batteriespeichern. Indem dem Feuer der Sauerstoff entzogen wird, werden Rauch und giftige D\u00e4mpfe reduziert und gleichzeitig ein geschlossener Raum f\u00fcr Aerosoleinheiten geschaffen,&hellip; <br \/> <a class=\"read-more\" href=\"https:\/\/fireisolator.com\/de\/feuerloeschdecken-fuer-e-bikes-und-e-scooter\/\">Weiterlesen<\/a><\/p>\n","protected":false},"author":5,"featured_media":0,"parent":0,"menu_order":0,"comment_status":"closed","ping_status":"closed","template":"pro\/page-templates\/full-width-page.php","meta":{"_acf_changed":false,"content-type":"","inline_featured_image":false,"footnotes":""},"class_list":["post-6363","page","type-page","status-publish","hentry"],"acf":[],"yoast_head":"<!-- This site is optimized with the Yoast SEO Premium plugin v24.6 (Yoast SEO v24.6) - https:\/\/yoast.com\/wordpress\/plugins\/seo\/ -->\n<title>Feuerl\u00f6schdecken f\u00fcr E-Bikes und E-Scooter &#8226; Fire Isolator<\/title>\n<meta name=\"description\" content=\"Feuerl\u00f6schdecken f\u00fcr E-Bikes und E-Scooter \u2013 ideal bei Br\u00e4nden von Lithium-Batterien, z.\u202fB. in E-Bikes oder E-Scootern.\" \/>\n<meta name=\"robots\" content=\"index, follow, max-snippet:-1, max-image-preview:large, max-video-preview:-1\" \/>\n<link rel=\"canonical\" href=\"https:\/\/fireisolator.com\/de\/feuerloeschdecken-fuer-e-bikes-und-e-scooter\/\" \/>\n<meta property=\"og:locale\" content=\"de_DE\" \/>\n<meta property=\"og:type\" content=\"article\" \/>\n<meta property=\"og:title\" content=\"Feuerl\u00f6schdecken f\u00fcr E-Bikes und E-Scooter\" \/>\n<meta property=\"og:description\" content=\"Feuerl\u00f6schdecken f\u00fcr E-Bikes und E-Scooter \u2013 ideal bei Br\u00e4nden von Lithium-Batterien, z.\u202fB. in E-Bikes oder E-Scootern.\" \/>\n<meta property=\"og:url\" content=\"https:\/\/fireisolator.com\/de\/feuerloeschdecken-fuer-e-bikes-und-e-scooter\/\" \/>\n<meta property=\"og:site_name\" content=\"Fire Isolator\" \/>\n<meta property=\"article:modified_time\" content=\"2025-04-23T12:00:09+00:00\" \/>\n<meta property=\"og:image\" content=\"https:\/\/fireisolator.com\/wp-content\/uploads\/2025\/02\/Fire-Blanket-Ultimate.jpg\" \/>\n<meta name=\"twitter:card\" content=\"summary_large_image\" \/>\n<meta name=\"twitter:label1\" content=\"Gesch\u00e4tzte Lesezeit\" \/>\n\t<meta name=\"twitter:data1\" content=\"3\u00a0Minuten\" \/>\n<script type=\"application\/ld+json\" class=\"yoast-schema-graph\">{\"@context\":\"https:\/\/schema.org\",\"@graph\":[{\"@type\":\"WebPage\",\"@id\":\"https:\/\/fireisolator.com\/de\/feuerloeschdecken-fuer-e-bikes-und-e-scooter\/\",\"url\":\"https:\/\/fireisolator.com\/de\/feuerloeschdecken-fuer-e-bikes-und-e-scooter\/\",\"name\":\"Feuerl\u00f6schdecken f\u00fcr E-Bikes und E-Scooter &#8226; Fire Isolator\",\"isPartOf\":{\"@id\":\"https:\/\/fireisolator.com\/de\/#website\"},\"primaryImageOfPage\":{\"@id\":\"https:\/\/fireisolator.com\/de\/feuerloeschdecken-fuer-e-bikes-und-e-scooter\/#primaryimage\"},\"image\":{\"@id\":\"https:\/\/fireisolator.com\/de\/feuerloeschdecken-fuer-e-bikes-und-e-scooter\/#primaryimage\"},\"thumbnailUrl\":\"https:\/\/fireisolator.com\/wp-content\/uploads\/2025\/02\/Fire-Blanket-Ultimate.jpg\",\"datePublished\":\"2025-02-13T13:49:36+00:00\",\"dateModified\":\"2025-04-23T12:00:09+00:00\",\"description\":\"Feuerl\u00f6schdecken f\u00fcr E-Bikes und E-Scooter \u2013 ideal bei Br\u00e4nden von Lithium-Batterien, z.\u202fB. in E-Bikes oder E-Scootern.\",\"breadcrumb\":{\"@id\":\"https:\/\/fireisolator.com\/de\/feuerloeschdecken-fuer-e-bikes-und-e-scooter\/#breadcrumb\"},\"inLanguage\":\"de\",\"potentialAction\":[{\"@type\":\"ReadAction\",\"target\":[\"https:\/\/fireisolator.com\/de\/feuerloeschdecken-fuer-e-bikes-und-e-scooter\/\"]}]},{\"@type\":\"ImageObject\",\"inLanguage\":\"de\",\"@id\":\"https:\/\/fireisolator.com\/de\/feuerloeschdecken-fuer-e-bikes-und-e-scooter\/#primaryimage\",\"url\":\"https:\/\/fireisolator.com\/wp-content\/uploads\/2025\/02\/Fire-Blanket-Ultimate.jpg\",\"contentUrl\":\"https:\/\/fireisolator.com\/wp-content\/uploads\/2025\/02\/Fire-Blanket-Ultimate.jpg\"},{\"@type\":\"BreadcrumbList\",\"@id\":\"https:\/\/fireisolator.com\/de\/feuerloeschdecken-fuer-e-bikes-und-e-scooter\/#breadcrumb\",\"itemListElement\":[{\"@type\":\"ListItem\",\"position\":1,\"name\":\"Home\",\"item\":\"https:\/\/fireisolator.com\/de\/\"},{\"@type\":\"ListItem\",\"position\":2,\"name\":\"Feuerl\u00f6schdecken f\u00fcr E-Bikes und E-Scooter\"}]},{\"@type\":\"WebSite\",\"@id\":\"https:\/\/fireisolator.com\/de\/#website\",\"url\":\"https:\/\/fireisolator.com\/de\/\",\"name\":\"FIRE\u26a1\ufe0fISOLATOR\",\"description\":\"The solution to isolate EV car fires\",\"publisher\":{\"@id\":\"https:\/\/fireisolator.com\/de\/#organization\"},\"potentialAction\":[{\"@type\":\"SearchAction\",\"target\":{\"@type\":\"EntryPoint\",\"urlTemplate\":\"https:\/\/fireisolator.com\/de\/?s={search_term_string}\"},\"query-input\":{\"@type\":\"PropertyValueSpecification\",\"valueRequired\":true,\"valueName\":\"search_term_string\"}}],\"inLanguage\":\"de\"},{\"@type\":\"Organization\",\"@id\":\"https:\/\/fireisolator.com\/de\/#organization\",\"name\":\"Blomsma Signs & Safety\",\"url\":\"https:\/\/fireisolator.com\/de\/\",\"logo\":{\"@type\":\"ImageObject\",\"inLanguage\":\"de\",\"@id\":\"https:\/\/fireisolator.com\/de\/#\/schema\/logo\/image\/\",\"url\":\"\",\"contentUrl\":\"\",\"caption\":\"Blomsma Signs & Safety\"},\"image\":{\"@id\":\"https:\/\/fireisolator.com\/de\/#\/schema\/logo\/image\/\"}}]}<\/script>\n<!-- \/ Yoast SEO Premium plugin. -->","yoast_head_json":{"title":"Feuerl\u00f6schdecken f\u00fcr E-Bikes und E-Scooter &#8226; Fire Isolator","description":"Feuerl\u00f6schdecken f\u00fcr E-Bikes und E-Scooter \u2013 ideal bei Br\u00e4nden von Lithium-Batterien, z.\u202fB. in E-Bikes oder E-Scootern.","robots":{"index":"index","follow":"follow","max-snippet":"max-snippet:-1","max-image-preview":"max-image-preview:large","max-video-preview":"max-video-preview:-1"},"canonical":"https:\/\/fireisolator.com\/de\/feuerloeschdecken-fuer-e-bikes-und-e-scooter\/","og_locale":"de_DE","og_type":"article","og_title":"Feuerl\u00f6schdecken f\u00fcr E-Bikes und E-Scooter","og_description":"Feuerl\u00f6schdecken f\u00fcr E-Bikes und E-Scooter \u2013 ideal bei Br\u00e4nden von Lithium-Batterien, z.\u202fB. in E-Bikes oder E-Scootern.","og_url":"https:\/\/fireisolator.com\/de\/feuerloeschdecken-fuer-e-bikes-und-e-scooter\/","og_site_name":"Fire Isolator","article_modified_time":"2025-04-23T12:00:09+00:00","og_image":[{"url":"https:\/\/fireisolator.com\/wp-content\/uploads\/2025\/02\/Fire-Blanket-Ultimate.jpg","type":"","width":"","height":""}],"twitter_card":"summary_large_image","twitter_misc":{"Gesch\u00e4tzte Lesezeit":"3\u00a0Minuten"},"schema":{"@context":"https:\/\/schema.org","@graph":[{"@type":"WebPage","@id":"https:\/\/fireisolator.com\/de\/feuerloeschdecken-fuer-e-bikes-und-e-scooter\/","url":"https:\/\/fireisolator.com\/de\/feuerloeschdecken-fuer-e-bikes-und-e-scooter\/","name":"Feuerl\u00f6schdecken f\u00fcr E-Bikes und E-Scooter &#8226; Fire Isolator","isPartOf":{"@id":"https:\/\/fireisolator.com\/de\/#website"},"primaryImageOfPage":{"@id":"https:\/\/fireisolator.com\/de\/feuerloeschdecken-fuer-e-bikes-und-e-scooter\/#primaryimage"},"image":{"@id":"https:\/\/fireisolator.com\/de\/feuerloeschdecken-fuer-e-bikes-und-e-scooter\/#primaryimage"},"thumbnailUrl":"https:\/\/fireisolator.com\/wp-content\/uploads\/2025\/02\/Fire-Blanket-Ultimate.jpg","datePublished":"2025-02-13T13:49:36+00:00","dateModified":"2025-04-23T12:00:09+00:00","description":"Feuerl\u00f6schdecken f\u00fcr E-Bikes und E-Scooter \u2013 ideal bei Br\u00e4nden von Lithium-Batterien, z.\u202fB. in E-Bikes oder E-Scootern.","breadcrumb":{"@id":"https:\/\/fireisolator.com\/de\/feuerloeschdecken-fuer-e-bikes-und-e-scooter\/#breadcrumb"},"inLanguage":"de","potentialAction":[{"@type":"ReadAction","target":["https:\/\/fireisolator.com\/de\/feuerloeschdecken-fuer-e-bikes-und-e-scooter\/"]}]},{"@type":"ImageObject","inLanguage":"de","@id":"https:\/\/fireisolator.com\/de\/feuerloeschdecken-fuer-e-bikes-und-e-scooter\/#primaryimage","url":"https:\/\/fireisolator.com\/wp-content\/uploads\/2025\/02\/Fire-Blanket-Ultimate.jpg","contentUrl":"https:\/\/fireisolator.com\/wp-content\/uploads\/2025\/02\/Fire-Blanket-Ultimate.jpg"},{"@type":"BreadcrumbList","@id":"https:\/\/fireisolator.com\/de\/feuerloeschdecken-fuer-e-bikes-und-e-scooter\/#breadcrumb","itemListElement":[{"@type":"ListItem","position":1,"name":"Home","item":"https:\/\/fireisolator.com\/de\/"},{"@type":"ListItem","position":2,"name":"Feuerl\u00f6schdecken f\u00fcr E-Bikes und E-Scooter"}]},{"@type":"WebSite","@id":"https:\/\/fireisolator.com\/de\/#website","url":"https:\/\/fireisolator.com\/de\/","name":"FIRE\u26a1\ufe0fISOLATOR","description":"The solution to isolate EV car fires","publisher":{"@id":"https:\/\/fireisolator.com\/de\/#organization"},"potentialAction":[{"@type":"SearchAction","target":{"@type":"EntryPoint","urlTemplate":"https:\/\/fireisolator.com\/de\/?s={search_term_string}"},"query-input":{"@type":"PropertyValueSpecification","valueRequired":true,"valueName":"search_term_string"}}],"inLanguage":"de"},{"@type":"Organization","@id":"https:\/\/fireisolator.com\/de\/#organization","name":"Blomsma Signs & Safety","url":"https:\/\/fireisolator.com\/de\/","logo":{"@type":"ImageObject","inLanguage":"de","@id":"https:\/\/fireisolator.com\/de\/#\/schema\/logo\/image\/","url":"","contentUrl":"","caption":"Blomsma Signs & Safety"},"image":{"@id":"https:\/\/fireisolator.com\/de\/#\/schema\/logo\/image\/"}}]}},"_links":{"self":[{"href":"https:\/\/fireisolator.com\/de\/wp-json\/wp\/v2\/pages\/6363","targetHints":{"allow":["GET"]}}],"collection":[{"href":"https:\/\/fireisolator.com\/de\/wp-json\/wp\/v2\/pages"}],"about":[{"href":"https:\/\/fireisolator.com\/de\/wp-json\/wp\/v2\/types\/page"}],"author":[{"embeddable":true,"href":"https:\/\/fireisolator.com\/de\/wp-json\/wp\/v2\/users\/5"}],"replies":[{"embeddable":true,"href":"https:\/\/fireisolator.com\/de\/wp-json\/wp\/v2\/comments?post=6363"}],"version-history":[{"count":8,"href":"https:\/\/fireisolator.com\/de\/wp-json\/wp\/v2\/pages\/6363\/revisions"}],"predecessor-version":[{"id":7067,"href":"https:\/\/fireisolator.com\/de\/wp-json\/wp\/v2\/pages\/6363\/revisions\/7067"}],"wp:attachment":[{"href":"https:\/\/fireisolator.com\/de\/wp-json\/wp\/v2\/media?parent=6363"}],"curies":[{"name":"wp","href":"https:\/\/api.w.org\/{rel}","templated":true}]}}