{"id":6654,"date":"2025-03-05T14:33:46","date_gmt":"2025-03-05T14:33:46","guid":{"rendered":"https:\/\/fireisolator.com\/?page_id=6654"},"modified":"2026-02-26T15:42:33","modified_gmt":"2026-02-26T15:42:33","slug":"ev-firegun","status":"publish","type":"page","link":"https:\/\/fireisolator.com\/de\/ev-firegun\/","title":{"rendered":"Die EV FireGun"},"content":{"rendered":"<div  data-label=\"Content\" data-id=\"content--1\" data-export-id=\"content-2\" data-category=\"content\" class=\"content-2 content-section content-section-spacing\" id=\"content-1\" style=\"background-color: rgb(255, 255, 255);\"><div > <div  class=\"row middle-xs\"><div  class=\"col-sm-5 bg-image shadow-large-black\" data-bg=\"image\" style=\"background-image: url(&quot;https:\/\/fireisolator.com\/wp-content\/uploads\/2025\/02\/EV-fire-gun.jpg&quot;);\"><\/div> <div  class=\"col-sm-7 full-col-left-padding full-col-right-padding\"> <div  class=\"row\"> <div  data-type=\"column\" class=\"space-bottom-small content-title-col\"> <h5  class=\"\">FIRE ISOLATOR<\/h5> <h2  class=\"\">Die EV Fire Gun<\/h2> <p  class=\"\">Die Fire Isolator EV Fire Gun (FI-FIREGUN) ist ein Produkt, das entwickelt wurde, um in den Batteriekasten (eines Elektrofahrzeugs) einzudringen und ihn mit Wasser zu fluten. Auf diese Weise kann man versuchen, das Feuer im Batteriekasten zu l\u00f6schen. Viele Tests haben gezeigt, dass die EV Fire Gun ein wirksames Mittel ist, um eine Ausbreitung des Feuers zu verhindern. Die EV Fire Gun kann 40 Liter Wasser pro Minute bei zwei Bar freisetzen.&nbsp;Speziell f\u00fcr EV-Batterievorf\u00e4lle entwickelt, ist das Werkzeug vollst\u00e4ndig bis 1.000V isoliert und f\u00fcr den sicheren Einsatz in Umgebungen mit hohem Risiko ausgelegt.<\/p><\/div> <\/div> <div  class=\"row spaced-cols \" data-type=\"row\"> <div  class=\"col-xs-6\" data-type=\"column\"> <h5  class=\"\">ABMESSUNGEN UND SPEZIFIKATIONEN<\/h5> <p  class=\"\"><a  data-mce-href=\"..\/..\/wp-content\/uploads\/2025\/01\/Datasheet_FireIsolator_FireGun_2025.pdf\" href=\"..\/..\/wp-content\/uploads\/2025\/01\/Datasheet_FireIsolator_FireGun_2025.pdf\" target=\"_blank\" rel=\"noopener\" data-mce-selected=\"inline-boundary\" data-cp-link=\"1\" class=\"\">Laden Sie das Datenblatt<\/a> zur EV Fire Gun herunter, um weitere Informationen zu erhalten.<\/p><\/div>    <\/div><\/div> <\/div><\/div> <\/div><div  data-label=\"Gallery\" data-id=\"gallery--1\" data-export-id=\"gallery-2\" data-category=\"gallery\" class=\"gallery-2 content-section content-section-spacing\" id=\"gallery-1\" style=\"background-color: rgb(255, 255, 255); background-image: none;\"><div  class=\"\"> <div  class=\"row\"><div  class=\"col-xs-12 full-no-padding\" data-editable=\"true\" data-content-shortcode=\"mesmerize_gallery id=&quot;mesmerize-gallery-2&quot; columns=&quot;4&quot; ids=&quot;6639,6618,6635,6622&quot; lb=&quot;1&quot; masonry=&quot;0&quot; size=&quot;large&quot; link=&quot;file&quot; \"><div id='mesmerize-gallery-2' class='gallery-wrapper'><style type=\"text\/css\">\n                    @media only screen and (min-width: 768px) {\n                    [data-unique-id='mesmerize-gallery-2-69d7cf1a065e5'] dl {\n                        float: left;\n                        width: 25% !important;\n                        max-width:  25% !important;\n                        min-width:  25% !important;\n                    }\n\n                    [data-unique-id='mesmerize-gallery-2-69d7cf1a065e5'] dl:nth-of-type(4n +1 ) {\n                      clear: both;\n                      }\n                    }\n                <\/style><div id='mesmerize-gallery-2' class='mesmerize-gallery-2-dls-wrapper gallery-items-wrapper materialis-gallery' data-unique-id='mesmerize-gallery-2-69d7cf1a065e5'><dl class='gallery-item'>\n\t\t\t<dt class='gallery-icon landscape'>\n\t\t\t\t<a data-fancybox=\"mesmerize-gallery-2-group\" href='https:\/\/fireisolator.com\/wp-content\/uploads\/EV-firegun.jpg'><img decoding=\"async\"  width=\"1024\" height=\"597\" src=\"https:\/\/fireisolator.com\/wp-content\/uploads\/EV-firegun-1024x597.jpg\"  class='mesmerize-gallery-2-image' alt=\"ev firegun\" srcset=\"https:\/\/fireisolator.com\/wp-content\/uploads\/EV-firegun-1024x597.jpg 1024w, https:\/\/fireisolator.com\/wp-content\/uploads\/EV-firegun-300x175.jpg 300w, https:\/\/fireisolator.com\/wp-content\/uploads\/EV-firegun-150x88.jpg 150w, https:\/\/fireisolator.com\/wp-content\/uploads\/EV-firegun-768x448.jpg 768w, https:\/\/fireisolator.com\/wp-content\/uploads\/EV-firegun.jpg 1500w\" sizes=\"(max-width: 1024px) 100vw, 1024px\" \/><\/a>\n\t\t\t<\/dt><\/dl><dl class='gallery-item'>\n\t\t\t<dt class='gallery-icon landscape'>\n\t\t\t\t<a data-fancybox=\"mesmerize-gallery-2-group\" href='https:\/\/fireisolator.com\/wp-content\/uploads\/EV-firegun-tekening.jpg'><img decoding=\"async\"  width=\"1024\" height=\"597\" src=\"https:\/\/fireisolator.com\/wp-content\/uploads\/EV-firegun-tekening-1024x597.jpg\"  class='mesmerize-gallery-2-image' alt=\"EV firegun\" srcset=\"https:\/\/fireisolator.com\/wp-content\/uploads\/EV-firegun-tekening-1024x597.jpg 1024w, https:\/\/fireisolator.com\/wp-content\/uploads\/EV-firegun-tekening-300x175.jpg 300w, https:\/\/fireisolator.com\/wp-content\/uploads\/EV-firegun-tekening-150x88.jpg 150w, https:\/\/fireisolator.com\/wp-content\/uploads\/EV-firegun-tekening-768x448.jpg 768w, https:\/\/fireisolator.com\/wp-content\/uploads\/EV-firegun-tekening.jpg 1500w\" sizes=\"(max-width: 1024px) 100vw, 1024px\" \/><\/a>\n\t\t\t<\/dt><\/dl><dl class='gallery-item'>\n\t\t\t<dt class='gallery-icon landscape'>\n\t\t\t\t<a data-fancybox=\"mesmerize-gallery-2-group\" href='https:\/\/fireisolator.com\/wp-content\/uploads\/ev-firegun-video.jpg'><img decoding=\"async\"  width=\"1024\" height=\"597\" src=\"https:\/\/fireisolator.com\/wp-content\/uploads\/ev-firegun-video-1024x597.jpg\"  class='mesmerize-gallery-2-image' alt=\"ev firegun\" srcset=\"https:\/\/fireisolator.com\/wp-content\/uploads\/ev-firegun-video-1024x597.jpg 1024w, https:\/\/fireisolator.com\/wp-content\/uploads\/ev-firegun-video-300x175.jpg 300w, https:\/\/fireisolator.com\/wp-content\/uploads\/ev-firegun-video-150x88.jpg 150w, https:\/\/fireisolator.com\/wp-content\/uploads\/ev-firegun-video-768x448.jpg 768w, https:\/\/fireisolator.com\/wp-content\/uploads\/ev-firegun-video.jpg 1500w\" sizes=\"(max-width: 1024px) 100vw, 1024px\" \/><\/a>\n\t\t\t<\/dt><\/dl><dl class='gallery-item'>\n\t\t\t<dt class='gallery-icon landscape'>\n\t\t\t\t<a data-fancybox=\"mesmerize-gallery-2-group\" href='https:\/\/fireisolator.com\/wp-content\/uploads\/toepassing-EV-firegun.jpg'><img decoding=\"async\"  width=\"1024\" height=\"597\" src=\"https:\/\/fireisolator.com\/wp-content\/uploads\/toepassing-EV-firegun-1024x597.jpg\"  class='mesmerize-gallery-2-image' alt=\"EV firegun\" srcset=\"https:\/\/fireisolator.com\/wp-content\/uploads\/toepassing-EV-firegun-1024x597.jpg 1024w, https:\/\/fireisolator.com\/wp-content\/uploads\/toepassing-EV-firegun-300x175.jpg 300w, https:\/\/fireisolator.com\/wp-content\/uploads\/toepassing-EV-firegun-150x88.jpg 150w, https:\/\/fireisolator.com\/wp-content\/uploads\/toepassing-EV-firegun-768x448.jpg 768w, https:\/\/fireisolator.com\/wp-content\/uploads\/toepassing-EV-firegun.jpg 1500w\" sizes=\"(max-width: 1024px) 100vw, 1024px\" \/><\/a>\n\t\t\t<\/dt><\/dl>\n\t\t<\/div>\n<script>(function($){window.MaterialisCaptionsGallery && window.MaterialisCaptionsGallery($('[data-unique-id=\"mesmerize-gallery-2-69d7cf1a065e5\"]'))})(jQuery)<\/script><\/div><\/div><\/div> <\/div><\/div><div  data-label=\"Content\" data-id=\"content--4\" data-export-id=\"content-11\" data-category=\"content\" class=\"content-11 content-section content-section-spacing\" id=\"content-4\" style=\"background-color: rgb(255, 255, 255); background-image: none;\"><div  class=\"gridContainer\"> <div  class=\"row text-center\"><div  class=\"section-title-col\" data-type=\"column\"> <h2  class=\"\">Vorteile und Merkmale<\/h2> <p  class=\"lead\">Die Fire Isolator EV FireGun (FI-FIREGUN) ist ein spezielles Werkzeug, das entwickelt wurde, um das Batteriegeh\u00e4use eines Elektrofahrzeugs zu durchdringen und es mit Wasser zu fluten. Diese Methode zielt direkt auf die W\u00e4rmequelle ab, wodurch das Batteriepaket von innen gek\u00fchlt und Thermal Runaway reduziert wird. Herk\u00f6mmliche L\u00f6schmethoden erfordern oft gro\u00dfe Mengen Wasser, um einen EV-Brand von au\u00dfen zu k\u00fchlen, w\u00e4hrend die EV FireGun eine effizientere L\u00f6sung bietet, indem sie 40 Liter Wasser pro Minute bei zwei Bar direkt in das Batteriegeh\u00e4use einspritzt.\n<br ><br >Durch die K\u00fchlung der Zellen von innen wird das Risiko einer Brandausbreitung und Wiederentz\u00fcndung erheblich verringert. Das Werkzeug ist f\u00fcr den schnellen Einsatz konzipiert, sodass Einsatzkr\u00e4fte in kritischen Situationen rasch handeln k\u00f6nnen. Dank hochwertiger Materialien ist es langlebig und zuverl\u00e4ssig f\u00fcr den Einsatz in anspruchsvollen Notfallszenarien.\n<br ><br >Die Fire Isolator EV FireGun ist am effektivsten in Kombination mit unseren anderen Produkten als Teil des FIRE\u26a1\ufe0fISOLATOR Konzepts. Dieser umfassende Ansatz besteht aus mehreren getesteten und bew\u00e4hrten Elementen, die entwickelt wurden, um Br\u00e4nde von Elektrofahrzeugen bestm\u00f6glich zu kontrollieren. Das Konzept umfasst unsere hitzebest\u00e4ndige Feuerl\u00f6schdecke zur Isolierung und Kontrolle des Brandes, Aerosol Units zur Flammenunterdr\u00fcckung und Temperaturreduktion, Wassernebellanzen zur Minimierung giftiger D\u00e4mpfe und zur K\u00fchlung des Elektrofahrzeugs sowie eine W\u00e4rmebildkamera zur \u00dcberwachung. Die EV FireGun spielt eine entscheidende Rolle in diesem Konzept, indem sie das Batteriegeh\u00e4use durchdringt und mit Wasser sp\u00fclt, um eine Wiederentz\u00fcndung zu verhindern.<\/p><\/div> <\/div> <div  class=\"row center-xs middle-xs\"> <div  class=\"col-sm-9\"> <div  class=\"lightbox-video lightbox-video-tall dark-overlay shadow-large flexbox middle-xs center-xs\" data-type=\"group\" data-bg=\"image\" style=\"background-image: url(&quot;https:\/\/fireisolator.com\/wp-content\/uploads\/Schermafbeelding-2026-02-11-152110.png&quot;);\"> <a  data-fancybox=\"\" data-video-lightbox=\"true\" href=\"https:\/\/www.youtube.com\/watch?v=8yS9NKD0C7k\" class=\"\"> <i  data-cp-fa=\"true\" class=\"fa video-icon fa-play-circle-o color-white\"><\/i><\/a> <\/div><\/div> <\/div><\/div> <\/div><div  data-label=\"Content\" data-id=\"content--2\" data-export-id=\"content-11\" data-category=\"content\" class=\"content-11 content-section content-section-spacing\" id=\"content-2\" style=\"background-color: rgb(255, 255, 255);\"><div  class=\"gridContainer\"> <div  class=\"row text-center\"><div  class=\"section-title-col\" data-type=\"column\">  <\/div> <\/div> <div  class=\"row center-xs middle-xs\"> <div  class=\"col-sm-9\"> <div  class=\"lightbox-video lightbox-video-tall dark-overlay shadow-large flexbox middle-xs center-xs\" data-type=\"group\" data-bg=\"image\" style=\"background-image: url(&quot;https:\/\/fireisolator.com\/wp-content\/uploads\/EV-firegun.jpg&quot;);\"> <a  data-fancybox=\"\" data-video-lightbox=\"true\" href=\"https:\/\/www.youtube.com\/watch?v=Eit5fN0nihA\" class=\"\"> <i  data-cp-fa=\"true\" class=\"fa video-icon fa-play-circle-o color-white\"><\/i><\/a> <\/div><\/div> <\/div><\/div> <\/div><div  data-label=\"Content\" data-id=\"content--3\" data-export-id=\"content-11\" data-category=\"content\" class=\"content-11 content-section content-section-spacing\" id=\"content-3\" style=\"background-color: rgb(255, 255, 255); background-image: none;\"><div  class=\"gridContainer\"> <div  class=\"row text-center\"><div  class=\"section-title-col\" data-type=\"column\">  <\/div> <\/div> <div  class=\"row center-xs middle-xs\"> <div  class=\"col-sm-9\"> <div  class=\"lightbox-video lightbox-video-tall dark-overlay shadow-large flexbox middle-xs center-xs\" data-type=\"group\" data-bg=\"image\" style=\"background-image: url(&quot;https:\/\/fireisolator.com\/wp-content\/uploads\/ev-fire-gun-video-thumbnail.jpg&quot;);\"> <a  data-fancybox=\"\" data-video-lightbox=\"true\" href=\"https:\/\/www.youtube.com\/watch?v=Ta7PE-9vZZo\" class=\"\"> <i  data-cp-fa=\"true\" class=\"fa video-icon fa-play-circle-o color-white\"><\/i><\/a> <\/div><\/div> <\/div><\/div> <\/div>","protected":false},"excerpt":{"rendered":"<p>FIRE ISOLATOR Die EV Fire Gun Die Fire Isolator EV Fire Gun (FI-FIREGUN) ist ein Produkt, das entwickelt wurde, um in den Batteriekasten (eines Elektrofahrzeugs) einzudringen und ihn mit Wasser zu fluten. Auf diese Weise kann man versuchen, das Feuer im Batteriekasten zu l\u00f6schen. Viele Tests haben gezeigt, dass die EV Fire Gun ein wirksames&hellip; <br \/> <a class=\"read-more\" href=\"https:\/\/fireisolator.com\/de\/ev-firegun\/\">Weiterlesen<\/a><\/p>\n","protected":false},"author":5,"featured_media":0,"parent":0,"menu_order":0,"comment_status":"closed","ping_status":"closed","template":"pro\/page-templates\/full-width-page.php","meta":{"_acf_changed":false,"content-type":"","inline_featured_image":false,"footnotes":""},"class_list":["post-6654","page","type-page","status-publish","hentry"],"acf":[],"yoast_head":"<!-- This site is optimized with the Yoast SEO Premium plugin v24.6 (Yoast SEO v24.6) - https:\/\/yoast.com\/wordpress\/plugins\/seo\/ -->\n<title>Die EV FireGun &#8226; Fire Isolator<\/title>\n<meta name=\"description\" content=\"Die EV Fire Gun (FI-FIREGUN) ist ein Werkzeug, das entwickelt wurde, um in den Batteriekasten einzudringen und ihn mit Wasser zu fluten.\" \/>\n<meta name=\"robots\" content=\"index, follow, max-snippet:-1, max-image-preview:large, max-video-preview:-1\" \/>\n<link rel=\"canonical\" href=\"https:\/\/fireisolator.com\/de\/ev-firegun\/\" \/>\n<meta property=\"og:locale\" content=\"de_DE\" \/>\n<meta property=\"og:type\" content=\"article\" \/>\n<meta property=\"og:title\" content=\"Die EV FireGun\" \/>\n<meta property=\"og:description\" content=\"Die EV Fire Gun (FI-FIREGUN) ist ein Werkzeug, das entwickelt wurde, um in den Batteriekasten einzudringen und ihn mit Wasser zu fluten.\" \/>\n<meta property=\"og:url\" content=\"https:\/\/fireisolator.com\/de\/ev-firegun\/\" \/>\n<meta property=\"og:site_name\" content=\"Fire Isolator\" \/>\n<meta property=\"article:modified_time\" content=\"2026-02-26T15:42:33+00:00\" \/>\n<meta name=\"twitter:card\" content=\"summary_large_image\" \/>\n<meta name=\"twitter:label1\" content=\"Gesch\u00e4tzte Lesezeit\" \/>\n\t<meta name=\"twitter:data1\" content=\"2\u00a0Minuten\" \/>\n<script type=\"application\/ld+json\" class=\"yoast-schema-graph\">{\"@context\":\"https:\/\/schema.org\",\"@graph\":[{\"@type\":\"WebPage\",\"@id\":\"https:\/\/fireisolator.com\/de\/ev-firegun\/\",\"url\":\"https:\/\/fireisolator.com\/de\/ev-firegun\/\",\"name\":\"Die EV FireGun &#8226; Fire Isolator\",\"isPartOf\":{\"@id\":\"https:\/\/fireisolator.com\/de\/#website\"},\"datePublished\":\"2025-03-05T14:33:46+00:00\",\"dateModified\":\"2026-02-26T15:42:33+00:00\",\"description\":\"Die EV Fire Gun (FI-FIREGUN) ist ein Werkzeug, das entwickelt wurde, um in den Batteriekasten einzudringen und ihn mit Wasser zu fluten.\",\"breadcrumb\":{\"@id\":\"https:\/\/fireisolator.com\/de\/ev-firegun\/#breadcrumb\"},\"inLanguage\":\"de\",\"potentialAction\":[{\"@type\":\"ReadAction\",\"target\":[\"https:\/\/fireisolator.com\/de\/ev-firegun\/\"]}]},{\"@type\":\"BreadcrumbList\",\"@id\":\"https:\/\/fireisolator.com\/de\/ev-firegun\/#breadcrumb\",\"itemListElement\":[{\"@type\":\"ListItem\",\"position\":1,\"name\":\"Home\",\"item\":\"https:\/\/fireisolator.com\/de\/\"},{\"@type\":\"ListItem\",\"position\":2,\"name\":\"Die EV FireGun\"}]},{\"@type\":\"WebSite\",\"@id\":\"https:\/\/fireisolator.com\/de\/#website\",\"url\":\"https:\/\/fireisolator.com\/de\/\",\"name\":\"FIRE\u26a1\ufe0fISOLATOR\",\"description\":\"The solution to isolate EV car fires\",\"publisher\":{\"@id\":\"https:\/\/fireisolator.com\/de\/#organization\"},\"potentialAction\":[{\"@type\":\"SearchAction\",\"target\":{\"@type\":\"EntryPoint\",\"urlTemplate\":\"https:\/\/fireisolator.com\/de\/?s={search_term_string}\"},\"query-input\":{\"@type\":\"PropertyValueSpecification\",\"valueRequired\":true,\"valueName\":\"search_term_string\"}}],\"inLanguage\":\"de\"},{\"@type\":\"Organization\",\"@id\":\"https:\/\/fireisolator.com\/de\/#organization\",\"name\":\"Blomsma Signs & Safety\",\"url\":\"https:\/\/fireisolator.com\/de\/\",\"logo\":{\"@type\":\"ImageObject\",\"inLanguage\":\"de\",\"@id\":\"https:\/\/fireisolator.com\/de\/#\/schema\/logo\/image\/\",\"url\":\"\",\"contentUrl\":\"\",\"caption\":\"Blomsma Signs & Safety\"},\"image\":{\"@id\":\"https:\/\/fireisolator.com\/de\/#\/schema\/logo\/image\/\"}}]}<\/script>\n<!-- \/ Yoast SEO Premium plugin. -->","yoast_head_json":{"title":"Die EV FireGun &#8226; Fire Isolator","description":"Die EV Fire Gun (FI-FIREGUN) ist ein Werkzeug, das entwickelt wurde, um in den Batteriekasten einzudringen und ihn mit Wasser zu fluten.","robots":{"index":"index","follow":"follow","max-snippet":"max-snippet:-1","max-image-preview":"max-image-preview:large","max-video-preview":"max-video-preview:-1"},"canonical":"https:\/\/fireisolator.com\/de\/ev-firegun\/","og_locale":"de_DE","og_type":"article","og_title":"Die EV FireGun","og_description":"Die EV Fire Gun (FI-FIREGUN) ist ein Werkzeug, das entwickelt wurde, um in den Batteriekasten einzudringen und ihn mit Wasser zu fluten.","og_url":"https:\/\/fireisolator.com\/de\/ev-firegun\/","og_site_name":"Fire Isolator","article_modified_time":"2026-02-26T15:42:33+00:00","twitter_card":"summary_large_image","twitter_misc":{"Gesch\u00e4tzte Lesezeit":"2\u00a0Minuten"},"schema":{"@context":"https:\/\/schema.org","@graph":[{"@type":"WebPage","@id":"https:\/\/fireisolator.com\/de\/ev-firegun\/","url":"https:\/\/fireisolator.com\/de\/ev-firegun\/","name":"Die EV FireGun &#8226; Fire Isolator","isPartOf":{"@id":"https:\/\/fireisolator.com\/de\/#website"},"datePublished":"2025-03-05T14:33:46+00:00","dateModified":"2026-02-26T15:42:33+00:00","description":"Die EV Fire Gun (FI-FIREGUN) ist ein Werkzeug, das entwickelt wurde, um in den Batteriekasten einzudringen und ihn mit Wasser zu fluten.","breadcrumb":{"@id":"https:\/\/fireisolator.com\/de\/ev-firegun\/#breadcrumb"},"inLanguage":"de","potentialAction":[{"@type":"ReadAction","target":["https:\/\/fireisolator.com\/de\/ev-firegun\/"]}]},{"@type":"BreadcrumbList","@id":"https:\/\/fireisolator.com\/de\/ev-firegun\/#breadcrumb","itemListElement":[{"@type":"ListItem","position":1,"name":"Home","item":"https:\/\/fireisolator.com\/de\/"},{"@type":"ListItem","position":2,"name":"Die EV FireGun"}]},{"@type":"WebSite","@id":"https:\/\/fireisolator.com\/de\/#website","url":"https:\/\/fireisolator.com\/de\/","name":"FIRE\u26a1\ufe0fISOLATOR","description":"The solution to isolate EV car fires","publisher":{"@id":"https:\/\/fireisolator.com\/de\/#organization"},"potentialAction":[{"@type":"SearchAction","target":{"@type":"EntryPoint","urlTemplate":"https:\/\/fireisolator.com\/de\/?s={search_term_string}"},"query-input":{"@type":"PropertyValueSpecification","valueRequired":true,"valueName":"search_term_string"}}],"inLanguage":"de"},{"@type":"Organization","@id":"https:\/\/fireisolator.com\/de\/#organization","name":"Blomsma Signs & Safety","url":"https:\/\/fireisolator.com\/de\/","logo":{"@type":"ImageObject","inLanguage":"de","@id":"https:\/\/fireisolator.com\/de\/#\/schema\/logo\/image\/","url":"","contentUrl":"","caption":"Blomsma Signs & Safety"},"image":{"@id":"https:\/\/fireisolator.com\/de\/#\/schema\/logo\/image\/"}}]}},"_links":{"self":[{"href":"https:\/\/fireisolator.com\/de\/wp-json\/wp\/v2\/pages\/6654","targetHints":{"allow":["GET"]}}],"collection":[{"href":"https:\/\/fireisolator.com\/de\/wp-json\/wp\/v2\/pages"}],"about":[{"href":"https:\/\/fireisolator.com\/de\/wp-json\/wp\/v2\/types\/page"}],"author":[{"embeddable":true,"href":"https:\/\/fireisolator.com\/de\/wp-json\/wp\/v2\/users\/5"}],"replies":[{"embeddable":true,"href":"https:\/\/fireisolator.com\/de\/wp-json\/wp\/v2\/comments?post=6654"}],"version-history":[{"count":6,"href":"https:\/\/fireisolator.com\/de\/wp-json\/wp\/v2\/pages\/6654\/revisions"}],"predecessor-version":[{"id":8508,"href":"https:\/\/fireisolator.com\/de\/wp-json\/wp\/v2\/pages\/6654\/revisions\/8508"}],"wp:attachment":[{"href":"https:\/\/fireisolator.com\/de\/wp-json\/wp\/v2\/media?parent=6654"}],"curies":[{"name":"wp","href":"https:\/\/api.w.org\/{rel}","templated":true}]}}