{"id":7159,"date":"2025-06-04T09:03:19","date_gmt":"2025-06-04T09:03:19","guid":{"rendered":"https:\/\/fireisolator.com\/?page_id=7159"},"modified":"2025-08-14T08:55:23","modified_gmt":"2025-08-14T08:55:23","slug":"feuerloeschdecke-fuer-gabelstapler","status":"publish","type":"page","link":"https:\/\/fireisolator.com\/de\/feuerloeschdecke-fuer-gabelstapler\/","title":{"rendered":"FI-BL0707 Ultimate Feuerl\u00f6schdecke f\u00fcr Gabelstapler"},"content":{"rendered":"<div  data-label=\"Content\" data-id=\"content--1\" data-export-id=\"content-2\" data-category=\"content\" class=\"content-2 content-section content-section-spacing\" id=\"content-1\" style=\"background-color: rgb(255, 255, 255);\"><div > <div  class=\"row middle-xs\"><div  class=\"col-sm-5 bg-image shadow-large-black\" data-bg=\"image\" style=\"background-image: url(&quot;https:\/\/fireisolator.com\/wp-content\/uploads\/Forklift-Fire-blanket-2.jpg&quot;);\"><\/div> <div  class=\"col-sm-7 full-col-left-padding full-col-right-padding\"> <div  class=\"row\"> <div  data-type=\"column\" class=\"space-bottom-small content-title-col\"> <h5  class=\"\">FIRE ISOLATOR<\/h5> <h2  class=\"\">Die FI-BL0707 &amp; FI-BL0808 Ultimate Feuerl\u00f6schdecke f\u00fcr Gabelstapler<\/h2> <p  class=\"\">Die Ultimate Feuerl\u00f6schdecke f\u00fcr Gabelstapler ist speziell f\u00fcr Lithium-Ionen-Br\u00e4nde in Gabelstaplern und anderen Elektrofahrzeugen in Lagerbereichen entwickelt worden. Getestet nach h\u00f6chsten Brandschutzstandards, bew\u00e4hrt sich die FI-BL0707 (und die gr\u00f6\u00dfere FI-BL0808) auch in realen Brandf\u00e4llen. Sie h\u00e4lt Flammen zur\u00fcck, begrenzt Rauchgase und schafft optimale Bedingungen f\u00fcr den Einsatz von Aerosol Units \u2013 um Brandausbreitung und Sch\u00e4den zu minimieren.<\/p><\/div> <\/div> <div  class=\"row spaced-cols \" data-type=\"row\"> <div  class=\"col-xs-6\" data-type=\"column\"> <h5  class=\"\">MATERIALIEN<\/h5> <p  class=\"\" aria-label=\"To enrich screen reader interactions, please activate Accessibility in Grammarly extension settings\">Erh\u00e4ltlich in drei Varianten Erh\u00e4ltlich in drei hochtemperaturbest\u00e4ndigen Silicium-Varianten f\u00fcr bis zu 2050\u202f\u00b0C \/ 3720\u202f\u00b0F, mit oder ohne Beschichtung.<\/p><\/div> <div  class=\"col-xs-6\" data-type=\"column\"><h5  class=\"\">TESTS<\/h5> <p  class=\"\" aria-label=\"To enrich screen reader interactions, please activate Accessibility in Grammarly extension settings\">Getestet und klassifiziert gem\u00e4\u00df ISO EN 13501-1 A1, ISO 1716, ISO 1182, NFPA 701, DIN 91489 und ASTM D6413.<\/p><\/div> <div  class=\"col-xs-6\" data-type=\"column\"><h5  class=\"\">ABMESSUNGEN &amp; SPEZIFIKATIONEN<\/h5> <p  class=\"\">7\u00d77\u202fm (23\u00d723\u202fft) \u2013 32\u202fkg<br >\n8\u00d78\u202fm (26\u00d726\u202fft) \u2013 42\u202fkg<br >\n<a  data-mce-href=\"..\/..\/wp-content\/uploads\/FI-BL0707_Datasheet_FireIsolator_UltimateForkliftFireBlanket.pdf\" href=\"..\/..\/wp-content\/uploads\/FI-BL0707_Datasheet_FireIsolator_UltimateForkliftFireBlanket.pdf\" target=\"_blank\" rel=\"noopener\" data-mce-selected=\"inline-boundary\" data-cp-link=\"1\" class=\"\">Datenblatt herunterladen.<\/a><\/p><\/div> <div  class=\"col-xs-6\" data-type=\"column\"><h5  class=\"\">EINFACHE HANDHABUNG<\/h5> <p  class=\"\">Leicht zu handhaben, ausgestattet mit farbigen Schlaufen. Schulungen verf\u00fcgbar \u2013 <a  data-mce-href=\"kontakt\/\" href=\"https:\/\/fireisolator.com\/de\/kontakt\/\" target=\"_self\" data-mce-selected=\"inline-boundary\" data-cp-link=\"1\">kontaktieren Sie uns<\/a> f\u00fcr Anfragen.<\/p><\/div> <\/div><\/div> <\/div><\/div> <\/div><div  data-label=\"Cta\" data-id=\"cta--1\" data-export-id=\"cta-blue-section\" data-category=\"cta\" class=\"cta-blue-section content-section content-section-spacing-medium bg-color1 white-text\" id=\"cta-1\"><div  class=\"gridContainer\"> <div  class=\"row middle-xs\"><div  class=\"col-sm-8 space-bottom-xs\" data-type=\"column\"> <h2  class=\"\">Lassen Sie uns Kontakt aufnehmen!<\/h2> <\/div> <div  class=\"col-sm-4 end-sm\" data-type=\"column\"> <a  class=\"button color-white dark-text\" href=\"https:\/\/fireisolator.com\/de\/kontakt\/\" target=\"_self\" data-cp-link=\"1\" data-icon=\"\">KONTAKT<\/a><\/div> <\/div><\/div> <\/div><div  data-label=\"Gallery\" data-id=\"gallery--1\" data-export-id=\"gallery-2\" data-category=\"gallery\" class=\"gallery-2 content-section content-section-spacing\" id=\"gallery-1\" style=\"background-color: rgb(255, 255, 255); background-image: none;\"><div  class=\"\"> <div  class=\"row\"><div  class=\"col-xs-12 full-no-padding\" data-editable=\"true\" data-content-shortcode=\"mesmerize_gallery id=&quot;mesmerize-gallery-2&quot; columns=&quot;3&quot; ids=&quot;7168,7173,7177&quot; lb=&quot;1&quot; masonry=&quot;0&quot; size=&quot;large&quot; link=&quot;file&quot; \"><div id='mesmerize-gallery-2' class='gallery-wrapper'><style type=\"text\/css\">\n                    @media only screen and (min-width: 768px) {\n                    [data-unique-id='mesmerize-gallery-2-69d7cde97fa12'] dl {\n                        float: left;\n                        width: 33.333333333333% !important;\n                        max-width:  33.333333333333% !important;\n                        min-width:  33.333333333333% !important;\n                    }\n\n                    [data-unique-id='mesmerize-gallery-2-69d7cde97fa12'] dl:nth-of-type(3n +1 ) {\n                      clear: both;\n                      }\n                    }\n                <\/style><div id='mesmerize-gallery-2' class='mesmerize-gallery-2-dls-wrapper gallery-items-wrapper materialis-gallery' data-unique-id='mesmerize-gallery-2-69d7cde97fa12'><dl class='gallery-item'>\n\t\t\t<dt class='gallery-icon landscape'>\n\t\t\t\t<a data-fancybox=\"mesmerize-gallery-2-group\" href='https:\/\/fireisolator.com\/wp-content\/uploads\/Forklift-animated-1-1.jpg'><img decoding=\"async\"  width=\"1024\" height=\"1024\" src=\"https:\/\/fireisolator.com\/wp-content\/uploads\/Forklift-animated-1-1.jpg\"  class='mesmerize-gallery-2-image' alt=\"Feuerl\u00f6schdecke f\u00fcr Gabelstapler\" srcset=\"https:\/\/fireisolator.com\/wp-content\/uploads\/Forklift-animated-1-1.jpg 1024w, https:\/\/fireisolator.com\/wp-content\/uploads\/Forklift-animated-1-1-300x300.jpg 300w, https:\/\/fireisolator.com\/wp-content\/uploads\/Forklift-animated-1-1-150x150.jpg 150w, https:\/\/fireisolator.com\/wp-content\/uploads\/Forklift-animated-1-1-768x768.jpg 768w\" sizes=\"(max-width: 1024px) 100vw, 1024px\" \/><\/a>\n\t\t\t<\/dt><\/dl><dl class='gallery-item'>\n\t\t\t<dt class='gallery-icon landscape'>\n\t\t\t\t<a data-fancybox=\"mesmerize-gallery-2-group\" href='https:\/\/fireisolator.com\/wp-content\/uploads\/Forklift-animated-2-1.jpg'><img decoding=\"async\"  width=\"1024\" height=\"1024\" src=\"https:\/\/fireisolator.com\/wp-content\/uploads\/Forklift-animated-2-1.jpg\"  class='mesmerize-gallery-2-image' alt=\"Feuerl\u00f6schdecke f\u00fcr Gabelstapler\" srcset=\"https:\/\/fireisolator.com\/wp-content\/uploads\/Forklift-animated-2-1.jpg 1024w, https:\/\/fireisolator.com\/wp-content\/uploads\/Forklift-animated-2-1-300x300.jpg 300w, https:\/\/fireisolator.com\/wp-content\/uploads\/Forklift-animated-2-1-150x150.jpg 150w, https:\/\/fireisolator.com\/wp-content\/uploads\/Forklift-animated-2-1-768x768.jpg 768w\" sizes=\"(max-width: 1024px) 100vw, 1024px\" \/><\/a>\n\t\t\t<\/dt><\/dl><dl class='gallery-item'>\n\t\t\t<dt class='gallery-icon landscape'>\n\t\t\t\t<a data-fancybox=\"mesmerize-gallery-2-group\" href='https:\/\/fireisolator.com\/wp-content\/uploads\/Forklift-animated-3-1.jpg'><img decoding=\"async\"  width=\"1024\" height=\"1024\" src=\"https:\/\/fireisolator.com\/wp-content\/uploads\/Forklift-animated-3-1.jpg\"  class='mesmerize-gallery-2-image' alt=\"Feuerl\u00f6schdecke f\u00fcr Gabelstapler\" srcset=\"https:\/\/fireisolator.com\/wp-content\/uploads\/Forklift-animated-3-1.jpg 1024w, https:\/\/fireisolator.com\/wp-content\/uploads\/Forklift-animated-3-1-300x300.jpg 300w, https:\/\/fireisolator.com\/wp-content\/uploads\/Forklift-animated-3-1-150x150.jpg 150w, https:\/\/fireisolator.com\/wp-content\/uploads\/Forklift-animated-3-1-768x768.jpg 768w\" sizes=\"(max-width: 1024px) 100vw, 1024px\" \/><\/a>\n\t\t\t<\/dt><\/dl>\n\t\t<\/div>\n<script>(function($){window.MaterialisCaptionsGallery && window.MaterialisCaptionsGallery($('[data-unique-id=\"mesmerize-gallery-2-69d7cde97fa12\"]'))})(jQuery)<\/script><\/div><\/div><\/div> <\/div><\/div><div  data-label=\"Content\" data-id=\"content--2\" data-export-id=\"content-12\" data-category=\"content\" class=\"content-12 content-section content-section-spacing\" id=\"content-2\" style=\"background-color: rgb(255, 255, 255);\"><div  class=\"gridContainer\"> <div  class=\"row text-center\"><div  class=\"section-title-col\" data-type=\"column\"> <h2  class=\"\">Vorteile und Merkmale<\/h2> <p  class=\"lead\" style=\"text-align: left;\">Die FI-BL0707 Ultimate Feuerl\u00f6schdecke f\u00fcr Gabelstapler wurde entwickelt, um Br\u00e4nde von Gabelstaplern mit Lithium-Ionen-Batterien einzud\u00e4mmen. Mit einer Spitzentemperaturbest\u00e4ndigkeit von bis zu 1600\u202f\u00b0C (2900\u202f\u00b0F) und der F\u00e4higkeit, einer Dauerhitze von 1100\u202f\u00b0C (2200\u202f\u00b0F) \u00fcber mehr als 50 Stunden standzuhalten, ist diese Decke f\u00fcr die langanhaltende Natur von Lithium-Ionen-Br\u00e4nden konzipiert \u2013 und hilft, eine Ausbreitung des Feuers zu verhindern und Sch\u00e4den an Ihrer Anlage und Ausr\u00fcstung zu reduzieren.\n<br ><br >\nGefertigt aus hochwertigen Silicium-Materialien ist die Ultimate Feuerl\u00f6schdecke f\u00fcr Gabelstapler sowohl langlebig als auch umweltfreundlich. Das Material wurde speziell wegen seiner Widerstandsf\u00e4higkeit unter extremen Brandbedingungen ausgew\u00e4hlt und hat sich in unseren Brandtests als nicht entflammbar erwiesen.\n<br ><br >\nDie Modelle FI-BL0707 und FI-BL0808 wurden strengen Tests unterzogen und erf\u00fcllen h\u00f6chste Sicherheitsstandards, einschlie\u00dflich ISO EN 13501-1, <a  data-mce-href=\"https:\/\/www.nfpa.org\/codes-and-standards\/nfpa-701-standard-development\/701\" href=\"https:\/\/www.nfpa.org\/codes-and-standards\/nfpa-701-standard-development\/701\" target=\"_blank\" rel=\"noopener\" data-mce-selected=\"inline-boundary\" data-cp-link=\"1\" class=\"\">NFPA 701<\/a> und ASTM D6413. Weltweit besitzen nur drei Hersteller von Feuerl\u00f6schdecken ein A1-Feuerklassifizierungszertifikat nach ISO 13501-1 \u2013 und wir sind stolz darauf, dazu zu geh\u00f6ren.\n<br ><br >\nBenutzerfreundlichkeit steht im Vordergrund: Die Decke kann dank der farbcodierten Schlaufen intuitiv und schnell von nur zwei Personen eingesetzt werden. Fire Isolator unterst\u00fctzt H\u00e4ndler und Kunden zudem mit Schulungen, einschlie\u00dflich eines animierten Anleitungsvideos zum sicheren und effektiven Einsatz der Decke bei einem Gabelstaplerbrand.\n<br ><br ><b >\nWeitere Vorteile:<\/b><br >\n\u2022 Wiederverwendbar und nach Gebrauch leicht zu reinigen<br >\n\u2022 Begrenzung des Sauerstoffflusses zur Flammenunterdr\u00fcckung und Schadensminimierung<br >\n\u2022 F\u00fcr Gabelstapler konzipiert, aber auch f\u00fcr andere Elektrofahrzeuge geeignet<br >\n\u2022 Erh\u00e4ltlich in Sondergr\u00f6\u00dfen f\u00fcr verschiedene Gabelstaplermodelle und -abmessungen<\/p><\/div> <\/div> <div  class=\"row center-xs middle-xs\"> <div  class=\"col-sm-9\" data-type=\"column\"><a  class=\"button color1\" href=\"https:\/\/fireisolator.com\/de\/kontakt\/\" target=\"_self\" data-cp-link=\"1\" data-icon=\"\">Kontaktieren Sie uns f\u00fcr weitere Informationen<\/a> <\/div> <\/div><\/div> <\/div>","protected":false},"excerpt":{"rendered":"<p>FIRE ISOLATOR Die FI-BL0707 &amp; FI-BL0808 Ultimate Feuerl\u00f6schdecke f\u00fcr Gabelstapler Die Ultimate Feuerl\u00f6schdecke f\u00fcr Gabelstapler ist speziell f\u00fcr Lithium-Ionen-Br\u00e4nde in Gabelstaplern und anderen Elektrofahrzeugen in Lagerbereichen entwickelt worden. Getestet nach h\u00f6chsten Brandschutzstandards, bew\u00e4hrt sich die FI-BL0707 (und die gr\u00f6\u00dfere FI-BL0808) auch in realen Brandf\u00e4llen. Sie h\u00e4lt Flammen zur\u00fcck, begrenzt Rauchgase und schafft optimale Bedingungen f\u00fcr&hellip; <br \/> <a class=\"read-more\" href=\"https:\/\/fireisolator.com\/de\/feuerloeschdecke-fuer-gabelstapler\/\">Weiterlesen<\/a><\/p>\n","protected":false},"author":5,"featured_media":0,"parent":0,"menu_order":0,"comment_status":"closed","ping_status":"closed","template":"pro\/page-templates\/full-width-page.php","meta":{"_acf_changed":false,"content-type":"","inline_featured_image":false,"footnotes":""},"class_list":["post-7159","page","type-page","status-publish","hentry"],"acf":[],"yoast_head":"<!-- This site is optimized with the Yoast SEO Premium plugin v24.6 (Yoast SEO v24.6) - https:\/\/yoast.com\/wordpress\/plugins\/seo\/ -->\n<title>FI-BL0707 Ultimate Feuerl\u00f6schdecke f\u00fcr Gabelstapler &#8226; Fire Isolator<\/title>\n<meta name=\"description\" content=\"Unsere Ultimate Feuerl\u00f6schdecke f\u00fcr Gabelstapler wurde f\u00fcr Br\u00e4nde von Lithium-Ionen-Batterien in Gabelstaplern entwickelt.\" \/>\n<meta name=\"robots\" content=\"index, follow, max-snippet:-1, max-image-preview:large, max-video-preview:-1\" \/>\n<link rel=\"canonical\" href=\"https:\/\/fireisolator.com\/de\/feuerloeschdecke-fuer-gabelstapler\/\" \/>\n<meta property=\"og:locale\" content=\"de_DE\" \/>\n<meta property=\"og:type\" content=\"article\" \/>\n<meta property=\"og:title\" content=\"FI-BL0707 Ultimate Feuerl\u00f6schdecke f\u00fcr Gabelstapler\" \/>\n<meta property=\"og:description\" content=\"Unsere Ultimate Feuerl\u00f6schdecke f\u00fcr Gabelstapler wurde f\u00fcr Br\u00e4nde von Lithium-Ionen-Batterien in Gabelstaplern entwickelt.\" \/>\n<meta property=\"og:url\" content=\"https:\/\/fireisolator.com\/de\/feuerloeschdecke-fuer-gabelstapler\/\" \/>\n<meta property=\"og:site_name\" content=\"Fire Isolator\" \/>\n<meta property=\"article:modified_time\" content=\"2025-08-14T08:55:23+00:00\" \/>\n<meta name=\"twitter:card\" content=\"summary_large_image\" \/>\n<script type=\"application\/ld+json\" class=\"yoast-schema-graph\">{\"@context\":\"https:\/\/schema.org\",\"@graph\":[{\"@type\":\"WebPage\",\"@id\":\"https:\/\/fireisolator.com\/de\/feuerloeschdecke-fuer-gabelstapler\/\",\"url\":\"https:\/\/fireisolator.com\/de\/feuerloeschdecke-fuer-gabelstapler\/\",\"name\":\"FI-BL0707 Ultimate Feuerl\u00f6schdecke f\u00fcr Gabelstapler &#8226; Fire Isolator\",\"isPartOf\":{\"@id\":\"https:\/\/fireisolator.com\/de\/#website\"},\"datePublished\":\"2025-06-04T09:03:19+00:00\",\"dateModified\":\"2025-08-14T08:55:23+00:00\",\"description\":\"Unsere Ultimate Feuerl\u00f6schdecke f\u00fcr Gabelstapler wurde f\u00fcr Br\u00e4nde von Lithium-Ionen-Batterien in Gabelstaplern entwickelt.\",\"breadcrumb\":{\"@id\":\"https:\/\/fireisolator.com\/de\/feuerloeschdecke-fuer-gabelstapler\/#breadcrumb\"},\"inLanguage\":\"de\",\"potentialAction\":[{\"@type\":\"ReadAction\",\"target\":[\"https:\/\/fireisolator.com\/de\/feuerloeschdecke-fuer-gabelstapler\/\"]}]},{\"@type\":\"BreadcrumbList\",\"@id\":\"https:\/\/fireisolator.com\/de\/feuerloeschdecke-fuer-gabelstapler\/#breadcrumb\",\"itemListElement\":[{\"@type\":\"ListItem\",\"position\":1,\"name\":\"Home\",\"item\":\"https:\/\/fireisolator.com\/de\/\"},{\"@type\":\"ListItem\",\"position\":2,\"name\":\"FI-BL0707 Ultimate Feuerl\u00f6schdecke f\u00fcr Gabelstapler\"}]},{\"@type\":\"WebSite\",\"@id\":\"https:\/\/fireisolator.com\/de\/#website\",\"url\":\"https:\/\/fireisolator.com\/de\/\",\"name\":\"FIRE\u26a1\ufe0fISOLATOR\",\"description\":\"The solution to isolate EV car fires\",\"publisher\":{\"@id\":\"https:\/\/fireisolator.com\/de\/#organization\"},\"potentialAction\":[{\"@type\":\"SearchAction\",\"target\":{\"@type\":\"EntryPoint\",\"urlTemplate\":\"https:\/\/fireisolator.com\/de\/?s={search_term_string}\"},\"query-input\":{\"@type\":\"PropertyValueSpecification\",\"valueRequired\":true,\"valueName\":\"search_term_string\"}}],\"inLanguage\":\"de\"},{\"@type\":\"Organization\",\"@id\":\"https:\/\/fireisolator.com\/de\/#organization\",\"name\":\"Blomsma Signs & Safety\",\"url\":\"https:\/\/fireisolator.com\/de\/\",\"logo\":{\"@type\":\"ImageObject\",\"inLanguage\":\"de\",\"@id\":\"https:\/\/fireisolator.com\/de\/#\/schema\/logo\/image\/\",\"url\":\"\",\"contentUrl\":\"\",\"caption\":\"Blomsma Signs & Safety\"},\"image\":{\"@id\":\"https:\/\/fireisolator.com\/de\/#\/schema\/logo\/image\/\"}}]}<\/script>\n<!-- \/ Yoast SEO Premium plugin. -->","yoast_head_json":{"title":"FI-BL0707 Ultimate Feuerl\u00f6schdecke f\u00fcr Gabelstapler &#8226; Fire Isolator","description":"Unsere Ultimate Feuerl\u00f6schdecke f\u00fcr Gabelstapler wurde f\u00fcr Br\u00e4nde von Lithium-Ionen-Batterien in Gabelstaplern entwickelt.","robots":{"index":"index","follow":"follow","max-snippet":"max-snippet:-1","max-image-preview":"max-image-preview:large","max-video-preview":"max-video-preview:-1"},"canonical":"https:\/\/fireisolator.com\/de\/feuerloeschdecke-fuer-gabelstapler\/","og_locale":"de_DE","og_type":"article","og_title":"FI-BL0707 Ultimate Feuerl\u00f6schdecke f\u00fcr Gabelstapler","og_description":"Unsere Ultimate Feuerl\u00f6schdecke f\u00fcr Gabelstapler wurde f\u00fcr Br\u00e4nde von Lithium-Ionen-Batterien in Gabelstaplern entwickelt.","og_url":"https:\/\/fireisolator.com\/de\/feuerloeschdecke-fuer-gabelstapler\/","og_site_name":"Fire Isolator","article_modified_time":"2025-08-14T08:55:23+00:00","twitter_card":"summary_large_image","schema":{"@context":"https:\/\/schema.org","@graph":[{"@type":"WebPage","@id":"https:\/\/fireisolator.com\/de\/feuerloeschdecke-fuer-gabelstapler\/","url":"https:\/\/fireisolator.com\/de\/feuerloeschdecke-fuer-gabelstapler\/","name":"FI-BL0707 Ultimate Feuerl\u00f6schdecke f\u00fcr Gabelstapler &#8226; Fire Isolator","isPartOf":{"@id":"https:\/\/fireisolator.com\/de\/#website"},"datePublished":"2025-06-04T09:03:19+00:00","dateModified":"2025-08-14T08:55:23+00:00","description":"Unsere Ultimate Feuerl\u00f6schdecke f\u00fcr Gabelstapler wurde f\u00fcr Br\u00e4nde von Lithium-Ionen-Batterien in Gabelstaplern entwickelt.","breadcrumb":{"@id":"https:\/\/fireisolator.com\/de\/feuerloeschdecke-fuer-gabelstapler\/#breadcrumb"},"inLanguage":"de","potentialAction":[{"@type":"ReadAction","target":["https:\/\/fireisolator.com\/de\/feuerloeschdecke-fuer-gabelstapler\/"]}]},{"@type":"BreadcrumbList","@id":"https:\/\/fireisolator.com\/de\/feuerloeschdecke-fuer-gabelstapler\/#breadcrumb","itemListElement":[{"@type":"ListItem","position":1,"name":"Home","item":"https:\/\/fireisolator.com\/de\/"},{"@type":"ListItem","position":2,"name":"FI-BL0707 Ultimate Feuerl\u00f6schdecke f\u00fcr Gabelstapler"}]},{"@type":"WebSite","@id":"https:\/\/fireisolator.com\/de\/#website","url":"https:\/\/fireisolator.com\/de\/","name":"FIRE\u26a1\ufe0fISOLATOR","description":"The solution to isolate EV car fires","publisher":{"@id":"https:\/\/fireisolator.com\/de\/#organization"},"potentialAction":[{"@type":"SearchAction","target":{"@type":"EntryPoint","urlTemplate":"https:\/\/fireisolator.com\/de\/?s={search_term_string}"},"query-input":{"@type":"PropertyValueSpecification","valueRequired":true,"valueName":"search_term_string"}}],"inLanguage":"de"},{"@type":"Organization","@id":"https:\/\/fireisolator.com\/de\/#organization","name":"Blomsma Signs & Safety","url":"https:\/\/fireisolator.com\/de\/","logo":{"@type":"ImageObject","inLanguage":"de","@id":"https:\/\/fireisolator.com\/de\/#\/schema\/logo\/image\/","url":"","contentUrl":"","caption":"Blomsma Signs & Safety"},"image":{"@id":"https:\/\/fireisolator.com\/de\/#\/schema\/logo\/image\/"}}]}},"_links":{"self":[{"href":"https:\/\/fireisolator.com\/de\/wp-json\/wp\/v2\/pages\/7159","targetHints":{"allow":["GET"]}}],"collection":[{"href":"https:\/\/fireisolator.com\/de\/wp-json\/wp\/v2\/pages"}],"about":[{"href":"https:\/\/fireisolator.com\/de\/wp-json\/wp\/v2\/types\/page"}],"author":[{"embeddable":true,"href":"https:\/\/fireisolator.com\/de\/wp-json\/wp\/v2\/users\/5"}],"replies":[{"embeddable":true,"href":"https:\/\/fireisolator.com\/de\/wp-json\/wp\/v2\/comments?post=7159"}],"version-history":[{"count":8,"href":"https:\/\/fireisolator.com\/de\/wp-json\/wp\/v2\/pages\/7159\/revisions"}],"predecessor-version":[{"id":7749,"href":"https:\/\/fireisolator.com\/de\/wp-json\/wp\/v2\/pages\/7159\/revisions\/7749"}],"wp:attachment":[{"href":"https:\/\/fireisolator.com\/de\/wp-json\/wp\/v2\/media?parent=7159"}],"curies":[{"name":"wp","href":"https:\/\/api.w.org\/{rel}","templated":true}]}}