{"id":7282,"date":"2025-06-04T09:03:34","date_gmt":"2025-06-04T09:03:34","guid":{"rendered":"https:\/\/fireisolator.com\/?page_id=7282"},"modified":"2025-08-14T08:34:10","modified_gmt":"2025-08-14T08:34:10","slug":"feuerloschdecke-fur-lithium-batterien-im-lager","status":"publish","type":"page","link":"https:\/\/fireisolator.com\/de\/feuerloschdecke-fur-lithium-batterien-im-lager\/","title":{"rendered":"Feuerl\u00f6schdecke f\u00fcr Lithium-Batterien im Lager"},"content":{"rendered":"<div  data-label=\"Content\" data-id=\"content--1\" data-export-id=\"content-2\" data-category=\"content\" class=\"content-2 content-section content-section-spacing\" id=\"content-1\" style=\"background-color: rgb(255, 255, 255);\"><div > <div  class=\"row middle-xs\"><div  class=\"col-sm-5 bg-image shadow-large-black\" data-bg=\"image\" style=\"background-image: url(&quot;https:\/\/fireisolator.com\/wp-content\/uploads\/LIthium-battery-storage-fire-blanket-3-3.jpg&quot;);\"><\/div> <div  class=\"col-sm-7 full-col-left-padding full-col-right-padding\"> <div  class=\"row\"> <div  data-type=\"column\" class=\"space-bottom-small content-title-col\"> <h5  class=\"\">FIRE ISOLATOR<\/h5> <h2  class=\"\">Feuerl\u00f6schdecke f\u00fcr Lithium-Batterien im Lager<\/h2> <p  class=\"\">Feuerl\u00f6schdecken f\u00fcr Lithium-Batterien im Lager sind eine langlebige und hocheffektive L\u00f6sung zur Isolierung von Lithium-Batteriebr\u00e4nden \u2013 insbesondere in Lagerhallen oder anderen Aufbewahrungsbereichen. Dank ihrer hohen Temperaturbest\u00e4ndigkeit verhindern diese Decken die Ausbreitung von Feuer und reduzieren Folgesch\u00e4den in der Umgebung erheblich.<\/p><\/div> <\/div> <div  class=\"row spaced-cols \" data-type=\"row\"> <div  class=\"col-xs-6\" data-type=\"column\"> <h5  class=\"\">MATERIALIEN<\/h5> <p  class=\"\" aria-label=\"To enrich screen reader interactions, please activate Accessibility in Grammarly extension settings\">Erh\u00e4ltlich in drei Varianten hitzebest\u00e4ndiger Silicagewebe. Best\u00e4ndig gegen Spitzen temperaturen bis zu 2050 \u00b0C (3720 \u00b0F), mit oder ohne beidseitige Beschichtung.<\/p><\/div> <div  class=\"col-xs-6\" data-type=\"column\"><h5  class=\"\">TESTS<\/h5> <p  class=\"\" aria-label=\"To enrich screen reader interactions, please activate Accessibility in Grammarly extension settings\">Gepr\u00fcft und zertifiziert nach DIN EN 13501-1 (A1-Zertifizierung durch KIWA\/MPA), DIN 91489, ASTM D6413 und NFPA 701.<\/p><\/div> <div  class=\"col-xs-6\" data-type=\"column\"><h5  class=\"\">ABMESSUNGEN &amp; SPEZIFIKATIONEN<\/h5> <p  class=\"\">Standardgr\u00f6\u00dfen: 3\u00d73, 4\u00d74 oder 6\u00d76 Meter.&nbsp;<\/p><\/div> <div  class=\"col-xs-6\" data-type=\"column\"><h5  class=\"\">EINFACHE ANWENDUNG<\/h5> <p  class=\"\">Einfach zu handhaben und mit farbigen Schlaufen ausgestattet.<\/p><\/div> <\/div><\/div> <\/div><\/div> <\/div><div  data-label=\"Cta\" data-id=\"cta--1\" data-export-id=\"cta-blue-section\" data-category=\"cta\" class=\"cta-blue-section content-section content-section-spacing-medium bg-color1 white-text\" id=\"cta-1\"><div  class=\"gridContainer\"> <div  class=\"row middle-xs\"><div  class=\"col-sm-8 space-bottom-xs\" data-type=\"column\"> <h2  class=\"\">Lassen Sie uns in Kontakt treten!<\/h2> <\/div> <div  class=\"col-sm-4 end-sm\" data-type=\"column\"> <a  class=\"button color-white dark-text\" href=\"https:\/\/fireisolator.com\/de\/kontakt\/\" target=\"_self\" data-cp-link=\"1\" data-icon=\"\">KONTAKT<\/a><\/div> <\/div><\/div> <\/div><div  data-label=\"Gallery\" data-id=\"gallery--1\" data-export-id=\"gallery-2\" data-category=\"gallery\" class=\"gallery-2 content-section content-section-spacing\" id=\"gallery-1\" style=\"background-color: rgb(255, 255, 255);\"><div  class=\"\"> <div  class=\"row\"><div  class=\"col-xs-12 full-no-padding\" data-editable=\"true\" data-content-shortcode=\"mesmerize_gallery id=&quot;mesmerize-gallery-2&quot; columns=&quot;4&quot; ids=&quot;7291,7299,7295,7285&quot; lb=&quot;1&quot; masonry=&quot;0&quot; size=&quot;large&quot; link=&quot;file&quot; \"><div id='mesmerize-gallery-2' class='gallery-wrapper'><style type=\"text\/css\">\n                    @media only screen and (min-width: 768px) {\n                    [data-unique-id='mesmerize-gallery-2-69d7cddebb446'] dl {\n                        float: left;\n                        width: 25% !important;\n                        max-width:  25% !important;\n                        min-width:  25% !important;\n                    }\n\n                    [data-unique-id='mesmerize-gallery-2-69d7cddebb446'] dl:nth-of-type(4n +1 ) {\n                      clear: both;\n                      }\n                    }\n                <\/style><div id='mesmerize-gallery-2' class='mesmerize-gallery-2-dls-wrapper gallery-items-wrapper materialis-gallery' data-unique-id='mesmerize-gallery-2-69d7cddebb446'><dl class='gallery-item'>\n\t\t\t<dt class='gallery-icon landscape'>\n\t\t\t\t<a data-fancybox=\"mesmerize-gallery-2-group\" href='https:\/\/fireisolator.com\/wp-content\/uploads\/ultra-lithium-battery-fire-blanket-2-2.jpg'><img decoding=\"async\"  width=\"1024\" height=\"597\" src=\"https:\/\/fireisolator.com\/wp-content\/uploads\/ultra-lithium-battery-fire-blanket-2-2-1024x597.jpg\"  class='mesmerize-gallery-2-image' alt=\"Feuerl\u00f6schdecke f\u00fcr Lithium-Batterien im Lager\" srcset=\"https:\/\/fireisolator.com\/wp-content\/uploads\/ultra-lithium-battery-fire-blanket-2-2-1024x597.jpg 1024w, https:\/\/fireisolator.com\/wp-content\/uploads\/ultra-lithium-battery-fire-blanket-2-2-300x175.jpg 300w, https:\/\/fireisolator.com\/wp-content\/uploads\/ultra-lithium-battery-fire-blanket-2-2-150x88.jpg 150w, https:\/\/fireisolator.com\/wp-content\/uploads\/ultra-lithium-battery-fire-blanket-2-2-768x448.jpg 768w, https:\/\/fireisolator.com\/wp-content\/uploads\/ultra-lithium-battery-fire-blanket-2-2.jpg 1500w\" sizes=\"(max-width: 1024px) 100vw, 1024px\" \/><\/a>\n\t\t\t<\/dt><\/dl><dl class='gallery-item'>\n\t\t\t<dt class='gallery-icon landscape'>\n\t\t\t\t<a data-fancybox=\"mesmerize-gallery-2-group\" href='https:\/\/fireisolator.com\/wp-content\/uploads\/lithium-fire-blanket-bag-1.jpg'><img decoding=\"async\"  width=\"1024\" height=\"597\" src=\"https:\/\/fireisolator.com\/wp-content\/uploads\/lithium-fire-blanket-bag-1-1024x597.jpg\"  class='mesmerize-gallery-2-image' alt=\"Feuerl\u00f6schdecke f\u00fcr Lithium-Batterien im Lager\" srcset=\"https:\/\/fireisolator.com\/wp-content\/uploads\/lithium-fire-blanket-bag-1-1024x597.jpg 1024w, https:\/\/fireisolator.com\/wp-content\/uploads\/lithium-fire-blanket-bag-1-300x175.jpg 300w, https:\/\/fireisolator.com\/wp-content\/uploads\/lithium-fire-blanket-bag-1-150x88.jpg 150w, https:\/\/fireisolator.com\/wp-content\/uploads\/lithium-fire-blanket-bag-1-768x448.jpg 768w, https:\/\/fireisolator.com\/wp-content\/uploads\/lithium-fire-blanket-bag-1.jpg 1500w\" sizes=\"(max-width: 1024px) 100vw, 1024px\" \/><\/a>\n\t\t\t<\/dt><\/dl><dl class='gallery-item'>\n\t\t\t<dt class='gallery-icon landscape'>\n\t\t\t\t<a data-fancybox=\"mesmerize-gallery-2-group\" href='https:\/\/fireisolator.com\/wp-content\/uploads\/ultra-lithium-battery-fire-blanket-3.jpg'><img decoding=\"async\"  width=\"1024\" height=\"597\" src=\"https:\/\/fireisolator.com\/wp-content\/uploads\/ultra-lithium-battery-fire-blanket-3-1024x597.jpg\"  class='mesmerize-gallery-2-image' alt=\"Feuerl\u00f6schdecke f\u00fcr Lithium-Batterien im Lager\" srcset=\"https:\/\/fireisolator.com\/wp-content\/uploads\/ultra-lithium-battery-fire-blanket-3-1024x597.jpg 1024w, https:\/\/fireisolator.com\/wp-content\/uploads\/ultra-lithium-battery-fire-blanket-3-300x175.jpg 300w, https:\/\/fireisolator.com\/wp-content\/uploads\/ultra-lithium-battery-fire-blanket-3-150x88.jpg 150w, https:\/\/fireisolator.com\/wp-content\/uploads\/ultra-lithium-battery-fire-blanket-3-768x448.jpg 768w, https:\/\/fireisolator.com\/wp-content\/uploads\/ultra-lithium-battery-fire-blanket-3.jpg 1500w\" sizes=\"(max-width: 1024px) 100vw, 1024px\" \/><\/a>\n\t\t\t<\/dt><\/dl><dl class='gallery-item'>\n\t\t\t<dt class='gallery-icon landscape'>\n\t\t\t\t<a data-fancybox=\"mesmerize-gallery-2-group\" href='https:\/\/fireisolator.com\/wp-content\/uploads\/lithium-fire-blanket-4-1.jpg'><img decoding=\"async\"  width=\"1024\" height=\"597\" src=\"https:\/\/fireisolator.com\/wp-content\/uploads\/lithium-fire-blanket-4-1-1024x597.jpg\"  class='mesmerize-gallery-2-image' alt=\"Feuerl\u00f6schdecke f\u00fcr Lithium-Batterien im Lager\" srcset=\"https:\/\/fireisolator.com\/wp-content\/uploads\/lithium-fire-blanket-4-1-1024x597.jpg 1024w, https:\/\/fireisolator.com\/wp-content\/uploads\/lithium-fire-blanket-4-1-300x175.jpg 300w, https:\/\/fireisolator.com\/wp-content\/uploads\/lithium-fire-blanket-4-1-150x88.jpg 150w, https:\/\/fireisolator.com\/wp-content\/uploads\/lithium-fire-blanket-4-1-768x448.jpg 768w, https:\/\/fireisolator.com\/wp-content\/uploads\/lithium-fire-blanket-4-1.jpg 1500w\" sizes=\"(max-width: 1024px) 100vw, 1024px\" \/><\/a>\n\t\t\t<\/dt><\/dl>\n\t\t<\/div>\n<script>(function($){window.MaterialisCaptionsGallery && window.MaterialisCaptionsGallery($('[data-unique-id=\"mesmerize-gallery-2-69d7cddebb446\"]'))})(jQuery)<\/script><\/div><\/div><\/div> <\/div><\/div><div  data-label=\"Content\" data-id=\"content--2\" data-export-id=\"content-12\" data-category=\"content\" class=\"content-12 content-section content-section-spacing\" id=\"content-2\" style=\"background-color: rgb(255, 255, 255); background-image: none;\"><div  class=\"gridContainer\"> <div  class=\"row text-center\"><div  class=\"section-title-col\" data-type=\"column\"> <h2  class=\"\">Vorteile und Eigenschaften<\/h2> <p  class=\"lead\" style=\"text-align: left;\">Die Feuerl\u00f6schdecke f\u00fcr Lithium-Batterien im Lager wurde speziell entwickelt, um extremen Temperaturen standzuhalten \u2013 mit einer Spitzen-Temperaturbest\u00e4ndigkeit von bis zu 1700 \u00b0C. Dauerhafte Hitzeeinwirkung von 1200 \u00b0C \u00fcber l\u00e4ngere Zeitr\u00e4ume stellt kein Problem dar, was sie zur zuverl\u00e4ssigen L\u00f6sung f\u00fcr das Eind\u00e4mmen von Lithium-Batteriebr\u00e4nden in Lager- und Transportsituationen macht. Durch Sauerstoffentzug isoliert die Decke die Flammen, verhindert eine Ausbreitung des Feuers und reduziert die Rauchentwicklung erheblich \u2013 f\u00fcr mehr Kontrolle durch Einsatzkr\u00e4fte.\n<br ><br >\nGefertigt aus 96,6\u202f% hochwertigem Silicagewebe mit doppelseitiger Silikonbeschichtung, die Ultra Feuerl\u00f6schdecke speziell f\u00fcr den Einsatz unter den extremen Bedingungen eines Lithium-Batteriebrands ausgelegt. Sie ist bis zu 30 Mal wiederverwendbar und nach Gebrauch einfach zu reinigen \u2013 eine nachhaltige und wirtschaftliche L\u00f6sung f\u00fcr den Brandschutz.\n<br ><br >\nDie Feuerl\u00f6schdecke f\u00fcr Lithium-Batterien im Lager ist streng gepr\u00fcft und zertifiziert nach DIN EN 13501-1 (A1-Zertifizierung durch KIWA\/MPA), ASTM D6413 und <a  data-mce-href=\"https:\/\/www.nfpa.org\/codes-and-standards\/nfpa-701-standard-development\/701\" href=\"https:\/\/www.nfpa.org\/codes-and-standards\/nfpa-701-standard-development\/701\" target=\"_blank\" rel=\"noopener\" data-mce-selected=\"inline-boundary\" data-cp-link=\"1\" class=\"\">NFPA 701<\/a> \u2013 und erf\u00fcllt damit internationale Sicherheitsstandards. Dank gro\u00dfer farbiger Schlaufen ist die Decke leicht von zwei Personen einsetzbar. Sie wird in einer robusten, smarten Tragetasche geliefert; alternativ ist auch ein wandmontierter Notfallschrank f\u00fcr den schnellen Einsatz erh\u00e4ltlich.\n<br ><br >\nWir empfehlen, Ihre Lithium-Batterien \u2013 oder andere Batterietypen \u2013 mit der Feuerl\u00f6schdecke f\u00fcr Lithium-Batterien im Lager abzudecken, wenn sie nicht in Gebrauch sind. So minimieren Sie das Brandrisiko bereits im Vorfeld, statt nur im Notfall zu reagieren. Wenn Sie die Batterien nicht dauerhaft abdecken m\u00f6chten, bieten wir auch kosteng\u00fcnstigere Alternativen: die Ultimate Feuerl\u00f6schdecke (bis zu 7 Mal wiederverwendbar) oder die Economy Feuerl\u00f6schdecke f\u00fcr den Einmalgebrauch.\n<br ><br ><b >\nWeitere Vorteile: <\/b>\n<br >\u2022 Geeignet f\u00fcr verschiedene Batterie-Lageranwendungen<br >\n\u2022 Kein Verfallsdatum \u2013 \u00fcber 25 Jahre haltbar bei sachgem\u00e4\u00dfer Lagerung<br >\n\u2022 Sondergr\u00f6\u00dfen auf Anfrage erh\u00e4ltlich<br >\n\u2022 Auch in anderen Materialien verf\u00fcgbar<\/p><\/div> <\/div> <div  class=\"row center-xs middle-xs\"> <div  class=\"col-sm-9\" data-type=\"column\"><a  class=\"button color1\" href=\"https:\/\/fireisolator.com\/de\/kontakt\/\" target=\"_self\" data-cp-link=\"1\" data-icon=\"\">Kontaktieren Sie uns f\u00fcr weitere Informationen<\/a> <\/div> <\/div><\/div> <\/div>","protected":false},"excerpt":{"rendered":"<p>FIRE ISOLATOR Feuerl\u00f6schdecke f\u00fcr Lithium-Batterien im Lager Feuerl\u00f6schdecken f\u00fcr Lithium-Batterien im Lager sind eine langlebige und hocheffektive L\u00f6sung zur Isolierung von Lithium-Batteriebr\u00e4nden \u2013 insbesondere in Lagerhallen oder anderen Aufbewahrungsbereichen. Dank ihrer hohen Temperaturbest\u00e4ndigkeit verhindern diese Decken die Ausbreitung von Feuer und reduzieren Folgesch\u00e4den in der Umgebung erheblich. MATERIALIEN Erh\u00e4ltlich in drei Varianten hitzebest\u00e4ndiger Silicagewebe. Best\u00e4ndig&hellip; <br \/> <a class=\"read-more\" href=\"https:\/\/fireisolator.com\/de\/feuerloschdecke-fur-lithium-batterien-im-lager\/\">Weiterlesen<\/a><\/p>\n","protected":false},"author":5,"featured_media":0,"parent":0,"menu_order":0,"comment_status":"closed","ping_status":"closed","template":"pro\/page-templates\/full-width-page.php","meta":{"_acf_changed":false,"content-type":"","inline_featured_image":false,"footnotes":""},"class_list":["post-7282","page","type-page","status-publish","hentry"],"acf":[],"yoast_head":"<!-- This site is optimized with the Yoast SEO Premium plugin v24.6 (Yoast SEO v24.6) - https:\/\/yoast.com\/wordpress\/plugins\/seo\/ -->\n<title>Feuerl\u00f6schdecke f\u00fcr Lithium-Batterien im Lager &#8226; Fire Isolator<\/title>\n<meta name=\"description\" content=\"Feuerl\u00f6schdecken f\u00fcr Lithium-Batterien im Lager bieten eine effektive L\u00f6sung zur Eind\u00e4mmung von Br\u00e4nden und zum Schutz vor Folgesch\u00e4den.\" \/>\n<meta name=\"robots\" content=\"index, follow, max-snippet:-1, max-image-preview:large, max-video-preview:-1\" \/>\n<link rel=\"canonical\" href=\"https:\/\/fireisolator.com\/de\/feuerloschdecke-fur-lithium-batterien-im-lager\/\" \/>\n<meta property=\"og:locale\" content=\"de_DE\" \/>\n<meta property=\"og:type\" content=\"article\" \/>\n<meta property=\"og:title\" content=\"Feuerl\u00f6schdecke f\u00fcr Lithium-Batterien im Lager\" \/>\n<meta property=\"og:description\" content=\"Feuerl\u00f6schdecken f\u00fcr Lithium-Batterien im Lager bieten eine effektive L\u00f6sung zur Eind\u00e4mmung von Br\u00e4nden und zum Schutz vor Folgesch\u00e4den.\" \/>\n<meta property=\"og:url\" content=\"https:\/\/fireisolator.com\/de\/feuerloschdecke-fur-lithium-batterien-im-lager\/\" \/>\n<meta property=\"og:site_name\" content=\"Fire Isolator\" \/>\n<meta property=\"article:modified_time\" content=\"2025-08-14T08:34:10+00:00\" \/>\n<meta name=\"twitter:card\" content=\"summary_large_image\" \/>\n<script type=\"application\/ld+json\" class=\"yoast-schema-graph\">{\"@context\":\"https:\/\/schema.org\",\"@graph\":[{\"@type\":\"WebPage\",\"@id\":\"https:\/\/fireisolator.com\/de\/feuerloschdecke-fur-lithium-batterien-im-lager\/\",\"url\":\"https:\/\/fireisolator.com\/de\/feuerloschdecke-fur-lithium-batterien-im-lager\/\",\"name\":\"Feuerl\u00f6schdecke f\u00fcr Lithium-Batterien im Lager &#8226; Fire Isolator\",\"isPartOf\":{\"@id\":\"https:\/\/fireisolator.com\/de\/#website\"},\"datePublished\":\"2025-06-04T09:03:34+00:00\",\"dateModified\":\"2025-08-14T08:34:10+00:00\",\"description\":\"Feuerl\u00f6schdecken f\u00fcr Lithium-Batterien im Lager bieten eine effektive L\u00f6sung zur Eind\u00e4mmung von Br\u00e4nden und zum Schutz vor Folgesch\u00e4den.\",\"breadcrumb\":{\"@id\":\"https:\/\/fireisolator.com\/de\/feuerloschdecke-fur-lithium-batterien-im-lager\/#breadcrumb\"},\"inLanguage\":\"de\",\"potentialAction\":[{\"@type\":\"ReadAction\",\"target\":[\"https:\/\/fireisolator.com\/de\/feuerloschdecke-fur-lithium-batterien-im-lager\/\"]}]},{\"@type\":\"BreadcrumbList\",\"@id\":\"https:\/\/fireisolator.com\/de\/feuerloschdecke-fur-lithium-batterien-im-lager\/#breadcrumb\",\"itemListElement\":[{\"@type\":\"ListItem\",\"position\":1,\"name\":\"Home\",\"item\":\"https:\/\/fireisolator.com\/de\/\"},{\"@type\":\"ListItem\",\"position\":2,\"name\":\"Feuerl\u00f6schdecke f\u00fcr Lithium-Batterien im Lager\"}]},{\"@type\":\"WebSite\",\"@id\":\"https:\/\/fireisolator.com\/de\/#website\",\"url\":\"https:\/\/fireisolator.com\/de\/\",\"name\":\"FIRE\u26a1\ufe0fISOLATOR\",\"description\":\"The solution to isolate EV car fires\",\"publisher\":{\"@id\":\"https:\/\/fireisolator.com\/de\/#organization\"},\"potentialAction\":[{\"@type\":\"SearchAction\",\"target\":{\"@type\":\"EntryPoint\",\"urlTemplate\":\"https:\/\/fireisolator.com\/de\/?s={search_term_string}\"},\"query-input\":{\"@type\":\"PropertyValueSpecification\",\"valueRequired\":true,\"valueName\":\"search_term_string\"}}],\"inLanguage\":\"de\"},{\"@type\":\"Organization\",\"@id\":\"https:\/\/fireisolator.com\/de\/#organization\",\"name\":\"Blomsma Signs & Safety\",\"url\":\"https:\/\/fireisolator.com\/de\/\",\"logo\":{\"@type\":\"ImageObject\",\"inLanguage\":\"de\",\"@id\":\"https:\/\/fireisolator.com\/de\/#\/schema\/logo\/image\/\",\"url\":\"\",\"contentUrl\":\"\",\"caption\":\"Blomsma Signs & Safety\"},\"image\":{\"@id\":\"https:\/\/fireisolator.com\/de\/#\/schema\/logo\/image\/\"}}]}<\/script>\n<!-- \/ Yoast SEO Premium plugin. -->","yoast_head_json":{"title":"Feuerl\u00f6schdecke f\u00fcr Lithium-Batterien im Lager &#8226; Fire Isolator","description":"Feuerl\u00f6schdecken f\u00fcr Lithium-Batterien im Lager bieten eine effektive L\u00f6sung zur Eind\u00e4mmung von Br\u00e4nden und zum Schutz vor Folgesch\u00e4den.","robots":{"index":"index","follow":"follow","max-snippet":"max-snippet:-1","max-image-preview":"max-image-preview:large","max-video-preview":"max-video-preview:-1"},"canonical":"https:\/\/fireisolator.com\/de\/feuerloschdecke-fur-lithium-batterien-im-lager\/","og_locale":"de_DE","og_type":"article","og_title":"Feuerl\u00f6schdecke f\u00fcr Lithium-Batterien im Lager","og_description":"Feuerl\u00f6schdecken f\u00fcr Lithium-Batterien im Lager bieten eine effektive L\u00f6sung zur Eind\u00e4mmung von Br\u00e4nden und zum Schutz vor Folgesch\u00e4den.","og_url":"https:\/\/fireisolator.com\/de\/feuerloschdecke-fur-lithium-batterien-im-lager\/","og_site_name":"Fire Isolator","article_modified_time":"2025-08-14T08:34:10+00:00","twitter_card":"summary_large_image","schema":{"@context":"https:\/\/schema.org","@graph":[{"@type":"WebPage","@id":"https:\/\/fireisolator.com\/de\/feuerloschdecke-fur-lithium-batterien-im-lager\/","url":"https:\/\/fireisolator.com\/de\/feuerloschdecke-fur-lithium-batterien-im-lager\/","name":"Feuerl\u00f6schdecke f\u00fcr Lithium-Batterien im Lager &#8226; Fire Isolator","isPartOf":{"@id":"https:\/\/fireisolator.com\/de\/#website"},"datePublished":"2025-06-04T09:03:34+00:00","dateModified":"2025-08-14T08:34:10+00:00","description":"Feuerl\u00f6schdecken f\u00fcr Lithium-Batterien im Lager bieten eine effektive L\u00f6sung zur Eind\u00e4mmung von Br\u00e4nden und zum Schutz vor Folgesch\u00e4den.","breadcrumb":{"@id":"https:\/\/fireisolator.com\/de\/feuerloschdecke-fur-lithium-batterien-im-lager\/#breadcrumb"},"inLanguage":"de","potentialAction":[{"@type":"ReadAction","target":["https:\/\/fireisolator.com\/de\/feuerloschdecke-fur-lithium-batterien-im-lager\/"]}]},{"@type":"BreadcrumbList","@id":"https:\/\/fireisolator.com\/de\/feuerloschdecke-fur-lithium-batterien-im-lager\/#breadcrumb","itemListElement":[{"@type":"ListItem","position":1,"name":"Home","item":"https:\/\/fireisolator.com\/de\/"},{"@type":"ListItem","position":2,"name":"Feuerl\u00f6schdecke f\u00fcr Lithium-Batterien im Lager"}]},{"@type":"WebSite","@id":"https:\/\/fireisolator.com\/de\/#website","url":"https:\/\/fireisolator.com\/de\/","name":"FIRE\u26a1\ufe0fISOLATOR","description":"The solution to isolate EV car fires","publisher":{"@id":"https:\/\/fireisolator.com\/de\/#organization"},"potentialAction":[{"@type":"SearchAction","target":{"@type":"EntryPoint","urlTemplate":"https:\/\/fireisolator.com\/de\/?s={search_term_string}"},"query-input":{"@type":"PropertyValueSpecification","valueRequired":true,"valueName":"search_term_string"}}],"inLanguage":"de"},{"@type":"Organization","@id":"https:\/\/fireisolator.com\/de\/#organization","name":"Blomsma Signs & Safety","url":"https:\/\/fireisolator.com\/de\/","logo":{"@type":"ImageObject","inLanguage":"de","@id":"https:\/\/fireisolator.com\/de\/#\/schema\/logo\/image\/","url":"","contentUrl":"","caption":"Blomsma Signs & Safety"},"image":{"@id":"https:\/\/fireisolator.com\/de\/#\/schema\/logo\/image\/"}}]}},"_links":{"self":[{"href":"https:\/\/fireisolator.com\/de\/wp-json\/wp\/v2\/pages\/7282","targetHints":{"allow":["GET"]}}],"collection":[{"href":"https:\/\/fireisolator.com\/de\/wp-json\/wp\/v2\/pages"}],"about":[{"href":"https:\/\/fireisolator.com\/de\/wp-json\/wp\/v2\/types\/page"}],"author":[{"embeddable":true,"href":"https:\/\/fireisolator.com\/de\/wp-json\/wp\/v2\/users\/5"}],"replies":[{"embeddable":true,"href":"https:\/\/fireisolator.com\/de\/wp-json\/wp\/v2\/comments?post=7282"}],"version-history":[{"count":5,"href":"https:\/\/fireisolator.com\/de\/wp-json\/wp\/v2\/pages\/7282\/revisions"}],"predecessor-version":[{"id":7737,"href":"https:\/\/fireisolator.com\/de\/wp-json\/wp\/v2\/pages\/7282\/revisions\/7737"}],"wp:attachment":[{"href":"https:\/\/fireisolator.com\/de\/wp-json\/wp\/v2\/media?parent=7282"}],"curies":[{"name":"wp","href":"https:\/\/api.w.org\/{rel}","templated":true}]}}