{"id":3945,"date":"2023-10-05T09:45:07","date_gmt":"2023-10-05T09:45:07","guid":{"rendered":"https:\/\/fireisolator.com\/fire-suppression-with-aerosol-units\/"},"modified":"2025-07-21T09:31:45","modified_gmt":"2025-07-21T09:31:45","slug":"extincion-de-incendios-con-unidades-de-aerosol","status":"publish","type":"page","link":"https:\/\/fireisolator.com\/es\/extincion-de-incendios-con-unidades-de-aerosol\/","title":{"rendered":"Extinci\u00f3n de incendios con unidades de aerosol"},"content":{"rendered":"<div  data-label=\"Content\" data-id=\"content--1\" data-export-id=\"content-2\" data-category=\"content\" class=\"content-2 content-section content-section-spacing\" id=\"content-1\" style=\"background-color: rgb(255, 255, 255);\"><div > <div  class=\"row middle-xs\"><div  class=\"col-sm-5 bg-image shadow-large-black\" data-bg=\"image\" style=\"background-image: url(&quot;https:\/\/fireisolator.com\/wp-content\/uploads\/2025\/02\/aerosol-unit-high-quality.jpg&quot;);\"><\/div> <div  class=\"col-sm-7 full-col-left-padding full-col-right-padding\"> <div  class=\"row\"> <div  data-type=\"column\" class=\"space-bottom-small content-title-col\"> <h5  class=\"\">FIRE ISOLATOR<\/h5> <h2  class=\"\">Unidades de Aerosol<\/h2> <p  class=\"\">Las Unidades de Aerosol (FI-AUCA1) son dispositivos port\u00e1tiles y livianos que utilizan tecnolog\u00eda de aerosol especializada (con nitrato de potasio) para suprimir incendios. El dispositivo libera una forma de diminutas part\u00edculas s\u00f3lidas suspendidas en un gas. Estas part\u00edculas interfieren con las reacciones qu\u00edmicas en cadena del fuego, interrumpiendo el proceso de combusti\u00f3n. Aunque las Unidades de Aerosol no consumen los niveles de ox\u00edgeno, el gas liberado puede reducir la concentraci\u00f3n de ox\u00edgeno en el \u00e1rea del incendio, lo que ayuda a suprimir a\u00fan m\u00e1s las llamas.&nbsp;Lea <a data-mce-href=\"..\/prevencion-de-explosiones-bajo-mantas-ignifugas-para-ev\/\" href=\"..\/prevencion-de-explosiones-bajo-mantas-ignifugas-para-ev\/\" target=\"_self\" data-mce-selected=\"inline-boundary\" >aqu\u00ed<\/a> c\u00f3mo los aerosoles evitan la deflagraci\u00f3n de gases bajo la manta.<\/p><\/div> <\/div> <div  class=\"row spaced-cols \" data-type=\"row\"> <div  class=\"col-xs-6\" data-type=\"column\"> <h5  class=\"\">RESPETUOSO CON EL MEDIO AMBIENTE<\/h5> <p  class=\"\">Seguro desde el punto de vista ecol\u00f3gico y ambientalmente amigable, inofensivo para humanos y animales.<\/p><\/div> <div  class=\"col-xs-6\" data-type=\"column\"><h5  class=\"\">PRUEBAS<\/h5> <p  class=\"\">UL 2775, EN15276-1, ISO15779, NFPA2010, EPA SNAP.<\/p><\/div> <div  class=\"col-xs-6\" data-type=\"column\"><h5  class=\"\">DIMENSIONES Y ESPECIFICACIONES<\/h5> <p  class=\"\">Para m\u00e1s informaci\u00f3n, descargue nuestras hojas de datos: <a  data-mce-href=\"..\/..\/wp-content\/uploads\/2025\/01\/Datasheet_FireIsolator_AerosolUnit_2025-1.pdf\" href=\"..\/..\/wp-content\/uploads\/2025\/01\/Datasheet_FireIsolator_AerosolUnit_2025-1.pdf\" target=\"_blank\" rel=\"noopener\" data-mce-selected=\"inline-boundary\" data-cp-link=\"1\" class=\"\">Unidades de Aerosol datasheet<\/a>. Tambi\u00e9n <a  data-mce-href=\"..\/..\/wp-content\/uploads\/2025\/01\/Datasheet_FireIsolator_AerosolUnitSet_2025.pdf\" href=\"..\/..\/wp-content\/uploads\/2025\/01\/Datasheet_FireIsolator_AerosolUnitSet_2025.pdf\" target=\"_blank\" rel=\"noopener\" data-mce-selected=\"inline-boundary\" data-cp-link=\"1\" class=\"\">disponible en set.<\/a><\/p><\/div> <div  class=\"col-xs-6\" data-type=\"column\"><h5  class=\"\">MODO DE USO<\/h5> <p  class=\"\">F\u00e1cil de usar: simplemente retire el cord\u00f3n de activaci\u00f3n y arroje la unidad directamente al fuego.<\/p><\/div> <\/div><\/div> <\/div><\/div> <\/div><div  data-label=\"Gallery\" data-id=\"gallery--1\" data-export-id=\"gallery-2\" data-category=\"gallery\" class=\"gallery-2 content-section content-section-spacing\" id=\"gallery-1\" style=\"background-color: rgb(255, 255, 255); background-image: none;\"><div  class=\"\"> <div  class=\"row\"><div  class=\"col-xs-12 full-no-padding\" data-editable=\"true\" data-content-shortcode=\"mesmerize_gallery id=&quot;mesmerize-gallery-2&quot; columns=&quot;4&quot; ids=&quot;5549,5851,5847,5545&quot; lb=&quot;1&quot; masonry=&quot;0&quot; size=&quot;large&quot; link=&quot;file&quot; \"><div id='mesmerize-gallery-2' class='gallery-wrapper'><style type=\"text\/css\">\n                    @media only screen and (min-width: 768px) {\n                    [data-unique-id='mesmerize-gallery-2-69d7dbea8a629'] dl {\n                        float: left;\n                        width: 25% !important;\n                        max-width:  25% !important;\n                        min-width:  25% !important;\n                    }\n\n                    [data-unique-id='mesmerize-gallery-2-69d7dbea8a629'] dl:nth-of-type(4n +1 ) {\n                      clear: both;\n                      }\n                    }\n                <\/style><div id='mesmerize-gallery-2' class='mesmerize-gallery-2-dls-wrapper gallery-items-wrapper materialis-gallery' data-unique-id='mesmerize-gallery-2-69d7dbea8a629'><dl class='gallery-item'>\n\t\t\t<dt class='gallery-icon landscape'>\n\t\t\t\t<a data-fancybox=\"mesmerize-gallery-2-group\" href='https:\/\/fireisolator.com\/wp-content\/uploads\/2025\/02\/aerosol-unit-3.jpg'><img decoding=\"async\"  width=\"1024\" height=\"597\" src=\"https:\/\/fireisolator.com\/wp-content\/uploads\/2025\/02\/aerosol-unit-3-1024x597.jpg\"  class='mesmerize-gallery-2-image' alt=\"Aerosol Units Car Fire\" srcset=\"https:\/\/fireisolator.com\/wp-content\/uploads\/2025\/02\/aerosol-unit-3-1024x597.jpg 1024w, https:\/\/fireisolator.com\/wp-content\/uploads\/2025\/02\/aerosol-unit-3-300x175.jpg 300w, https:\/\/fireisolator.com\/wp-content\/uploads\/2025\/02\/aerosol-unit-3-150x88.jpg 150w, https:\/\/fireisolator.com\/wp-content\/uploads\/2025\/02\/aerosol-unit-3-768x448.jpg 768w, https:\/\/fireisolator.com\/wp-content\/uploads\/2025\/02\/aerosol-unit-3.jpg 1500w\" sizes=\"(max-width: 1024px) 100vw, 1024px\" \/><\/a>\n\t\t\t<\/dt><\/dl><dl class='gallery-item'>\n\t\t\t<dt class='gallery-icon landscape'>\n\t\t\t\t<a data-fancybox=\"mesmerize-gallery-2-group\" href='https:\/\/fireisolator.com\/wp-content\/uploads\/2025\/02\/aerosol-unit-test.jpg'><img decoding=\"async\"  width=\"1024\" height=\"597\" src=\"https:\/\/fireisolator.com\/wp-content\/uploads\/2025\/02\/aerosol-unit-test-1024x597.jpg\"  class='mesmerize-gallery-2-image' alt=\"aerosol unit test\" srcset=\"https:\/\/fireisolator.com\/wp-content\/uploads\/2025\/02\/aerosol-unit-test-1024x597.jpg 1024w, https:\/\/fireisolator.com\/wp-content\/uploads\/2025\/02\/aerosol-unit-test-300x175.jpg 300w, https:\/\/fireisolator.com\/wp-content\/uploads\/2025\/02\/aerosol-unit-test-150x88.jpg 150w, https:\/\/fireisolator.com\/wp-content\/uploads\/2025\/02\/aerosol-unit-test-768x448.jpg 768w, https:\/\/fireisolator.com\/wp-content\/uploads\/2025\/02\/aerosol-unit-test.jpg 1500w\" sizes=\"(max-width: 1024px) 100vw, 1024px\" \/><\/a>\n\t\t\t<\/dt><\/dl><dl class='gallery-item'>\n\t\t\t<dt class='gallery-icon landscape'>\n\t\t\t\t<a data-fancybox=\"mesmerize-gallery-2-group\" href='https:\/\/fireisolator.com\/wp-content\/uploads\/2025\/02\/aerosol-unit-in-action.jpg'><img decoding=\"async\"  width=\"1024\" height=\"597\" src=\"https:\/\/fireisolator.com\/wp-content\/uploads\/2025\/02\/aerosol-unit-in-action-1024x597.jpg\"  class='mesmerize-gallery-2-image' alt=\"aerosol unit in action\" srcset=\"https:\/\/fireisolator.com\/wp-content\/uploads\/2025\/02\/aerosol-unit-in-action-1024x597.jpg 1024w, https:\/\/fireisolator.com\/wp-content\/uploads\/2025\/02\/aerosol-unit-in-action-300x175.jpg 300w, https:\/\/fireisolator.com\/wp-content\/uploads\/2025\/02\/aerosol-unit-in-action-150x88.jpg 150w, https:\/\/fireisolator.com\/wp-content\/uploads\/2025\/02\/aerosol-unit-in-action-768x448.jpg 768w, https:\/\/fireisolator.com\/wp-content\/uploads\/2025\/02\/aerosol-unit-in-action.jpg 1500w\" sizes=\"(max-width: 1024px) 100vw, 1024px\" \/><\/a>\n\t\t\t<\/dt><\/dl><dl class='gallery-item'>\n\t\t\t<dt class='gallery-icon landscape'>\n\t\t\t\t<a data-fancybox=\"mesmerize-gallery-2-group\" href='https:\/\/fireisolator.com\/wp-content\/uploads\/2025\/02\/aerosol-unit-2.jpg'><img decoding=\"async\"  width=\"1024\" height=\"597\" src=\"https:\/\/fireisolator.com\/wp-content\/uploads\/2025\/02\/aerosol-unit-2-1024x597.jpg\"  class='mesmerize-gallery-2-image' alt=\"Aerosol Units\" srcset=\"https:\/\/fireisolator.com\/wp-content\/uploads\/2025\/02\/aerosol-unit-2-1024x597.jpg 1024w, https:\/\/fireisolator.com\/wp-content\/uploads\/2025\/02\/aerosol-unit-2-300x175.jpg 300w, https:\/\/fireisolator.com\/wp-content\/uploads\/2025\/02\/aerosol-unit-2-150x88.jpg 150w, https:\/\/fireisolator.com\/wp-content\/uploads\/2025\/02\/aerosol-unit-2-768x448.jpg 768w, https:\/\/fireisolator.com\/wp-content\/uploads\/2025\/02\/aerosol-unit-2.jpg 1500w\" sizes=\"(max-width: 1024px) 100vw, 1024px\" \/><\/a>\n\t\t\t<\/dt><\/dl>\n\t\t<\/div>\n<script>(function($){window.MaterialisCaptionsGallery && window.MaterialisCaptionsGallery($('[data-unique-id=\"mesmerize-gallery-2-69d7dbea8a629\"]'))})(jQuery)<\/script><\/div><\/div><\/div> <\/div><\/div><div  data-label=\"Content\" data-id=\"content--2\" data-export-id=\"content-12\" data-category=\"content\" class=\"content-12 content-section content-section-spacing\" id=\"content-2\" style=\"background-color: rgb(255, 255, 255); background-image: none;\"><div  class=\"gridContainer\"> <div  class=\"row text-center\"><div  class=\"section-title-col\" data-type=\"column\"> <h2  class=\"\">Beneficios y caracter\u00edsticas<\/h2> <p  class=\"lead\" style=\"text-align: left;\">La Unidad de Aerosol es un dispositivo port\u00e1til y liviano dise\u00f1ado para los primeros respondedores en situaciones de incendio, especialmente en incendios de clase A, B y C. Proporciona un m\u00e9todo r\u00e1pido y eficaz para suprimir las llamas reduciendo el calor y limitando la necesidad de agua o espuma, minimizando as\u00ed los da\u00f1os a estructuras y contenido. Una vez activada y lanzada en la zona del incendio, la unidad dispersa autom\u00e1ticamente una fina neblina de aerosol que suprime o extingue significativamente las llamas seg\u00fan el volumen del espacio.<br >\n\n<br >La Unidad de Aerosol est\u00e1 dise\u00f1ada para ser altamente efectiva en espacios confinados, con un volumen de cobertura de hasta 45 m\u00b3 (1400 ft\u00b3). A diferencia de los m\u00e9todos de extinci\u00f3n convencionales, no reduce los niveles de ox\u00edgeno, lo que garantiza su seguridad en \u00e1reas cerradas.\n<br ><br >\nAdem\u00e1s, la Unidad de Aerosol deja poco o ning\u00fan residuo, lo que facilita y agiliza la limpieza despu\u00e9s del incendio.<br >\nFabricada en los Pa\u00edses Bajos, cumple con los m\u00e1s altos est\u00e1ndares de seguridad y medio ambiente, incluidos UL 2775, EN15276-1, ISO15779, NFPA2010 y EPA SNAP. Nuestras Unidades de Aerosol son ecol\u00f3gicamente seguras, con un potencial de agotamiento del ozono de 0 (ODP = 0) y un potencial de calentamiento global de 0 (GWP = 0), lo que las convierte en una soluci\u00f3n de supresi\u00f3n de incendios responsable con el medio ambiente.\n<br ><br >\nDise\u00f1ada para una implementaci\u00f3n sencilla, la Unidad de Aerosol se puede activar r\u00e1pidamente tirando del cable de arranque y lanz\u00e1ndola directamente al \u00e1rea del incendio. Para maximizar su efectividad, Fire Isolator ofrece capacitaci\u00f3n sobre su uso adecuado. Adem\u00e1s, proporcionamos un video animado de instrucciones que demuestra el uso correcto de nuestros productos Fire Isolator, incluida la Unidad de Aerosol.\n<br ><br ><b >\nOtros beneficios:<\/b><br >\n\u2022 Vida \u00fatil de 15 a\u00f1os, garantizando una fiabilidad a largo plazo.<br >\n\u2022 Soluci\u00f3n vers\u00e1til: adecuada para la supresi\u00f3n de incendios en entornos industriales, comerciales y veh\u00edculos.\n<br ><br ><br >\nSolo para uso de bomberos capacitados y primeros respondedores.<\/p><\/div> <\/div> <div  class=\"row center-xs middle-xs\"> <div  class=\"col-sm-9\" data-type=\"column\"> <\/div> <\/div><\/div> <\/div>","protected":false},"excerpt":{"rendered":"<p>FIRE ISOLATOR Unidades de Aerosol Las Unidades de Aerosol (FI-AUCA1) son dispositivos port\u00e1tiles y livianos que utilizan tecnolog\u00eda de aerosol especializada (con nitrato de potasio) para suprimir incendios. El dispositivo libera una forma de diminutas part\u00edculas s\u00f3lidas suspendidas en un gas. Estas part\u00edculas interfieren con las reacciones qu\u00edmicas en cadena del fuego, interrumpiendo el proceso&hellip; <br \/> <a class=\"read-more\" href=\"https:\/\/fireisolator.com\/es\/extincion-de-incendios-con-unidades-de-aerosol\/\">Leer m\u00e1s<\/a><\/p>\n","protected":false},"author":5,"featured_media":3947,"parent":0,"menu_order":0,"comment_status":"closed","ping_status":"closed","template":"pro\/page-templates\/full-width-page.php","meta":{"_acf_changed":false,"content-type":"","inline_featured_image":false,"footnotes":""},"class_list":["post-3945","page","type-page","status-publish","has-post-thumbnail","hentry"],"acf":[],"yoast_head":"<!-- This site is optimized with the Yoast SEO Premium plugin v24.6 (Yoast SEO v24.6) - https:\/\/yoast.com\/wordpress\/plugins\/seo\/ -->\n<title>Extinci\u00f3n de incendios con unidades de aerosol &#8226; Fire Isolator<\/title>\n<meta name=\"description\" content=\"Lucha contra incendios de veh\u00edculos el\u00e9ctricos con unidades de aerosol: tecnolog\u00eda especializada en dispositivos port\u00e1tiles.\" \/>\n<meta name=\"robots\" content=\"index, follow, max-snippet:-1, max-image-preview:large, max-video-preview:-1\" \/>\n<link rel=\"canonical\" href=\"https:\/\/fireisolator.com\/es\/extincion-de-incendios-con-unidades-de-aerosol\/\" \/>\n<meta property=\"og:locale\" content=\"es_ES\" \/>\n<meta property=\"og:type\" content=\"article\" \/>\n<meta property=\"og:title\" content=\"Extinci\u00f3n de incendios con unidades de aerosol\" \/>\n<meta property=\"og:description\" content=\"Lucha contra incendios de veh\u00edculos el\u00e9ctricos con unidades de aerosol: tecnolog\u00eda especializada en dispositivos port\u00e1tiles.\" \/>\n<meta property=\"og:url\" content=\"https:\/\/fireisolator.com\/es\/extincion-de-incendios-con-unidades-de-aerosol\/\" \/>\n<meta property=\"og:site_name\" content=\"Fire Isolator\" \/>\n<meta property=\"article:modified_time\" content=\"2025-07-21T09:31:45+00:00\" \/>\n<meta property=\"og:image\" content=\"https:\/\/fireisolator.com\/wp-content\/uploads\/2023\/10\/how-to-use.jpg\" \/>\n\t<meta property=\"og:image:width\" content=\"800\" \/>\n\t<meta property=\"og:image:height\" content=\"300\" \/>\n\t<meta property=\"og:image:type\" content=\"image\/jpeg\" \/>\n<meta name=\"twitter:card\" content=\"summary_large_image\" \/>\n<meta name=\"twitter:label1\" content=\"Tiempo de lectura\" \/>\n\t<meta name=\"twitter:data1\" content=\"1 minuto\" \/>\n<script type=\"application\/ld+json\" class=\"yoast-schema-graph\">{\"@context\":\"https:\/\/schema.org\",\"@graph\":[{\"@type\":\"WebPage\",\"@id\":\"https:\/\/fireisolator.com\/es\/extincion-de-incendios-con-unidades-de-aerosol\/\",\"url\":\"https:\/\/fireisolator.com\/es\/extincion-de-incendios-con-unidades-de-aerosol\/\",\"name\":\"Extinci\u00f3n de incendios con unidades de aerosol &#8226; Fire Isolator\",\"isPartOf\":{\"@id\":\"https:\/\/fireisolator.com\/es\/#website\"},\"primaryImageOfPage\":{\"@id\":\"https:\/\/fireisolator.com\/es\/extincion-de-incendios-con-unidades-de-aerosol\/#primaryimage\"},\"image\":{\"@id\":\"https:\/\/fireisolator.com\/es\/extincion-de-incendios-con-unidades-de-aerosol\/#primaryimage\"},\"thumbnailUrl\":\"https:\/\/fireisolator.com\/wp-content\/uploads\/2023\/10\/how-to-use.jpg\",\"datePublished\":\"2023-10-05T09:45:07+00:00\",\"dateModified\":\"2025-07-21T09:31:45+00:00\",\"description\":\"Lucha contra incendios de veh\u00edculos el\u00e9ctricos con unidades de aerosol: tecnolog\u00eda especializada en dispositivos port\u00e1tiles.\",\"breadcrumb\":{\"@id\":\"https:\/\/fireisolator.com\/es\/extincion-de-incendios-con-unidades-de-aerosol\/#breadcrumb\"},\"inLanguage\":\"es\",\"potentialAction\":[{\"@type\":\"ReadAction\",\"target\":[\"https:\/\/fireisolator.com\/es\/extincion-de-incendios-con-unidades-de-aerosol\/\"]}]},{\"@type\":\"ImageObject\",\"inLanguage\":\"es\",\"@id\":\"https:\/\/fireisolator.com\/es\/extincion-de-incendios-con-unidades-de-aerosol\/#primaryimage\",\"url\":\"https:\/\/fireisolator.com\/wp-content\/uploads\/2023\/10\/how-to-use.jpg\",\"contentUrl\":\"https:\/\/fireisolator.com\/wp-content\/uploads\/2023\/10\/how-to-use.jpg\",\"width\":800,\"height\":300,\"caption\":\"Explicaci\u00f3n de las unidades de aerosol\"},{\"@type\":\"BreadcrumbList\",\"@id\":\"https:\/\/fireisolator.com\/es\/extincion-de-incendios-con-unidades-de-aerosol\/#breadcrumb\",\"itemListElement\":[{\"@type\":\"ListItem\",\"position\":1,\"name\":\"Home\",\"item\":\"https:\/\/fireisolator.com\/es\/\"},{\"@type\":\"ListItem\",\"position\":2,\"name\":\"Extinci\u00f3n de incendios con unidades de aerosol\"}]},{\"@type\":\"WebSite\",\"@id\":\"https:\/\/fireisolator.com\/es\/#website\",\"url\":\"https:\/\/fireisolator.com\/es\/\",\"name\":\"FIRE\u26a1\ufe0fISOLATOR\",\"description\":\"The solution to isolate EV car fires\",\"publisher\":{\"@id\":\"https:\/\/fireisolator.com\/es\/#organization\"},\"potentialAction\":[{\"@type\":\"SearchAction\",\"target\":{\"@type\":\"EntryPoint\",\"urlTemplate\":\"https:\/\/fireisolator.com\/es\/?s={search_term_string}\"},\"query-input\":{\"@type\":\"PropertyValueSpecification\",\"valueRequired\":true,\"valueName\":\"search_term_string\"}}],\"inLanguage\":\"es\"},{\"@type\":\"Organization\",\"@id\":\"https:\/\/fireisolator.com\/es\/#organization\",\"name\":\"Blomsma Signs & Safety\",\"url\":\"https:\/\/fireisolator.com\/es\/\",\"logo\":{\"@type\":\"ImageObject\",\"inLanguage\":\"es\",\"@id\":\"https:\/\/fireisolator.com\/es\/#\/schema\/logo\/image\/\",\"url\":\"\",\"contentUrl\":\"\",\"caption\":\"Blomsma Signs & Safety\"},\"image\":{\"@id\":\"https:\/\/fireisolator.com\/es\/#\/schema\/logo\/image\/\"}}]}<\/script>\n<!-- \/ Yoast SEO Premium plugin. -->","yoast_head_json":{"title":"Extinci\u00f3n de incendios con unidades de aerosol &#8226; Fire Isolator","description":"Lucha contra incendios de veh\u00edculos el\u00e9ctricos con unidades de aerosol: tecnolog\u00eda especializada en dispositivos port\u00e1tiles.","robots":{"index":"index","follow":"follow","max-snippet":"max-snippet:-1","max-image-preview":"max-image-preview:large","max-video-preview":"max-video-preview:-1"},"canonical":"https:\/\/fireisolator.com\/es\/extincion-de-incendios-con-unidades-de-aerosol\/","og_locale":"es_ES","og_type":"article","og_title":"Extinci\u00f3n de incendios con unidades de aerosol","og_description":"Lucha contra incendios de veh\u00edculos el\u00e9ctricos con unidades de aerosol: tecnolog\u00eda especializada en dispositivos port\u00e1tiles.","og_url":"https:\/\/fireisolator.com\/es\/extincion-de-incendios-con-unidades-de-aerosol\/","og_site_name":"Fire Isolator","article_modified_time":"2025-07-21T09:31:45+00:00","og_image":[{"width":800,"height":300,"url":"https:\/\/fireisolator.com\/wp-content\/uploads\/2023\/10\/how-to-use.jpg","type":"image\/jpeg"}],"twitter_card":"summary_large_image","twitter_misc":{"Tiempo de lectura":"1 minuto"},"schema":{"@context":"https:\/\/schema.org","@graph":[{"@type":"WebPage","@id":"https:\/\/fireisolator.com\/es\/extincion-de-incendios-con-unidades-de-aerosol\/","url":"https:\/\/fireisolator.com\/es\/extincion-de-incendios-con-unidades-de-aerosol\/","name":"Extinci\u00f3n de incendios con unidades de aerosol &#8226; Fire Isolator","isPartOf":{"@id":"https:\/\/fireisolator.com\/es\/#website"},"primaryImageOfPage":{"@id":"https:\/\/fireisolator.com\/es\/extincion-de-incendios-con-unidades-de-aerosol\/#primaryimage"},"image":{"@id":"https:\/\/fireisolator.com\/es\/extincion-de-incendios-con-unidades-de-aerosol\/#primaryimage"},"thumbnailUrl":"https:\/\/fireisolator.com\/wp-content\/uploads\/2023\/10\/how-to-use.jpg","datePublished":"2023-10-05T09:45:07+00:00","dateModified":"2025-07-21T09:31:45+00:00","description":"Lucha contra incendios de veh\u00edculos el\u00e9ctricos con unidades de aerosol: tecnolog\u00eda especializada en dispositivos port\u00e1tiles.","breadcrumb":{"@id":"https:\/\/fireisolator.com\/es\/extincion-de-incendios-con-unidades-de-aerosol\/#breadcrumb"},"inLanguage":"es","potentialAction":[{"@type":"ReadAction","target":["https:\/\/fireisolator.com\/es\/extincion-de-incendios-con-unidades-de-aerosol\/"]}]},{"@type":"ImageObject","inLanguage":"es","@id":"https:\/\/fireisolator.com\/es\/extincion-de-incendios-con-unidades-de-aerosol\/#primaryimage","url":"https:\/\/fireisolator.com\/wp-content\/uploads\/2023\/10\/how-to-use.jpg","contentUrl":"https:\/\/fireisolator.com\/wp-content\/uploads\/2023\/10\/how-to-use.jpg","width":800,"height":300,"caption":"Explicaci\u00f3n de las unidades de aerosol"},{"@type":"BreadcrumbList","@id":"https:\/\/fireisolator.com\/es\/extincion-de-incendios-con-unidades-de-aerosol\/#breadcrumb","itemListElement":[{"@type":"ListItem","position":1,"name":"Home","item":"https:\/\/fireisolator.com\/es\/"},{"@type":"ListItem","position":2,"name":"Extinci\u00f3n de incendios con unidades de aerosol"}]},{"@type":"WebSite","@id":"https:\/\/fireisolator.com\/es\/#website","url":"https:\/\/fireisolator.com\/es\/","name":"FIRE\u26a1\ufe0fISOLATOR","description":"The solution to isolate EV car fires","publisher":{"@id":"https:\/\/fireisolator.com\/es\/#organization"},"potentialAction":[{"@type":"SearchAction","target":{"@type":"EntryPoint","urlTemplate":"https:\/\/fireisolator.com\/es\/?s={search_term_string}"},"query-input":{"@type":"PropertyValueSpecification","valueRequired":true,"valueName":"search_term_string"}}],"inLanguage":"es"},{"@type":"Organization","@id":"https:\/\/fireisolator.com\/es\/#organization","name":"Blomsma Signs & Safety","url":"https:\/\/fireisolator.com\/es\/","logo":{"@type":"ImageObject","inLanguage":"es","@id":"https:\/\/fireisolator.com\/es\/#\/schema\/logo\/image\/","url":"","contentUrl":"","caption":"Blomsma Signs & Safety"},"image":{"@id":"https:\/\/fireisolator.com\/es\/#\/schema\/logo\/image\/"}}]}},"_links":{"self":[{"href":"https:\/\/fireisolator.com\/es\/wp-json\/wp\/v2\/pages\/3945","targetHints":{"allow":["GET"]}}],"collection":[{"href":"https:\/\/fireisolator.com\/es\/wp-json\/wp\/v2\/pages"}],"about":[{"href":"https:\/\/fireisolator.com\/es\/wp-json\/wp\/v2\/types\/page"}],"author":[{"embeddable":true,"href":"https:\/\/fireisolator.com\/es\/wp-json\/wp\/v2\/users\/5"}],"replies":[{"embeddable":true,"href":"https:\/\/fireisolator.com\/es\/wp-json\/wp\/v2\/comments?post=3945"}],"version-history":[{"count":17,"href":"https:\/\/fireisolator.com\/es\/wp-json\/wp\/v2\/pages\/3945\/revisions"}],"predecessor-version":[{"id":7707,"href":"https:\/\/fireisolator.com\/es\/wp-json\/wp\/v2\/pages\/3945\/revisions\/7707"}],"wp:featuredmedia":[{"embeddable":true,"href":"https:\/\/fireisolator.com\/es\/wp-json\/wp\/v2\/media\/3947"}],"wp:attachment":[{"href":"https:\/\/fireisolator.com\/es\/wp-json\/wp\/v2\/media?parent=3945"}],"curies":[{"name":"wp","href":"https:\/\/api.w.org\/{rel}","templated":true}]}}