{"id":3977,"date":"2024-02-05T09:01:12","date_gmt":"2024-02-05T09:01:12","guid":{"rendered":"https:\/\/fireisolator.com\/about-us\/"},"modified":"2026-03-06T12:45:11","modified_gmt":"2026-03-06T12:45:11","slug":"quienes-somos","status":"publish","type":"page","link":"https:\/\/fireisolator.com\/es\/quienes-somos\/","title":{"rendered":"Qui\u00e9nes somos"},"content":{"rendered":"<div  data-label=\"Content\" data-id=\"content--1\" data-export-id=\"content-2\" data-category=\"content\" class=\"content-2 content-section content-section-spacing\" id=\"content-1\" style=\"background-color: rgb(255, 255, 255); background-image: none;\"><div > <div  class=\"row middle-xs\"><div  class=\"col-sm-5 bg-image shadow-large-black\" data-bg=\"image\" style=\"background-image: url(&quot;https:\/\/fireisolator.com\/wp-content\/uploads\/2025\/02\/Fire-Blanket-bag.jpg&quot;);\"><\/div> <div  class=\"col-sm-7 full-col-left-padding full-col-right-padding\"> <div  class=\"row\"> <div  data-type=\"column\" class=\"space-bottom-small content-title-col\">  <h2  class=\"\">Sobre FIRE\u26a1\ufe0fISOLATOR<\/h2> <p  class=\"\">FIRE\u26a1\ufe0fISOLATOR es una empresa certificada ISO 9001 de los Pa\u00edses Bajos. Formamos parte del Heijboer Safety Group, que lleva m\u00e1s de 40 a\u00f1os operando a nivel mundial en el sector de productos de seguridad y se\u00f1alizaci\u00f3n de seguridad. Al igual que con todos los productos y servicios de este grupo certificado ISO 9001, nuestro objetivo con Fire Isolator es proporcionar una soluci\u00f3n de alta calidad, transparente y sostenible para mantener bajo control los incendios de veh\u00edculos el\u00e9ctricos (EV).\n<br ><br >\nEl concepto FIRE\u26a1\ufe0fISOLATOR para limitar los da\u00f1os causados por incendios en veh\u00edculos el\u00e9ctricos surgi\u00f3 cuando nuestros socios, con una larga trayectoria en la industria de los ferris en Europa, se reunieron tras recibir m\u00faltiples consultas sobre c\u00f3mo manejar los incendios de coches el\u00e9ctricos a bordo. Dado que estos expertos eran conscientes de que los incendios de litio son extremadamente dif\u00edciles de extinguir, se desarroll\u00f3 un concepto completamente nuevo: FIRE\u26a1\ufe0fISOLATOR.<br >\n<\/p><\/div> <\/div> <div  class=\"row spaced-cols \" data-type=\"row\">   <div  class=\"col-xs-6\" data-type=\"column\"> <\/div>  <\/div><\/div> <\/div><\/div> <\/div><div  data-label=\"Overlappable\" data-id=\"overlappable--1\" data-export-id=\"overlappable-3\" data-category=\"overlappable\" class=\"overlappable-3 content-section content-section-spacing\" data-overlap=\"true\" id=\"overlappable-1\" style=\"background-color: rgb(255, 255, 255);\"><div  class=\"gridContainer\"> <div  class=\"row bg-color-white shadow-medium\"><div  class=\"col-xs-12 col-sm-6 image-col first-image-col\" data-bg=\"image\" style=\"background-image: url(&quot;https:\/\/fireisolator.com\/wp-content\/uploads\/2023\/01\/cropped-op-maat-4.jpg&quot;);\"><\/div> <div  class=\"col-xs-12 col-sm-6 content-col col-padding col-padding-xs\"> <div  class=\"col-padding\" data-type=\"column\"> <h4  class=\"\">Calidad y pol\u00edtica<\/h4> <p  class=\"\">Fire Isolator apuesta por una calidad excepcional con nuestro <a  data-mce-href=\"..\/\" href=\"https:\/\/fireisolator.com\/es\" target=\"_self\" data-mce-selected=\"inline-boundary\" data-cp-link=\"1\" rel=\"noopener\">concepto FIRE\u26a1\ufe0fISOLATOR<\/a>, un enfoque pionero para minimizar los da\u00f1os colaterales de los incendios en veh\u00edculos el\u00e9ctricos. Nos centramos en la fiabilidad, cumpliendo las normas internacionales de seguridad contra incendios. Nuestros productos est\u00e1n dise\u00f1ados para ser eficientes y duraderos, y ofrecen una excelente relaci\u00f3n calidad-precio. En todo lo que hacemos, desde nuestros productos hasta nuestro servicio de atenci\u00f3n al cliente, la calidad es primordial.\n<br ><br >\nEn Fire Isolator, nos aseguramos de tener siempre a mano un stock completo de todos los productos y accesorios de Fire Isolator para ofrecer asistencia en 24 horas. Nuestra cultura corporativa est\u00e1 arraigada en valores esenciales: dar la m\u00e1xima prioridad a los clientes, valorar a nuestros expertos empleados, promover la innovaci\u00f3n y asumir la responsabilidad y la obligaci\u00f3n de rendir cuentas ante nuestros clientes, el medio ambiente y la comunidad mundial.<\/p> <\/div> <\/div><\/div> <div  class=\"row bg-color-white shadow-medium\"><div  class=\"col-xs-12 col-sm-6 content-col col-padding col-padding-xs\"> <div  class=\"col-padding\" data-type=\"column\"><h4  class=\"\">Medio ambiente, salud y seguridad<\/h4> <p  class=\"\">Fire Isolator est\u00e1 plenamente comprometido con el medio ambiente, la salud y la seguridad (EHS) con nuestro innovador concepto FIRE\u26a1\ufe0fISOLATOR, desarrollado espec\u00edficamente para combatir eficazmente los incendios en veh\u00edculos el\u00e9ctricos. Nuestros productos cumplen todas las certificaciones esenciales, garantizando los m\u00e1s altos est\u00e1ndares de seguridad y protecci\u00f3n medioambiental.\n<br ><br >\nNuestro compromiso va m\u00e1s all\u00e1 del desarrollo de productos y abarca todos los aspectos de nuestras operaciones:<br >\n\u2022\tProporcionar un entorno de trabajo seguro para los empleados y las partes interesadas.<br >\n\u2022\tMinimizar nuestra huella medioambiental.<br >\n\u2022\tIntegrar el medio ambiente, la salud y la seguridad en nuestras actividades de investigaci\u00f3n y desarrollo.<br >\n\u2022\tMejorar continuamente nuestros esfuerzos en materia de medio ambiente, salud y seguridad.<\/p> <\/div> <\/div> <div  class=\"col-xs-12 col-sm-6 image-col second-image-col first-xs last-sm\" data-bg=\"image\" style=\"background-image: url(&quot;https:\/\/fireisolator.com\/wp-content\/uploads\/2023\/10\/cropped-Fire-Blanket-training-1.jpg&quot;);\"><\/div> <\/div><\/div> <\/div><div  data-label=\"Team\" data-id=\"team--2\" data-export-id=\"team-2\" data-category=\"team\" class=\"team-2 content-section content-section-spacing\" id=\"team-2\" style=\"background-color: rgb(255, 255, 255); background-image: none;\"><div  class=\"gridContainer\"> <div  class=\"row text-center\"><div  class=\"section-title-col\" data-type=\"column\"> <h2  class=\"\">Conozca a nuestro equipo<\/h2> <p  class=\"lead\">Fire Isolator mantiene los m\u00e1s altos est\u00e1ndares de calidad y servicio, reflejados en nuestra certificaci\u00f3n ISO 9001. Con sede en los Pa\u00edses Bajos, nuestro equipo dedicado garantiza operaciones globales fluidas, respondiendo r\u00e1pida y eficientemente a todas las consultas y pedidos. Nos enorgullece ofrecer la rapidez y excelencia en las que conf\u00edan nuestros distribuidores.<br >\nConozca al equipo de FIRE\u26a1\ufe0fISOLATOR:<\/p><\/div> <\/div> <div  class=\"row spaced-cols content-center-sm\" data-type=\"row\">  <div  class=\"col-sm-6 col-md-3\"> <div  class=\"card y-move no-padding bordered\"> <img  decoding=\"async\" class=\"face\" src=\"https:\/\/fireisolator.com\/wp-content\/uploads\/2024\/05\/JP-WEB.jpg\" title=\"JP WEB\" alt=\"Jan Peter Fire Isolator\"> <div  data-type=\"column\" class=\"col-padding-small col-padding-small-xs description-container\"> <h4  class=\"font-500\">Jan Peter Verheuvel<\/h4> <p  class=\"small\" style=\"font-style: italic;\">Director<\/p> <div  class=\"social-icons-group\" data-type=\"group\"> <a  href=\"#\" target=\"_self\" data-reiki-hidden=\"true\" rel=\"noopener\"><i  class=\"fa icon fa-facebook-square gray\"><\/i><\/a> <a  href=\"#\" target=\"_self\" data-reiki-hidden=\"true\" rel=\"noopener\"><i  class=\"fa icon fa-twitter-square gray\"><\/i><\/a> <a  href=\"#\" target=\"_self\" data-reiki-hidden=\"true\" rel=\"noopener\"><i  class=\"fa icon fa-linkedin-square gray\"><\/i><\/a> <a  href=\"#\" target=\"_self\" data-reiki-hidden=\"true\" rel=\"noopener\"><i  class=\"fa icon fa-google-plus-square gray\"><\/i><\/a><\/div> <\/div><\/div> <\/div> <div  class=\"col-sm-6 col-md-3\"> <div  class=\"card y-move no-padding bordered\"> <img  decoding=\"async\" class=\"face\" src=\"https:\/\/fireisolator.com\/wp-content\/uploads\/2024\/12\/Dirk-Silvius.jpg\" title=\"Dirk Silvius\" alt=\"Dirk Silvius\"> <div  data-type=\"column\" class=\"col-padding-small col-padding-small-xs description-container\"> <h4  class=\"font-500\">Dirk Silvius<\/h4> <p  class=\"small\" style=\"font-style: italic;\">Sales<\/p> <div  class=\"social-icons-group\" data-type=\"group\"> <a  href=\"#\" target=\"_self\" data-reiki-hidden=\"true\" rel=\"noopener\"><i  class=\"fa icon fa-facebook-square gray\"><\/i><\/a> <a  href=\"#\" target=\"_self\" data-reiki-hidden=\"true\" rel=\"noopener\"><i  class=\"fa icon fa-twitter-square gray\"><\/i><\/a> <a  href=\"#\" target=\"_self\" data-reiki-hidden=\"true\" rel=\"noopener\"><i  class=\"fa icon fa-linkedin-square gray\"><\/i><\/a> <a  href=\"#\" target=\"_self\" data-reiki-hidden=\"true\" rel=\"noopener\"><i  class=\"fa icon fa-google-plus-square gray\"><\/i><\/a><\/div> <\/div><\/div> <\/div>     <div  class=\"col-sm-6 col-md-3\"> <div  class=\"card y-move no-padding bordered\"> <img  decoding=\"async\" class=\"face\" src=\"https:\/\/fireisolator.com\/wp-content\/uploads\/cropped-Marieke-WEB.jpg\" title=\"cropped-Marieke-WEB.jpg\" alt=\"\"> <div  data-type=\"column\" class=\"col-padding-small col-padding-small-xs description-container\"> <h4  class=\"font-500\">Marieke Zwerver<\/h4> <p  class=\"small\" style=\"font-style: italic;\">Backoffice<\/p> <div  class=\"social-icons-group\" data-type=\"group\"> <a  href=\"#\" target=\"_self\" data-reiki-hidden=\"true\" rel=\"noopener\"><i  class=\"fa icon fa-facebook-square gray\"><\/i><\/a> <a  href=\"#\" target=\"_self\" data-reiki-hidden=\"true\" rel=\"noopener\"><i  class=\"fa icon fa-twitter-square gray\"><\/i><\/a> <a  href=\"#\" target=\"_self\" data-reiki-hidden=\"true\" rel=\"noopener\"><i  class=\"fa icon fa-linkedin-square gray\"><\/i><\/a> <a  href=\"#\" target=\"_self\" data-reiki-hidden=\"true\" rel=\"noopener\"><i  class=\"fa icon fa-google-plus-square gray\"><\/i><\/a><\/div> <\/div><\/div> <\/div><div  class=\"col-sm-6 col-md-3\"> <div  class=\"card y-move no-padding bordered\"> <img  decoding=\"async\" class=\"face\" src=\"https:\/\/fireisolator.com\/wp-content\/uploads\/Mario-WEB.jpg\" title=\"Mario WEB\" alt=\"Mario\"> <div  data-type=\"column\" class=\"col-padding-small col-padding-small-xs description-container\"> <h4  class=\"font-500\">Mario Verkijk<\/h4> <p  class=\"small\" style=\"font-style: italic;\">Logistics &amp; Warehouse<\/p> <div  class=\"social-icons-group\" data-type=\"group\"> <a  href=\"#\" target=\"_self\" data-reiki-hidden=\"true\" rel=\"noopener\"><i  class=\"fa icon fa-facebook-square gray\"><\/i><\/a> <a  href=\"#\" target=\"_self\" data-reiki-hidden=\"true\" rel=\"noopener\"><i  class=\"fa icon fa-twitter-square gray\"><\/i><\/a> <a  href=\"#\" target=\"_self\" data-reiki-hidden=\"true\" rel=\"noopener\"><i  class=\"fa icon fa-linkedin-square gray\"><\/i><\/a> <a  href=\"#\" target=\"_self\" data-reiki-hidden=\"true\" rel=\"noopener\"><i  class=\"fa icon fa-google-plus-square gray\"><\/i><\/a><\/div> <\/div><\/div> <\/div><div  class=\"col-sm-6 col-md-3\"> <div  class=\"card y-move no-padding bordered\"> <img  decoding=\"async\" class=\"face\" src=\"https:\/\/fireisolator.com\/wp-content\/uploads\/Sander.jpg\" title=\"Sander\" alt=\"Sander\"> <div  data-type=\"column\" class=\"col-padding-small col-padding-small-xs description-container\"> <h4  class=\"font-500\">Sander Hoogendijk<\/h4> <p  class=\"small\" style=\"font-style: italic;\">Senior Allround Marketeer<\/p> <div  class=\"social-icons-group\" data-type=\"group\"> <a  href=\"#\" target=\"_self\" data-reiki-hidden=\"true\" rel=\"noopener\"><i  class=\"fa icon fa-facebook-square gray\"><\/i><\/a> <a  href=\"#\" target=\"_self\" data-reiki-hidden=\"true\" rel=\"noopener\"><i  class=\"fa icon fa-twitter-square gray\"><\/i><\/a> <a  href=\"#\" target=\"_self\" data-reiki-hidden=\"true\" rel=\"noopener\"><i  class=\"fa icon fa-linkedin-square gray\"><\/i><\/a> <a  href=\"#\" target=\"_self\" data-reiki-hidden=\"true\" rel=\"noopener\"><i  class=\"fa icon fa-google-plus-square gray\"><\/i><\/a><\/div> <\/div><\/div> <\/div><div  class=\"col-sm-6 col-md-3\"> <div  class=\"card y-move no-padding bordered\"> <img  decoding=\"async\" class=\"face\" src=\"https:\/\/fireisolator.com\/wp-content\/uploads\/Nicky-WEB-1.jpg\" title=\"Nicky WEB\" alt=\"Nicky\"> <div  data-type=\"column\" class=\"col-padding-small col-padding-small-xs description-container\"> <h4  class=\"font-500\">Nicky van Dijk<\/h4> <p  class=\"small\" style=\"font-style: italic;\">Senior Allround Marketeer<\/p> <div  class=\"social-icons-group\" data-type=\"group\"> <a  href=\"#\" target=\"_self\" data-reiki-hidden=\"true\" rel=\"noopener\"><i  class=\"fa icon fa-facebook-square gray\"><\/i><\/a> <a  href=\"#\" target=\"_self\" data-reiki-hidden=\"true\" rel=\"noopener\"><i  class=\"fa icon fa-twitter-square gray\"><\/i><\/a> <a  href=\"#\" target=\"_self\" data-reiki-hidden=\"true\" rel=\"noopener\"><i  class=\"fa icon fa-linkedin-square gray\"><\/i><\/a> <a  href=\"#\" target=\"_self\" data-reiki-hidden=\"true\" rel=\"noopener\"><i  class=\"fa icon fa-google-plus-square gray\"><\/i><\/a><\/div> <\/div><\/div> <\/div><\/div> <\/div><\/div>","protected":false},"excerpt":{"rendered":"<p>Sobre FIRE\u26a1\ufe0fISOLATOR FIRE\u26a1\ufe0fISOLATOR es una empresa certificada ISO 9001 de los Pa\u00edses Bajos. Formamos parte del Heijboer Safety Group, que lleva m\u00e1s de 40 a\u00f1os operando a nivel mundial en el sector de productos de seguridad y se\u00f1alizaci\u00f3n de seguridad. Al igual que con todos los productos y servicios de este grupo certificado ISO 9001,&hellip; <br \/> <a class=\"read-more\" href=\"https:\/\/fireisolator.com\/es\/quienes-somos\/\">Leer m\u00e1s<\/a><\/p>\n","protected":false},"author":5,"featured_media":3930,"parent":0,"menu_order":0,"comment_status":"closed","ping_status":"closed","template":"pro\/page-templates\/full-width-page.php","meta":{"_acf_changed":false,"content-type":"","inline_featured_image":false,"footnotes":""},"class_list":["post-3977","page","type-page","status-publish","has-post-thumbnail","hentry"],"acf":[],"yoast_head":"<!-- This site is optimized with the Yoast SEO Premium plugin v24.6 (Yoast SEO v24.6) - https:\/\/yoast.com\/wordpress\/plugins\/seo\/ -->\n<title>Qui\u00e9nes somos &#8226; Fire Isolator<\/title>\n<meta name=\"description\" content=\"Qui\u00e9nes somos - FIRE\u26a1\ufe0fISOLATOR es un concepto para aislar y combatir incendios en veh\u00edculos el\u00e9ctricos basado en las mejores pr\u00e1cticas.\" \/>\n<meta name=\"robots\" content=\"index, follow, max-snippet:-1, max-image-preview:large, max-video-preview:-1\" \/>\n<link rel=\"canonical\" href=\"https:\/\/fireisolator.com\/es\/quienes-somos\/\" \/>\n<meta property=\"og:locale\" content=\"es_ES\" \/>\n<meta property=\"og:type\" content=\"article\" \/>\n<meta property=\"og:title\" content=\"Qui\u00e9nes somos\" \/>\n<meta property=\"og:description\" content=\"Qui\u00e9nes somos - FIRE\u26a1\ufe0fISOLATOR es un concepto para aislar y combatir incendios en veh\u00edculos el\u00e9ctricos basado en las mejores pr\u00e1cticas.\" \/>\n<meta property=\"og:url\" content=\"https:\/\/fireisolator.com\/es\/quienes-somos\/\" \/>\n<meta property=\"og:site_name\" content=\"Fire Isolator\" \/>\n<meta property=\"article:modified_time\" content=\"2026-03-06T12:45:11+00:00\" \/>\n<meta property=\"og:image\" content=\"https:\/\/fireisolator.com\/wp-content\/uploads\/2023\/10\/fire-blanket-2.0.jpg\" \/>\n\t<meta property=\"og:image:width\" content=\"1500\" \/>\n\t<meta property=\"og:image:height\" content=\"600\" \/>\n\t<meta property=\"og:image:type\" content=\"image\/jpeg\" \/>\n<meta name=\"twitter:card\" content=\"summary_large_image\" \/>\n<meta name=\"twitter:label1\" content=\"Tiempo de lectura\" \/>\n\t<meta name=\"twitter:data1\" content=\"4 minutos\" \/>\n<script type=\"application\/ld+json\" class=\"yoast-schema-graph\">{\"@context\":\"https:\/\/schema.org\",\"@graph\":[{\"@type\":\"WebPage\",\"@id\":\"https:\/\/fireisolator.com\/es\/quienes-somos\/\",\"url\":\"https:\/\/fireisolator.com\/es\/quienes-somos\/\",\"name\":\"Qui\u00e9nes somos &#8226; Fire Isolator\",\"isPartOf\":{\"@id\":\"https:\/\/fireisolator.com\/es\/#website\"},\"primaryImageOfPage\":{\"@id\":\"https:\/\/fireisolator.com\/es\/quienes-somos\/#primaryimage\"},\"image\":{\"@id\":\"https:\/\/fireisolator.com\/es\/quienes-somos\/#primaryimage\"},\"thumbnailUrl\":\"https:\/\/fireisolator.com\/wp-content\/uploads\/2023\/10\/fire-blanket-2.0.jpg\",\"datePublished\":\"2024-02-05T09:01:12+00:00\",\"dateModified\":\"2026-03-06T12:45:11+00:00\",\"description\":\"Qui\u00e9nes somos - FIRE\u26a1\ufe0fISOLATOR es un concepto para aislar y combatir incendios en veh\u00edculos el\u00e9ctricos basado en las mejores pr\u00e1cticas.\",\"breadcrumb\":{\"@id\":\"https:\/\/fireisolator.com\/es\/quienes-somos\/#breadcrumb\"},\"inLanguage\":\"es\",\"potentialAction\":[{\"@type\":\"ReadAction\",\"target\":[\"https:\/\/fireisolator.com\/es\/quienes-somos\/\"]}]},{\"@type\":\"ImageObject\",\"inLanguage\":\"es\",\"@id\":\"https:\/\/fireisolator.com\/es\/quienes-somos\/#primaryimage\",\"url\":\"https:\/\/fireisolator.com\/wp-content\/uploads\/2023\/10\/fire-blanket-2.0.jpg\",\"contentUrl\":\"https:\/\/fireisolator.com\/wp-content\/uploads\/2023\/10\/fire-blanket-2.0.jpg\",\"width\":1500,\"height\":600,\"caption\":\"Qui\u00e9nes somos\"},{\"@type\":\"BreadcrumbList\",\"@id\":\"https:\/\/fireisolator.com\/es\/quienes-somos\/#breadcrumb\",\"itemListElement\":[{\"@type\":\"ListItem\",\"position\":1,\"name\":\"Home\",\"item\":\"https:\/\/fireisolator.com\/es\/\"},{\"@type\":\"ListItem\",\"position\":2,\"name\":\"Qui\u00e9nes somos\"}]},{\"@type\":\"WebSite\",\"@id\":\"https:\/\/fireisolator.com\/es\/#website\",\"url\":\"https:\/\/fireisolator.com\/es\/\",\"name\":\"FIRE\u26a1\ufe0fISOLATOR\",\"description\":\"The solution to isolate EV car fires\",\"publisher\":{\"@id\":\"https:\/\/fireisolator.com\/es\/#organization\"},\"potentialAction\":[{\"@type\":\"SearchAction\",\"target\":{\"@type\":\"EntryPoint\",\"urlTemplate\":\"https:\/\/fireisolator.com\/es\/?s={search_term_string}\"},\"query-input\":{\"@type\":\"PropertyValueSpecification\",\"valueRequired\":true,\"valueName\":\"search_term_string\"}}],\"inLanguage\":\"es\"},{\"@type\":\"Organization\",\"@id\":\"https:\/\/fireisolator.com\/es\/#organization\",\"name\":\"Blomsma Signs & Safety\",\"url\":\"https:\/\/fireisolator.com\/es\/\",\"logo\":{\"@type\":\"ImageObject\",\"inLanguage\":\"es\",\"@id\":\"https:\/\/fireisolator.com\/es\/#\/schema\/logo\/image\/\",\"url\":\"\",\"contentUrl\":\"\",\"caption\":\"Blomsma Signs & Safety\"},\"image\":{\"@id\":\"https:\/\/fireisolator.com\/es\/#\/schema\/logo\/image\/\"}}]}<\/script>\n<!-- \/ Yoast SEO Premium plugin. -->","yoast_head_json":{"title":"Qui\u00e9nes somos &#8226; Fire Isolator","description":"Qui\u00e9nes somos - FIRE\u26a1\ufe0fISOLATOR es un concepto para aislar y combatir incendios en veh\u00edculos el\u00e9ctricos basado en las mejores pr\u00e1cticas.","robots":{"index":"index","follow":"follow","max-snippet":"max-snippet:-1","max-image-preview":"max-image-preview:large","max-video-preview":"max-video-preview:-1"},"canonical":"https:\/\/fireisolator.com\/es\/quienes-somos\/","og_locale":"es_ES","og_type":"article","og_title":"Qui\u00e9nes somos","og_description":"Qui\u00e9nes somos - FIRE\u26a1\ufe0fISOLATOR es un concepto para aislar y combatir incendios en veh\u00edculos el\u00e9ctricos basado en las mejores pr\u00e1cticas.","og_url":"https:\/\/fireisolator.com\/es\/quienes-somos\/","og_site_name":"Fire Isolator","article_modified_time":"2026-03-06T12:45:11+00:00","og_image":[{"width":1500,"height":600,"url":"https:\/\/fireisolator.com\/wp-content\/uploads\/2023\/10\/fire-blanket-2.0.jpg","type":"image\/jpeg"}],"twitter_card":"summary_large_image","twitter_misc":{"Tiempo de lectura":"4 minutos"},"schema":{"@context":"https:\/\/schema.org","@graph":[{"@type":"WebPage","@id":"https:\/\/fireisolator.com\/es\/quienes-somos\/","url":"https:\/\/fireisolator.com\/es\/quienes-somos\/","name":"Qui\u00e9nes somos &#8226; Fire Isolator","isPartOf":{"@id":"https:\/\/fireisolator.com\/es\/#website"},"primaryImageOfPage":{"@id":"https:\/\/fireisolator.com\/es\/quienes-somos\/#primaryimage"},"image":{"@id":"https:\/\/fireisolator.com\/es\/quienes-somos\/#primaryimage"},"thumbnailUrl":"https:\/\/fireisolator.com\/wp-content\/uploads\/2023\/10\/fire-blanket-2.0.jpg","datePublished":"2024-02-05T09:01:12+00:00","dateModified":"2026-03-06T12:45:11+00:00","description":"Qui\u00e9nes somos - FIRE\u26a1\ufe0fISOLATOR es un concepto para aislar y combatir incendios en veh\u00edculos el\u00e9ctricos basado en las mejores pr\u00e1cticas.","breadcrumb":{"@id":"https:\/\/fireisolator.com\/es\/quienes-somos\/#breadcrumb"},"inLanguage":"es","potentialAction":[{"@type":"ReadAction","target":["https:\/\/fireisolator.com\/es\/quienes-somos\/"]}]},{"@type":"ImageObject","inLanguage":"es","@id":"https:\/\/fireisolator.com\/es\/quienes-somos\/#primaryimage","url":"https:\/\/fireisolator.com\/wp-content\/uploads\/2023\/10\/fire-blanket-2.0.jpg","contentUrl":"https:\/\/fireisolator.com\/wp-content\/uploads\/2023\/10\/fire-blanket-2.0.jpg","width":1500,"height":600,"caption":"Qui\u00e9nes somos"},{"@type":"BreadcrumbList","@id":"https:\/\/fireisolator.com\/es\/quienes-somos\/#breadcrumb","itemListElement":[{"@type":"ListItem","position":1,"name":"Home","item":"https:\/\/fireisolator.com\/es\/"},{"@type":"ListItem","position":2,"name":"Qui\u00e9nes somos"}]},{"@type":"WebSite","@id":"https:\/\/fireisolator.com\/es\/#website","url":"https:\/\/fireisolator.com\/es\/","name":"FIRE\u26a1\ufe0fISOLATOR","description":"The solution to isolate EV car fires","publisher":{"@id":"https:\/\/fireisolator.com\/es\/#organization"},"potentialAction":[{"@type":"SearchAction","target":{"@type":"EntryPoint","urlTemplate":"https:\/\/fireisolator.com\/es\/?s={search_term_string}"},"query-input":{"@type":"PropertyValueSpecification","valueRequired":true,"valueName":"search_term_string"}}],"inLanguage":"es"},{"@type":"Organization","@id":"https:\/\/fireisolator.com\/es\/#organization","name":"Blomsma Signs & Safety","url":"https:\/\/fireisolator.com\/es\/","logo":{"@type":"ImageObject","inLanguage":"es","@id":"https:\/\/fireisolator.com\/es\/#\/schema\/logo\/image\/","url":"","contentUrl":"","caption":"Blomsma Signs & Safety"},"image":{"@id":"https:\/\/fireisolator.com\/es\/#\/schema\/logo\/image\/"}}]}},"_links":{"self":[{"href":"https:\/\/fireisolator.com\/es\/wp-json\/wp\/v2\/pages\/3977","targetHints":{"allow":["GET"]}}],"collection":[{"href":"https:\/\/fireisolator.com\/es\/wp-json\/wp\/v2\/pages"}],"about":[{"href":"https:\/\/fireisolator.com\/es\/wp-json\/wp\/v2\/types\/page"}],"author":[{"embeddable":true,"href":"https:\/\/fireisolator.com\/es\/wp-json\/wp\/v2\/users\/5"}],"replies":[{"embeddable":true,"href":"https:\/\/fireisolator.com\/es\/wp-json\/wp\/v2\/comments?post=3977"}],"version-history":[{"count":15,"href":"https:\/\/fireisolator.com\/es\/wp-json\/wp\/v2\/pages\/3977\/revisions"}],"predecessor-version":[{"id":8648,"href":"https:\/\/fireisolator.com\/es\/wp-json\/wp\/v2\/pages\/3977\/revisions\/8648"}],"wp:featuredmedia":[{"embeddable":true,"href":"https:\/\/fireisolator.com\/es\/wp-json\/wp\/v2\/media\/3930"}],"wp:attachment":[{"href":"https:\/\/fireisolator.com\/es\/wp-json\/wp\/v2\/media?parent=3977"}],"curies":[{"name":"wp","href":"https:\/\/api.w.org\/{rel}","templated":true}]}}