{"id":4054,"date":"2023-11-08T10:39:57","date_gmt":"2023-11-08T10:39:57","guid":{"rendered":"https:\/\/fireisolator.com\/?page_id=4054"},"modified":"2026-03-25T09:47:57","modified_gmt":"2026-03-25T09:47:57","slug":"aplicadores-de-agua-nebulizada","status":"publish","type":"page","link":"https:\/\/fireisolator.com\/es\/aplicadores-de-agua-nebulizada\/","title":{"rendered":"Aplicadores de agua nebulizada"},"content":{"rendered":"<h2  class=\"wp-block-heading\"><\/h2><div  data-label=\"Content\" data-id=\"content--1\" data-export-id=\"content-12\" data-category=\"content\" class=\"content-12 content-section content-section-spacing\" id=\"content-1\" style=\"background-color: rgb(255, 255, 255);\"><div  class=\"gridContainer\"> <div  class=\"row text-center\"><div  class=\"section-title-col\" data-type=\"column\"> <h2  class=\"\">Productos de Aplicadores de Agua Nebulizada<\/h2> <p  class=\"lead\">Los aplicadores de agua nebulizada de Fire Isolator ofrecen una soluci\u00f3n innovadora y eficaz para la extinci\u00f3n de incendios, especialmente en situaciones de alto riesgo como los incendios de bater\u00edas de veh\u00edculos el\u00e9ctricos. Utilizando tecnolog\u00eda avanzada de agua nebulizada, estos sistemas enfr\u00edan r\u00e1pidamente el fuego, reducen el calor y minimizan los vapores t\u00f3xicos. Dise\u00f1ados para ser vers\u00e1tiles, mejoran la seguridad y limitan los da\u00f1os, convirti\u00e9ndose en una herramienta esencial para la lucha contra incendios moderna.<\/p><\/div> <\/div> <div  class=\"row center-xs middle-xs\"> <div  class=\"col-sm-9\" data-type=\"column\"> <\/div> <\/div><\/div> <\/div><div  data-label=\"Content\" data-id=\"content--2\" data-export-id=\"content-2\" data-category=\"content\" class=\"content-2 content-section content-section-spacing\" id=\"content-2\" style=\"background-color: rgb(255, 255, 255); background-image: none;\"><div > <div  class=\"row middle-xs\"><div  class=\"col-sm-5 bg-image shadow-large-black\" data-bg=\"image\" style=\"background-image: url(&quot;https:\/\/fireisolator.com\/wp-content\/uploads\/2025\/02\/watermist-4.jpg&quot;);\"><\/div> <div  class=\"col-sm-7 full-col-left-padding full-col-right-padding\"> <div  class=\"row\"> <div  data-type=\"column\" class=\"space-bottom-small content-title-col\"> <h5  class=\"\">FIRE ISOLATOR<\/h5> <h2  class=\"\">Lanza de Agua Nebulizada<\/h2> <p  class=\"\">La lanza de agua nebulizada (FI-WMLANCE), parte de nuestra gama de aplicadores de agua nebulizada, es una herramienta de extinci\u00f3n de incendios que roc\u00eda una fina niebla de agua sobre una manta ign\u00edfuga despu\u00e9s de haber sido desplegada sobre un veh\u00edculo el\u00e9ctrico en llamas. Esto ayuda a humedecer la manta y hacerla m\u00e1s herm\u00e9tica, mejorando su eficacia en la contenci\u00f3n del fuego y la supresi\u00f3n de vapores t\u00f3xicos. Adem\u00e1s, la niebla enfr\u00eda la zona y desplaza el ox\u00edgeno, mejorando la extinci\u00f3n del incendio.<\/p><\/div> <\/div> <div  class=\"row spaced-cols \" data-type=\"row\"> <div  class=\"col-xs-6\" data-type=\"column\"> <h5  class=\"\">MATERIALES<\/h5> <p  class=\"\">Acero inoxidable de alta calidad con eje superior recubierto de PE (SS 304).<\/p><\/div> <div  class=\"col-xs-6\" data-type=\"column\"><h5  class=\"\">PRUEBAS<\/h5> <p  class=\"\">Aprobado por ABS y cumple con los requisitos de las regulaciones SOLAS II-2\/10.7.3.<\/p><\/div> <div  class=\"col-xs-6\" data-type=\"column\"><h5  class=\"\">DIMENSIONES Y ESPECIFICACIONES<\/h5> <p  class=\"\"><a  data-mce-href=\"..\/..\/wp-content\/uploads\/2025\/01\/Datasheet_Watermist_Lance_v2.pdf\" href=\"..\/..\/wp-content\/uploads\/2025\/01\/Datasheet_Watermist_Lance_v2.pdf\" target=\"_blank\" rel=\"noopener\" data-mce-selected=\"inline-boundary\" data-cp-link=\"1\" class=\"\">Haga clic aqu\u00ed<\/a> para ver la ficha t\u00e9cnica de la lanza de agua nebulizada con especificaciones y dimensiones.<\/p><\/div> <div  class=\"col-xs-6\" data-type=\"column\"><h5  class=\"\">CONEXIONES<\/h5> <p  class=\"\">Rosca macho de 1\u2033 sin v\u00e1lvula de bola<br >\nRosca hembra de 1\u2033 con v\u00e1lvula de bola<\/p><\/div> <\/div><\/div> <\/div><\/div> <\/div><div  data-label=\"Content\" data-id=\"content--3\" data-export-id=\"content-3\" data-category=\"content\" class=\"content-3 content-section content-section-spacing\" id=\"content-3\" style=\"background-color: rgb(255, 255, 255);\"><div > <div  class=\"row middle-xs\"><div  class=\"col-sm-7 full-col-left-padding full-col-right-padding\"> <div  class=\"row\"><div  data-type=\"column\" class=\"space-bottom-small content-title-col\"> <h5  class=\"\">FIRE ISOLATOR<\/h5> <h2  class=\"\">Barra de Agua Nebulizada 26<\/h2> <p  class=\"\">La Barra de agua nebulizada 26 (FI-WMS26) es una herramienta ligera dise\u00f1ada para facilitar su maniobra debajo o junto a veh\u00edculos en llamas. Es especialmente \u00fatil en espacios reducidos, como ferris y aparcamientos. El aplicador roc\u00eda una fina niebla de agua para enfriar el veh\u00edculo antes de cubrirlo con una manta ign\u00edfuga. Adem\u00e1s, proporciona protecci\u00f3n personal al crear una barrera entre el usuario y el calor.<\/p><\/div> <\/div> <div  class=\"row spaced-cols\" data-type=\"row\"> <div  class=\"col-xs-6\" data-type=\"column\"> <h5  class=\"\">MATERIALES<\/h5> <p  class=\"\">Fabricado en aluminio para una experiencia ligera y f\u00e1cil de manejar.<\/p><\/div> <div  class=\"col-xs-6\" data-type=\"column\"><h5  class=\"\">PRUEBAS<\/h5> <p  class=\"\">Probado seg\u00fan EN IEC 60900:2018<br >\n&amp; EN IEC 61010-1 + A1:2019<\/p><\/div> <div  class=\"col-xs-6\" data-type=\"column\"><h5  class=\"\">DIMENSIONES Y ESPECIFICACIONES<\/h5> <p  class=\"\"><a  data-mce-href=\"..\/..\/wp-content\/uploads\/2025\/01\/FI_Datasheet_Watermist_Applicator_36_v2-1.pdf\" href=\"..\/..\/wp-content\/uploads\/2025\/01\/FI_Datasheet_Watermist_Applicator_36_v2-1.pdf\" target=\"_blank\" rel=\"noopener\" data-mce-selected=\"inline-boundary\" data-cp-link=\"1\" class=\"\">Haga clic aqu\u00ed<\/a> para ver la ficha t\u00e9cnica con especificaciones y dimensiones o para ver La Barra de agua nebulizada 26 en acci\u00f3n.<\/p><\/div> <div  class=\"col-xs-6\" data-type=\"column\"><h5  class=\"\">CONEXIONES<\/h5> <p  class=\"\">Cuerpo principal: Tubo de aluminio 60A, 5 mm de grosor, compuesto por 3 segmentos. Rosca macho M60, acoplamiento Storz 50A.<\/p><\/div> <\/div><\/div> <div  class=\"col-sm-5 bg-image shadow-large-black revert-classes-holder\" data-bg=\"image\" style=\"background-image: url(&quot;https:\/\/fireisolator.com\/wp-content\/uploads\/2025\/02\/Watermist-Applicator-36.jpg&quot;);\"><\/div><\/div> <\/div><\/div><div  data-label=\"Content\" data-id=\"content--4\" data-export-id=\"content-2\" data-category=\"content\" class=\"content-2 content-section content-section-spacing\" id=\"content-4\" style=\"background-color: rgb(255, 255, 255); background-image: none;\"><div > <div  class=\"row middle-xs\"><div  class=\"col-sm-5 bg-image shadow-large-black\" data-bg=\"image\" style=\"background-image: url(&quot;https:\/\/fireisolator.com\/wp-content\/uploads\/2025\/02\/watermist-applicator-126.jpg&quot;);\"><\/div> <div  class=\"col-sm-7 full-col-left-padding full-col-right-padding\"> <div  class=\"row\"> <div  data-type=\"column\" class=\"space-bottom-small content-title-col\"> <h5  class=\"\">FIRE ISOLATOR<\/h5> <h2  class=\"\">Aplicador de Agua Nebulizada 126<\/h2> <p  class=\"\">El aplicador de agua nebulizada 126 (FI-WMA126) representa un enfoque revolucionario para la extinci\u00f3n de incendios en veh\u00edculos el\u00e9ctricos, ya que se utiliza directamente debajo o cerca de la bater\u00eda del autom\u00f3vil. Dado que la mayor\u00eda de los incendios en EV comienzan en la bater\u00eda de iones de litio, el aplicador de agua nebulizada 126 ofrece una soluci\u00f3n \u00fanica para combatir el fuego en su origen. Su tecnolog\u00eda de agua nebulizada garantiza un enfriamiento r\u00e1pido y la supresi\u00f3n del incendio, mejorando la seguridad y reduciendo los da\u00f1os.<\/p><\/div> <\/div> <div  class=\"row spaced-cols \" data-type=\"row\"> <div  class=\"col-xs-6\" data-type=\"column\"> <h5  class=\"\">MATERIALES<\/h5> <p  class=\"\">Fabricado en aluminio para una experiencia ligera y f\u00e1cil de manejar.<\/p><\/div> <div  class=\"col-xs-6\" data-type=\"column\"><h5  class=\"\">PATENTADO<\/h5> <p  class=\"\">Nuestros aplicadores de agua nebulizada son sistemas patentados y \u00fanicos en el mercado.<\/p><\/div> <div  class=\"col-xs-6\" data-type=\"column\"><h5  class=\"\">DIMENSIONES Y ESPECIFICACIONES<\/h5> <p  class=\"\"><a  data-mce-href=\"..\/..\/wp-content\/uploads\/2025\/01\/Datasheet_FireIsolator_Watermist_Applicator126_2025.pdf\" href=\"..\/..\/wp-content\/uploads\/2025\/01\/Datasheet_FireIsolator_Watermist_Applicator126_2025.pdf\" target=\"_blank\" rel=\"noopener\" data-mce-selected=\"inline-boundary\" data-cp-link=\"1\" class=\"\">Haga clic aqu\u00ed<\/a> para ver la ficha t\u00e9cnica del Aplicador de Agua Nebulizada 126.<\/p><\/div> <div  class=\"col-xs-6\" data-type=\"column\"><h5  class=\"\">CONEXIONES<\/h5> <p  class=\"\">Un conector Storz C02.<\/p><\/div> <\/div><\/div> <\/div><\/div> <\/div><div  data-label=\"Content\" data-id=\"content--5\" data-export-id=\"content-3\" data-category=\"content\" class=\"content-3 content-section content-section-spacing\" id=\"content-5\" style=\"background-color: rgb(255, 255, 255);\"><div > <div  class=\"row middle-xs\"><div  class=\"col-sm-7 full-col-left-padding full-col-right-padding\"> <div  class=\"row\"><div  data-type=\"column\" class=\"space-bottom-small content-title-col\"> <h5  class=\"\">FIRE ISOLATOR<\/h5> <h2  class=\"\">Aplicador de Agua Nebulizada 138<\/h2> <p  class=\"\">El aplicador m\u00f3vil de agua nebulizada 138 (FI-WMA138) es una evoluci\u00f3n del modelo 126, un producto revolucionario para la extinci\u00f3n de incendios en veh\u00edculos, desarrollado espec\u00edficamente para contener incendios en autom\u00f3viles el\u00e9ctricos. Es una versi\u00f3n m\u00e1s larga que el modelo 126. Con un peso de solo 10 kg, el FI-WMA138 es f\u00e1cil de manejar por una sola persona. Puede colocarse f\u00e1cilmente debajo del veh\u00edculo para enfriar la parte inferior.<\/p><\/div> <\/div> <div  class=\"row spaced-cols\" data-type=\"row\"> <div  class=\"col-xs-6\" data-type=\"column\"> <h5  class=\"\">MATERIALES<\/h5> <p  class=\"\">Fabricado en aluminio para una experiencia ligera y f\u00e1cil de manejar.<\/p><\/div> <div  class=\"col-xs-6\" data-type=\"column\"><h5  class=\"\">PATENTADO<\/h5> <p  class=\"\">Nuestros aplicadores de agua nebulizada son sistemas patentados y \u00fanicos en el mercado.<\/p><\/div> <div  class=\"col-xs-6\" data-type=\"column\"><h5  class=\"\">DIMENSIONES Y ESPECIFICACIONES<\/h5> <p  class=\"\"><a  data-mce-href=\"..\/..\/wp-content\/uploads\/2025\/01\/Datasheet_FireIsolator_Watermist_Applicator138_2025.pdf\" href=\"..\/..\/wp-content\/uploads\/2025\/01\/Datasheet_FireIsolator_Watermist_Applicator138_2025.pdf\" target=\"_blank\" rel=\"noopener\" data-mce-selected=\"inline-boundary\" data-cp-link=\"1\" class=\"\">Haga clic aqu\u00ed<\/a> para ver la ficha t\u00e9cnica del Aplicador de Agua Nebulizada 138.<\/p><\/div> <div  class=\"col-xs-6\" data-type=\"column\"><h5  class=\"\">CONEXIONES<\/h5> <p  class=\"\">Un conector Storz C02.<\/p><\/div> <\/div><\/div> <div  class=\"col-sm-5 bg-image shadow-large-black revert-classes-holder\" data-bg=\"image\" style=\"background-image: url(&quot;https:\/\/fireisolator.com\/wp-content\/uploads\/2025\/02\/watermist-applicator-138.jpg&quot;);\"><\/div><\/div> <\/div><\/div><div  data-label=\"Content\" data-id=\"content--6\" data-export-id=\"content-2\" data-category=\"content\" class=\"content-2 content-section content-section-spacing\" id=\"content-6\" style=\"background-color: rgb(255, 255, 255); background-image: none;\"><div > <div  class=\"row middle-xs\"><div  class=\"col-sm-5 bg-image shadow-large-black\" data-bg=\"image\" style=\"background-image: url(&quot;https:\/\/fireisolator.com\/wp-content\/uploads\/2025\/02\/Watermist-Applicator-241.jpg&quot;);\"><\/div> <div  class=\"col-sm-7 full-col-left-padding full-col-right-padding\"> <div  class=\"row\"> <div  data-type=\"column\" class=\"space-bottom-small content-title-col\"> <h5  class=\"\">FIRE ISOLATOR<\/h5> <h2  class=\"\">Aplicador de Agua Nebulizada 241<\/h2> <p  class=\"\">El aplicador m\u00f3vil de agua nebulizada 241 (FI-WMA241) es una versi\u00f3n ampliada de los modelos FI-WMA126 y FI-WMA138 para la extinci\u00f3n de incendios en veh\u00edculos. El FI-WMA241 es un modelo de mayor tama\u00f1o con un peso de 30 kg. Puede colocarse f\u00e1cilmente debajo del veh\u00edculo para enfriar casi toda la parte inferior, pero tambi\u00e9n puede posicionarse lateralmente, como se muestra en la imagen.<\/p><\/div> <\/div> <div  class=\"row spaced-cols \" data-type=\"row\"> <div  class=\"col-xs-6\" data-type=\"column\"> <h5  class=\"\">MATERIALES<\/h5> <p  class=\"\">Fabricado en aluminio para una experiencia ligera y f\u00e1cil de manejar.<\/p><\/div> <div  class=\"col-xs-6\" data-type=\"column\"><h5  class=\"\">PATENTADO<\/h5> <p  class=\"\">Nuestros aplicadores de agua nebulizada son sistemas patentados y \u00fanicos en el mercado.<\/p><\/div> <div  class=\"col-xs-6\" data-type=\"column\"><h5  class=\"\">DIMENSIONES Y ESPECIFICACIONES<\/h5> <p  class=\"\"><a  data-mce-href=\"..\/..\/wp-content\/uploads\/2025\/01\/Datasheet_FireIsolator_Watermist_Applicator241_2025.pdf\" href=\"..\/..\/wp-content\/uploads\/2025\/01\/Datasheet_FireIsolator_Watermist_Applicator241_2025.pdf\" target=\"_blank\" rel=\"noopener\" data-mce-selected=\"inline-boundary\" data-cp-link=\"1\" class=\"\">Haga clic aqu\u00ed<\/a> para ver la ficha t\u00e9cnica del Aplicador de Agua Nebulizada 421.<\/p><\/div> <div  class=\"col-xs-6\" data-type=\"column\"><h5  class=\"\">CONEXIONES<\/h5> <p  class=\"\">Un conector Storz C02.<\/p><\/div> <\/div><\/div> <\/div><\/div> <\/div>","protected":false},"excerpt":{"rendered":"<p>Productos de Aplicadores de Agua Nebulizada Los aplicadores de agua nebulizada de Fire Isolator ofrecen una soluci\u00f3n innovadora y eficaz para la extinci\u00f3n de incendios, especialmente en situaciones de alto riesgo como los incendios de bater\u00edas de veh\u00edculos el\u00e9ctricos. Utilizando tecnolog\u00eda avanzada de agua nebulizada, estos sistemas enfr\u00edan r\u00e1pidamente el fuego, reducen el calor y&hellip; <br \/> <a class=\"read-more\" href=\"https:\/\/fireisolator.com\/es\/aplicadores-de-agua-nebulizada\/\">Leer m\u00e1s<\/a><\/p>\n","protected":false},"author":5,"featured_media":4056,"parent":0,"menu_order":0,"comment_status":"closed","ping_status":"closed","template":"pro\/page-templates\/full-width-page.php","meta":{"_acf_changed":false,"content-type":"","inline_featured_image":false,"footnotes":""},"class_list":["post-4054","page","type-page","status-publish","has-post-thumbnail","hentry"],"acf":[],"yoast_head":"<!-- This site is optimized with the Yoast SEO Premium plugin v24.6 (Yoast SEO v24.6) - https:\/\/yoast.com\/wordpress\/plugins\/seo\/ -->\n<title>Aplicadores de agua nebulizada &#8226; Fire Isolator<\/title>\n<meta name=\"description\" content=\"Los aplicadores de agua nebulizada extinguen incendios con enfriamiento r\u00e1pido y desplazamiento de ox\u00edgeno.\" \/>\n<meta name=\"robots\" content=\"index, follow, max-snippet:-1, max-image-preview:large, max-video-preview:-1\" \/>\n<link rel=\"canonical\" href=\"https:\/\/fireisolator.com\/es\/aplicadores-de-agua-nebulizada\/\" \/>\n<meta property=\"og:locale\" content=\"es_ES\" \/>\n<meta property=\"og:type\" content=\"article\" \/>\n<meta property=\"og:title\" content=\"Aplicadores de agua nebulizada\" \/>\n<meta property=\"og:description\" content=\"Los aplicadores de agua nebulizada extinguen incendios con enfriamiento r\u00e1pido y desplazamiento de ox\u00edgeno.\" \/>\n<meta property=\"og:url\" content=\"https:\/\/fireisolator.com\/es\/aplicadores-de-agua-nebulizada\/\" \/>\n<meta property=\"og:site_name\" content=\"Fire Isolator\" \/>\n<meta property=\"article:modified_time\" content=\"2026-03-25T09:47:57+00:00\" \/>\n<meta property=\"og:image\" content=\"https:\/\/fireisolator.com\/wp-content\/uploads\/2023\/10\/toepassing-watermist-lance.jpg\" \/>\n\t<meta property=\"og:image:width\" content=\"800\" \/>\n\t<meta property=\"og:image:height\" content=\"300\" \/>\n\t<meta property=\"og:image:type\" content=\"image\/jpeg\" \/>\n<meta name=\"twitter:card\" content=\"summary_large_image\" \/>\n<meta name=\"twitter:label1\" content=\"Tiempo de lectura\" \/>\n\t<meta name=\"twitter:data1\" content=\"4 minutos\" \/>\n<script type=\"application\/ld+json\" class=\"yoast-schema-graph\">{\"@context\":\"https:\/\/schema.org\",\"@graph\":[{\"@type\":\"WebPage\",\"@id\":\"https:\/\/fireisolator.com\/es\/aplicadores-de-agua-nebulizada\/\",\"url\":\"https:\/\/fireisolator.com\/es\/aplicadores-de-agua-nebulizada\/\",\"name\":\"Aplicadores de agua nebulizada &#8226; Fire Isolator\",\"isPartOf\":{\"@id\":\"https:\/\/fireisolator.com\/es\/#website\"},\"primaryImageOfPage\":{\"@id\":\"https:\/\/fireisolator.com\/es\/aplicadores-de-agua-nebulizada\/#primaryimage\"},\"image\":{\"@id\":\"https:\/\/fireisolator.com\/es\/aplicadores-de-agua-nebulizada\/#primaryimage\"},\"thumbnailUrl\":\"https:\/\/fireisolator.com\/wp-content\/uploads\/2023\/10\/toepassing-watermist-lance.jpg\",\"datePublished\":\"2023-11-08T10:39:57+00:00\",\"dateModified\":\"2026-03-25T09:47:57+00:00\",\"description\":\"Los aplicadores de agua nebulizada extinguen incendios con enfriamiento r\u00e1pido y desplazamiento de ox\u00edgeno.\",\"breadcrumb\":{\"@id\":\"https:\/\/fireisolator.com\/es\/aplicadores-de-agua-nebulizada\/#breadcrumb\"},\"inLanguage\":\"es\",\"potentialAction\":[{\"@type\":\"ReadAction\",\"target\":[\"https:\/\/fireisolator.com\/es\/aplicadores-de-agua-nebulizada\/\"]}]},{\"@type\":\"ImageObject\",\"inLanguage\":\"es\",\"@id\":\"https:\/\/fireisolator.com\/es\/aplicadores-de-agua-nebulizada\/#primaryimage\",\"url\":\"https:\/\/fireisolator.com\/wp-content\/uploads\/2023\/10\/toepassing-watermist-lance.jpg\",\"contentUrl\":\"https:\/\/fireisolator.com\/wp-content\/uploads\/2023\/10\/toepassing-watermist-lance.jpg\",\"width\":800,\"height\":300,\"caption\":\"Lanza de agua nebulizada\"},{\"@type\":\"BreadcrumbList\",\"@id\":\"https:\/\/fireisolator.com\/es\/aplicadores-de-agua-nebulizada\/#breadcrumb\",\"itemListElement\":[{\"@type\":\"ListItem\",\"position\":1,\"name\":\"Home\",\"item\":\"https:\/\/fireisolator.com\/es\/\"},{\"@type\":\"ListItem\",\"position\":2,\"name\":\"Aplicadores de agua nebulizada\"}]},{\"@type\":\"WebSite\",\"@id\":\"https:\/\/fireisolator.com\/es\/#website\",\"url\":\"https:\/\/fireisolator.com\/es\/\",\"name\":\"FIRE\u26a1\ufe0fISOLATOR\",\"description\":\"The solution to isolate EV car fires\",\"publisher\":{\"@id\":\"https:\/\/fireisolator.com\/es\/#organization\"},\"potentialAction\":[{\"@type\":\"SearchAction\",\"target\":{\"@type\":\"EntryPoint\",\"urlTemplate\":\"https:\/\/fireisolator.com\/es\/?s={search_term_string}\"},\"query-input\":{\"@type\":\"PropertyValueSpecification\",\"valueRequired\":true,\"valueName\":\"search_term_string\"}}],\"inLanguage\":\"es\"},{\"@type\":\"Organization\",\"@id\":\"https:\/\/fireisolator.com\/es\/#organization\",\"name\":\"Blomsma Signs & Safety\",\"url\":\"https:\/\/fireisolator.com\/es\/\",\"logo\":{\"@type\":\"ImageObject\",\"inLanguage\":\"es\",\"@id\":\"https:\/\/fireisolator.com\/es\/#\/schema\/logo\/image\/\",\"url\":\"\",\"contentUrl\":\"\",\"caption\":\"Blomsma Signs & Safety\"},\"image\":{\"@id\":\"https:\/\/fireisolator.com\/es\/#\/schema\/logo\/image\/\"}}]}<\/script>\n<!-- \/ Yoast SEO Premium plugin. -->","yoast_head_json":{"title":"Aplicadores de agua nebulizada &#8226; Fire Isolator","description":"Los aplicadores de agua nebulizada extinguen incendios con enfriamiento r\u00e1pido y desplazamiento de ox\u00edgeno.","robots":{"index":"index","follow":"follow","max-snippet":"max-snippet:-1","max-image-preview":"max-image-preview:large","max-video-preview":"max-video-preview:-1"},"canonical":"https:\/\/fireisolator.com\/es\/aplicadores-de-agua-nebulizada\/","og_locale":"es_ES","og_type":"article","og_title":"Aplicadores de agua nebulizada","og_description":"Los aplicadores de agua nebulizada extinguen incendios con enfriamiento r\u00e1pido y desplazamiento de ox\u00edgeno.","og_url":"https:\/\/fireisolator.com\/es\/aplicadores-de-agua-nebulizada\/","og_site_name":"Fire Isolator","article_modified_time":"2026-03-25T09:47:57+00:00","og_image":[{"width":800,"height":300,"url":"https:\/\/fireisolator.com\/wp-content\/uploads\/2023\/10\/toepassing-watermist-lance.jpg","type":"image\/jpeg"}],"twitter_card":"summary_large_image","twitter_misc":{"Tiempo de lectura":"4 minutos"},"schema":{"@context":"https:\/\/schema.org","@graph":[{"@type":"WebPage","@id":"https:\/\/fireisolator.com\/es\/aplicadores-de-agua-nebulizada\/","url":"https:\/\/fireisolator.com\/es\/aplicadores-de-agua-nebulizada\/","name":"Aplicadores de agua nebulizada &#8226; Fire Isolator","isPartOf":{"@id":"https:\/\/fireisolator.com\/es\/#website"},"primaryImageOfPage":{"@id":"https:\/\/fireisolator.com\/es\/aplicadores-de-agua-nebulizada\/#primaryimage"},"image":{"@id":"https:\/\/fireisolator.com\/es\/aplicadores-de-agua-nebulizada\/#primaryimage"},"thumbnailUrl":"https:\/\/fireisolator.com\/wp-content\/uploads\/2023\/10\/toepassing-watermist-lance.jpg","datePublished":"2023-11-08T10:39:57+00:00","dateModified":"2026-03-25T09:47:57+00:00","description":"Los aplicadores de agua nebulizada extinguen incendios con enfriamiento r\u00e1pido y desplazamiento de ox\u00edgeno.","breadcrumb":{"@id":"https:\/\/fireisolator.com\/es\/aplicadores-de-agua-nebulizada\/#breadcrumb"},"inLanguage":"es","potentialAction":[{"@type":"ReadAction","target":["https:\/\/fireisolator.com\/es\/aplicadores-de-agua-nebulizada\/"]}]},{"@type":"ImageObject","inLanguage":"es","@id":"https:\/\/fireisolator.com\/es\/aplicadores-de-agua-nebulizada\/#primaryimage","url":"https:\/\/fireisolator.com\/wp-content\/uploads\/2023\/10\/toepassing-watermist-lance.jpg","contentUrl":"https:\/\/fireisolator.com\/wp-content\/uploads\/2023\/10\/toepassing-watermist-lance.jpg","width":800,"height":300,"caption":"Lanza de agua nebulizada"},{"@type":"BreadcrumbList","@id":"https:\/\/fireisolator.com\/es\/aplicadores-de-agua-nebulizada\/#breadcrumb","itemListElement":[{"@type":"ListItem","position":1,"name":"Home","item":"https:\/\/fireisolator.com\/es\/"},{"@type":"ListItem","position":2,"name":"Aplicadores de agua nebulizada"}]},{"@type":"WebSite","@id":"https:\/\/fireisolator.com\/es\/#website","url":"https:\/\/fireisolator.com\/es\/","name":"FIRE\u26a1\ufe0fISOLATOR","description":"The solution to isolate EV car fires","publisher":{"@id":"https:\/\/fireisolator.com\/es\/#organization"},"potentialAction":[{"@type":"SearchAction","target":{"@type":"EntryPoint","urlTemplate":"https:\/\/fireisolator.com\/es\/?s={search_term_string}"},"query-input":{"@type":"PropertyValueSpecification","valueRequired":true,"valueName":"search_term_string"}}],"inLanguage":"es"},{"@type":"Organization","@id":"https:\/\/fireisolator.com\/es\/#organization","name":"Blomsma Signs & Safety","url":"https:\/\/fireisolator.com\/es\/","logo":{"@type":"ImageObject","inLanguage":"es","@id":"https:\/\/fireisolator.com\/es\/#\/schema\/logo\/image\/","url":"","contentUrl":"","caption":"Blomsma Signs & Safety"},"image":{"@id":"https:\/\/fireisolator.com\/es\/#\/schema\/logo\/image\/"}}]}},"_links":{"self":[{"href":"https:\/\/fireisolator.com\/es\/wp-json\/wp\/v2\/pages\/4054","targetHints":{"allow":["GET"]}}],"collection":[{"href":"https:\/\/fireisolator.com\/es\/wp-json\/wp\/v2\/pages"}],"about":[{"href":"https:\/\/fireisolator.com\/es\/wp-json\/wp\/v2\/types\/page"}],"author":[{"embeddable":true,"href":"https:\/\/fireisolator.com\/es\/wp-json\/wp\/v2\/users\/5"}],"replies":[{"embeddable":true,"href":"https:\/\/fireisolator.com\/es\/wp-json\/wp\/v2\/comments?post=4054"}],"version-history":[{"count":20,"href":"https:\/\/fireisolator.com\/es\/wp-json\/wp\/v2\/pages\/4054\/revisions"}],"predecessor-version":[{"id":8981,"href":"https:\/\/fireisolator.com\/es\/wp-json\/wp\/v2\/pages\/4054\/revisions\/8981"}],"wp:featuredmedia":[{"embeddable":true,"href":"https:\/\/fireisolator.com\/es\/wp-json\/wp\/v2\/media\/4056"}],"wp:attachment":[{"href":"https:\/\/fireisolator.com\/es\/wp-json\/wp\/v2\/media?parent=4054"}],"curies":[{"name":"wp","href":"https:\/\/api.w.org\/{rel}","templated":true}]}}