{"id":4814,"date":"2024-10-22T12:28:55","date_gmt":"2024-10-22T12:28:55","guid":{"rendered":"https:\/\/fireisolator.com\/?page_id=4814"},"modified":"2025-12-15T10:57:42","modified_gmt":"2025-12-15T10:57:42","slug":"contacto","status":"publish","type":"page","link":"https:\/\/fireisolator.com\/es\/contacto\/","title":{"rendered":"Contacto"},"content":{"rendered":"<div  data-label=\"Contact\" data-id=\"contact--1\" data-export-id=\"contact-1\" data-category=\"contact\" class=\"contact-1 content-section content-section-spacing white-text\" data-parallax-depth=\"20\" id=\"contact-1\" style=\"background-color: rgb(255, 255, 255); background-size: cover; background-position: center top;\" data-section-ov=\"1\"><div  class=\"gridContainer\"> <div  class=\"row text-center\"><div  class=\"section-title-col\" data-type=\"column\"> <h2  class=\"\"><span  style=\"color: rgb(52, 58, 64);\">Contacte con nosotros<\/span><\/h2> <p  class=\"lead\"><span  style=\"color: rgb(52, 58, 64);\">\nFire Isolator BV<br >\nStorkstraat 1<br >\n2722 NN Zoetermeer<br >Pa\u00edses Bajos\n<br ><br >Para m\u00e1s informaci\u00f3n, solicitudes de distribuidores o presupuestos, env\u00ede un correo electr\u00f3nico a sales@fireisolator.com o rellene el formulario de contacto para que podamos ponernos en contacto con usted lo antes posible. Somos una empresa con certificaci\u00f3n ISO9001 con sede en los Pa\u00edses Bajos.<\/span><\/p><\/div> <\/div> <div  class=\"row text-center\"> <div  class=\"col-xs-12 col-sm-8 col-sm-offset-2 contact-form-wrapper inline-info\"> <div  class=\"card large-padding\"> <div  class=\"\" data-content-shortcode=\"mesmerize_contact_form shortcode=&quot;hubspot type=form portal=2628313 id=3ef66aff-c6cc-42d4-806d-d919cb571b2b&quot;\" data-editable=\"true\">\n\t\t\t\t\t<script>\n\t\t\t\t\t\twindow.hsFormsOnReady = window.hsFormsOnReady || [];\n\t\t\t\t\t\twindow.hsFormsOnReady.push(()=>{\n\t\t\t\t\t\t\thbspt.forms.create({\n\t\t\t\t\t\t\t\tportalId: 2628313,\n\t\t\t\t\t\t\t\tformId: \"3ef66aff-c6cc-42d4-806d-d919cb571b2b\",\n\t\t\t\t\t\t\t\ttarget: \"#hbspt-form-1775753883000-8439325280\",\n\t\t\t\t\t\t\t\tregion: \"na1\",\n\t\t\t\t\t\t\t\t\n\t\t\t\t\t\t})});\n\t\t\t\t\t<\/script>\n\t\t\t\t\t<div class=\"hbspt-form\" id=\"hbspt-form-1775753883000-8439325280\"><\/div><\/div><\/div> <\/div><\/div> <\/div><\/div>","protected":false},"excerpt":{"rendered":"<p>Contacte con nosotros Fire Isolator BV Storkstraat 1 2722 NN ZoetermeerPa\u00edses Bajos Para m\u00e1s informaci\u00f3n, solicitudes de distribuidores o presupuestos, env\u00ede un correo electr\u00f3nico a sales@fireisolator.com o rellene el formulario de contacto para que podamos ponernos en contacto con usted lo antes posible. Somos una empresa con certificaci\u00f3n ISO9001 con sede en los Pa\u00edses Bajos.<\/p>\n","protected":false},"author":5,"featured_media":0,"parent":0,"menu_order":0,"comment_status":"closed","ping_status":"closed","template":"pro\/page-templates\/full-width-page.php","meta":{"_acf_changed":false,"content-type":"","inline_featured_image":false,"footnotes":""},"class_list":["post-4814","page","type-page","status-publish","hentry"],"acf":[],"yoast_head":"<!-- This site is optimized with the Yoast SEO Premium plugin v24.6 (Yoast SEO v24.6) - https:\/\/yoast.com\/wordpress\/plugins\/seo\/ -->\n<title>P\u00f3ngase en contacto &#8226; Fire Isolator<\/title>\n<meta name=\"description\" content=\"\u00bfTiene alguna pregunta sobre el concepto Fire Isolator o nuestros productos espec\u00edficos? P\u00f3ngase en contacto con nosotros.\" \/>\n<meta name=\"robots\" content=\"index, follow, max-snippet:-1, max-image-preview:large, max-video-preview:-1\" \/>\n<link rel=\"canonical\" href=\"https:\/\/fireisolator.com\/es\/contacto\/\" \/>\n<meta property=\"og:locale\" content=\"es_ES\" \/>\n<meta property=\"og:type\" content=\"article\" \/>\n<meta property=\"og:title\" content=\"Contacto\" \/>\n<meta property=\"og:description\" content=\"\u00bfTiene alguna pregunta sobre el concepto Fire Isolator o nuestros productos espec\u00edficos? P\u00f3ngase en contacto con nosotros.\" \/>\n<meta property=\"og:url\" content=\"https:\/\/fireisolator.com\/es\/contacto\/\" \/>\n<meta property=\"og:site_name\" content=\"Fire Isolator\" \/>\n<meta property=\"article:modified_time\" content=\"2025-12-15T10:57:42+00:00\" \/>\n<meta name=\"twitter:card\" content=\"summary_large_image\" \/>\n<script type=\"application\/ld+json\" class=\"yoast-schema-graph\">{\"@context\":\"https:\/\/schema.org\",\"@graph\":[{\"@type\":\"WebPage\",\"@id\":\"https:\/\/fireisolator.com\/es\/contacto\/\",\"url\":\"https:\/\/fireisolator.com\/es\/contacto\/\",\"name\":\"P\u00f3ngase en contacto &#8226; Fire Isolator\",\"isPartOf\":{\"@id\":\"https:\/\/fireisolator.com\/es\/#website\"},\"datePublished\":\"2024-10-22T12:28:55+00:00\",\"dateModified\":\"2025-12-15T10:57:42+00:00\",\"description\":\"\u00bfTiene alguna pregunta sobre el concepto Fire Isolator o nuestros productos espec\u00edficos? P\u00f3ngase en contacto con nosotros.\",\"breadcrumb\":{\"@id\":\"https:\/\/fireisolator.com\/es\/contacto\/#breadcrumb\"},\"inLanguage\":\"es\",\"potentialAction\":[{\"@type\":\"ReadAction\",\"target\":[\"https:\/\/fireisolator.com\/es\/contacto\/\"]}]},{\"@type\":\"BreadcrumbList\",\"@id\":\"https:\/\/fireisolator.com\/es\/contacto\/#breadcrumb\",\"itemListElement\":[{\"@type\":\"ListItem\",\"position\":1,\"name\":\"Home\",\"item\":\"https:\/\/fireisolator.com\/es\/\"},{\"@type\":\"ListItem\",\"position\":2,\"name\":\"Contacto\"}]},{\"@type\":\"WebSite\",\"@id\":\"https:\/\/fireisolator.com\/es\/#website\",\"url\":\"https:\/\/fireisolator.com\/es\/\",\"name\":\"FIRE\u26a1\ufe0fISOLATOR\",\"description\":\"The solution to isolate EV car fires\",\"publisher\":{\"@id\":\"https:\/\/fireisolator.com\/es\/#organization\"},\"potentialAction\":[{\"@type\":\"SearchAction\",\"target\":{\"@type\":\"EntryPoint\",\"urlTemplate\":\"https:\/\/fireisolator.com\/es\/?s={search_term_string}\"},\"query-input\":{\"@type\":\"PropertyValueSpecification\",\"valueRequired\":true,\"valueName\":\"search_term_string\"}}],\"inLanguage\":\"es\"},{\"@type\":\"Organization\",\"@id\":\"https:\/\/fireisolator.com\/es\/#organization\",\"name\":\"Blomsma Signs & Safety\",\"url\":\"https:\/\/fireisolator.com\/es\/\",\"logo\":{\"@type\":\"ImageObject\",\"inLanguage\":\"es\",\"@id\":\"https:\/\/fireisolator.com\/es\/#\/schema\/logo\/image\/\",\"url\":\"\",\"contentUrl\":\"\",\"caption\":\"Blomsma Signs & Safety\"},\"image\":{\"@id\":\"https:\/\/fireisolator.com\/es\/#\/schema\/logo\/image\/\"}}]}<\/script>\n<!-- \/ Yoast SEO Premium plugin. -->","yoast_head_json":{"title":"P\u00f3ngase en contacto &#8226; Fire Isolator","description":"\u00bfTiene alguna pregunta sobre el concepto Fire Isolator o nuestros productos espec\u00edficos? P\u00f3ngase en contacto con nosotros.","robots":{"index":"index","follow":"follow","max-snippet":"max-snippet:-1","max-image-preview":"max-image-preview:large","max-video-preview":"max-video-preview:-1"},"canonical":"https:\/\/fireisolator.com\/es\/contacto\/","og_locale":"es_ES","og_type":"article","og_title":"Contacto","og_description":"\u00bfTiene alguna pregunta sobre el concepto Fire Isolator o nuestros productos espec\u00edficos? P\u00f3ngase en contacto con nosotros.","og_url":"https:\/\/fireisolator.com\/es\/contacto\/","og_site_name":"Fire Isolator","article_modified_time":"2025-12-15T10:57:42+00:00","twitter_card":"summary_large_image","schema":{"@context":"https:\/\/schema.org","@graph":[{"@type":"WebPage","@id":"https:\/\/fireisolator.com\/es\/contacto\/","url":"https:\/\/fireisolator.com\/es\/contacto\/","name":"P\u00f3ngase en contacto &#8226; Fire Isolator","isPartOf":{"@id":"https:\/\/fireisolator.com\/es\/#website"},"datePublished":"2024-10-22T12:28:55+00:00","dateModified":"2025-12-15T10:57:42+00:00","description":"\u00bfTiene alguna pregunta sobre el concepto Fire Isolator o nuestros productos espec\u00edficos? P\u00f3ngase en contacto con nosotros.","breadcrumb":{"@id":"https:\/\/fireisolator.com\/es\/contacto\/#breadcrumb"},"inLanguage":"es","potentialAction":[{"@type":"ReadAction","target":["https:\/\/fireisolator.com\/es\/contacto\/"]}]},{"@type":"BreadcrumbList","@id":"https:\/\/fireisolator.com\/es\/contacto\/#breadcrumb","itemListElement":[{"@type":"ListItem","position":1,"name":"Home","item":"https:\/\/fireisolator.com\/es\/"},{"@type":"ListItem","position":2,"name":"Contacto"}]},{"@type":"WebSite","@id":"https:\/\/fireisolator.com\/es\/#website","url":"https:\/\/fireisolator.com\/es\/","name":"FIRE\u26a1\ufe0fISOLATOR","description":"The solution to isolate EV car fires","publisher":{"@id":"https:\/\/fireisolator.com\/es\/#organization"},"potentialAction":[{"@type":"SearchAction","target":{"@type":"EntryPoint","urlTemplate":"https:\/\/fireisolator.com\/es\/?s={search_term_string}"},"query-input":{"@type":"PropertyValueSpecification","valueRequired":true,"valueName":"search_term_string"}}],"inLanguage":"es"},{"@type":"Organization","@id":"https:\/\/fireisolator.com\/es\/#organization","name":"Blomsma Signs & Safety","url":"https:\/\/fireisolator.com\/es\/","logo":{"@type":"ImageObject","inLanguage":"es","@id":"https:\/\/fireisolator.com\/es\/#\/schema\/logo\/image\/","url":"","contentUrl":"","caption":"Blomsma Signs & Safety"},"image":{"@id":"https:\/\/fireisolator.com\/es\/#\/schema\/logo\/image\/"}}]}},"_links":{"self":[{"href":"https:\/\/fireisolator.com\/es\/wp-json\/wp\/v2\/pages\/4814","targetHints":{"allow":["GET"]}}],"collection":[{"href":"https:\/\/fireisolator.com\/es\/wp-json\/wp\/v2\/pages"}],"about":[{"href":"https:\/\/fireisolator.com\/es\/wp-json\/wp\/v2\/types\/page"}],"author":[{"embeddable":true,"href":"https:\/\/fireisolator.com\/es\/wp-json\/wp\/v2\/users\/5"}],"replies":[{"embeddable":true,"href":"https:\/\/fireisolator.com\/es\/wp-json\/wp\/v2\/comments?post=4814"}],"version-history":[{"count":5,"href":"https:\/\/fireisolator.com\/es\/wp-json\/wp\/v2\/pages\/4814\/revisions"}],"predecessor-version":[{"id":8189,"href":"https:\/\/fireisolator.com\/es\/wp-json\/wp\/v2\/pages\/4814\/revisions\/8189"}],"wp:attachment":[{"href":"https:\/\/fireisolator.com\/es\/wp-json\/wp\/v2\/media?parent=4814"}],"curies":[{"name":"wp","href":"https:\/\/api.w.org\/{rel}","templated":true}]}}