{"id":6127,"date":"2025-02-24T14:25:08","date_gmt":"2025-02-24T14:25:08","guid":{"rendered":"https:\/\/fireisolator.com\/?page_id=6127"},"modified":"2025-02-24T14:59:17","modified_gmt":"2025-02-24T14:59:17","slug":"productos","status":"publish","type":"page","link":"https:\/\/fireisolator.com\/es\/productos\/","title":{"rendered":"Fire\u26a1Isolator Productos"},"content":{"rendered":"<div data-label=\"Portfolio\" data-id=\"portfolio--1\" data-export-id=\"portfolio-1\" data-category=\"portfolio\" class=\"portfolio-1 content-section content-section-spacing\" id=\"portfolio-1\"  style=\"background-color: rgb(255, 255, 255);\"><div class=\"gridContainer\" > <div class=\"row text-center\" ><div class=\"section-title-col\" data-type=\"column\" > <h2 class=\"\" >Fire\u26a1Isolator Productos<\/h2> <p class=\"lead\" >El concepto Fire\u26a1Isolator se basa en una combinaci\u00f3n de elementos probados y demostrados que, utilizados conjuntamente, proporcionan la soluci\u00f3n m\u00e1s eficaz para combatir y controlar los incendios de veh\u00edculos el\u00e9ctricos. Ya sea en aparcamientos, garajes o incluso a bordo de transbordadores, nuestro sistema est\u00e1 dise\u00f1ado para potenciar los esfuerzos de extinci\u00f3n de incendios y mejorar la seguridad en entornos de alto riesgo.\n<br ><br >\nAdem\u00e1s de nuestros productos principales -la manta ign\u00edfuga, los aplicadores de niebla de agua y las unidades de aerosol-, ofrecemos una amplia gama de accesorios para el Fire Isolator. Estas herramientas complementarias optimizan a\u00fan m\u00e1s la contenci\u00f3n y extinci\u00f3n de incendios, garantizando un enfoque completo de la seguridad contra incendios en EV. En esta p\u00e1gina, encontrar\u00e1 una descripci\u00f3n detallada de nuestros productos disponibles, cada uno de ellos dise\u00f1ado para cumplir los m\u00e1s altos est\u00e1ndares de fiabilidad y rendimiento.\n<br >\n<br ><br ><\/p><\/div> <\/div> <div data-type=\"row\" class=\"row spaced-cols\" data-fixed=\"true\" > <div class=\"col-xs-12 col-sm-4\" > <div class=\"contentswap-effect visible\" data-hover-fx=\"portfolio-1\" > <div class=\"initial-image\" > <img decoding=\"async\" data-size=\"500x333\" src=\"https:\/\/fireisolator.com\/wp-content\/uploads\/2025\/02\/Fire-Blanket-Ultimate.jpg\" ><\/div> <div class=\"overlay\" ><\/div> <div class=\"swap-inner col-xs-12\" > <div class=\"row full-height-row bottom-xs\" > <div class=\"col-xs-12 color1 text-center content-holder\" > <h4 class=\"inverted font-500\" >Manta ign\u00edfuga<\/h4> <a href=\"https:\/\/fireisolator.com\/es\/car-fire-blankets\" class=\"inverted italic p small\"  target=\"_self\" data-cp-link=\"1\">leer m\u00e1s<\/a><\/div> <\/div><\/div> <\/div><\/div> <div class=\"col-xs-12 col-sm-4\" ><div class=\"contentswap-effect visible\" data-hover-fx=\"portfolio-1\" > <div class=\"initial-image\" > <img decoding=\"async\" data-size=\"500x333\" src=\"https:\/\/fireisolator.com\/wp-content\/uploads\/2025\/02\/aerosol-unit-high-quality.jpg\" ><\/div> <div class=\"overlay\" ><\/div> <div class=\"swap-inner col-xs-12\" > <div class=\"row full-height-row bottom-xs\" > <div class=\"col-xs-12 color1 text-center content-holder\" > <h4 class=\"inverted font-500\" >Unidades de Aerosol<\/h4> <a href=\"https:\/\/fireisolator.com\/es\/extincion-de-incendios-con-unidades-de-aerosol\/\" class=\"inverted italic p small\"  target=\"_self\" data-cp-link=\"1\">leer m\u00e1s<\/a><\/div> <\/div><\/div> <\/div><\/div> <div class=\"col-xs-12 col-sm-4\" ><div class=\"contentswap-effect visible\" data-hover-fx=\"portfolio-1\" > <div class=\"initial-image\" > <img decoding=\"async\" data-size=\"500x333\" src=\"https:\/\/fireisolator.com\/wp-content\/uploads\/2025\/02\/watermist-lance-for-all-products-page.jpg\" ><\/div> <div class=\"overlay\" ><\/div> <div class=\"swap-inner col-xs-12\" > <div class=\"row full-height-row bottom-xs\" > <div class=\"col-xs-12 color1 text-center content-holder\" > <h4 class=\"inverted font-500\" >Aplicadores de Agua Nebulizada<\/h4> <a href=\"https:\/\/fireisolator.com\/es\/aplicadores-de-agua-nebulizada\/\" class=\"inverted italic p small\"  target=\"_self\" data-cp-link=\"1\">leer m\u00e1s<\/a><\/div> <\/div><\/div> <\/div><\/div> <div class=\"col-xs-12 col-sm-4\" ><div class=\"contentswap-effect visible\" data-hover-fx=\"portfolio-1\" > <div class=\"initial-image\" > <img decoding=\"async\" data-size=\"500x333\" src=\"https:\/\/fireisolator.com\/wp-content\/uploads\/2025\/02\/fire-blanket-backpacks-1.jpg\" ><\/div> <div class=\"overlay\" ><\/div> <div class=\"swap-inner col-xs-12\" > <div class=\"row full-height-row bottom-xs\" > <div class=\"col-xs-12 color1 text-center content-holder\" > <h4 class=\"inverted font-500\" >Bolsas y taquillas<\/h4> <a href=\"https:\/\/fireisolator.com\/es\/accesorios\/\" class=\"inverted italic p small\"  target=\"_self\" data-cp-link=\"1\">leer m\u00e1s<\/a><\/div> <\/div><\/div> <\/div><\/div> <div class=\"col-xs-12 col-sm-4\" ><div class=\"contentswap-effect visible\" data-hover-fx=\"portfolio-1\" > <div class=\"initial-image\" > <img decoding=\"async\" data-size=\"500x333\" src=\"https:\/\/fireisolator.com\/wp-content\/uploads\/2025\/02\/thermal-viewer-1.jpg\" ><\/div> <div class=\"overlay\" ><\/div> <div class=\"swap-inner col-xs-12\" > <div class=\"row full-height-row bottom-xs\" > <div class=\"col-xs-12 color1 text-center content-holder\" > <h4 class=\"inverted font-500\" >Thermal Viewer<\/h4> <a href=\"https:\/\/fireisolator.com\/es\/accesorios\/\" class=\"inverted italic p small\"  target=\"_self\" data-cp-link=\"1\">leer m\u00e1s<\/a><\/div> <\/div><\/div> <\/div><\/div> <div class=\"col-xs-12 col-sm-4\" ><div class=\"contentswap-effect visible\" data-hover-fx=\"portfolio-1\" > <div class=\"initial-image\" > <img decoding=\"async\" data-size=\"500x333\" src=\"https:\/\/fireisolator.com\/wp-content\/uploads\/2025\/02\/firemans-axe-1.jpg\" ><\/div> <div class=\"overlay\" ><\/div> <div class=\"swap-inner col-xs-12\" > <div class=\"row full-height-row bottom-xs\" > <div class=\"col-xs-12 color1 text-center content-holder\" > <h4 class=\"inverted font-500\" >otros productos<\/h4> <a href=\"https:\/\/fireisolator.com\/es\/accesorios\/\" class=\"inverted italic p small\"  target=\"_self\" data-cp-link=\"1\">leer m\u00e1s<\/a><\/div> <\/div><\/div> <\/div><\/div> <\/div><\/div> <\/div>","protected":false},"excerpt":{"rendered":"<p>Fire\u26a1Isolator Productos El concepto Fire\u26a1Isolator se basa en una combinaci\u00f3n de elementos probados y demostrados que, utilizados conjuntamente, proporcionan la soluci\u00f3n m\u00e1s eficaz para combatir y controlar los incendios de veh\u00edculos el\u00e9ctricos. Ya sea en aparcamientos, garajes o incluso a bordo de transbordadores, nuestro sistema est\u00e1 dise\u00f1ado para potenciar los esfuerzos de extinci\u00f3n de incendios&hellip; <br \/> <a class=\"read-more\" href=\"https:\/\/fireisolator.com\/es\/productos\/\">Leer m\u00e1s<\/a><\/p>\n","protected":false},"author":5,"featured_media":0,"parent":0,"menu_order":0,"comment_status":"closed","ping_status":"closed","template":"pro\/page-templates\/full-width-page.php","meta":{"_acf_changed":false,"content-type":"","inline_featured_image":false,"footnotes":""},"class_list":["post-6127","page","type-page","status-publish","hentry"],"acf":[],"yoast_head":"<!-- This site is optimized with the Yoast SEO Premium plugin v24.6 (Yoast SEO v24.6) - https:\/\/yoast.com\/wordpress\/plugins\/seo\/ -->\n<title>Fire\u26a1Isolator Productos &#8226; Fire Isolator<\/title>\n<meta name=\"description\" content=\"Productos Fire\u26a1Isolator: Soluciones eficaces para incendios en veh\u00edculos el\u00e9ctricos con mantas ign\u00edfugas y unidades de aerosol\" \/>\n<meta name=\"robots\" content=\"index, follow, max-snippet:-1, max-image-preview:large, max-video-preview:-1\" \/>\n<link rel=\"canonical\" href=\"https:\/\/fireisolator.com\/es\/productos\/\" \/>\n<meta property=\"og:locale\" content=\"es_ES\" \/>\n<meta property=\"og:type\" content=\"article\" \/>\n<meta property=\"og:title\" content=\"Fire\u26a1Isolator Productos\" \/>\n<meta property=\"og:description\" content=\"Productos Fire\u26a1Isolator: Soluciones eficaces para incendios en veh\u00edculos el\u00e9ctricos con mantas ign\u00edfugas y unidades de aerosol\" \/>\n<meta property=\"og:url\" content=\"https:\/\/fireisolator.com\/es\/productos\/\" \/>\n<meta property=\"og:site_name\" content=\"Fire Isolator\" \/>\n<meta property=\"article:modified_time\" content=\"2025-02-24T14:59:17+00:00\" \/>\n<meta property=\"og:image\" content=\"https:\/\/fireisolator.com\/wp-content\/uploads\/2025\/02\/Fire-Blanket-Ultimate.jpg\" \/>\n<meta name=\"twitter:card\" content=\"summary_large_image\" \/>\n<script type=\"application\/ld+json\" class=\"yoast-schema-graph\">{\"@context\":\"https:\/\/schema.org\",\"@graph\":[{\"@type\":\"WebPage\",\"@id\":\"https:\/\/fireisolator.com\/es\/productos\/\",\"url\":\"https:\/\/fireisolator.com\/es\/productos\/\",\"name\":\"Fire\u26a1Isolator Productos &#8226; Fire Isolator\",\"isPartOf\":{\"@id\":\"https:\/\/fireisolator.com\/es\/#website\"},\"primaryImageOfPage\":{\"@id\":\"https:\/\/fireisolator.com\/es\/productos\/#primaryimage\"},\"image\":{\"@id\":\"https:\/\/fireisolator.com\/es\/productos\/#primaryimage\"},\"thumbnailUrl\":\"https:\/\/fireisolator.com\/wp-content\/uploads\/2025\/02\/Fire-Blanket-Ultimate.jpg\",\"datePublished\":\"2025-02-24T14:25:08+00:00\",\"dateModified\":\"2025-02-24T14:59:17+00:00\",\"description\":\"Productos Fire\u26a1Isolator: Soluciones eficaces para incendios en veh\u00edculos el\u00e9ctricos con mantas ign\u00edfugas y unidades de aerosol\",\"breadcrumb\":{\"@id\":\"https:\/\/fireisolator.com\/es\/productos\/#breadcrumb\"},\"inLanguage\":\"es\",\"potentialAction\":[{\"@type\":\"ReadAction\",\"target\":[\"https:\/\/fireisolator.com\/es\/productos\/\"]}]},{\"@type\":\"ImageObject\",\"inLanguage\":\"es\",\"@id\":\"https:\/\/fireisolator.com\/es\/productos\/#primaryimage\",\"url\":\"https:\/\/fireisolator.com\/wp-content\/uploads\/2025\/02\/Fire-Blanket-Ultimate.jpg\",\"contentUrl\":\"https:\/\/fireisolator.com\/wp-content\/uploads\/2025\/02\/Fire-Blanket-Ultimate.jpg\"},{\"@type\":\"BreadcrumbList\",\"@id\":\"https:\/\/fireisolator.com\/es\/productos\/#breadcrumb\",\"itemListElement\":[{\"@type\":\"ListItem\",\"position\":1,\"name\":\"Home\",\"item\":\"https:\/\/fireisolator.com\/es\/\"},{\"@type\":\"ListItem\",\"position\":2,\"name\":\"Fire\u26a1Isolator Productos\"}]},{\"@type\":\"WebSite\",\"@id\":\"https:\/\/fireisolator.com\/es\/#website\",\"url\":\"https:\/\/fireisolator.com\/es\/\",\"name\":\"FIRE\u26a1\ufe0fISOLATOR\",\"description\":\"The solution to isolate EV car fires\",\"publisher\":{\"@id\":\"https:\/\/fireisolator.com\/es\/#organization\"},\"potentialAction\":[{\"@type\":\"SearchAction\",\"target\":{\"@type\":\"EntryPoint\",\"urlTemplate\":\"https:\/\/fireisolator.com\/es\/?s={search_term_string}\"},\"query-input\":{\"@type\":\"PropertyValueSpecification\",\"valueRequired\":true,\"valueName\":\"search_term_string\"}}],\"inLanguage\":\"es\"},{\"@type\":\"Organization\",\"@id\":\"https:\/\/fireisolator.com\/es\/#organization\",\"name\":\"Blomsma Signs & Safety\",\"url\":\"https:\/\/fireisolator.com\/es\/\",\"logo\":{\"@type\":\"ImageObject\",\"inLanguage\":\"es\",\"@id\":\"https:\/\/fireisolator.com\/es\/#\/schema\/logo\/image\/\",\"url\":\"\",\"contentUrl\":\"\",\"caption\":\"Blomsma Signs & Safety\"},\"image\":{\"@id\":\"https:\/\/fireisolator.com\/es\/#\/schema\/logo\/image\/\"}}]}<\/script>\n<!-- \/ Yoast SEO Premium plugin. -->","yoast_head_json":{"title":"Fire\u26a1Isolator Productos &#8226; Fire Isolator","description":"Productos Fire\u26a1Isolator: Soluciones eficaces para incendios en veh\u00edculos el\u00e9ctricos con mantas ign\u00edfugas y unidades de aerosol","robots":{"index":"index","follow":"follow","max-snippet":"max-snippet:-1","max-image-preview":"max-image-preview:large","max-video-preview":"max-video-preview:-1"},"canonical":"https:\/\/fireisolator.com\/es\/productos\/","og_locale":"es_ES","og_type":"article","og_title":"Fire\u26a1Isolator Productos","og_description":"Productos Fire\u26a1Isolator: Soluciones eficaces para incendios en veh\u00edculos el\u00e9ctricos con mantas ign\u00edfugas y unidades de aerosol","og_url":"https:\/\/fireisolator.com\/es\/productos\/","og_site_name":"Fire Isolator","article_modified_time":"2025-02-24T14:59:17+00:00","og_image":[{"url":"https:\/\/fireisolator.com\/wp-content\/uploads\/2025\/02\/Fire-Blanket-Ultimate.jpg","type":"","width":"","height":""}],"twitter_card":"summary_large_image","schema":{"@context":"https:\/\/schema.org","@graph":[{"@type":"WebPage","@id":"https:\/\/fireisolator.com\/es\/productos\/","url":"https:\/\/fireisolator.com\/es\/productos\/","name":"Fire\u26a1Isolator Productos &#8226; Fire Isolator","isPartOf":{"@id":"https:\/\/fireisolator.com\/es\/#website"},"primaryImageOfPage":{"@id":"https:\/\/fireisolator.com\/es\/productos\/#primaryimage"},"image":{"@id":"https:\/\/fireisolator.com\/es\/productos\/#primaryimage"},"thumbnailUrl":"https:\/\/fireisolator.com\/wp-content\/uploads\/2025\/02\/Fire-Blanket-Ultimate.jpg","datePublished":"2025-02-24T14:25:08+00:00","dateModified":"2025-02-24T14:59:17+00:00","description":"Productos Fire\u26a1Isolator: Soluciones eficaces para incendios en veh\u00edculos el\u00e9ctricos con mantas ign\u00edfugas y unidades de aerosol","breadcrumb":{"@id":"https:\/\/fireisolator.com\/es\/productos\/#breadcrumb"},"inLanguage":"es","potentialAction":[{"@type":"ReadAction","target":["https:\/\/fireisolator.com\/es\/productos\/"]}]},{"@type":"ImageObject","inLanguage":"es","@id":"https:\/\/fireisolator.com\/es\/productos\/#primaryimage","url":"https:\/\/fireisolator.com\/wp-content\/uploads\/2025\/02\/Fire-Blanket-Ultimate.jpg","contentUrl":"https:\/\/fireisolator.com\/wp-content\/uploads\/2025\/02\/Fire-Blanket-Ultimate.jpg"},{"@type":"BreadcrumbList","@id":"https:\/\/fireisolator.com\/es\/productos\/#breadcrumb","itemListElement":[{"@type":"ListItem","position":1,"name":"Home","item":"https:\/\/fireisolator.com\/es\/"},{"@type":"ListItem","position":2,"name":"Fire\u26a1Isolator Productos"}]},{"@type":"WebSite","@id":"https:\/\/fireisolator.com\/es\/#website","url":"https:\/\/fireisolator.com\/es\/","name":"FIRE\u26a1\ufe0fISOLATOR","description":"The solution to isolate EV car fires","publisher":{"@id":"https:\/\/fireisolator.com\/es\/#organization"},"potentialAction":[{"@type":"SearchAction","target":{"@type":"EntryPoint","urlTemplate":"https:\/\/fireisolator.com\/es\/?s={search_term_string}"},"query-input":{"@type":"PropertyValueSpecification","valueRequired":true,"valueName":"search_term_string"}}],"inLanguage":"es"},{"@type":"Organization","@id":"https:\/\/fireisolator.com\/es\/#organization","name":"Blomsma Signs & Safety","url":"https:\/\/fireisolator.com\/es\/","logo":{"@type":"ImageObject","inLanguage":"es","@id":"https:\/\/fireisolator.com\/es\/#\/schema\/logo\/image\/","url":"","contentUrl":"","caption":"Blomsma Signs & Safety"},"image":{"@id":"https:\/\/fireisolator.com\/es\/#\/schema\/logo\/image\/"}}]}},"_links":{"self":[{"href":"https:\/\/fireisolator.com\/es\/wp-json\/wp\/v2\/pages\/6127","targetHints":{"allow":["GET"]}}],"collection":[{"href":"https:\/\/fireisolator.com\/es\/wp-json\/wp\/v2\/pages"}],"about":[{"href":"https:\/\/fireisolator.com\/es\/wp-json\/wp\/v2\/types\/page"}],"author":[{"embeddable":true,"href":"https:\/\/fireisolator.com\/es\/wp-json\/wp\/v2\/users\/5"}],"replies":[{"embeddable":true,"href":"https:\/\/fireisolator.com\/es\/wp-json\/wp\/v2\/comments?post=6127"}],"version-history":[{"count":5,"href":"https:\/\/fireisolator.com\/es\/wp-json\/wp\/v2\/pages\/6127\/revisions"}],"predecessor-version":[{"id":6136,"href":"https:\/\/fireisolator.com\/es\/wp-json\/wp\/v2\/pages\/6127\/revisions\/6136"}],"wp:attachment":[{"href":"https:\/\/fireisolator.com\/es\/wp-json\/wp\/v2\/media?parent=6127"}],"curies":[{"name":"wp","href":"https:\/\/api.w.org\/{rel}","templated":true}]}}