{"id":6175,"date":"2025-02-13T08:11:29","date_gmt":"2025-02-13T08:11:29","guid":{"rendered":"https:\/\/fireisolator.com\/?page_id=6175"},"modified":"2025-11-19T07:53:41","modified_gmt":"2025-11-19T07:53:41","slug":"accesorios","status":"publish","type":"page","link":"https:\/\/fireisolator.com\/es\/accesorios\/","title":{"rendered":"Accesorios Fire Isolator"},"content":{"rendered":"<div  data-label=\"Content\" data-id=\"content--1\" data-export-id=\"content-12\" data-category=\"content\" class=\"content-12 content-section content-section-spacing\" id=\"content-1\" style=\"background-color: rgb(255, 255, 255);\"><div  class=\"gridContainer\"> <div  class=\"row text-center\"><div  class=\"section-title-col\" data-type=\"column\"> <h2  class=\"\">Fire Isolator Accesorios<\/h2> <p  class=\"lead\">Adem\u00e1s de nuestros productos principales, Fire Isolator ofrece una gama de accesorios dise\u00f1ados para mejorar y complementar nuestras soluciones. Nuestros accesorios incluyen un armario de almacenamiento duradero y pr\u00e1ctico, ideal para mantener organizada y f\u00e1cilmente accesible la Manta Fire Isolator y otros equipos esenciales. Para un transporte sin esfuerzo, proporcionamos el Carrito Fire Isolator y la Mochila Fire Isolator, lo que permite un despliegue r\u00e1pido y eficiente de nuestras mantas en situaciones de emergencia. Adem\u00e1s, ofrecemos un visor t\u00e9rmico que permite a los primeros intervinientes medir con precisi\u00f3n los niveles de calor y tener un mejor control de la situaci\u00f3n del incendio. Explora nuestra gama completa de accesorios a continuaci\u00f3n.<\/p><\/div> <\/div> <div  class=\"row center-xs middle-xs\"> <div  class=\"col-sm-9\" data-type=\"column\"> <\/div> <\/div><\/div> <\/div><div  data-label=\"Content\" data-id=\"content--2\" data-export-id=\"content-2\" data-category=\"content\" class=\"content-2 content-section content-section-spacing\" id=\"content-2\" style=\"background-color: rgb(255, 255, 255); background-image: none;\"><div > <div  class=\"row middle-xs\"><div  class=\"col-sm-5 bg-image shadow-large-black\" data-bg=\"image\" style=\"background-image: url(&quot;https:\/\/fireisolator.com\/wp-content\/uploads\/2025\/02\/Steel-Cabinet.jpg&quot;);\"><\/div> <div  class=\"col-sm-7 full-col-left-padding full-col-right-padding\"> <div  class=\"row\"> <div  data-type=\"column\" class=\"space-bottom-small content-title-col\"> <h5  class=\"\">FIRE ISOLATOR<\/h5> <h2  class=\"\">El armario de acero Fire Isolator<\/h2> <p  class=\"\">El armario de acero Fire Isolator (FI-CABINET) est\u00e1 construido fuerte, especialmente hecho para almacenar con seguridad la manta Fire Isolator y otros productos Fire Isolator. Este armario ofrece una soluci\u00f3n de almacenamiento segura y c\u00f3moda, manteniendo su manta ign\u00edfuga f\u00e1cilmente accesible, cerca de posibles riesgos de incendio.<\/p><\/div> <\/div> <div  class=\"row spaced-cols \" data-type=\"row\"> <div  class=\"col-xs-6\" data-type=\"column\"> <h5  class=\"\">MATERIALES<\/h5> <p  class=\"\">El armario de acero est\u00e1 fabricado con chapa de acero de 0,8 mm.<\/p><\/div> <div  class=\"col-xs-6\" data-type=\"column\"><h5  class=\"\">DIMENSIONES Y ESPECIFICACIONES<\/h5> <p  class=\"\"><a  data-mce-href=\"..\/..\/wp-content\/uploads\/2025\/01\/Datasheet_FireIsolator_SteelCabinet_2025.pdf\" href=\"..\/..\/wp-content\/uploads\/2025\/01\/Datasheet_FireIsolator_SteelCabinet_2025.pdf\" target=\"_blank\" rel=\"noopener\" data-mce-selected=\"inline-boundary\" data-cp-link=\"1\" class=\"\">Haga clic aqu\u00ed<\/a> para descargar la ficha t\u00e9cnica del armario de acero Fire Isolator .<\/p><\/div>   <\/div><\/div> <\/div><\/div> <\/div><div  data-label=\"Content\" data-id=\"content--3\" data-export-id=\"content-3\" data-category=\"content\" class=\"content-3 content-section content-section-spacing\" id=\"content-3\" style=\"background-color: rgb(255, 255, 255);\"><div > <div  class=\"row middle-xs\"><div  class=\"col-sm-7 full-col-left-padding full-col-right-padding\"> <div  class=\"row\"><div  data-type=\"column\" class=\"space-bottom-small content-title-col\"> <h5  class=\"\">FIRE ISOLATOR<\/h5> <h2  class=\"\">El Visor T\u00e9rmico<\/h2> <p  class=\"\">El visor t\u00e9rmico (FI-TVIEW) es una c\u00e1mara de infrarrojos ligera y de alto rendimiento con tres modos de imagen para la supervisi\u00f3n de la temperatura en tiempo real. Con un rango de -20\u00b0C a 1.000\u00b0C (-5\u00b0F a 1.800\u00b0F), ayuda a los equipos de primera intervenci\u00f3n a evaluar los riesgos de incendio y determinar cu\u00e1ndo se necesitan Unidades de Aerosol adicionales. Con an\u00e1lisis de software para PC y una bater\u00eda de m\u00e1s de 7 horas de duraci\u00f3n, garantiza precisi\u00f3n y fiabilidad en situaciones cr\u00edticas.<\/p><\/div> <\/div> <div  class=\"row spaced-cols\" data-type=\"row\"> <div  class=\"col-xs-6\" data-type=\"column\"> <h5  class=\"\">MODO DE IMAGEN<\/h5> <p  class=\"\">T\u00e9rmica, Visual y Fusi\u00f3n.<\/p><\/div> <div  class=\"col-xs-6\" data-type=\"column\"><h5  class=\"\">CERTIFICACIONES<\/h5> <p  class=\"\">CE+UKCA<\/p><\/div> <div  class=\"col-xs-6\" data-type=\"column\"><h5  class=\"\">DIMENSIONES Y ESPECIFICACIONES<\/h5> <p  class=\"\"><a  data-mce-href=\"..\/..\/wp-content\/uploads\/2025\/01\/Datasheet_FireIsolator_ThermalViewer_2025.pdf\" href=\"..\/..\/wp-content\/uploads\/2025\/01\/Datasheet_FireIsolator_ThermalViewer_2025.pdf\" target=\"_blank\" rel=\"noopener\" data-mce-selected=\"inline-boundary\" data-cp-link=\"1\" class=\"\">Descargue la hoja<\/a> de datos del visor t\u00e9rmico para obtener m\u00e1s informaci\u00f3n.<\/p><\/div> <div  class=\"col-xs-6\" data-type=\"column\"><h5  class=\"\">MEMORIA DE IMAGEN<\/h5> <p  class=\"\">216G<\/p><\/div> <\/div><\/div> <div  class=\"col-sm-5 bg-image shadow-large-black revert-classes-holder\" data-bg=\"image\" style=\"background-image: url(&quot;https:\/\/fireisolator.com\/wp-content\/uploads\/2025\/02\/thermal-viewer.jpg&quot;);\"><\/div><\/div> <\/div><\/div><div  data-label=\"Content\" data-id=\"content--4\" data-export-id=\"content-2\" data-category=\"content\" class=\"content-2 content-section content-section-spacing\" id=\"content-4\" style=\"background-color: rgb(255, 255, 255); background-image: none;\"><div > <div  class=\"row middle-xs\"><div  class=\"col-sm-5 bg-image shadow-large-black\" data-bg=\"image\" style=\"background-image: url(&quot;https:\/\/fireisolator.com\/wp-content\/uploads\/2025\/02\/trollehy-1.jpg&quot;);\"><\/div> <div  class=\"col-sm-7 full-col-left-padding full-col-right-padding\"> <div  class=\"row\"> <div  data-type=\"column\" class=\"space-bottom-small content-title-col\"> <h5  class=\"\">FIRE ISOLATOR<\/h5> <h2  class=\"\">Carro para Manta Ign\u00edfuga<\/h2> <p  class=\"\">El carro para manta ign\u00edfuga (FI-TRBAG) es una soluci\u00f3n compacta y f\u00e1cil de manejar para transportar la manta ign\u00edfuga. Con un peso de 40 kg cuando est\u00e1 cargado, cuenta con ruedas duraderas y correas internas para un almacenamiento seguro. Dise\u00f1ado para un despliegue de emergencia r\u00e1pido, incluye un manual de instrucciones y una tira de velcro para un acceso r\u00e1pido.<\/p><\/div> <\/div> <div  class=\"row spaced-cols \" data-type=\"row\"> <div  class=\"col-xs-6\" data-type=\"column\"> <h5  class=\"\">MATERIALES<\/h5> <p  class=\"\">PVC recubierto por ambas caras.<\/p><\/div> <div  class=\"col-xs-6\" data-type=\"column\"><h5  class=\"\">DIMENSIONES Y ESPECIFICACIONES<\/h5> <p  class=\"\">Descargue <a  data-mce-href=\"..\/..\/wp-content\/uploads\/2025\/01\/Datasheet_FireIsolator_Trolley_2025.pdf\" href=\"..\/..\/wp-content\/uploads\/2025\/01\/Datasheet_FireIsolator_Trolley_2025.pdf\" target=\"_blank\" rel=\"noopener\" data-mce-selected=\"inline-boundary\" data-cp-link=\"1\" class=\"\">la ficha t\u00e9cnica<\/a> del carro aislador de incendios para obtener m\u00e1s informaci\u00f3n.<\/p><\/div>   <\/div><\/div> <\/div><\/div> <\/div><div  data-label=\"Content\" data-id=\"content--5\" data-export-id=\"content-3\" data-category=\"content\" class=\"content-3 content-section content-section-spacing\" id=\"content-5\" style=\"background-color: rgb(255, 255, 255);\"><div > <div  class=\"row middle-xs\"><div  class=\"col-sm-7 full-col-left-padding full-col-right-padding\"> <div  class=\"row\"><div  data-type=\"column\" class=\"space-bottom-small content-title-col\"> <h5  class=\"\">FIRE ISOLATOR<\/h5> <h2  class=\"\">La mochila de la manta ign\u00edfuga<\/h2> <p  class=\"\">La mochila Fire Isolator permite que una sola persona transporte la manta ign\u00edfuga con facilidad, eliminando la necesidad de dos personas. Con un peso de 40 kg una vez embalada, su dise\u00f1o ergon\u00f3mico, sus correas acolchadas y sus compartimentos internos garantizan un transporte seguro y c\u00f3modo.<\/p><\/div> <\/div> <div  class=\"row spaced-cols\" data-type=\"row\"> <div  class=\"col-xs-6\" data-type=\"column\"> <h5  class=\"\">MATERIALES<\/h5> <p  class=\"\">PVC recubierto por ambas caras.<\/p><\/div> <div  class=\"col-xs-6\" data-type=\"column\"><h5  class=\"\">DIMENSIONES Y ESPECIFICACIONES<\/h5> <p  class=\"\">Descargue <a  data-mce-href=\"..\/..\/wp-content\/uploads\/2025\/01\/Datasheet_FireIsolator_Backpack_2025.pdf\" href=\"..\/..\/wp-content\/uploads\/2025\/01\/Datasheet_FireIsolator_Backpack_2025.pdf\" target=\"_blank\" rel=\"noopener\" data-mce-selected=\"inline-boundary\" data-cp-link=\"1\" class=\"\">la ficha t\u00e9cnica<\/a> de la mochila aislante de incendios para obtener m\u00e1s informaci\u00f3n.<\/p><\/div>   <\/div><\/div> <div  class=\"col-sm-5 bg-image shadow-large-black revert-classes-holder\" data-bg=\"image\" style=\"background-image: url(&quot;https:\/\/fireisolator.com\/wp-content\/uploads\/2025\/02\/fire-blanket-backpacks-1.jpg&quot;);\"><\/div><\/div> <\/div><\/div><div  data-label=\"Content\" data-id=\"content--6\" data-export-id=\"content-2\" data-category=\"content\" class=\"content-2 content-section content-section-spacing\" id=\"content-6\" style=\"background-color: rgb(255, 255, 255); background-image: none;\"><div > <div  class=\"row middle-xs\"><div  class=\"col-sm-5 bg-image shadow-large-black\" data-bg=\"image\" style=\"background-image: url(&quot;https:\/\/fireisolator.com\/wp-content\/uploads\/2025\/02\/EV-fire-gun.jpg&quot;);\"><\/div> <div  class=\"col-sm-7 full-col-left-padding full-col-right-padding\"> <div  class=\"row\"> <div  data-type=\"column\" class=\"space-bottom-small content-title-col\"> <h5  class=\"\">FIRE ISOLATOR<\/h5> <h2  class=\"\">La Pistola de Fuego EV<\/h2> <p  class=\"\">La Fire Isolator EV fire Gun (FI-FIREGUN) es una herramienta desarrollada para penetrar en la caja de la bater\u00eda e inundarla con agua. De este modo, se puede intentar extinguir el incendio en la caja de la bater\u00eda. Muchas pruebas nos han demostrado que la Pistola de Fuego EV es una forma eficaz de garantizar que el fuego no se propague. La Pistola de Fuego puede suministrar 40 litros de agua por minuto a dos bares.<\/p><\/div> <\/div> <div  class=\"row spaced-cols \" data-type=\"row\"> <div  class=\"col-xs-6\" data-type=\"column\"> <h5  class=\"\">DIMENSIONES Y ESPECIFICACIONES<\/h5> <p  class=\"\">Descargue <a  data-mce-href=\"..\/..\/wp-content\/uploads\/2025\/01\/Datasheet_FireIsolator_FireGun_2025.pdf\" href=\"..\/..\/wp-content\/uploads\/2025\/01\/Datasheet_FireIsolator_FireGun_2025.pdf\" target=\"_blank\" rel=\"noopener\" data-mce-selected=\"inline-boundary\" data-cp-link=\"1\" class=\"\">la hoja de datos<\/a> de la EV Fire Gun para obtener m\u00e1s informaci\u00f3n.<\/p><\/div>    <\/div><\/div> <\/div><\/div> <\/div><div  data-label=\"Content\" data-id=\"content--7\" data-export-id=\"content-3\" data-category=\"content\" class=\"content-3 content-section content-section-spacing\" id=\"content-7\" style=\"background-color: rgb(255, 255, 255); background-image: none;\"><div > <div  class=\"row middle-xs\"><div  class=\"col-sm-7 full-col-left-padding full-col-right-padding\"> <div  class=\"row\"><div  data-type=\"column\" class=\"space-bottom-small content-title-col\"> <h5  class=\"\">FIRE ISOLATOR<\/h5> <h2  class=\"\">El Hacha de Bombero<\/h2> <p  class=\"\">El Hacha de Bombero (FI-FAX) es una herramienta esencial para los bomberos, dise\u00f1ada para una amplia gama de operaciones de extinci\u00f3n de incendios y rescate. Permite franquear obst\u00e1culos de forma r\u00e1pida y eficaz, lo que permite a los bomberos acceder a las zonas afectadas y llevar a cabo rescates de forma eficiente. El hacha de bombero cuenta con un mango de fibra de vidrio duradero y est\u00e1 dise\u00f1ada y probada de conformidad con el C\u00f3digo SFS.<\/p><\/div> <\/div> <div  class=\"row spaced-cols\" data-type=\"row\"> <div  class=\"col-xs-6\" data-type=\"column\"> <h5  class=\"\">MATERIALES<\/h5> <p  class=\"\">Hoja de acero y mango de fibra de vidrio. Puede suministrarse con aislamiento de alta tensi\u00f3n bajo pedido.<\/p><\/div> <div  class=\"col-xs-6\" data-type=\"column\"><h5  class=\"\">DIMENSIONES Y ESPECIFICACIONES<\/h5> <p  class=\"\">Para obtener m\u00e1s informaci\u00f3n sobre el hacha de bombero, <a  data-mce-href=\"..\/..\/wp-content\/uploads\/2025\/01\/Datasheet-Fire-Isolator-FI-FAX-Fireman-Axe_2025.pdf\" href=\"..\/..\/wp-content\/uploads\/2025\/01\/Datasheet-Fire-Isolator-FI-FAX-Fireman-Axe_2025.pdf\" target=\"_blank\" rel=\"noopener\" data-mce-selected=\"inline-boundary\" data-cp-link=\"1\" class=\"\">descargue la hoja de datos<\/a>.<\/p><\/div>   <\/div><\/div> <div  class=\"col-sm-5 bg-image shadow-large-black revert-classes-holder\" data-bg=\"image\" style=\"background-image: url(&quot;https:\/\/fireisolator.com\/wp-content\/uploads\/2025\/02\/firemans-axe-1.jpg&quot;);\"><\/div><\/div> <\/div><\/div><div  data-label=\"Content\" data-id=\"content--8\" data-export-id=\"content-2\" data-category=\"content\" class=\"content-2 content-section content-section-spacing\" id=\"content-8\" style=\"background-color: rgb(255, 255, 255); background-image: none;\"><div > <div  class=\"row middle-xs\"><div  class=\"col-sm-5 bg-image shadow-large-black\" data-bg=\"image\" style=\"background-image: url(&quot;https:\/\/fireisolator.com\/wp-content\/uploads\/The-FIre-Isolator-Kit-GRP-Box-1.jpg&quot;);\"><\/div> <div  class=\"col-sm-7 full-col-left-padding full-col-right-padding\"> <div  class=\"row\"> <div  data-type=\"column\" class=\"space-bottom-small content-title-col\"> <h5  class=\"\">FIRE ISOLATOR<\/h5> <h2  class=\"\">El Fire Isolator Kit y GRP Box<\/h2> <p  class=\"\">La Fire Isolator GRP Box se puede adquirir por separado o como parte del Fire Isolator KIT, que incluye la Manta Ign\u00edfuga Ultimate, Unidades de Aerosol, la Lanza de agua nebulizada y el Fireman\u2019s Axe. Esta caja de alta calidad y durabilidad est\u00e1 dise\u00f1ada para resistir cualquier clima, lo que la hace ideal para un uso prolongado en exteriores. Tambi\u00e9n puede alojar la Watermist Stick 26, asegurando que todas sus herramientas esenciales est\u00e9n guardadas de forma segura en un solo lugar.<\/p><\/div> <\/div> <div  class=\"row spaced-cols \" data-type=\"row\"> <div  class=\"col-xs-6\" data-type=\"column\">  <\/div>    <\/div><\/div> <\/div><\/div> <\/div>","protected":false},"excerpt":{"rendered":"<p>Fire Isolator Accesorios Adem\u00e1s de nuestros productos principales, Fire Isolator ofrece una gama de accesorios dise\u00f1ados para mejorar y complementar nuestras soluciones. Nuestros accesorios incluyen un armario de almacenamiento duradero y pr\u00e1ctico, ideal para mantener organizada y f\u00e1cilmente accesible la Manta Fire Isolator y otros equipos esenciales. Para un transporte sin esfuerzo, proporcionamos el Carrito&hellip; <br \/> <a class=\"read-more\" href=\"https:\/\/fireisolator.com\/es\/accesorios\/\">Leer m\u00e1s<\/a><\/p>\n","protected":false},"author":5,"featured_media":0,"parent":0,"menu_order":0,"comment_status":"closed","ping_status":"closed","template":"pro\/page-templates\/full-width-page.php","meta":{"_acf_changed":false,"content-type":"","inline_featured_image":false,"footnotes":""},"class_list":["post-6175","page","type-page","status-publish","hentry"],"acf":[],"yoast_head":"<!-- This site is optimized with the Yoast SEO Premium plugin v24.6 (Yoast SEO v24.6) - https:\/\/yoast.com\/wordpress\/plugins\/seo\/ -->\n<title>Accesorios Fire Isolator &#8226; Fire Isolator<\/title>\n<meta name=\"description\" content=\"Adem\u00e1s de nuestros productos principales, Fire Isolator ofrece accesorios que complementan y mejoran nuestras soluciones.\" \/>\n<meta name=\"robots\" content=\"index, follow, max-snippet:-1, max-image-preview:large, max-video-preview:-1\" \/>\n<link rel=\"canonical\" href=\"https:\/\/fireisolator.com\/es\/accesorios\/\" \/>\n<meta property=\"og:locale\" content=\"es_ES\" \/>\n<meta property=\"og:type\" content=\"article\" \/>\n<meta property=\"og:title\" content=\"Accesorios Fire Isolator\" \/>\n<meta property=\"og:description\" content=\"Adem\u00e1s de nuestros productos principales, Fire Isolator ofrece accesorios que complementan y mejoran nuestras soluciones.\" \/>\n<meta property=\"og:url\" content=\"https:\/\/fireisolator.com\/es\/accesorios\/\" \/>\n<meta property=\"og:site_name\" content=\"Fire Isolator\" \/>\n<meta property=\"article:modified_time\" content=\"2025-11-19T07:53:41+00:00\" \/>\n<meta name=\"twitter:card\" content=\"summary_large_image\" \/>\n<script type=\"application\/ld+json\" class=\"yoast-schema-graph\">{\"@context\":\"https:\/\/schema.org\",\"@graph\":[{\"@type\":\"WebPage\",\"@id\":\"https:\/\/fireisolator.com\/es\/accesorios\/\",\"url\":\"https:\/\/fireisolator.com\/es\/accesorios\/\",\"name\":\"Accesorios Fire Isolator &#8226; Fire Isolator\",\"isPartOf\":{\"@id\":\"https:\/\/fireisolator.com\/es\/#website\"},\"datePublished\":\"2025-02-13T08:11:29+00:00\",\"dateModified\":\"2025-11-19T07:53:41+00:00\",\"description\":\"Adem\u00e1s de nuestros productos principales, Fire Isolator ofrece accesorios que complementan y mejoran nuestras soluciones.\",\"breadcrumb\":{\"@id\":\"https:\/\/fireisolator.com\/es\/accesorios\/#breadcrumb\"},\"inLanguage\":\"es\",\"potentialAction\":[{\"@type\":\"ReadAction\",\"target\":[\"https:\/\/fireisolator.com\/es\/accesorios\/\"]}]},{\"@type\":\"BreadcrumbList\",\"@id\":\"https:\/\/fireisolator.com\/es\/accesorios\/#breadcrumb\",\"itemListElement\":[{\"@type\":\"ListItem\",\"position\":1,\"name\":\"Home\",\"item\":\"https:\/\/fireisolator.com\/es\/\"},{\"@type\":\"ListItem\",\"position\":2,\"name\":\"Accesorios Fire Isolator\"}]},{\"@type\":\"WebSite\",\"@id\":\"https:\/\/fireisolator.com\/es\/#website\",\"url\":\"https:\/\/fireisolator.com\/es\/\",\"name\":\"FIRE\u26a1\ufe0fISOLATOR\",\"description\":\"The solution to isolate EV car fires\",\"publisher\":{\"@id\":\"https:\/\/fireisolator.com\/es\/#organization\"},\"potentialAction\":[{\"@type\":\"SearchAction\",\"target\":{\"@type\":\"EntryPoint\",\"urlTemplate\":\"https:\/\/fireisolator.com\/es\/?s={search_term_string}\"},\"query-input\":{\"@type\":\"PropertyValueSpecification\",\"valueRequired\":true,\"valueName\":\"search_term_string\"}}],\"inLanguage\":\"es\"},{\"@type\":\"Organization\",\"@id\":\"https:\/\/fireisolator.com\/es\/#organization\",\"name\":\"Blomsma Signs & Safety\",\"url\":\"https:\/\/fireisolator.com\/es\/\",\"logo\":{\"@type\":\"ImageObject\",\"inLanguage\":\"es\",\"@id\":\"https:\/\/fireisolator.com\/es\/#\/schema\/logo\/image\/\",\"url\":\"\",\"contentUrl\":\"\",\"caption\":\"Blomsma Signs & Safety\"},\"image\":{\"@id\":\"https:\/\/fireisolator.com\/es\/#\/schema\/logo\/image\/\"}}]}<\/script>\n<!-- \/ Yoast SEO Premium plugin. -->","yoast_head_json":{"title":"Accesorios Fire Isolator &#8226; Fire Isolator","description":"Adem\u00e1s de nuestros productos principales, Fire Isolator ofrece accesorios que complementan y mejoran nuestras soluciones.","robots":{"index":"index","follow":"follow","max-snippet":"max-snippet:-1","max-image-preview":"max-image-preview:large","max-video-preview":"max-video-preview:-1"},"canonical":"https:\/\/fireisolator.com\/es\/accesorios\/","og_locale":"es_ES","og_type":"article","og_title":"Accesorios Fire Isolator","og_description":"Adem\u00e1s de nuestros productos principales, Fire Isolator ofrece accesorios que complementan y mejoran nuestras soluciones.","og_url":"https:\/\/fireisolator.com\/es\/accesorios\/","og_site_name":"Fire Isolator","article_modified_time":"2025-11-19T07:53:41+00:00","twitter_card":"summary_large_image","schema":{"@context":"https:\/\/schema.org","@graph":[{"@type":"WebPage","@id":"https:\/\/fireisolator.com\/es\/accesorios\/","url":"https:\/\/fireisolator.com\/es\/accesorios\/","name":"Accesorios Fire Isolator &#8226; Fire Isolator","isPartOf":{"@id":"https:\/\/fireisolator.com\/es\/#website"},"datePublished":"2025-02-13T08:11:29+00:00","dateModified":"2025-11-19T07:53:41+00:00","description":"Adem\u00e1s de nuestros productos principales, Fire Isolator ofrece accesorios que complementan y mejoran nuestras soluciones.","breadcrumb":{"@id":"https:\/\/fireisolator.com\/es\/accesorios\/#breadcrumb"},"inLanguage":"es","potentialAction":[{"@type":"ReadAction","target":["https:\/\/fireisolator.com\/es\/accesorios\/"]}]},{"@type":"BreadcrumbList","@id":"https:\/\/fireisolator.com\/es\/accesorios\/#breadcrumb","itemListElement":[{"@type":"ListItem","position":1,"name":"Home","item":"https:\/\/fireisolator.com\/es\/"},{"@type":"ListItem","position":2,"name":"Accesorios Fire Isolator"}]},{"@type":"WebSite","@id":"https:\/\/fireisolator.com\/es\/#website","url":"https:\/\/fireisolator.com\/es\/","name":"FIRE\u26a1\ufe0fISOLATOR","description":"The solution to isolate EV car fires","publisher":{"@id":"https:\/\/fireisolator.com\/es\/#organization"},"potentialAction":[{"@type":"SearchAction","target":{"@type":"EntryPoint","urlTemplate":"https:\/\/fireisolator.com\/es\/?s={search_term_string}"},"query-input":{"@type":"PropertyValueSpecification","valueRequired":true,"valueName":"search_term_string"}}],"inLanguage":"es"},{"@type":"Organization","@id":"https:\/\/fireisolator.com\/es\/#organization","name":"Blomsma Signs & Safety","url":"https:\/\/fireisolator.com\/es\/","logo":{"@type":"ImageObject","inLanguage":"es","@id":"https:\/\/fireisolator.com\/es\/#\/schema\/logo\/image\/","url":"","contentUrl":"","caption":"Blomsma Signs & Safety"},"image":{"@id":"https:\/\/fireisolator.com\/es\/#\/schema\/logo\/image\/"}}]}},"_links":{"self":[{"href":"https:\/\/fireisolator.com\/es\/wp-json\/wp\/v2\/pages\/6175","targetHints":{"allow":["GET"]}}],"collection":[{"href":"https:\/\/fireisolator.com\/es\/wp-json\/wp\/v2\/pages"}],"about":[{"href":"https:\/\/fireisolator.com\/es\/wp-json\/wp\/v2\/types\/page"}],"author":[{"embeddable":true,"href":"https:\/\/fireisolator.com\/es\/wp-json\/wp\/v2\/users\/5"}],"replies":[{"embeddable":true,"href":"https:\/\/fireisolator.com\/es\/wp-json\/wp\/v2\/comments?post=6175"}],"version-history":[{"count":9,"href":"https:\/\/fireisolator.com\/es\/wp-json\/wp\/v2\/pages\/6175\/revisions"}],"predecessor-version":[{"id":8023,"href":"https:\/\/fireisolator.com\/es\/wp-json\/wp\/v2\/pages\/6175\/revisions\/8023"}],"wp:attachment":[{"href":"https:\/\/fireisolator.com\/es\/wp-json\/wp\/v2\/media?parent=6175"}],"curies":[{"name":"wp","href":"https:\/\/api.w.org\/{rel}","templated":true}]}}