{"id":6259,"date":"2025-02-12T07:19:22","date_gmt":"2025-02-12T07:19:22","guid":{"rendered":"https:\/\/fireisolator.com\/?page_id=6259"},"modified":"2025-08-26T09:46:30","modified_gmt":"2025-08-26T09:46:30","slug":"fi-blecon0806-manta-ignifuga-economy","status":"publish","type":"page","link":"https:\/\/fireisolator.com\/es\/fi-blecon0806-manta-ignifuga-economy\/","title":{"rendered":"FI-BLECON0806 Manta ign\u00edfuga Economy"},"content":{"rendered":"<div  data-label=\"Content\" data-id=\"content--1\" data-export-id=\"content-2\" data-category=\"content\" class=\"content-2 content-section content-section-spacing\" id=\"content-1\" style=\"background-color: rgb(255, 255, 255);\"><div > <div  class=\"row middle-xs\"><div  class=\"col-sm-5 bg-image shadow-large-black\" data-bg=\"image\" style=\"background-image: url(&quot;https:\/\/fireisolator.com\/wp-content\/uploads\/2025\/02\/The-Economy-Fire-Blanket.jpg&quot;);\"><\/div> <div  class=\"col-sm-7 full-col-left-padding full-col-right-padding\"> <div  class=\"row\"> <div  data-type=\"column\" class=\"space-bottom-small content-title-col\"> <h5  class=\"\">FIRE ISOLATOR<\/h5> <h2  class=\"\">FI-BLECON0806 Manta ign\u00edfuga Economy<\/h2> <p  class=\"\">La manta ign\u00edfuga Economy es una soluci\u00f3n duradera y rentable para combatir los incendios en veh\u00edculos. Al eliminar el ox\u00edgeno, reduce el humo y los vapores t\u00f3xicos, creando un entorno m\u00e1s seguro para los servicios de emergencia. Mantiene el fuego bajo control, evita que se propague y limita los da\u00f1os. La manta ign\u00edfuga econ\u00f3mica FI-BLECON0806 es reutilizable para incendios de veh\u00edculos est\u00e1ndar, pero tambi\u00e9n es adecuada para un solo uso en incendios de veh\u00edculos el\u00e9ctricos. Dise\u00f1ada para aparcamientos, centros comerciales, transbordadores y otras zonas p\u00fablicas, esta manta ign\u00edfuga ofrece una soluci\u00f3n de extinci\u00f3n asequible y eficaz.<\/p><\/div> <\/div> <div  class=\"row spaced-cols \" data-type=\"row\"> <div  class=\"col-xs-6\" data-type=\"column\"> <h5  class=\"\">MATERIALES<\/h5> <p  class=\"\">Mezcla de fibra de vidrio con un 70% de s\u00edlice de la m\u00e1s alta calidad.<\/p><\/div> <div  class=\"col-xs-6\" data-type=\"column\"><h5  class=\"\">PRUEBAS<\/h5> <p  class=\"\" aria-label=\"To enrich screen reader interactions, please activate Accessibility in Grammarly extension settings\">DIN EN 13501-1 probado con certificado A1 de KIWA\/MPA, ASTMD6413 probado por HPL Engineering.&nbsp;DIN SPEC 91489.<\/p><\/div> <div  class=\"col-xs-6\" data-type=\"column\"><h5  class=\"\">DIMENSIONES Y ESPECIFICACIONES<\/h5> <p  class=\"\">Descargue <a  data-mce-href=\"..\/..\/wp-content\/uploads\/FI-BLECON0806_Datasheet_FireIsolator_EconomyFireBlanket.pdf\" href=\"..\/..\/wp-content\/uploads\/FI-BLECON0806_Datasheet_FireIsolator_EconomyFireBlanket.pdf\" target=\"_blank\" rel=\"noopener\" data-mce-selected=\"inline-boundary\" data-cp-link=\"1\" class=\"\">la hoja de datos<\/a> de la manta ign\u00edfuga Economy para obtener m\u00e1s informaci\u00f3n.<\/p><\/div> <div  class=\"col-xs-6\" data-type=\"column\"><h5  class=\"\">F\u00c1CIL DE USAR<\/h5> <p  class=\"\">F\u00e1cil de usar, provista de lazos de colores.<\/p><\/div> <\/div><\/div> <\/div><\/div> <\/div><div  data-label=\"Cta\" data-id=\"cta--1\" data-export-id=\"cta-blue-section\" data-category=\"cta\" class=\"cta-blue-section content-section content-section-spacing-medium bg-color1 white-text\" id=\"cta-1\"><div  class=\"gridContainer\"> <div  class=\"row middle-xs\"><div  class=\"col-sm-8 space-bottom-xs\" data-type=\"column\"> <h2  class=\"\">P\u00f3ngase en contacto con nosotros!<\/h2> <\/div> <div  class=\"col-sm-4 end-sm\" data-type=\"column\"> <a  class=\"button color-white dark-text\" href=\"https:\/\/fireisolator.com\/es\/contacto\/\" target=\"_self\" data-cp-link=\"1\" data-icon=\"\">CONTACTO<\/a><\/div> <\/div><\/div> <\/div><div  data-label=\"Content\" data-id=\"content--2\" data-export-id=\"content-12\" data-category=\"content\" class=\"content-12 content-section content-section-spacing\" id=\"content-2\" style=\"background-color: rgb(255, 255, 255); background-image: none;\"><div  class=\"gridContainer\"> <div  class=\"row text-center\"><div  class=\"section-title-col\" data-type=\"column\"> <h2  class=\"\">Beneficios y caracter\u00edsticas<\/h2> <p  class=\"lead\" style=\"text-align: left;\" aria-label=\"To enrich screen reader interactions, please activate Accessibility in Grammarly extension settings\">La FI-BLECON0806 Economy Manta Ign\u00edfuga est\u00e1 dise\u00f1ada para una contenci\u00f3n eficaz de incendios, ofreciendo una soluci\u00f3n rentable tanto para incendios en veh\u00edculos de combusti\u00f3n como en veh\u00edculos el\u00e9ctricos. Con una resistencia t\u00e9rmica de hasta 1100\u00b0C (2000\u00b0F), proporciona un aislamiento confiable contra incendios en aparcamientos, centros comerciales, ferris y otras \u00e1reas de alto riesgo. Si bien es reutilizable para incendios en veh\u00edculos est\u00e1ndar, en incendios de veh\u00edculos el\u00e9ctricos es de un solo uso, debido a las condiciones extremas de los incendios por bater\u00edas de litio. Al cortar el suministro de ox\u00edgeno, la manta ayuda a reducir el humo y los gases t\u00f3xicos, limitando la propagaci\u00f3n del fuego y minimizando los da\u00f1os colaterales en el entorno.\n<br ><br >\nFabricada con 70% de s\u00edlice de alta calidad y una mezcla de fibra de vidrio, la Economy Manta Ign\u00edfuga es resistente y ligera. El material ha sido seleccionado espec\u00edficamente por su capacidad para soportar altas temperaturas y garantizar un \u00f3ptimo control del fuego. No se incendia durante su despliegue, lo que garantiza su integridad estructural incluso en situaciones de incendio exigentes.\n<br ><br >\nLa FI-BLECON0806 Economy Manta Ign\u00edfuga ha sido sometida a rigurosas pruebas y cumple con las normas DIN EN 13501-1 (certificaci\u00f3n A1 por KIWA\/MPA),&nbsp;DIN SPEC 91489 y ASTM D6413, garantizando su conformidad con las regulaciones internacionales de seguridad contra incendios. Dise\u00f1ada para una f\u00e1cil implementaci\u00f3n por dos personas, cuenta con grandes asas de colores que facilitan su manejo. Se suministra en una bolsa protectora resistente, con opciones adicionales de almacenamiento como un armario de pared, un carro de transporte o una mochila para facilitar su acceso y transporte.\n<br ><br ><b >\nOtros beneficios:<\/b><br >\n\u2022 Reutilizable en incendios de veh\u00edculos est\u00e1ndar.<br >\n\u2022 Compatible con distintos tipos de veh\u00edculos, desde coches urbanos hasta SUVs y camionetas grandes.<br >\n\u2022 Sin fecha de caducidad, con una vida \u00fatil de m\u00e1s de 25 a\u00f1os si se almacena correctamente.<br >\n\u2022 Disponible en tama\u00f1os personalizados bajo solicitud.<\/p><a  class=\"button color1\" href=\"https:\/\/fireisolator.com\/es\/contacto\/\" target=\"_self\" data-cp-link=\"1\" data-icon=\"\">Cont\u00e1ctanos para m\u00e1s informaci\u00f3n<\/a><\/div> <\/div> <div  class=\"row center-xs middle-xs\"> <div  class=\"col-sm-9\" data-type=\"column\"> <img  decoding=\"async\" class=\"shadow-large\" src=\"https:\/\/fireisolator.com\/wp-content\/uploads\/2024\/10\/slovenia-fire-blinket-op-maat-web.jpg\" title=\"slovenia fire blinket op maat web\" alt=\"Brandbek\u00e4mpfung von Elektroautos\"><\/div> <\/div><\/div> <\/div><div  data-label=\"Portfolio\" data-id=\"portfolio--1\" data-export-id=\"portfolio-5\" data-category=\"portfolio\" class=\"portfolio-5 content-section content-section-spacing\" id=\"portfolio-1\" style=\"background-color: rgb(255, 255, 255); background-image: none;\"><div  class=\"gridContainer\"> <div  class=\"row text-center\"><div  class=\"section-title-col\" data-type=\"column\"> <h2  class=\"\">Otras mantas ign\u00edfugas disponibles<\/h2> <p  class=\"lead\">Fire Isolator ofrece varias mantas ign\u00edfugas, cada una con sus propias ventajas. Eche un vistazo a nuestras otras mantas ign\u00edfugas aqu\u00ed:<\/p><\/div> <\/div> <div  class=\"row space-bottom spaced-cols\" data-type=\"row\"> <div  class=\"col-xs-12 col-sm-4 text-center\"> <div  class=\"card no-padding bordered\"> <div  data-hover-fx=\"portfolio-6\" class=\"contentswap-effect\"> <div  class=\"initial-image\"> <img  decoding=\"async\" data-size=\"500x333\" src=\"https:\/\/fireisolator.com\/wp-content\/uploads\/2025\/02\/Fire-Blanket-Ultimate.jpg\"><\/div> <div  class=\"overlay bg-color6\"><\/div> <div  class=\"swap-inner col-xs-12\"> <div  class=\"row full-height-row middle-xs middle-sm\"> <div  class=\"col-xs-12 text-center content-holder\"> <a  class=\"button small color-white\" href=\"https:\/\/fireisolator.com\/es\/manta-ignifuga-ultimate-ev-para-coches\/\" target=\"_self\" data-cp-link=\"1\" data-icon=\"\">leer m\u00e1s<\/a><\/div> <\/div><\/div> <\/div> <div  class=\"col-xs-12\"> <div  class=\"space-bottom space-top\" data-type=\"column\"> <h5  class=\"\">La Manta Ign\u00edfuga Ultimate<\/h5> <\/div> <\/div><\/div> <\/div> <div  class=\"col-xs-12 col-sm-4 text-center\"> <div  class=\"card no-padding bordered\"> <div  data-hover-fx=\"portfolio-6\" class=\"contentswap-effect\"> <div  class=\"initial-image\"> <img  decoding=\"async\" data-size=\"500x333\" src=\"https:\/\/fireisolator.com\/wp-content\/uploads\/2025\/02\/Ultra-Fire-Blanket-vrijstaand.jpg\"><\/div> <div  class=\"overlay bg-color6\"><\/div> <div  class=\"swap-inner col-xs-12\"> <div  class=\"row full-height-row middle-xs middle-sm\"> <div  class=\"col-xs-12 text-center content-holder\"> <a  class=\"button small color-white\" href=\"https:\/\/fireisolator.com\/es\/fi-blultra0806-manta-ignifuga-ultra\/\" target=\"_self\" data-cp-link=\"1\" data-icon=\"\">leer m\u00e1s<\/a><\/div> <\/div><\/div> <\/div> <div  class=\"col-xs-12\"> <div  class=\"space-bottom space-top\" data-type=\"column\"> <h5  class=\"\">La Manta Ign\u00edfuga Ultra<\/h5> <\/div> <\/div><\/div> <\/div> <div  class=\"col-xs-12 col-sm-4 text-center\"> <div  class=\"card no-padding bordered\"> <div  data-hover-fx=\"portfolio-6\" class=\"contentswap-effect\"> <div  class=\"initial-image\"> <img  decoding=\"async\" data-size=\"500x333\" src=\"https:\/\/fireisolator.com\/wp-content\/uploads\/2025\/02\/Lithium-Fire-Blanket.jpg\"><\/div> <div  class=\"overlay bg-color6\"><\/div> <div  class=\"swap-inner col-xs-12\"> <div  class=\"row full-height-row middle-xs middle-sm\"> <div  class=\"col-xs-12 text-center content-holder\"> <a  class=\"button small color-white\" href=\"https:\/\/fireisolator.com\/es\/mantas-ignifugas-para-ebikes-y-escooters\/\" target=\"_self\" data-cp-link=\"1\" data-icon=\"\">leer m\u00e1s<\/a><\/div> <\/div><\/div> <\/div> <div  class=\"col-xs-12\"> <div  class=\"space-bottom space-top\" data-type=\"column\"> <h5  class=\"\">Mantas ign\u00edfugas de litio<\/h5> <\/div> <\/div><\/div> <\/div><\/div> <div  class=\"row\"><div  data-type=\"column\" class=\"col-xs-12 text-center\"> <a  class=\"button y-move color1\" href=\"https:\/\/fireisolator.com\/es\/productos\/\" target=\"_self\" data-cp-link=\"1\" data-icon=\"\">Ver todos los productos Fire Isolator<\/a><\/div> <\/div><\/div> <\/div>","protected":false},"excerpt":{"rendered":"<p>FIRE ISOLATOR FI-BLECON0806 Manta ign\u00edfuga Economy La manta ign\u00edfuga Economy es una soluci\u00f3n duradera y rentable para combatir los incendios en veh\u00edculos. Al eliminar el ox\u00edgeno, reduce el humo y los vapores t\u00f3xicos, creando un entorno m\u00e1s seguro para los servicios de emergencia. Mantiene el fuego bajo control, evita que se propague y limita los&hellip; <br \/> <a class=\"read-more\" href=\"https:\/\/fireisolator.com\/es\/fi-blecon0806-manta-ignifuga-economy\/\">Leer m\u00e1s<\/a><\/p>\n","protected":false},"author":5,"featured_media":0,"parent":0,"menu_order":0,"comment_status":"closed","ping_status":"closed","template":"pro\/page-templates\/full-width-page.php","meta":{"_acf_changed":false,"content-type":"","inline_featured_image":false,"footnotes":""},"class_list":["post-6259","page","type-page","status-publish","hentry"],"acf":[],"yoast_head":"<!-- This site is optimized with the Yoast SEO Premium plugin v24.6 (Yoast SEO v24.6) - https:\/\/yoast.com\/wordpress\/plugins\/seo\/ -->\n<title>FI-BLECON0806 Manta ign\u00edfuga Economy &#8226; Fire Isolator<\/title>\n<meta name=\"description\" content=\"La manta ign\u00edfuga Economy FI-BLECON0806 es nuestra soluci\u00f3n asequible para incendios de autom\u00f3viles, con resistencia t\u00e9rmica de hasta 1100\u00b0C.\" \/>\n<meta name=\"robots\" content=\"index, follow, max-snippet:-1, max-image-preview:large, max-video-preview:-1\" \/>\n<link rel=\"canonical\" href=\"https:\/\/fireisolator.com\/es\/fi-blecon0806-manta-ignifuga-economy\/\" \/>\n<meta property=\"og:locale\" content=\"es_ES\" \/>\n<meta property=\"og:type\" content=\"article\" \/>\n<meta property=\"og:title\" content=\"FI-BLECON0806 Manta ign\u00edfuga Economy\" \/>\n<meta property=\"og:description\" content=\"La manta ign\u00edfuga Economy FI-BLECON0806 es nuestra soluci\u00f3n asequible para incendios de autom\u00f3viles, con resistencia t\u00e9rmica de hasta 1100\u00b0C.\" \/>\n<meta property=\"og:url\" content=\"https:\/\/fireisolator.com\/es\/fi-blecon0806-manta-ignifuga-economy\/\" \/>\n<meta property=\"og:site_name\" content=\"Fire Isolator\" \/>\n<meta property=\"article:modified_time\" content=\"2025-08-26T09:46:30+00:00\" \/>\n<meta property=\"og:image\" content=\"https:\/\/fireisolator.com\/wp-content\/uploads\/2024\/10\/slovenia-fire-blinket-op-maat-web.jpg\" \/>\n<meta name=\"twitter:card\" content=\"summary_large_image\" \/>\n<script type=\"application\/ld+json\" class=\"yoast-schema-graph\">{\"@context\":\"https:\/\/schema.org\",\"@graph\":[{\"@type\":\"WebPage\",\"@id\":\"https:\/\/fireisolator.com\/es\/fi-blecon0806-manta-ignifuga-economy\/\",\"url\":\"https:\/\/fireisolator.com\/es\/fi-blecon0806-manta-ignifuga-economy\/\",\"name\":\"FI-BLECON0806 Manta ign\u00edfuga Economy &#8226; Fire Isolator\",\"isPartOf\":{\"@id\":\"https:\/\/fireisolator.com\/es\/#website\"},\"primaryImageOfPage\":{\"@id\":\"https:\/\/fireisolator.com\/es\/fi-blecon0806-manta-ignifuga-economy\/#primaryimage\"},\"image\":{\"@id\":\"https:\/\/fireisolator.com\/es\/fi-blecon0806-manta-ignifuga-economy\/#primaryimage\"},\"thumbnailUrl\":\"https:\/\/fireisolator.com\/wp-content\/uploads\/2024\/10\/slovenia-fire-blinket-op-maat-web.jpg\",\"datePublished\":\"2025-02-12T07:19:22+00:00\",\"dateModified\":\"2025-08-26T09:46:30+00:00\",\"description\":\"La manta ign\u00edfuga Economy FI-BLECON0806 es nuestra soluci\u00f3n asequible para incendios de autom\u00f3viles, con resistencia t\u00e9rmica de hasta 1100\u00b0C.\",\"breadcrumb\":{\"@id\":\"https:\/\/fireisolator.com\/es\/fi-blecon0806-manta-ignifuga-economy\/#breadcrumb\"},\"inLanguage\":\"es\",\"potentialAction\":[{\"@type\":\"ReadAction\",\"target\":[\"https:\/\/fireisolator.com\/es\/fi-blecon0806-manta-ignifuga-economy\/\"]}]},{\"@type\":\"ImageObject\",\"inLanguage\":\"es\",\"@id\":\"https:\/\/fireisolator.com\/es\/fi-blecon0806-manta-ignifuga-economy\/#primaryimage\",\"url\":\"https:\/\/fireisolator.com\/wp-content\/uploads\/2024\/10\/slovenia-fire-blinket-op-maat-web.jpg\",\"contentUrl\":\"https:\/\/fireisolator.com\/wp-content\/uploads\/2024\/10\/slovenia-fire-blinket-op-maat-web.jpg\"},{\"@type\":\"BreadcrumbList\",\"@id\":\"https:\/\/fireisolator.com\/es\/fi-blecon0806-manta-ignifuga-economy\/#breadcrumb\",\"itemListElement\":[{\"@type\":\"ListItem\",\"position\":1,\"name\":\"Home\",\"item\":\"https:\/\/fireisolator.com\/es\/\"},{\"@type\":\"ListItem\",\"position\":2,\"name\":\"FI-BLECON0806 Manta ign\u00edfuga Economy\"}]},{\"@type\":\"WebSite\",\"@id\":\"https:\/\/fireisolator.com\/es\/#website\",\"url\":\"https:\/\/fireisolator.com\/es\/\",\"name\":\"FIRE\u26a1\ufe0fISOLATOR\",\"description\":\"The solution to isolate EV car fires\",\"publisher\":{\"@id\":\"https:\/\/fireisolator.com\/es\/#organization\"},\"potentialAction\":[{\"@type\":\"SearchAction\",\"target\":{\"@type\":\"EntryPoint\",\"urlTemplate\":\"https:\/\/fireisolator.com\/es\/?s={search_term_string}\"},\"query-input\":{\"@type\":\"PropertyValueSpecification\",\"valueRequired\":true,\"valueName\":\"search_term_string\"}}],\"inLanguage\":\"es\"},{\"@type\":\"Organization\",\"@id\":\"https:\/\/fireisolator.com\/es\/#organization\",\"name\":\"Blomsma Signs & Safety\",\"url\":\"https:\/\/fireisolator.com\/es\/\",\"logo\":{\"@type\":\"ImageObject\",\"inLanguage\":\"es\",\"@id\":\"https:\/\/fireisolator.com\/es\/#\/schema\/logo\/image\/\",\"url\":\"\",\"contentUrl\":\"\",\"caption\":\"Blomsma Signs & Safety\"},\"image\":{\"@id\":\"https:\/\/fireisolator.com\/es\/#\/schema\/logo\/image\/\"}}]}<\/script>\n<!-- \/ Yoast SEO Premium plugin. -->","yoast_head_json":{"title":"FI-BLECON0806 Manta ign\u00edfuga Economy &#8226; Fire Isolator","description":"La manta ign\u00edfuga Economy FI-BLECON0806 es nuestra soluci\u00f3n asequible para incendios de autom\u00f3viles, con resistencia t\u00e9rmica de hasta 1100\u00b0C.","robots":{"index":"index","follow":"follow","max-snippet":"max-snippet:-1","max-image-preview":"max-image-preview:large","max-video-preview":"max-video-preview:-1"},"canonical":"https:\/\/fireisolator.com\/es\/fi-blecon0806-manta-ignifuga-economy\/","og_locale":"es_ES","og_type":"article","og_title":"FI-BLECON0806 Manta ign\u00edfuga Economy","og_description":"La manta ign\u00edfuga Economy FI-BLECON0806 es nuestra soluci\u00f3n asequible para incendios de autom\u00f3viles, con resistencia t\u00e9rmica de hasta 1100\u00b0C.","og_url":"https:\/\/fireisolator.com\/es\/fi-blecon0806-manta-ignifuga-economy\/","og_site_name":"Fire Isolator","article_modified_time":"2025-08-26T09:46:30+00:00","og_image":[{"url":"https:\/\/fireisolator.com\/wp-content\/uploads\/2024\/10\/slovenia-fire-blinket-op-maat-web.jpg","type":"","width":"","height":""}],"twitter_card":"summary_large_image","schema":{"@context":"https:\/\/schema.org","@graph":[{"@type":"WebPage","@id":"https:\/\/fireisolator.com\/es\/fi-blecon0806-manta-ignifuga-economy\/","url":"https:\/\/fireisolator.com\/es\/fi-blecon0806-manta-ignifuga-economy\/","name":"FI-BLECON0806 Manta ign\u00edfuga Economy &#8226; Fire Isolator","isPartOf":{"@id":"https:\/\/fireisolator.com\/es\/#website"},"primaryImageOfPage":{"@id":"https:\/\/fireisolator.com\/es\/fi-blecon0806-manta-ignifuga-economy\/#primaryimage"},"image":{"@id":"https:\/\/fireisolator.com\/es\/fi-blecon0806-manta-ignifuga-economy\/#primaryimage"},"thumbnailUrl":"https:\/\/fireisolator.com\/wp-content\/uploads\/2024\/10\/slovenia-fire-blinket-op-maat-web.jpg","datePublished":"2025-02-12T07:19:22+00:00","dateModified":"2025-08-26T09:46:30+00:00","description":"La manta ign\u00edfuga Economy FI-BLECON0806 es nuestra soluci\u00f3n asequible para incendios de autom\u00f3viles, con resistencia t\u00e9rmica de hasta 1100\u00b0C.","breadcrumb":{"@id":"https:\/\/fireisolator.com\/es\/fi-blecon0806-manta-ignifuga-economy\/#breadcrumb"},"inLanguage":"es","potentialAction":[{"@type":"ReadAction","target":["https:\/\/fireisolator.com\/es\/fi-blecon0806-manta-ignifuga-economy\/"]}]},{"@type":"ImageObject","inLanguage":"es","@id":"https:\/\/fireisolator.com\/es\/fi-blecon0806-manta-ignifuga-economy\/#primaryimage","url":"https:\/\/fireisolator.com\/wp-content\/uploads\/2024\/10\/slovenia-fire-blinket-op-maat-web.jpg","contentUrl":"https:\/\/fireisolator.com\/wp-content\/uploads\/2024\/10\/slovenia-fire-blinket-op-maat-web.jpg"},{"@type":"BreadcrumbList","@id":"https:\/\/fireisolator.com\/es\/fi-blecon0806-manta-ignifuga-economy\/#breadcrumb","itemListElement":[{"@type":"ListItem","position":1,"name":"Home","item":"https:\/\/fireisolator.com\/es\/"},{"@type":"ListItem","position":2,"name":"FI-BLECON0806 Manta ign\u00edfuga Economy"}]},{"@type":"WebSite","@id":"https:\/\/fireisolator.com\/es\/#website","url":"https:\/\/fireisolator.com\/es\/","name":"FIRE\u26a1\ufe0fISOLATOR","description":"The solution to isolate EV car fires","publisher":{"@id":"https:\/\/fireisolator.com\/es\/#organization"},"potentialAction":[{"@type":"SearchAction","target":{"@type":"EntryPoint","urlTemplate":"https:\/\/fireisolator.com\/es\/?s={search_term_string}"},"query-input":{"@type":"PropertyValueSpecification","valueRequired":true,"valueName":"search_term_string"}}],"inLanguage":"es"},{"@type":"Organization","@id":"https:\/\/fireisolator.com\/es\/#organization","name":"Blomsma Signs & Safety","url":"https:\/\/fireisolator.com\/es\/","logo":{"@type":"ImageObject","inLanguage":"es","@id":"https:\/\/fireisolator.com\/es\/#\/schema\/logo\/image\/","url":"","contentUrl":"","caption":"Blomsma Signs & Safety"},"image":{"@id":"https:\/\/fireisolator.com\/es\/#\/schema\/logo\/image\/"}}]}},"_links":{"self":[{"href":"https:\/\/fireisolator.com\/es\/wp-json\/wp\/v2\/pages\/6259","targetHints":{"allow":["GET"]}}],"collection":[{"href":"https:\/\/fireisolator.com\/es\/wp-json\/wp\/v2\/pages"}],"about":[{"href":"https:\/\/fireisolator.com\/es\/wp-json\/wp\/v2\/types\/page"}],"author":[{"embeddable":true,"href":"https:\/\/fireisolator.com\/es\/wp-json\/wp\/v2\/users\/5"}],"replies":[{"embeddable":true,"href":"https:\/\/fireisolator.com\/es\/wp-json\/wp\/v2\/comments?post=6259"}],"version-history":[{"count":9,"href":"https:\/\/fireisolator.com\/es\/wp-json\/wp\/v2\/pages\/6259\/revisions"}],"predecessor-version":[{"id":7816,"href":"https:\/\/fireisolator.com\/es\/wp-json\/wp\/v2\/pages\/6259\/revisions\/7816"}],"wp:attachment":[{"href":"https:\/\/fireisolator.com\/es\/wp-json\/wp\/v2\/media?parent=6259"}],"curies":[{"name":"wp","href":"https:\/\/api.w.org\/{rel}","templated":true}]}}