{"id":6344,"date":"2025-02-12T07:19:33","date_gmt":"2025-02-12T07:19:33","guid":{"rendered":"https:\/\/fireisolator.com\/?page_id=6344"},"modified":"2026-03-05T09:11:40","modified_gmt":"2026-03-05T09:11:40","slug":"fi-blultra0806-manta-ignifuga-ultra","status":"publish","type":"page","link":"https:\/\/fireisolator.com\/es\/fi-blultra0806-manta-ignifuga-ultra\/","title":{"rendered":"FI-BLULTRA0806 Manta ign\u00edfuga Ultra"},"content":{"rendered":"<div  data-label=\"Content\" data-id=\"content--1\" data-export-id=\"content-2\" data-category=\"content\" class=\"content-2 content-section content-section-spacing\" id=\"content-1\" style=\"background-color: rgb(255, 255, 255);\"><div > <div  class=\"row middle-xs\"><div  class=\"col-sm-5 bg-image shadow-large-black\" data-bg=\"image\" style=\"background-image: url(&quot;https:\/\/fireisolator.com\/wp-content\/uploads\/IMG_5601-22-2.jpg&quot;);\"><\/div> <div  class=\"col-sm-7 full-col-left-padding full-col-right-padding\"> <div  class=\"row\"> <div  data-type=\"column\" class=\"space-bottom-small content-title-col\"> <h5  class=\"\">FIRE ISOLATOR<\/h5> <h2  class=\"\">FI-BLULTRA0806 Manta ign\u00edfuga Ultra<\/h2> <p  class=\"\">La manta ign\u00edfuga Ultra es una manta ign\u00edfuga de alta calidad y la m\u00e1s resistente de nuestra gama. La manta Fire Isolator ULTRA est\u00e1 dise\u00f1ada para m\u00faltiples usos. Su vida \u00fatil depende de seguir el protocolo oficial de despliegue y de realizar una inspecci\u00f3n exhaustiva despu\u00e9s del incidente para verificar que la integridad del material se mantiene intacta. Al igual que nuestras otras mantas ign\u00edfugas, la Ultra est\u00e1 dise\u00f1ada para contener y aislar incendios tanto de veh\u00edculos con motor de combusti\u00f3n como de veh\u00edculos el\u00e9ctricos (VE). Al contener las llamas, la manta evita la propagaci\u00f3n del fuego, minimiza los da\u00f1os colaterales y reduce el humo y los gases t\u00f3xicos.<\/p><\/div> <\/div> <div  class=\"row spaced-cols \" data-type=\"row\"> <div  class=\"col-xs-6\" data-type=\"column\"> <h5  class=\"\">MATERIALES<\/h5> <p  class=\"\">Hecho de s\u00edlice de la m\u00e1s alta calidad con un recubrimiento de grafito.<\/p><\/div> <div  class=\"col-xs-6\" data-type=\"column\"><h5  class=\"\">PRUEBAS<\/h5> <p  class=\"\" aria-label=\"To enrich screen reader interactions, please activate Accessibility in Grammarly extension settings\">Clasificaci\u00f3n DIN EN 13501-1 con A1<br >\ncertificado por KIWA\/ MPA, ASTMD6413 clasificado por HPL Engineering. NFPA701 por SGS. DIN SPEC 91489.<\/p><\/div> <div  class=\"col-xs-6\" data-type=\"column\"><h5  class=\"\">DIMENSIONES Y ESPECIFICACIONES<\/h5> <p  class=\"\">Descargue <a  data-mce-href=\"..\/..\/wp-content\/uploads\/2025\/01\/Datasheet_FireIsolator_FireBlanket_Ultra_2025.pdf\" href=\"..\/..\/wp-content\/uploads\/2025\/01\/Datasheet_FireIsolator_FireBlanket_Ultra_2025.pdf\" target=\"_blank\" rel=\"noopener\" data-mce-selected=\"inline-boundary\" data-cp-link=\"1\" class=\"\">la hoja de datos<\/a> de la manta ign\u00edfuga Ultra para obtener m\u00e1s informaci\u00f3n.<\/p><\/div> <div  class=\"col-xs-6\" data-type=\"column\"><h5  class=\"\">F\u00c1CIL DE DESPLEGAR<\/h5> <p  class=\"\">F\u00e1cil de desplegar, equipada con aros de colores.<\/p><\/div> <\/div><\/div> <\/div><\/div> <\/div><div  data-label=\"Gallery\" data-id=\"gallery--1\" data-export-id=\"gallery-2\" data-category=\"gallery\" class=\"gallery-2 content-section content-section-spacing\" id=\"gallery-1\" style=\"background-color: rgb(255, 255, 255); background-image: none;\"><div  class=\"\"> <div  class=\"row\"><div  class=\"col-xs-12 full-no-padding\" data-editable=\"true\" data-content-shortcode=\"mesmerize_gallery id=&quot;mesmerize-gallery-2&quot; columns=&quot;4&quot; ids=&quot;8537,5785,8533,8529&quot; lb=&quot;1&quot; masonry=&quot;0&quot; size=&quot;large&quot; link=&quot;file&quot; \"><div id='mesmerize-gallery-2' class='gallery-wrapper'><style type=\"text\/css\">\n                    @media only screen and (min-width: 768px) {\n                    [data-unique-id='mesmerize-gallery-2-69d7da5a084be'] dl {\n                        float: left;\n                        width: 25% !important;\n                        max-width:  25% !important;\n                        min-width:  25% !important;\n                    }\n\n                    [data-unique-id='mesmerize-gallery-2-69d7da5a084be'] dl:nth-of-type(4n +1 ) {\n                      clear: both;\n                      }\n                    }\n                <\/style><div id='mesmerize-gallery-2' class='mesmerize-gallery-2-dls-wrapper gallery-items-wrapper materialis-gallery' data-unique-id='mesmerize-gallery-2-69d7da5a084be'><dl class='gallery-item'>\n\t\t\t<dt class='gallery-icon landscape'>\n\t\t\t\t<a data-fancybox=\"mesmerize-gallery-2-group\" href='https:\/\/fireisolator.com\/wp-content\/uploads\/IMG_5634-2-scaled-e1772632753315.jpg'><img decoding=\"async\"  width=\"1024\" height=\"576\" src=\"https:\/\/fireisolator.com\/wp-content\/uploads\/IMG_5634-2-1024x576.jpg\"  class='mesmerize-gallery-2-image' alt=\"\" srcset=\"https:\/\/fireisolator.com\/wp-content\/uploads\/IMG_5634-2-1024x576.jpg 1024w, https:\/\/fireisolator.com\/wp-content\/uploads\/IMG_5634-2-300x169.jpg 300w, https:\/\/fireisolator.com\/wp-content\/uploads\/IMG_5634-2-150x84.jpg 150w, https:\/\/fireisolator.com\/wp-content\/uploads\/IMG_5634-2-768x432.jpg 768w, https:\/\/fireisolator.com\/wp-content\/uploads\/IMG_5634-2-1536x864.jpg 1536w, https:\/\/fireisolator.com\/wp-content\/uploads\/IMG_5634-2-2048x1152.jpg 2048w, https:\/\/fireisolator.com\/wp-content\/uploads\/IMG_5634-2-1920x1080.jpg 1920w\" sizes=\"(max-width: 1024px) 100vw, 1024px\" \/><\/a>\n\t\t\t<\/dt><\/dl><dl class='gallery-item'>\n\t\t\t<dt class='gallery-icon landscape'>\n\t\t\t\t<a data-fancybox=\"mesmerize-gallery-2-group\" href='https:\/\/fireisolator.com\/wp-content\/uploads\/2025\/02\/Ultra-Fire-blanket-e1772632705285.jpg'><img decoding=\"async\"  width=\"1024\" height=\"597\" src=\"https:\/\/fireisolator.com\/wp-content\/uploads\/2025\/02\/Ultra-Fire-blanket-1024x597.jpg\"  class='mesmerize-gallery-2-image' alt=\"Ultra Fire Blanket\" srcset=\"https:\/\/fireisolator.com\/wp-content\/uploads\/2025\/02\/Ultra-Fire-blanket-1024x597.jpg 1024w, https:\/\/fireisolator.com\/wp-content\/uploads\/2025\/02\/Ultra-Fire-blanket-300x175.jpg 300w, https:\/\/fireisolator.com\/wp-content\/uploads\/2025\/02\/Ultra-Fire-blanket-150x88.jpg 150w, https:\/\/fireisolator.com\/wp-content\/uploads\/2025\/02\/Ultra-Fire-blanket-768x448.jpg 768w, https:\/\/fireisolator.com\/wp-content\/uploads\/2025\/02\/Ultra-Fire-blanket.jpg 1500w\" sizes=\"(max-width: 1024px) 100vw, 1024px\" \/><\/a>\n\t\t\t<\/dt><\/dl><dl class='gallery-item'>\n\t\t\t<dt class='gallery-icon landscape'>\n\t\t\t\t<a data-fancybox=\"mesmerize-gallery-2-group\" href='https:\/\/fireisolator.com\/wp-content\/uploads\/IMG_5633-2-scaled-e1772632649547.jpg'><img decoding=\"async\"  width=\"1024\" height=\"576\" src=\"https:\/\/fireisolator.com\/wp-content\/uploads\/IMG_5633-2-1024x576.jpg\"  class='mesmerize-gallery-2-image' alt=\"\" srcset=\"https:\/\/fireisolator.com\/wp-content\/uploads\/IMG_5633-2-1024x576.jpg 1024w, https:\/\/fireisolator.com\/wp-content\/uploads\/IMG_5633-2-300x169.jpg 300w, https:\/\/fireisolator.com\/wp-content\/uploads\/IMG_5633-2-150x84.jpg 150w, https:\/\/fireisolator.com\/wp-content\/uploads\/IMG_5633-2-768x432.jpg 768w, https:\/\/fireisolator.com\/wp-content\/uploads\/IMG_5633-2-1536x864.jpg 1536w, https:\/\/fireisolator.com\/wp-content\/uploads\/IMG_5633-2-2048x1152.jpg 2048w, https:\/\/fireisolator.com\/wp-content\/uploads\/IMG_5633-2-1920x1080.jpg 1920w\" sizes=\"(max-width: 1024px) 100vw, 1024px\" \/><\/a>\n\t\t\t<\/dt><\/dl><dl class='gallery-item'>\n\t\t\t<dt class='gallery-icon landscape'>\n\t\t\t\t<a data-fancybox=\"mesmerize-gallery-2-group\" href='https:\/\/fireisolator.com\/wp-content\/uploads\/IMG_5606-2-scaled.jpg'><img decoding=\"async\"  width=\"1024\" height=\"576\" src=\"https:\/\/fireisolator.com\/wp-content\/uploads\/IMG_5606-2-1024x576.jpg\"  class='mesmerize-gallery-2-image' alt=\"\" srcset=\"https:\/\/fireisolator.com\/wp-content\/uploads\/IMG_5606-2-1024x576.jpg 1024w, https:\/\/fireisolator.com\/wp-content\/uploads\/IMG_5606-2-300x169.jpg 300w, https:\/\/fireisolator.com\/wp-content\/uploads\/IMG_5606-2-150x84.jpg 150w, https:\/\/fireisolator.com\/wp-content\/uploads\/IMG_5606-2-768x432.jpg 768w, https:\/\/fireisolator.com\/wp-content\/uploads\/IMG_5606-2-1536x864.jpg 1536w, https:\/\/fireisolator.com\/wp-content\/uploads\/IMG_5606-2-2048x1152.jpg 2048w, https:\/\/fireisolator.com\/wp-content\/uploads\/IMG_5606-2-1920x1080.jpg 1920w\" sizes=\"(max-width: 1024px) 100vw, 1024px\" \/><\/a>\n\t\t\t<\/dt><\/dl>\n\t\t<\/div>\n<script>(function($){window.MaterialisCaptionsGallery && window.MaterialisCaptionsGallery($('[data-unique-id=\"mesmerize-gallery-2-69d7da5a084be\"]'))})(jQuery)<\/script><\/div><\/div><\/div> <\/div><\/div><div  data-label=\"Cta\" data-id=\"cta--1\" data-export-id=\"cta-blue-section\" data-category=\"cta\" class=\"cta-blue-section content-section content-section-spacing-medium bg-color1 white-text\" id=\"cta-1\"><div  class=\"gridContainer\"> <div  class=\"row middle-xs\"><div  class=\"col-sm-8 space-bottom-xs\" data-type=\"column\"> <h2  class=\"\">P\u00f3ngase en contacto con nosotros!<\/h2> <\/div> <div  class=\"col-sm-4 end-sm\" data-type=\"column\"> <a  class=\"button color-white dark-text\" href=\"https:\/\/fireisolator.com\/es\/contacto\/\" target=\"_self\" data-cp-link=\"1\" data-icon=\"\">CONTACTO<\/a><\/div> <\/div><\/div> <\/div><div  data-label=\"Content\" data-id=\"content--2\" data-export-id=\"content-12\" data-category=\"content\" class=\"content-12 content-section content-section-spacing\" id=\"content-2\" style=\"background-color: rgb(255, 255, 255);\"><div  class=\"gridContainer\"> <div  class=\"row text-center\"><div  class=\"section-title-col\" data-type=\"column\"> <h2  class=\"\">Beneficios y caracter\u00edsticas<\/h2> <p  class=\"lead\" style=\"text-align: left;\" aria-label=\"To enrich screen reader interactions, please activate Accessibility in Grammarly extension settings\">La manta ign\u00edfuga FI-BLULTRA0806 Ultra est\u00e1 dise\u00f1ada para soportar temperaturas extremas, con una resistencia t\u00e9rmica de hasta 2050\u00b0C en picos m\u00e1ximos. Puede soportar temperaturas constantes de 1400\u00b0C durante per\u00edodos prolongados, lo que la convierte en una soluci\u00f3n confiable para contener incendios tanto en veh\u00edculos de combusti\u00f3n interna como en veh\u00edculos el\u00e9ctricos (EV). Al privar al fuego de ox\u00edgeno, la manta a\u00edsla las llamas, evita la propagaci\u00f3n del incendio y reduce el humo, facilitando el acceso de los bomberos al veh\u00edculo.\n<br ><br >\nFabricada con un 96,6 % de s\u00edlice de alta calidad y con un doble revestimiento de grafito, la manta ign\u00edfuga Ultra est\u00e1 dise\u00f1ada para rendir en las condiciones extremas de un incendio de EV. Es reutilizable varias veces y puede limpiarse despu\u00e9s de su uso, ofreciendo una soluci\u00f3n rentable y sostenible.\n<br ><br >\nLa manta ign\u00edfuga FI-BLULTRA0806 Ultra ha sido sometida a rigurosas pruebas y cumple con las normativas DIN EN 13501-1 (certificaci\u00f3n A1 por KIWA\/MPA), ASTM D6413,&nbsp;DIN SPEC 91489 y NFPA 701, garantizando su conformidad con los est\u00e1ndares internacionales de seguridad contra incendios. Su dise\u00f1o con grandes asas de colores permite que dos personas la desplieguen f\u00e1cilmente. Est\u00e1 disponible con una bolsa inteligente resistente para su almacenamiento seguro y tambi\u00e9n con un armario para un acceso r\u00e1pido en caso de emergencia.\n<br ><br ><b >\nOtros beneficios:<\/b><br >\n\u2022 Apta para m\u00faltiples tipos de veh\u00edculos, desde coches peque\u00f1os hasta SUVs y pickups, as\u00ed como para veh\u00edculos el\u00e9ctricos ligeros (LEV) como e-scooters y e-bikes.<br >\n\u2022 Sin fecha de caducidad, con una vida \u00fatil de m\u00e1s de 25 a\u00f1os si se almacena correctamente.<br >\n\u2022 Disponible en tama\u00f1os personalizados bajo pedido.<\/p><a  class=\"button color1\" href=\"https:\/\/fireisolator.com\/es\/contacto\/\" target=\"_self\" data-cp-link=\"1\" data-icon=\"\">Cont\u00e1ctanos para m\u00e1s informaci\u00f3n<\/a><\/div> <\/div> <div  class=\"row center-xs middle-xs\"> <div  class=\"col-sm-9\" data-type=\"column\"> <\/div> <\/div><\/div> <\/div><div  data-label=\"Portfolio\" data-id=\"portfolio--1\" data-export-id=\"portfolio-5\" data-category=\"portfolio\" class=\"portfolio-5 content-section content-section-spacing\" id=\"portfolio-1\" style=\"background-color: rgb(255, 255, 255); background-image: none;\"><div  class=\"gridContainer\"> <div  class=\"row text-center\"><div  class=\"section-title-col\" data-type=\"column\"> <h2  class=\"\">Nuestras otras mantas ign\u00edfugas<\/h2> <p  class=\"lead\">Fire Isolator ofrece varias mantas ign\u00edfugas, cada una con sus propias ventajas. Eche un vistazo a nuestras otras mantas ign\u00edfugas aqu\u00ed:<\/p><\/div> <\/div> <div  class=\"row space-bottom spaced-cols\" data-type=\"row\"> <div  class=\"col-xs-12 col-sm-4 text-center\"> <div  class=\"card no-padding bordered\"> <div  data-hover-fx=\"portfolio-6\" class=\"contentswap-effect\"> <div  class=\"initial-image\"> <img  decoding=\"async\" data-size=\"500x333\" src=\"https:\/\/fireisolator.com\/wp-content\/uploads\/2025\/02\/Fire-Blanket-Ultimate.jpg\"><\/div> <div  class=\"overlay bg-color6\"><\/div> <div  class=\"swap-inner col-xs-12\"> <div  class=\"row full-height-row middle-xs middle-sm\"> <div  class=\"col-xs-12 text-center content-holder\"> <a  class=\"button small color-white\" href=\"https:\/\/fireisolator.com\/es\/manta-ignifuga-ultimate-ev-para-coches\/\" target=\"_self\" data-cp-link=\"1\" data-icon=\"\">leer m\u00e1s<\/a><\/div> <\/div><\/div> <\/div> <div  class=\"col-xs-12\"> <div  class=\"space-bottom space-top\" data-type=\"column\"> <h5  class=\"\">La manta ign\u00edfuga Ultimate<\/h5> <\/div> <\/div><\/div> <\/div> <div  class=\"col-xs-12 col-sm-4 text-center\"> <div  class=\"card no-padding bordered\"> <div  data-hover-fx=\"portfolio-6\" class=\"contentswap-effect\"> <div  class=\"initial-image\"> <img  decoding=\"async\" data-size=\"500x333\" src=\"https:\/\/fireisolator.com\/wp-content\/uploads\/2025\/02\/The-Economy-Fire-Blanket.jpg\"><\/div> <div  class=\"overlay bg-color6\"><\/div> <div  class=\"swap-inner col-xs-12\"> <div  class=\"row full-height-row middle-xs middle-sm\"> <div  class=\"col-xs-12 text-center content-holder\"> <a  class=\"button small color-white\" href=\"https:\/\/fireisolator.com\/es\/fi-blecon0806-manta-ignifuga-economy\/\" target=\"_self\" data-cp-link=\"1\" data-icon=\"\">leer m\u00e1s<\/a><\/div> <\/div><\/div> <\/div> <div  class=\"col-xs-12\"> <div  class=\"space-bottom space-top\" data-type=\"column\"> <h5  class=\"\">La manta ign\u00edfuga Economy<\/h5> <\/div> <\/div><\/div> <\/div> <div  class=\"col-xs-12 col-sm-4 text-center\"> <div  class=\"card no-padding bordered\"> <div  data-hover-fx=\"portfolio-6\" class=\"contentswap-effect\"> <div  class=\"initial-image\"> <img  decoding=\"async\" data-size=\"500x333\" src=\"https:\/\/fireisolator.com\/wp-content\/uploads\/2025\/02\/Lithium-Fire-Blanket.jpg\"><\/div> <div  class=\"overlay bg-color6\"><\/div> <div  class=\"swap-inner col-xs-12\"> <div  class=\"row full-height-row middle-xs middle-sm\"> <div  class=\"col-xs-12 text-center content-holder\"> <a  class=\"button small color-white\" href=\"https:\/\/fireisolator.com\/es\/mantas-ignifugas-para-ebikes-y-escooters\/\" target=\"_self\" data-cp-link=\"1\" data-icon=\"\">leer m\u00e1s<\/a><\/div> <\/div><\/div> <\/div> <div  class=\"col-xs-12\"> <div  class=\"space-bottom space-top\" data-type=\"column\"> <h5  class=\"\">La manta ign\u00edfuga de litio<\/h5> <\/div> <\/div><\/div> <\/div><\/div> <div  class=\"row\"><div  data-type=\"column\" class=\"col-xs-12 text-center\"> <a  class=\"button y-move color1\" href=\"https:\/\/fireisolator.com\/es\/productos\/\" target=\"_self\" data-cp-link=\"1\" data-icon=\"\">Ver todos los productos Fire Isolator<\/a><\/div> <\/div><\/div> <\/div>","protected":false},"excerpt":{"rendered":"<p>FIRE ISOLATOR FI-BLULTRA0806 Manta ign\u00edfuga Ultra La manta ign\u00edfuga Ultra es una manta ign\u00edfuga de alta calidad y la m\u00e1s resistente de nuestra gama. La manta Fire Isolator ULTRA est\u00e1 dise\u00f1ada para m\u00faltiples usos. Su vida \u00fatil depende de seguir el protocolo oficial de despliegue y de realizar una inspecci\u00f3n exhaustiva despu\u00e9s del incidente para&hellip; <br \/> <a class=\"read-more\" href=\"https:\/\/fireisolator.com\/es\/fi-blultra0806-manta-ignifuga-ultra\/\">Leer m\u00e1s<\/a><\/p>\n","protected":false},"author":5,"featured_media":0,"parent":0,"menu_order":0,"comment_status":"closed","ping_status":"closed","template":"pro\/page-templates\/full-width-page.php","meta":{"_acf_changed":false,"content-type":"","inline_featured_image":false,"footnotes":""},"class_list":["post-6344","page","type-page","status-publish","hentry"],"acf":[],"yoast_head":"<!-- This site is optimized with the Yoast SEO Premium plugin v24.6 (Yoast SEO v24.6) - https:\/\/yoast.com\/wordpress\/plugins\/seo\/ -->\n<title>FI-BLULTRA0806 Manta ign\u00edfuga Ultra &#8226; Fire Isolator<\/title>\n<meta name=\"description\" content=\"La FI-BLULTRA0806 Manta ign\u00edfuga Ultra con doble revestimiento de silicona es apta para incendios de veh\u00edculos.\" \/>\n<meta name=\"robots\" content=\"index, follow, max-snippet:-1, max-image-preview:large, max-video-preview:-1\" \/>\n<link rel=\"canonical\" href=\"https:\/\/fireisolator.com\/es\/fi-blultra0806-manta-ignifuga-ultra\/\" \/>\n<meta property=\"og:locale\" content=\"es_ES\" \/>\n<meta property=\"og:type\" content=\"article\" \/>\n<meta property=\"og:title\" content=\"FI-BLULTRA0806 Manta ign\u00edfuga Ultra\" \/>\n<meta property=\"og:description\" content=\"La FI-BLULTRA0806 Manta ign\u00edfuga Ultra con doble revestimiento de silicona es apta para incendios de veh\u00edculos.\" \/>\n<meta property=\"og:url\" content=\"https:\/\/fireisolator.com\/es\/fi-blultra0806-manta-ignifuga-ultra\/\" \/>\n<meta property=\"og:site_name\" content=\"Fire Isolator\" \/>\n<meta property=\"article:modified_time\" content=\"2026-03-05T09:11:40+00:00\" \/>\n<meta property=\"og:image\" content=\"https:\/\/fireisolator.com\/wp-content\/uploads\/2025\/02\/Fire-Blanket-Ultimate.jpg\" \/>\n<meta name=\"twitter:card\" content=\"summary_large_image\" \/>\n<script type=\"application\/ld+json\" class=\"yoast-schema-graph\">{\"@context\":\"https:\/\/schema.org\",\"@graph\":[{\"@type\":\"WebPage\",\"@id\":\"https:\/\/fireisolator.com\/es\/fi-blultra0806-manta-ignifuga-ultra\/\",\"url\":\"https:\/\/fireisolator.com\/es\/fi-blultra0806-manta-ignifuga-ultra\/\",\"name\":\"FI-BLULTRA0806 Manta ign\u00edfuga Ultra &#8226; Fire Isolator\",\"isPartOf\":{\"@id\":\"https:\/\/fireisolator.com\/es\/#website\"},\"primaryImageOfPage\":{\"@id\":\"https:\/\/fireisolator.com\/es\/fi-blultra0806-manta-ignifuga-ultra\/#primaryimage\"},\"image\":{\"@id\":\"https:\/\/fireisolator.com\/es\/fi-blultra0806-manta-ignifuga-ultra\/#primaryimage\"},\"thumbnailUrl\":\"https:\/\/fireisolator.com\/wp-content\/uploads\/2025\/02\/Fire-Blanket-Ultimate.jpg\",\"datePublished\":\"2025-02-12T07:19:33+00:00\",\"dateModified\":\"2026-03-05T09:11:40+00:00\",\"description\":\"La FI-BLULTRA0806 Manta ign\u00edfuga Ultra con doble revestimiento de silicona es apta para incendios de veh\u00edculos.\",\"breadcrumb\":{\"@id\":\"https:\/\/fireisolator.com\/es\/fi-blultra0806-manta-ignifuga-ultra\/#breadcrumb\"},\"inLanguage\":\"es\",\"potentialAction\":[{\"@type\":\"ReadAction\",\"target\":[\"https:\/\/fireisolator.com\/es\/fi-blultra0806-manta-ignifuga-ultra\/\"]}]},{\"@type\":\"ImageObject\",\"inLanguage\":\"es\",\"@id\":\"https:\/\/fireisolator.com\/es\/fi-blultra0806-manta-ignifuga-ultra\/#primaryimage\",\"url\":\"https:\/\/fireisolator.com\/wp-content\/uploads\/2025\/02\/Fire-Blanket-Ultimate.jpg\",\"contentUrl\":\"https:\/\/fireisolator.com\/wp-content\/uploads\/2025\/02\/Fire-Blanket-Ultimate.jpg\"},{\"@type\":\"BreadcrumbList\",\"@id\":\"https:\/\/fireisolator.com\/es\/fi-blultra0806-manta-ignifuga-ultra\/#breadcrumb\",\"itemListElement\":[{\"@type\":\"ListItem\",\"position\":1,\"name\":\"Home\",\"item\":\"https:\/\/fireisolator.com\/es\/\"},{\"@type\":\"ListItem\",\"position\":2,\"name\":\"FI-BLULTRA0806 Manta ign\u00edfuga Ultra\"}]},{\"@type\":\"WebSite\",\"@id\":\"https:\/\/fireisolator.com\/es\/#website\",\"url\":\"https:\/\/fireisolator.com\/es\/\",\"name\":\"FIRE\u26a1\ufe0fISOLATOR\",\"description\":\"The solution to isolate EV car fires\",\"publisher\":{\"@id\":\"https:\/\/fireisolator.com\/es\/#organization\"},\"potentialAction\":[{\"@type\":\"SearchAction\",\"target\":{\"@type\":\"EntryPoint\",\"urlTemplate\":\"https:\/\/fireisolator.com\/es\/?s={search_term_string}\"},\"query-input\":{\"@type\":\"PropertyValueSpecification\",\"valueRequired\":true,\"valueName\":\"search_term_string\"}}],\"inLanguage\":\"es\"},{\"@type\":\"Organization\",\"@id\":\"https:\/\/fireisolator.com\/es\/#organization\",\"name\":\"Blomsma Signs & Safety\",\"url\":\"https:\/\/fireisolator.com\/es\/\",\"logo\":{\"@type\":\"ImageObject\",\"inLanguage\":\"es\",\"@id\":\"https:\/\/fireisolator.com\/es\/#\/schema\/logo\/image\/\",\"url\":\"\",\"contentUrl\":\"\",\"caption\":\"Blomsma Signs & Safety\"},\"image\":{\"@id\":\"https:\/\/fireisolator.com\/es\/#\/schema\/logo\/image\/\"}}]}<\/script>\n<!-- \/ Yoast SEO Premium plugin. -->","yoast_head_json":{"title":"FI-BLULTRA0806 Manta ign\u00edfuga Ultra &#8226; Fire Isolator","description":"La FI-BLULTRA0806 Manta ign\u00edfuga Ultra con doble revestimiento de silicona es apta para incendios de veh\u00edculos.","robots":{"index":"index","follow":"follow","max-snippet":"max-snippet:-1","max-image-preview":"max-image-preview:large","max-video-preview":"max-video-preview:-1"},"canonical":"https:\/\/fireisolator.com\/es\/fi-blultra0806-manta-ignifuga-ultra\/","og_locale":"es_ES","og_type":"article","og_title":"FI-BLULTRA0806 Manta ign\u00edfuga Ultra","og_description":"La FI-BLULTRA0806 Manta ign\u00edfuga Ultra con doble revestimiento de silicona es apta para incendios de veh\u00edculos.","og_url":"https:\/\/fireisolator.com\/es\/fi-blultra0806-manta-ignifuga-ultra\/","og_site_name":"Fire Isolator","article_modified_time":"2026-03-05T09:11:40+00:00","og_image":[{"url":"https:\/\/fireisolator.com\/wp-content\/uploads\/2025\/02\/Fire-Blanket-Ultimate.jpg","type":"","width":"","height":""}],"twitter_card":"summary_large_image","schema":{"@context":"https:\/\/schema.org","@graph":[{"@type":"WebPage","@id":"https:\/\/fireisolator.com\/es\/fi-blultra0806-manta-ignifuga-ultra\/","url":"https:\/\/fireisolator.com\/es\/fi-blultra0806-manta-ignifuga-ultra\/","name":"FI-BLULTRA0806 Manta ign\u00edfuga Ultra &#8226; Fire Isolator","isPartOf":{"@id":"https:\/\/fireisolator.com\/es\/#website"},"primaryImageOfPage":{"@id":"https:\/\/fireisolator.com\/es\/fi-blultra0806-manta-ignifuga-ultra\/#primaryimage"},"image":{"@id":"https:\/\/fireisolator.com\/es\/fi-blultra0806-manta-ignifuga-ultra\/#primaryimage"},"thumbnailUrl":"https:\/\/fireisolator.com\/wp-content\/uploads\/2025\/02\/Fire-Blanket-Ultimate.jpg","datePublished":"2025-02-12T07:19:33+00:00","dateModified":"2026-03-05T09:11:40+00:00","description":"La FI-BLULTRA0806 Manta ign\u00edfuga Ultra con doble revestimiento de silicona es apta para incendios de veh\u00edculos.","breadcrumb":{"@id":"https:\/\/fireisolator.com\/es\/fi-blultra0806-manta-ignifuga-ultra\/#breadcrumb"},"inLanguage":"es","potentialAction":[{"@type":"ReadAction","target":["https:\/\/fireisolator.com\/es\/fi-blultra0806-manta-ignifuga-ultra\/"]}]},{"@type":"ImageObject","inLanguage":"es","@id":"https:\/\/fireisolator.com\/es\/fi-blultra0806-manta-ignifuga-ultra\/#primaryimage","url":"https:\/\/fireisolator.com\/wp-content\/uploads\/2025\/02\/Fire-Blanket-Ultimate.jpg","contentUrl":"https:\/\/fireisolator.com\/wp-content\/uploads\/2025\/02\/Fire-Blanket-Ultimate.jpg"},{"@type":"BreadcrumbList","@id":"https:\/\/fireisolator.com\/es\/fi-blultra0806-manta-ignifuga-ultra\/#breadcrumb","itemListElement":[{"@type":"ListItem","position":1,"name":"Home","item":"https:\/\/fireisolator.com\/es\/"},{"@type":"ListItem","position":2,"name":"FI-BLULTRA0806 Manta ign\u00edfuga Ultra"}]},{"@type":"WebSite","@id":"https:\/\/fireisolator.com\/es\/#website","url":"https:\/\/fireisolator.com\/es\/","name":"FIRE\u26a1\ufe0fISOLATOR","description":"The solution to isolate EV car fires","publisher":{"@id":"https:\/\/fireisolator.com\/es\/#organization"},"potentialAction":[{"@type":"SearchAction","target":{"@type":"EntryPoint","urlTemplate":"https:\/\/fireisolator.com\/es\/?s={search_term_string}"},"query-input":{"@type":"PropertyValueSpecification","valueRequired":true,"valueName":"search_term_string"}}],"inLanguage":"es"},{"@type":"Organization","@id":"https:\/\/fireisolator.com\/es\/#organization","name":"Blomsma Signs & Safety","url":"https:\/\/fireisolator.com\/es\/","logo":{"@type":"ImageObject","inLanguage":"es","@id":"https:\/\/fireisolator.com\/es\/#\/schema\/logo\/image\/","url":"","contentUrl":"","caption":"Blomsma Signs & Safety"},"image":{"@id":"https:\/\/fireisolator.com\/es\/#\/schema\/logo\/image\/"}}]}},"_links":{"self":[{"href":"https:\/\/fireisolator.com\/es\/wp-json\/wp\/v2\/pages\/6344","targetHints":{"allow":["GET"]}}],"collection":[{"href":"https:\/\/fireisolator.com\/es\/wp-json\/wp\/v2\/pages"}],"about":[{"href":"https:\/\/fireisolator.com\/es\/wp-json\/wp\/v2\/types\/page"}],"author":[{"embeddable":true,"href":"https:\/\/fireisolator.com\/es\/wp-json\/wp\/v2\/users\/5"}],"replies":[{"embeddable":true,"href":"https:\/\/fireisolator.com\/es\/wp-json\/wp\/v2\/comments?post=6344"}],"version-history":[{"count":11,"href":"https:\/\/fireisolator.com\/es\/wp-json\/wp\/v2\/pages\/6344\/revisions"}],"predecessor-version":[{"id":8574,"href":"https:\/\/fireisolator.com\/es\/wp-json\/wp\/v2\/pages\/6344\/revisions\/8574"}],"wp:attachment":[{"href":"https:\/\/fireisolator.com\/es\/wp-json\/wp\/v2\/media?parent=6344"}],"curies":[{"name":"wp","href":"https:\/\/api.w.org\/{rel}","templated":true}]}}