{"id":6374,"date":"2025-02-13T13:49:36","date_gmt":"2025-02-13T13:49:36","guid":{"rendered":"https:\/\/fireisolator.com\/?page_id=6374"},"modified":"2026-04-14T12:30:47","modified_gmt":"2026-04-14T12:30:47","slug":"mantas-ignifugas-para-ebikes-y-escooters","status":"publish","type":"page","link":"https:\/\/fireisolator.com\/es\/mantas-ignifugas-para-ebikes-y-escooters\/","title":{"rendered":"Mantas ign\u00edfugas para eBikes y eScooters"},"content":{"rendered":"<div  data-label=\"Content\" data-id=\"content--1\" data-export-id=\"content-2\" data-category=\"content\" class=\"content-2 content-section content-section-spacing\" id=\"content-1\" style=\"background-color: rgb(255, 255, 255);\"><div > <div  class=\"row middle-xs\"><div  class=\"col-sm-5 bg-image shadow-large-black\" data-bg=\"image\" style=\"background-image: url(&quot;https:\/\/fireisolator.com\/wp-content\/uploads\/2025\/02\/Lithium-Fire-Blanket.jpg&quot;);\"><\/div> <div  class=\"col-sm-7 full-col-left-padding full-col-right-padding\"> <div  class=\"row\"> <div  data-type=\"column\" class=\"space-bottom-small content-title-col\"> <h5  class=\"\">FIRE ISOLATOR<\/h5> <h2  class=\"\">FI-BL0303 y FI-BL0202 mantas ign\u00edfugas para bater\u00edas de iones de litio<\/h2> <p  class=\"\">Nuestras mantas ign\u00edfugas para bater\u00edas de iones de litio son una soluci\u00f3n duradera y altamente eficaz para aislar incendios que involucran bater\u00edas de iones de litio en una amplia gama de aplicaciones, incluyendo equipos, herramientas, sistemas de almacenamiento de bater\u00edas, bicicletas el\u00e9ctricas y patinetes el\u00e9ctricos.<\/p><\/div> <\/div> <div  class=\"row spaced-cols \" data-type=\"row\"> <div  class=\"col-xs-6\" data-type=\"column\"> <h5  class=\"\">MATERIALES<\/h5> <p  class=\"\">Fabricado con materiales de grado de s\u00edlice, para temperaturas m\u00e1ximas de hasta 1600 \u00b0C\/2900 \u00b0F.<\/p><\/div> <div  class=\"col-xs-6\" data-type=\"column\"><h5  class=\"\">PRUEBAS<\/h5> <p  class=\"\">Probado seg\u00fan ISO EN 13501-1, NFPA701 y ASTMD6413.<\/p><\/div> <div  class=\"col-xs-6\" data-type=\"column\"><h5  class=\"\">DIMENSIONES Y ESPECIFICACIONES<\/h5> <p  class=\"\">Descargue <a  data-mce-href=\"..\/..\/wp-content\/uploads\/FI-BL0303_Datasheet_FireIsolator_LithiumFireBlanket.pdf\" href=\"..\/..\/wp-content\/uploads\/FI-BL0303_Datasheet_FireIsolator_LithiumFireBlanket.pdf\" target=\"_blank\" rel=\"noopener\" data-mce-selected=\"inline-boundary\" data-cp-link=\"1\" class=\"\">la hoja de datos del FI-BL0303<\/a>.\n<br >Descargue <a  data-mce-href=\"..\/..\/wp-content\/uploads\/FI-BL0202_Datasheet_FireIsolator_LithiumFireBlanket.pdf\" href=\"..\/..\/wp-content\/uploads\/FI-BL0202_Datasheet_FireIsolator_LithiumFireBlanket.pdf\" target=\"_blank\" rel=\"noopener\" data-mce-selected=\"inline-boundary\" data-cp-link=\"1\" class=\"\">la hoja de datos del FI-BL0202<\/a>.<\/p><\/div> <div  class=\"col-xs-6\" data-type=\"column\"><h5  class=\"\">F\u00c1CIL DE DESPLEGAR<\/h5> <p  class=\"\">F\u00e1cil de desplegar, equipado con bucles de colores.<\/p><\/div> <\/div><\/div> <\/div><\/div> <\/div><div  data-label=\"Gallery\" data-id=\"gallery--1\" data-export-id=\"gallery-2\" data-category=\"gallery\" class=\"gallery-2 content-section content-section-spacing\" id=\"gallery-1\" style=\"background-color: rgb(255, 255, 255);\"><div  class=\"\"> <div  class=\"row\"><div  class=\"col-xs-12 full-no-padding\" data-editable=\"true\" data-content-shortcode=\"mesmerize_gallery id=&quot;mesmerize-gallery-2&quot; columns=&quot;4&quot; ids=&quot;5986,9132,5978,5974&quot; lb=&quot;1&quot; masonry=&quot;0&quot; size=&quot;large&quot; link=&quot;file&quot; \"><div id='mesmerize-gallery-2' class='gallery-wrapper'><style type=\"text\/css\">\n                    @media only screen and (min-width: 768px) {\n                    [data-unique-id='mesmerize-gallery-2-69f2d97530d81'] dl {\n                        float: left;\n                        width: 25% !important;\n                        max-width:  25% !important;\n                        min-width:  25% !important;\n                    }\n\n                    [data-unique-id='mesmerize-gallery-2-69f2d97530d81'] dl:nth-of-type(4n +1 ) {\n                      clear: both;\n                      }\n                    }\n                <\/style><div id='mesmerize-gallery-2' class='mesmerize-gallery-2-dls-wrapper gallery-items-wrapper materialis-gallery' data-unique-id='mesmerize-gallery-2-69f2d97530d81'><dl class='gallery-item'>\n\t\t\t<dt class='gallery-icon landscape'>\n\t\t\t\t<a data-fancybox=\"mesmerize-gallery-2-group\" href='https:\/\/fireisolator.com\/wp-content\/uploads\/2025\/02\/lithium-fire-blanket-4.jpg'><img decoding=\"async\"  width=\"1024\" height=\"597\" src=\"https:\/\/fireisolator.com\/wp-content\/uploads\/2025\/02\/lithium-fire-blanket-4-1024x597.jpg\"  class='mesmerize-gallery-2-image' alt=\"Feuerl\u00f6schdecken f\u00fcr E-Bikes und E-Scooter\" srcset=\"https:\/\/fireisolator.com\/wp-content\/uploads\/2025\/02\/lithium-fire-blanket-4-1024x597.jpg 1024w, https:\/\/fireisolator.com\/wp-content\/uploads\/2025\/02\/lithium-fire-blanket-4-300x175.jpg 300w, https:\/\/fireisolator.com\/wp-content\/uploads\/2025\/02\/lithium-fire-blanket-4-150x88.jpg 150w, https:\/\/fireisolator.com\/wp-content\/uploads\/2025\/02\/lithium-fire-blanket-4-768x448.jpg 768w, https:\/\/fireisolator.com\/wp-content\/uploads\/2025\/02\/lithium-fire-blanket-4.jpg 1500w\" sizes=\"(max-width: 1024px) 100vw, 1024px\" \/><\/a>\n\t\t\t<\/dt><\/dl><dl class='gallery-item'>\n\t\t\t<dt class='gallery-icon landscape'>\n\t\t\t\t<a data-fancybox=\"mesmerize-gallery-2-group\" href='https:\/\/fireisolator.com\/wp-content\/uploads\/fire-blanket-bike.jpg'><img decoding=\"async\"  width=\"1024\" height=\"597\" src=\"https:\/\/fireisolator.com\/wp-content\/uploads\/fire-blanket-bike-1024x597.jpg\"  class='mesmerize-gallery-2-image' alt=\"\" srcset=\"https:\/\/fireisolator.com\/wp-content\/uploads\/fire-blanket-bike-1024x597.jpg 1024w, https:\/\/fireisolator.com\/wp-content\/uploads\/fire-blanket-bike-300x175.jpg 300w, https:\/\/fireisolator.com\/wp-content\/uploads\/fire-blanket-bike-150x88.jpg 150w, https:\/\/fireisolator.com\/wp-content\/uploads\/fire-blanket-bike-768x448.jpg 768w, https:\/\/fireisolator.com\/wp-content\/uploads\/fire-blanket-bike.jpg 1500w\" sizes=\"(max-width: 1024px) 100vw, 1024px\" \/><\/a>\n\t\t\t<\/dt><\/dl><dl class='gallery-item'>\n\t\t\t<dt class='gallery-icon landscape'>\n\t\t\t\t<a data-fancybox=\"mesmerize-gallery-2-group\" href='https:\/\/fireisolator.com\/wp-content\/uploads\/2025\/02\/lithium-fire-blanket-3.jpg'><img decoding=\"async\"  width=\"1024\" height=\"597\" src=\"https:\/\/fireisolator.com\/wp-content\/uploads\/2025\/02\/lithium-fire-blanket-3-1024x597.jpg\"  class='mesmerize-gallery-2-image' alt=\"mantas ign\u00edfugas para eBikes y eScooters\" srcset=\"https:\/\/fireisolator.com\/wp-content\/uploads\/2025\/02\/lithium-fire-blanket-3-1024x597.jpg 1024w, https:\/\/fireisolator.com\/wp-content\/uploads\/2025\/02\/lithium-fire-blanket-3-300x175.jpg 300w, https:\/\/fireisolator.com\/wp-content\/uploads\/2025\/02\/lithium-fire-blanket-3-150x88.jpg 150w, https:\/\/fireisolator.com\/wp-content\/uploads\/2025\/02\/lithium-fire-blanket-3-768x448.jpg 768w, https:\/\/fireisolator.com\/wp-content\/uploads\/2025\/02\/lithium-fire-blanket-3.jpg 1500w\" sizes=\"(max-width: 1024px) 100vw, 1024px\" \/><\/a>\n\t\t\t<\/dt><\/dl><dl class='gallery-item'>\n\t\t\t<dt class='gallery-icon landscape'>\n\t\t\t\t<a data-fancybox=\"mesmerize-gallery-2-group\" href='https:\/\/fireisolator.com\/wp-content\/uploads\/2025\/02\/lithium-fire-blanket-2.jpg'><img decoding=\"async\"  width=\"1024\" height=\"597\" src=\"https:\/\/fireisolator.com\/wp-content\/uploads\/2025\/02\/lithium-fire-blanket-2-1024x597.jpg\"  class='mesmerize-gallery-2-image' alt=\"mantas ign\u00edfugas para eBikes y eScooters\" srcset=\"https:\/\/fireisolator.com\/wp-content\/uploads\/2025\/02\/lithium-fire-blanket-2-1024x597.jpg 1024w, https:\/\/fireisolator.com\/wp-content\/uploads\/2025\/02\/lithium-fire-blanket-2-300x175.jpg 300w, https:\/\/fireisolator.com\/wp-content\/uploads\/2025\/02\/lithium-fire-blanket-2-150x88.jpg 150w, https:\/\/fireisolator.com\/wp-content\/uploads\/2025\/02\/lithium-fire-blanket-2-768x448.jpg 768w, https:\/\/fireisolator.com\/wp-content\/uploads\/2025\/02\/lithium-fire-blanket-2.jpg 1500w\" sizes=\"(max-width: 1024px) 100vw, 1024px\" \/><\/a>\n\t\t\t<\/dt><\/dl>\n\t\t<\/div>\n<script>(function($){window.MaterialisCaptionsGallery && window.MaterialisCaptionsGallery($('[data-unique-id=\"mesmerize-gallery-2-69f2d97530d81\"]'))})(jQuery)<\/script><\/div><\/div><\/div> <\/div><\/div><div  data-label=\"Content\" data-id=\"content--2\" data-export-id=\"content-12\" data-category=\"content\" class=\"content-12 content-section content-section-spacing\" id=\"content-2\" style=\"background-color: rgb(255, 255, 255); background-image: none;\"><div  class=\"gridContainer\"> <div  class=\"row text-center\"><div  class=\"section-title-col\" data-type=\"column\"> <h2  class=\"\">Beneficios y caracter\u00edsticas<\/h2> <p  class=\"lead\" style=\"text-align: left;\">Las mantas ign\u00edfugas FI-BL0303 y FI-BL0202 para bater\u00edas de iones de litio, eBike y eScooter est\u00e1n dise\u00f1adas espec\u00edficamente para soportar calor extremo, con una resistencia m\u00e1xima a temperaturas de hasta 1600 \u00b0C (2900 \u00b0F). Pueden soportar temperaturas continuas de 1200 \u00b0C (2200 \u00b0F) durante largos per\u00edodos, lo que las convierte en una soluci\u00f3n fiable para contener incendios de bater\u00edas de litio.\n<br ><br >Fabricadas con materiales de s\u00edlice de alta calidad, las mantas para bater\u00edas de iones de litio, eBike y eScooter son duraderas y respetuosas con el medio ambiente. Su composici\u00f3n est\u00e1 seleccionada para resistir las condiciones extremas de un incendio de litio sin incendiarse durante su uso, como se confirm\u00f3 en nuestras pruebas en vivo. Esto las convierte en una soluci\u00f3n segura y eficaz para aislar incendios de veh\u00edculos el\u00e9ctricos ligeros (LEV), como bicicletas el\u00e9ctricas y patinetes el\u00e9ctricos, as\u00ed como bater\u00edas de litio almacenadas o en palets.\n<br ><br >Las mantas ign\u00edfugas FI-BL0303 y FI-BL0202 para bater\u00edas de iones de litio, eBike y eScooter han sido sometidas a rigurosas pruebas para cumplir con los m\u00e1s altos est\u00e1ndares de seguridad, incluidos ISO EN 13501-1, NFPA 701 y ASTM D6413. Cabe destacar que solo tres fabricantes de mantas ign\u00edfugas en el mundo poseen el informe de prueba de clase de fuego A1 seg\u00fan ISO 13501-1, y nos enorgullece ser uno de ellos. Establecer este requisito garantiza que solo se utilicen mantas ign\u00edfugas de la m\u00e1s alta calidad.\n<br ><br >Dise\u00f1adas para facilitar su uso, las mantas para bater\u00edas de iones de litio, eBike y eScooter son f\u00e1ciles de desplegar gracias a sus asas de colores que permiten una aplicaci\u00f3n r\u00e1pida. Para mejorar la preparaci\u00f3n de los usuarios, Fire Isolator ofrece formaci\u00f3n sobre el uso correcto de las mantas.\n<br ><br ><b >Otros beneficios:<\/b><br >\n\u2022 Reutilizable {siguiendo nuestro protocolo de limpieza si ha contenido vapores t\u00f3xicos}.<br >\n\u2022 Contenci\u00f3n de incendios de bater\u00edas de iones de litio para evitar da\u00f1os colaterales.<br >\n\u2022 Disponible en tama\u00f1os personalizados bajo pedido.<\/p><\/div> <\/div> <div  class=\"row center-xs middle-xs\"> <div  class=\"col-sm-9\" data-type=\"column\"> <\/div> <\/div><\/div> <\/div><div  data-label=\"Portfolio\" data-id=\"portfolio--1\" data-export-id=\"portfolio-5\" data-category=\"portfolio\" class=\"portfolio-5 content-section content-section-spacing\" id=\"portfolio-1\" style=\"background-color: rgb(255, 255, 255); background-image: none;\"><div  class=\"gridContainer\"> <div  class=\"row text-center\"><div  class=\"section-title-col\" data-type=\"column\"> <h2  class=\"\">Otras mantas ign\u00edfugas disponibles<\/h2> <p  class=\"lead\">Fire Isolator ofrece varias mantas ign\u00edfugas, cada una con sus propias ventajas. \n<br >Eche un vistazo a nuestras otras mantas ign\u00edfugas aqu\u00ed:<\/p><\/div> <\/div> <div  class=\"row space-bottom spaced-cols\" data-type=\"row\"> <div  class=\"col-xs-12 col-sm-4 text-center\"> <div  class=\"card no-padding bordered\"> <div  data-hover-fx=\"portfolio-6\" class=\"contentswap-effect\"> <div  class=\"initial-image\"> <img  decoding=\"async\" data-size=\"500x333\" src=\"https:\/\/fireisolator.com\/wp-content\/uploads\/2025\/02\/Fire-Blanket-Ultimate.jpg\"><\/div> <div  class=\"overlay bg-color6\"><\/div> <div  class=\"swap-inner col-xs-12\"> <div  class=\"row full-height-row middle-xs middle-sm\"> <div  class=\"col-xs-12 text-center content-holder\"> <a  class=\"button small color-white\" href=\"https:\/\/fireisolator.com\/es\/manta-ignifuga-ultimate-ev-para-coches\/\" target=\"_self\" data-cp-link=\"1\" data-icon=\"\">leer m\u00e1s<\/a><\/div> <\/div><\/div> <\/div> <div  class=\"col-xs-12\"> <div  class=\"space-bottom space-top\" data-type=\"column\"> <h5  class=\"\">La Manta Ign\u00edfuga Ultimate<\/h5> <\/div> <\/div><\/div> <\/div> <div  class=\"col-xs-12 col-sm-4 text-center\"> <div  class=\"card no-padding bordered\"> <div  data-hover-fx=\"portfolio-6\" class=\"contentswap-effect\"> <div  class=\"initial-image\"> <img  decoding=\"async\" data-size=\"500x333\" src=\"https:\/\/fireisolator.com\/wp-content\/uploads\/2025\/02\/Ultra-Fire-Blanket-vrijstaand.jpg\"><\/div> <div  class=\"overlay bg-color6\"><\/div> <div  class=\"swap-inner col-xs-12\"> <div  class=\"row full-height-row middle-xs middle-sm\"> <div  class=\"col-xs-12 text-center content-holder\"> <a  class=\"button small color-white\" href=\"https:\/\/fireisolator.com\/es\/fi-blultra0806-manta-ignifuga-ultra\/\" target=\"_self\" data-cp-link=\"1\" data-icon=\"\">leer m\u00e1s<\/a><\/div> <\/div><\/div> <\/div> <div  class=\"col-xs-12\"> <div  class=\"space-bottom space-top\" data-type=\"column\"> <h5  class=\"\">La Manta Ign\u00edfuga Ultra<\/h5> <\/div> <\/div><\/div> <\/div> <div  class=\"col-xs-12 col-sm-4 text-center\"> <div  class=\"card no-padding bordered\"> <div  data-hover-fx=\"portfolio-6\" class=\"contentswap-effect\"> <div  class=\"initial-image\"> <img  decoding=\"async\" data-size=\"500x333\" src=\"https:\/\/fireisolator.com\/wp-content\/uploads\/2025\/02\/The-Economy-Fire-Blanket.jpg\"><\/div> <div  class=\"overlay bg-color6\"><\/div> <div  class=\"swap-inner col-xs-12\"> <div  class=\"row full-height-row middle-xs middle-sm\"> <div  class=\"col-xs-12 text-center content-holder\"> <a  class=\"button small color-white\" href=\"https:\/\/fireisolator.com\/es\/fi-blecon0806-manta-ignifuga-economy\/\" target=\"_self\" data-cp-link=\"1\" data-icon=\"\">leer m\u00e1s<\/a><\/div> <\/div><\/div> <\/div> <div  class=\"col-xs-12\"> <div  class=\"space-bottom space-top\" data-type=\"column\"> <h5  class=\"\">La Manta Ign\u00edfuga Economy<\/h5> <\/div> <\/div><\/div> <\/div><\/div> <div  class=\"row\"><div  data-type=\"column\" class=\"col-xs-12 text-center\"> <a  class=\"button y-move color1\" href=\"https:\/\/fireisolator.com\/es\/productos\/\" target=\"_self\" data-cp-link=\"1\" data-icon=\"\">Ver todos los productos Fire Isolator<\/a><\/div> <\/div><\/div> <\/div>","protected":false},"excerpt":{"rendered":"<p>FIRE ISOLATOR FI-BL0303 y FI-BL0202 mantas ign\u00edfugas para bater\u00edas de iones de litio Nuestras mantas ign\u00edfugas para bater\u00edas de iones de litio son una soluci\u00f3n duradera y altamente eficaz para aislar incendios que involucran bater\u00edas de iones de litio en una amplia gama de aplicaciones, incluyendo equipos, herramientas, sistemas de almacenamiento de bater\u00edas, bicicletas el\u00e9ctricas&hellip; <br \/> <a class=\"read-more\" href=\"https:\/\/fireisolator.com\/es\/mantas-ignifugas-para-ebikes-y-escooters\/\">Leer m\u00e1s<\/a><\/p>\n","protected":false},"author":5,"featured_media":0,"parent":0,"menu_order":0,"comment_status":"closed","ping_status":"closed","template":"pro\/page-templates\/full-width-page.php","meta":{"_acf_changed":false,"content-type":"","inline_featured_image":false,"footnotes":""},"class_list":["post-6374","page","type-page","status-publish","hentry"],"acf":[],"yoast_head":"<!-- This site is optimized with the Yoast SEO Premium plugin v24.6 (Yoast SEO v24.6) - https:\/\/yoast.com\/wordpress\/plugins\/seo\/ -->\n<title>Mantas ign\u00edfugas para eBikes y eScooters &#8226; Fire Isolator<\/title>\n<meta name=\"description\" content=\"Las mantas ign\u00edfugas para eBikes y eScooters son soluciones eficaces contra incendios de bater\u00edas de litio.\" \/>\n<meta name=\"robots\" content=\"index, follow, max-snippet:-1, max-image-preview:large, max-video-preview:-1\" \/>\n<link rel=\"canonical\" href=\"https:\/\/fireisolator.com\/es\/mantas-ignifugas-para-ebikes-y-escooters\/\" \/>\n<meta property=\"og:locale\" content=\"es_ES\" \/>\n<meta property=\"og:type\" content=\"article\" \/>\n<meta property=\"og:title\" content=\"Mantas ign\u00edfugas para eBikes y eScooters\" \/>\n<meta property=\"og:description\" content=\"Las mantas ign\u00edfugas para eBikes y eScooters son soluciones eficaces contra incendios de bater\u00edas de litio.\" \/>\n<meta property=\"og:url\" content=\"https:\/\/fireisolator.com\/es\/mantas-ignifugas-para-ebikes-y-escooters\/\" \/>\n<meta property=\"og:site_name\" content=\"Fire Isolator\" \/>\n<meta property=\"article:modified_time\" content=\"2026-04-14T12:30:47+00:00\" \/>\n<meta property=\"og:image\" content=\"https:\/\/fireisolator.com\/wp-content\/uploads\/2025\/02\/Fire-Blanket-Ultimate.jpg\" \/>\n<meta name=\"twitter:card\" content=\"summary_large_image\" \/>\n<meta name=\"twitter:label1\" content=\"Tiempo de lectura\" \/>\n\t<meta name=\"twitter:data1\" content=\"3 minutos\" \/>\n<script type=\"application\/ld+json\" class=\"yoast-schema-graph\">{\"@context\":\"https:\/\/schema.org\",\"@graph\":[{\"@type\":\"WebPage\",\"@id\":\"https:\/\/fireisolator.com\/es\/mantas-ignifugas-para-ebikes-y-escooters\/\",\"url\":\"https:\/\/fireisolator.com\/es\/mantas-ignifugas-para-ebikes-y-escooters\/\",\"name\":\"Mantas ign\u00edfugas para eBikes y eScooters &#8226; Fire Isolator\",\"isPartOf\":{\"@id\":\"https:\/\/fireisolator.com\/es\/#website\"},\"primaryImageOfPage\":{\"@id\":\"https:\/\/fireisolator.com\/es\/mantas-ignifugas-para-ebikes-y-escooters\/#primaryimage\"},\"image\":{\"@id\":\"https:\/\/fireisolator.com\/es\/mantas-ignifugas-para-ebikes-y-escooters\/#primaryimage\"},\"thumbnailUrl\":\"https:\/\/fireisolator.com\/wp-content\/uploads\/2025\/02\/Fire-Blanket-Ultimate.jpg\",\"datePublished\":\"2025-02-13T13:49:36+00:00\",\"dateModified\":\"2026-04-14T12:30:47+00:00\",\"description\":\"Las mantas ign\u00edfugas para eBikes y eScooters son soluciones eficaces contra incendios de bater\u00edas de litio.\",\"breadcrumb\":{\"@id\":\"https:\/\/fireisolator.com\/es\/mantas-ignifugas-para-ebikes-y-escooters\/#breadcrumb\"},\"inLanguage\":\"es\",\"potentialAction\":[{\"@type\":\"ReadAction\",\"target\":[\"https:\/\/fireisolator.com\/es\/mantas-ignifugas-para-ebikes-y-escooters\/\"]}]},{\"@type\":\"ImageObject\",\"inLanguage\":\"es\",\"@id\":\"https:\/\/fireisolator.com\/es\/mantas-ignifugas-para-ebikes-y-escooters\/#primaryimage\",\"url\":\"https:\/\/fireisolator.com\/wp-content\/uploads\/2025\/02\/Fire-Blanket-Ultimate.jpg\",\"contentUrl\":\"https:\/\/fireisolator.com\/wp-content\/uploads\/2025\/02\/Fire-Blanket-Ultimate.jpg\"},{\"@type\":\"BreadcrumbList\",\"@id\":\"https:\/\/fireisolator.com\/es\/mantas-ignifugas-para-ebikes-y-escooters\/#breadcrumb\",\"itemListElement\":[{\"@type\":\"ListItem\",\"position\":1,\"name\":\"Home\",\"item\":\"https:\/\/fireisolator.com\/es\/\"},{\"@type\":\"ListItem\",\"position\":2,\"name\":\"Mantas ign\u00edfugas para eBikes y eScooters\"}]},{\"@type\":\"WebSite\",\"@id\":\"https:\/\/fireisolator.com\/es\/#website\",\"url\":\"https:\/\/fireisolator.com\/es\/\",\"name\":\"FIRE\u26a1\ufe0fISOLATOR\",\"description\":\"The solution to isolate EV car fires\",\"publisher\":{\"@id\":\"https:\/\/fireisolator.com\/es\/#organization\"},\"potentialAction\":[{\"@type\":\"SearchAction\",\"target\":{\"@type\":\"EntryPoint\",\"urlTemplate\":\"https:\/\/fireisolator.com\/es\/?s={search_term_string}\"},\"query-input\":{\"@type\":\"PropertyValueSpecification\",\"valueRequired\":true,\"valueName\":\"search_term_string\"}}],\"inLanguage\":\"es\"},{\"@type\":\"Organization\",\"@id\":\"https:\/\/fireisolator.com\/es\/#organization\",\"name\":\"Blomsma Signs & Safety\",\"url\":\"https:\/\/fireisolator.com\/es\/\",\"logo\":{\"@type\":\"ImageObject\",\"inLanguage\":\"es\",\"@id\":\"https:\/\/fireisolator.com\/es\/#\/schema\/logo\/image\/\",\"url\":\"\",\"contentUrl\":\"\",\"caption\":\"Blomsma Signs & Safety\"},\"image\":{\"@id\":\"https:\/\/fireisolator.com\/es\/#\/schema\/logo\/image\/\"}}]}<\/script>\n<!-- \/ Yoast SEO Premium plugin. -->","yoast_head_json":{"title":"Mantas ign\u00edfugas para eBikes y eScooters &#8226; Fire Isolator","description":"Las mantas ign\u00edfugas para eBikes y eScooters son soluciones eficaces contra incendios de bater\u00edas de litio.","robots":{"index":"index","follow":"follow","max-snippet":"max-snippet:-1","max-image-preview":"max-image-preview:large","max-video-preview":"max-video-preview:-1"},"canonical":"https:\/\/fireisolator.com\/es\/mantas-ignifugas-para-ebikes-y-escooters\/","og_locale":"es_ES","og_type":"article","og_title":"Mantas ign\u00edfugas para eBikes y eScooters","og_description":"Las mantas ign\u00edfugas para eBikes y eScooters son soluciones eficaces contra incendios de bater\u00edas de litio.","og_url":"https:\/\/fireisolator.com\/es\/mantas-ignifugas-para-ebikes-y-escooters\/","og_site_name":"Fire Isolator","article_modified_time":"2026-04-14T12:30:47+00:00","og_image":[{"url":"https:\/\/fireisolator.com\/wp-content\/uploads\/2025\/02\/Fire-Blanket-Ultimate.jpg","type":"","width":"","height":""}],"twitter_card":"summary_large_image","twitter_misc":{"Tiempo de lectura":"3 minutos"},"schema":{"@context":"https:\/\/schema.org","@graph":[{"@type":"WebPage","@id":"https:\/\/fireisolator.com\/es\/mantas-ignifugas-para-ebikes-y-escooters\/","url":"https:\/\/fireisolator.com\/es\/mantas-ignifugas-para-ebikes-y-escooters\/","name":"Mantas ign\u00edfugas para eBikes y eScooters &#8226; Fire Isolator","isPartOf":{"@id":"https:\/\/fireisolator.com\/es\/#website"},"primaryImageOfPage":{"@id":"https:\/\/fireisolator.com\/es\/mantas-ignifugas-para-ebikes-y-escooters\/#primaryimage"},"image":{"@id":"https:\/\/fireisolator.com\/es\/mantas-ignifugas-para-ebikes-y-escooters\/#primaryimage"},"thumbnailUrl":"https:\/\/fireisolator.com\/wp-content\/uploads\/2025\/02\/Fire-Blanket-Ultimate.jpg","datePublished":"2025-02-13T13:49:36+00:00","dateModified":"2026-04-14T12:30:47+00:00","description":"Las mantas ign\u00edfugas para eBikes y eScooters son soluciones eficaces contra incendios de bater\u00edas de litio.","breadcrumb":{"@id":"https:\/\/fireisolator.com\/es\/mantas-ignifugas-para-ebikes-y-escooters\/#breadcrumb"},"inLanguage":"es","potentialAction":[{"@type":"ReadAction","target":["https:\/\/fireisolator.com\/es\/mantas-ignifugas-para-ebikes-y-escooters\/"]}]},{"@type":"ImageObject","inLanguage":"es","@id":"https:\/\/fireisolator.com\/es\/mantas-ignifugas-para-ebikes-y-escooters\/#primaryimage","url":"https:\/\/fireisolator.com\/wp-content\/uploads\/2025\/02\/Fire-Blanket-Ultimate.jpg","contentUrl":"https:\/\/fireisolator.com\/wp-content\/uploads\/2025\/02\/Fire-Blanket-Ultimate.jpg"},{"@type":"BreadcrumbList","@id":"https:\/\/fireisolator.com\/es\/mantas-ignifugas-para-ebikes-y-escooters\/#breadcrumb","itemListElement":[{"@type":"ListItem","position":1,"name":"Home","item":"https:\/\/fireisolator.com\/es\/"},{"@type":"ListItem","position":2,"name":"Mantas ign\u00edfugas para eBikes y eScooters"}]},{"@type":"WebSite","@id":"https:\/\/fireisolator.com\/es\/#website","url":"https:\/\/fireisolator.com\/es\/","name":"FIRE\u26a1\ufe0fISOLATOR","description":"The solution to isolate EV car fires","publisher":{"@id":"https:\/\/fireisolator.com\/es\/#organization"},"potentialAction":[{"@type":"SearchAction","target":{"@type":"EntryPoint","urlTemplate":"https:\/\/fireisolator.com\/es\/?s={search_term_string}"},"query-input":{"@type":"PropertyValueSpecification","valueRequired":true,"valueName":"search_term_string"}}],"inLanguage":"es"},{"@type":"Organization","@id":"https:\/\/fireisolator.com\/es\/#organization","name":"Blomsma Signs & Safety","url":"https:\/\/fireisolator.com\/es\/","logo":{"@type":"ImageObject","inLanguage":"es","@id":"https:\/\/fireisolator.com\/es\/#\/schema\/logo\/image\/","url":"","contentUrl":"","caption":"Blomsma Signs & Safety"},"image":{"@id":"https:\/\/fireisolator.com\/es\/#\/schema\/logo\/image\/"}}]}},"_links":{"self":[{"href":"https:\/\/fireisolator.com\/es\/wp-json\/wp\/v2\/pages\/6374","targetHints":{"allow":["GET"]}}],"collection":[{"href":"https:\/\/fireisolator.com\/es\/wp-json\/wp\/v2\/pages"}],"about":[{"href":"https:\/\/fireisolator.com\/es\/wp-json\/wp\/v2\/types\/page"}],"author":[{"embeddable":true,"href":"https:\/\/fireisolator.com\/es\/wp-json\/wp\/v2\/users\/5"}],"replies":[{"embeddable":true,"href":"https:\/\/fireisolator.com\/es\/wp-json\/wp\/v2\/comments?post=6374"}],"version-history":[{"count":9,"href":"https:\/\/fireisolator.com\/es\/wp-json\/wp\/v2\/pages\/6374\/revisions"}],"predecessor-version":[{"id":9140,"href":"https:\/\/fireisolator.com\/es\/wp-json\/wp\/v2\/pages\/6374\/revisions\/9140"}],"wp:attachment":[{"href":"https:\/\/fireisolator.com\/es\/wp-json\/wp\/v2\/media?parent=6374"}],"curies":[{"name":"wp","href":"https:\/\/api.w.org\/{rel}","templated":true}]}}