{"id":6659,"date":"2025-03-05T14:33:46","date_gmt":"2025-03-05T14:33:46","guid":{"rendered":"https:\/\/fireisolator.com\/?page_id=6659"},"modified":"2026-03-11T07:46:10","modified_gmt":"2026-03-11T07:46:10","slug":"la-pistola-de-fuego","status":"publish","type":"page","link":"https:\/\/fireisolator.com\/es\/la-pistola-de-fuego\/","title":{"rendered":"La pistola de fuego"},"content":{"rendered":"<div  data-label=\"Content\" data-id=\"content--1\" data-export-id=\"content-2\" data-category=\"content\" class=\"content-2 content-section content-section-spacing\" id=\"content-1\" style=\"background-color: rgb(255, 255, 255);\"><div > <div  class=\"row middle-xs\"><div  class=\"col-sm-5 bg-image shadow-large-black\" data-bg=\"image\" style=\"background-image: url(&quot;https:\/\/fireisolator.com\/wp-content\/uploads\/2025\/02\/EV-fire-gun.jpg&quot;);\"><\/div> <div  class=\"col-sm-7 full-col-left-padding full-col-right-padding\"> <div  class=\"row\"> <div  data-type=\"column\" class=\"space-bottom-small content-title-col\"> <h5  class=\"\">FIRE ISOLATOR<\/h5> <h2  class=\"\">La pistola de fuego<\/h2> <p  class=\"\">Fire Isolator EV Fire Gun (FI-FIREGUN) es un producto dise\u00f1ado para penetrar en la caja de la bater\u00eda (de un veh\u00edculo el\u00e9ctrico) e inundarla con agua. De esta forma se puede intentar extinguir el fuego en la caja de la bater\u00eda. Numerosas pruebas han demostrado que la pistola de fuego es un medio eficaz para evitar que el fuego se propague. La pistola de fuegopuede liberar 40 litros de agua por minuto a dos bares.&nbsp;Dise\u00f1ada espec\u00edficamente para incidentes con bater\u00edas de veh\u00edculos el\u00e9ctricos, la herramienta est\u00e1 totalmente aislada hasta 1.000V (EN\/IEC 60900) y fabricada para un uso seguro en entornos de alto riesgo.<\/p><\/div> <\/div> <div  class=\"row spaced-cols \" data-type=\"row\"> <div  class=\"col-xs-6\" data-type=\"column\"> <h5  class=\"\">DIMENSIONES Y ESPECIFICACIONES<\/h5> <p  class=\"\">Descargue <a  data-mce-href=\"..\/..\/wp-content\/uploads\/2025\/01\/Datasheet_FireIsolator_FireGun_2025.pdf\" href=\"..\/..\/wp-content\/uploads\/2025\/01\/Datasheet_FireIsolator_FireGun_2025.pdf\" target=\"_blank\" rel=\"noopener\" data-mce-selected=\"inline-boundary\" data-cp-link=\"1\" class=\"\">la hoja de datos<\/a> de la Pistola de fuego para obtener m\u00e1s informaci\u00f3n.<\/p><\/div>    <\/div><\/div> <\/div><\/div> <\/div><div  data-label=\"Gallery\" data-id=\"gallery--1\" data-export-id=\"gallery-2\" data-category=\"gallery\" class=\"gallery-2 content-section content-section-spacing\" id=\"gallery-1\" style=\"background-color: rgb(255, 255, 255); background-image: none;\"><div  class=\"\"> <div  class=\"row\"><div  class=\"col-xs-12 full-no-padding\" data-editable=\"true\" data-content-shortcode=\"mesmerize_gallery id=&quot;mesmerize-gallery-2&quot; columns=&quot;4&quot; ids=&quot;6640,6619,6636,6623&quot; lb=&quot;1&quot; masonry=&quot;0&quot; size=&quot;large&quot; link=&quot;file&quot; \"><div id='mesmerize-gallery-2' class='gallery-wrapper'><style type=\"text\/css\">\n                    @media only screen and (min-width: 768px) {\n                    [data-unique-id='mesmerize-gallery-2-69d7db8f2e0dc'] dl {\n                        float: left;\n                        width: 25% !important;\n                        max-width:  25% !important;\n                        min-width:  25% !important;\n                    }\n\n                    [data-unique-id='mesmerize-gallery-2-69d7db8f2e0dc'] dl:nth-of-type(4n +1 ) {\n                      clear: both;\n                      }\n                    }\n                <\/style><div id='mesmerize-gallery-2' class='mesmerize-gallery-2-dls-wrapper gallery-items-wrapper materialis-gallery' data-unique-id='mesmerize-gallery-2-69d7db8f2e0dc'><dl class='gallery-item'>\n\t\t\t<dt class='gallery-icon landscape'>\n\t\t\t\t<a data-fancybox=\"mesmerize-gallery-2-group\" href='https:\/\/fireisolator.com\/wp-content\/uploads\/EV-firegun.jpg'><img decoding=\"async\"  width=\"1024\" height=\"597\" src=\"https:\/\/fireisolator.com\/wp-content\/uploads\/EV-firegun-1024x597.jpg\"  class='mesmerize-gallery-2-image' alt=\"ev firegun\" srcset=\"https:\/\/fireisolator.com\/wp-content\/uploads\/EV-firegun-1024x597.jpg 1024w, https:\/\/fireisolator.com\/wp-content\/uploads\/EV-firegun-300x175.jpg 300w, https:\/\/fireisolator.com\/wp-content\/uploads\/EV-firegun-150x88.jpg 150w, https:\/\/fireisolator.com\/wp-content\/uploads\/EV-firegun-768x448.jpg 768w, https:\/\/fireisolator.com\/wp-content\/uploads\/EV-firegun.jpg 1500w\" sizes=\"(max-width: 1024px) 100vw, 1024px\" \/><\/a>\n\t\t\t<\/dt><\/dl><dl class='gallery-item'>\n\t\t\t<dt class='gallery-icon landscape'>\n\t\t\t\t<a data-fancybox=\"mesmerize-gallery-2-group\" href='https:\/\/fireisolator.com\/wp-content\/uploads\/EV-firegun-tekening.jpg'><img decoding=\"async\"  width=\"1024\" height=\"597\" src=\"https:\/\/fireisolator.com\/wp-content\/uploads\/EV-firegun-tekening-1024x597.jpg\"  class='mesmerize-gallery-2-image' alt=\"EV firegun\" srcset=\"https:\/\/fireisolator.com\/wp-content\/uploads\/EV-firegun-tekening-1024x597.jpg 1024w, https:\/\/fireisolator.com\/wp-content\/uploads\/EV-firegun-tekening-300x175.jpg 300w, https:\/\/fireisolator.com\/wp-content\/uploads\/EV-firegun-tekening-150x88.jpg 150w, https:\/\/fireisolator.com\/wp-content\/uploads\/EV-firegun-tekening-768x448.jpg 768w, https:\/\/fireisolator.com\/wp-content\/uploads\/EV-firegun-tekening.jpg 1500w\" sizes=\"(max-width: 1024px) 100vw, 1024px\" \/><\/a>\n\t\t\t<\/dt><\/dl><dl class='gallery-item'>\n\t\t\t<dt class='gallery-icon landscape'>\n\t\t\t\t<a data-fancybox=\"mesmerize-gallery-2-group\" href='https:\/\/fireisolator.com\/wp-content\/uploads\/ev-firegun-video.jpg'><img decoding=\"async\"  width=\"1024\" height=\"597\" src=\"https:\/\/fireisolator.com\/wp-content\/uploads\/ev-firegun-video-1024x597.jpg\"  class='mesmerize-gallery-2-image' alt=\"ev firegun\" srcset=\"https:\/\/fireisolator.com\/wp-content\/uploads\/ev-firegun-video-1024x597.jpg 1024w, https:\/\/fireisolator.com\/wp-content\/uploads\/ev-firegun-video-300x175.jpg 300w, https:\/\/fireisolator.com\/wp-content\/uploads\/ev-firegun-video-150x88.jpg 150w, https:\/\/fireisolator.com\/wp-content\/uploads\/ev-firegun-video-768x448.jpg 768w, https:\/\/fireisolator.com\/wp-content\/uploads\/ev-firegun-video.jpg 1500w\" sizes=\"(max-width: 1024px) 100vw, 1024px\" \/><\/a>\n\t\t\t<\/dt><\/dl><dl class='gallery-item'>\n\t\t\t<dt class='gallery-icon landscape'>\n\t\t\t\t<a data-fancybox=\"mesmerize-gallery-2-group\" href='https:\/\/fireisolator.com\/wp-content\/uploads\/toepassing-EV-firegun.jpg'><img decoding=\"async\"  width=\"1024\" height=\"597\" src=\"https:\/\/fireisolator.com\/wp-content\/uploads\/toepassing-EV-firegun-1024x597.jpg\"  class='mesmerize-gallery-2-image' alt=\"EV firegun\" srcset=\"https:\/\/fireisolator.com\/wp-content\/uploads\/toepassing-EV-firegun-1024x597.jpg 1024w, https:\/\/fireisolator.com\/wp-content\/uploads\/toepassing-EV-firegun-300x175.jpg 300w, https:\/\/fireisolator.com\/wp-content\/uploads\/toepassing-EV-firegun-150x88.jpg 150w, https:\/\/fireisolator.com\/wp-content\/uploads\/toepassing-EV-firegun-768x448.jpg 768w, https:\/\/fireisolator.com\/wp-content\/uploads\/toepassing-EV-firegun.jpg 1500w\" sizes=\"(max-width: 1024px) 100vw, 1024px\" \/><\/a>\n\t\t\t<\/dt><\/dl>\n\t\t<\/div>\n<script>(function($){window.MaterialisCaptionsGallery && window.MaterialisCaptionsGallery($('[data-unique-id=\"mesmerize-gallery-2-69d7db8f2e0dc\"]'))})(jQuery)<\/script><\/div><\/div><\/div> <\/div><\/div><div  data-label=\"Content\" data-id=\"content--4\" data-export-id=\"content-11\" data-category=\"content\" class=\"content-11 content-section content-section-spacing\" id=\"content-4\" style=\"background-color: rgb(255, 255, 255); background-image: none;\"><div  class=\"gridContainer\"> <div  class=\"row text-center\"><div  class=\"section-title-col\" data-type=\"column\"> <h2  class=\"\">Ventajas y caracter\u00edsticas<\/h2> <p  class=\"lead\">La pistola de fuego (FI-FIREGUN) es una herramienta especializada dise\u00f1ada para perforar la carcasa de la bater\u00eda de un veh\u00edculo el\u00e9ctrico e inundarla con agua. Este m\u00e9todo ataca directamente la fuente de calor, lo que permite enfriar el paquete de bater\u00edas desde el interior y mitigar el Thermal Runaway. Los m\u00e9todos tradicionales de extinci\u00f3n de incendios suelen requerir grandes vol\u00famenes de agua para enfriar un incendio de EV desde el exterior, mientras que la EV FireGun ofrece una soluci\u00f3n m\u00e1s eficiente al inyectar 40 litros de agua por minuto a dos bares directamente en la carcasa de la bater\u00eda.\n<br ><br >Al enfriar las celdas desde el interior, se reduce significativamente el riesgo de propagaci\u00f3n del fuego y reignici\u00f3n. La herramienta est\u00e1 dise\u00f1ada para un despliegue r\u00e1pido, permitiendo a los equipos de emergencia actuar con rapidez en situaciones cr\u00edticas. Fabricada con materiales de alta calidad, es duradera y confiable para su uso en escenarios de emergencia exigentes.\n<br ><br >La pistola de fuego es m\u00e1s efectiva cuando se usa en combinaci\u00f3n con nuestros otros productos, como parte del FIRE\u26a1\ufe0fISOLATOR Concept. Este enfoque integral est\u00e1 compuesto por varios elementos probados y comprobados, dise\u00f1ados para lograr los mejores resultados en la contenci\u00f3n de incendios en veh\u00edculos el\u00e9ctricos. El concepto incluye nuestra Manta ign\u00edfuga resistente a altas temperaturas para aislar y controlar el fuego, Unidades de aerosol para suprimir las llamas y reducir las temperaturas, Lanzas de agua nebulizada para minimizar los vapores t\u00f3xicos y mantener el EV refrigerado, y una c\u00e1mara t\u00e9rmica para monitoreo. La pistola de fuego desempe\u00f1a un papel clave en este concepto al penetrar y lavar el compartimento de la bater\u00eda con agua para evitar la reignici\u00f3n.<\/p><\/div> <\/div> <div  class=\"row center-xs middle-xs\"> <div  class=\"col-sm-9\"> <div  class=\"lightbox-video lightbox-video-tall dark-overlay shadow-large flexbox middle-xs center-xs\" data-type=\"group\" data-bg=\"image\" style=\"background-image: url(&quot;https:\/\/fireisolator.com\/wp-content\/uploads\/Schermafbeelding-2026-02-11-152110.png&quot;);\"> <a  data-fancybox=\"\" data-video-lightbox=\"true\" href=\"https:\/\/www.youtube.com\/watch?v=8yS9NKD0C7k\" class=\"\"> <i  data-cp-fa=\"true\" class=\"fa video-icon fa-play-circle-o color-white\"><\/i><\/a> <\/div><\/div> <\/div><\/div> <\/div><div  data-label=\"Content\" data-id=\"content--2\" data-export-id=\"content-11\" data-category=\"content\" class=\"content-11 content-section content-section-spacing\" id=\"content-2\" style=\"background-color: rgb(255, 255, 255);\"><div  class=\"gridContainer\"> <div  class=\"row text-center\"><div  class=\"section-title-col\" data-type=\"column\"> <h2  class=\"\">Ventajas y caracter\u00edsticas<\/h2> <p  class=\"lead\">La pistola de fuego (FI-FIREGUN) es una herramienta especializada dise\u00f1ada para perforar la carcasa de la bater\u00eda de un veh\u00edculo el\u00e9ctrico e inundarla con agua. Este m\u00e9todo ataca directamente la fuente de calor, lo que permite enfriar el paquete de bater\u00edas desde el interior y mitigar el <a  data-mce-href=\"https:\/\/www.evfiresafe.com\/ev-fire-what-is-thermal-runaway\" href=\"https:\/\/www.evfiresafe.com\/ev-fire-what-is-thermal-runaway\" target=\"_blank\" rel=\"noopener\" data-mce-selected=\"inline-boundary\" data-cp-link=\"1\" class=\"\">Thermal Runaway<\/a>. Los m\u00e9todos tradicionales de extinci\u00f3n de incendios suelen requerir grandes vol\u00famenes de agua para enfriar un incendio de EV desde el exterior, mientras que la EV FireGun ofrece una soluci\u00f3n m\u00e1s eficiente al inyectar 40 litros de agua por minuto a dos bares directamente en la carcasa de la bater\u00eda.\n<br ><br >\nAl enfriar las celdas desde el interior, se reduce significativamente el riesgo de propagaci\u00f3n del fuego y reignici\u00f3n. La herramienta est\u00e1 dise\u00f1ada para un despliegue r\u00e1pido, permitiendo a los equipos de emergencia actuar con rapidez en situaciones cr\u00edticas. Fabricada con materiales de alta calidad, es duradera y confiable para su uso en escenarios de emergencia exigentes.\n<br ><br >\nLa pistola de fuego es m\u00e1s efectiva cuando se usa en combinaci\u00f3n con nuestros otros productos, como parte del FIRE\u26a1\ufe0fISOLATOR Concept. Este enfoque integral est\u00e1 compuesto por varios elementos probados y comprobados, dise\u00f1ados para lograr los mejores resultados en la contenci\u00f3n de incendios en veh\u00edculos el\u00e9ctricos. El concepto incluye nuestra Manta ign\u00edfuga resistente a altas temperaturas para aislar y controlar el fuego, Unidades de aerosol para suprimir las llamas y reducir las temperaturas, Lanzas de agua nebulizada para minimizar los vapores t\u00f3xicos y mantener el EV refrigerado, y una c\u00e1mara t\u00e9rmica para monitoreo. La pistola de fuego desempe\u00f1a un papel clave en este concepto al penetrar y lavar el compartimento de la bater\u00eda con agua para evitar la reignici\u00f3n.<\/p><\/div> <\/div> <div  class=\"row center-xs middle-xs\"> <div  class=\"col-sm-9\"> <div  class=\"lightbox-video lightbox-video-tall dark-overlay shadow-large flexbox middle-xs center-xs\" data-type=\"group\" data-bg=\"image\" style=\"background-image: url(&quot;https:\/\/fireisolator.com\/wp-content\/uploads\/EV-firegun.jpg&quot;);\"> <a  data-fancybox=\"\" data-video-lightbox=\"true\" href=\"https:\/\/www.youtube.com\/watch?v=Eit5fN0nihA\" class=\"\"> <i  data-cp-fa=\"true\" class=\"fa video-icon fa-play-circle-o color-white\"><\/i><\/a> <\/div><\/div> <\/div><\/div> <\/div><div  data-label=\"Content\" data-id=\"content--3\" data-export-id=\"content-11\" data-category=\"content\" class=\"content-11 content-section content-section-spacing\" id=\"content-3\" style=\"background-color: rgb(255, 255, 255); background-image: none;\"><div  class=\"gridContainer\"> <div  class=\"row text-center\"><div  class=\"section-title-col\" data-type=\"column\">  <\/div> <\/div> <div  class=\"row center-xs middle-xs\"> <div  class=\"col-sm-9\"> <div  class=\"lightbox-video lightbox-video-tall dark-overlay shadow-large flexbox middle-xs center-xs\" data-type=\"group\" data-bg=\"image\" style=\"background-image: url(&quot;https:\/\/fireisolator.com\/wp-content\/uploads\/ev-fire-gun-video-thumbnail.jpg&quot;);\"> <a  data-fancybox=\"\" data-video-lightbox=\"true\" href=\"https:\/\/www.youtube.com\/watch?v=Ta7PE-9vZZo\" class=\"\"> <i  data-cp-fa=\"true\" class=\"fa video-icon fa-play-circle-o color-white\"><\/i><\/a> <\/div><\/div> <\/div><\/div> <\/div>","protected":false},"excerpt":{"rendered":"<p>FIRE ISOLATOR La pistola de fuego Fire Isolator EV Fire Gun (FI-FIREGUN) es un producto dise\u00f1ado para penetrar en la caja de la bater\u00eda (de un veh\u00edculo el\u00e9ctrico) e inundarla con agua. De esta forma se puede intentar extinguir el fuego en la caja de la bater\u00eda. Numerosas pruebas han demostrado que la pistola de&hellip; <br \/> <a class=\"read-more\" href=\"https:\/\/fireisolator.com\/es\/la-pistola-de-fuego\/\">Leer m\u00e1s<\/a><\/p>\n","protected":false},"author":5,"featured_media":0,"parent":0,"menu_order":0,"comment_status":"closed","ping_status":"closed","template":"pro\/page-templates\/full-width-page.php","meta":{"_acf_changed":false,"content-type":"","inline_featured_image":false,"footnotes":""},"class_list":["post-6659","page","type-page","status-publish","hentry"],"acf":[],"yoast_head":"<!-- This site is optimized with the Yoast SEO Premium plugin v24.6 (Yoast SEO v24.6) - https:\/\/yoast.com\/wordpress\/plugins\/seo\/ -->\n<title>La pistola de fuego &#8226; Fire Isolator<\/title>\n<meta name=\"description\" content=\"La pistola de fuego Fire Isolator EV (FI-FIREGUN) es una herramienta desarrollada para penetrar en la caja de la bater\u00eda e inundarla con agua.\" \/>\n<meta name=\"robots\" content=\"index, follow, max-snippet:-1, max-image-preview:large, max-video-preview:-1\" \/>\n<link rel=\"canonical\" href=\"https:\/\/fireisolator.com\/es\/la-pistola-de-fuego\/\" \/>\n<meta property=\"og:locale\" content=\"es_ES\" \/>\n<meta property=\"og:type\" content=\"article\" \/>\n<meta property=\"og:title\" content=\"La pistola de fuego\" \/>\n<meta property=\"og:description\" content=\"La pistola de fuego Fire Isolator EV (FI-FIREGUN) es una herramienta desarrollada para penetrar en la caja de la bater\u00eda e inundarla con agua.\" \/>\n<meta property=\"og:url\" content=\"https:\/\/fireisolator.com\/es\/la-pistola-de-fuego\/\" \/>\n<meta property=\"og:site_name\" content=\"Fire Isolator\" \/>\n<meta property=\"article:modified_time\" content=\"2026-03-11T07:46:10+00:00\" \/>\n<meta name=\"twitter:card\" content=\"summary_large_image\" \/>\n<meta name=\"twitter:label1\" content=\"Tiempo de lectura\" \/>\n\t<meta name=\"twitter:data1\" content=\"2 minutos\" \/>\n<script type=\"application\/ld+json\" class=\"yoast-schema-graph\">{\"@context\":\"https:\/\/schema.org\",\"@graph\":[{\"@type\":\"WebPage\",\"@id\":\"https:\/\/fireisolator.com\/es\/la-pistola-de-fuego\/\",\"url\":\"https:\/\/fireisolator.com\/es\/la-pistola-de-fuego\/\",\"name\":\"La pistola de fuego &#8226; Fire Isolator\",\"isPartOf\":{\"@id\":\"https:\/\/fireisolator.com\/es\/#website\"},\"datePublished\":\"2025-03-05T14:33:46+00:00\",\"dateModified\":\"2026-03-11T07:46:10+00:00\",\"description\":\"La pistola de fuego Fire Isolator EV (FI-FIREGUN) es una herramienta desarrollada para penetrar en la caja de la bater\u00eda e inundarla con agua.\",\"breadcrumb\":{\"@id\":\"https:\/\/fireisolator.com\/es\/la-pistola-de-fuego\/#breadcrumb\"},\"inLanguage\":\"es\",\"potentialAction\":[{\"@type\":\"ReadAction\",\"target\":[\"https:\/\/fireisolator.com\/es\/la-pistola-de-fuego\/\"]}]},{\"@type\":\"BreadcrumbList\",\"@id\":\"https:\/\/fireisolator.com\/es\/la-pistola-de-fuego\/#breadcrumb\",\"itemListElement\":[{\"@type\":\"ListItem\",\"position\":1,\"name\":\"Home\",\"item\":\"https:\/\/fireisolator.com\/es\/\"},{\"@type\":\"ListItem\",\"position\":2,\"name\":\"La pistola de fuego\"}]},{\"@type\":\"WebSite\",\"@id\":\"https:\/\/fireisolator.com\/es\/#website\",\"url\":\"https:\/\/fireisolator.com\/es\/\",\"name\":\"FIRE\u26a1\ufe0fISOLATOR\",\"description\":\"The solution to isolate EV car fires\",\"publisher\":{\"@id\":\"https:\/\/fireisolator.com\/es\/#organization\"},\"potentialAction\":[{\"@type\":\"SearchAction\",\"target\":{\"@type\":\"EntryPoint\",\"urlTemplate\":\"https:\/\/fireisolator.com\/es\/?s={search_term_string}\"},\"query-input\":{\"@type\":\"PropertyValueSpecification\",\"valueRequired\":true,\"valueName\":\"search_term_string\"}}],\"inLanguage\":\"es\"},{\"@type\":\"Organization\",\"@id\":\"https:\/\/fireisolator.com\/es\/#organization\",\"name\":\"Blomsma Signs & Safety\",\"url\":\"https:\/\/fireisolator.com\/es\/\",\"logo\":{\"@type\":\"ImageObject\",\"inLanguage\":\"es\",\"@id\":\"https:\/\/fireisolator.com\/es\/#\/schema\/logo\/image\/\",\"url\":\"\",\"contentUrl\":\"\",\"caption\":\"Blomsma Signs & Safety\"},\"image\":{\"@id\":\"https:\/\/fireisolator.com\/es\/#\/schema\/logo\/image\/\"}}]}<\/script>\n<!-- \/ Yoast SEO Premium plugin. -->","yoast_head_json":{"title":"La pistola de fuego &#8226; Fire Isolator","description":"La pistola de fuego Fire Isolator EV (FI-FIREGUN) es una herramienta desarrollada para penetrar en la caja de la bater\u00eda e inundarla con agua.","robots":{"index":"index","follow":"follow","max-snippet":"max-snippet:-1","max-image-preview":"max-image-preview:large","max-video-preview":"max-video-preview:-1"},"canonical":"https:\/\/fireisolator.com\/es\/la-pistola-de-fuego\/","og_locale":"es_ES","og_type":"article","og_title":"La pistola de fuego","og_description":"La pistola de fuego Fire Isolator EV (FI-FIREGUN) es una herramienta desarrollada para penetrar en la caja de la bater\u00eda e inundarla con agua.","og_url":"https:\/\/fireisolator.com\/es\/la-pistola-de-fuego\/","og_site_name":"Fire Isolator","article_modified_time":"2026-03-11T07:46:10+00:00","twitter_card":"summary_large_image","twitter_misc":{"Tiempo de lectura":"2 minutos"},"schema":{"@context":"https:\/\/schema.org","@graph":[{"@type":"WebPage","@id":"https:\/\/fireisolator.com\/es\/la-pistola-de-fuego\/","url":"https:\/\/fireisolator.com\/es\/la-pistola-de-fuego\/","name":"La pistola de fuego &#8226; Fire Isolator","isPartOf":{"@id":"https:\/\/fireisolator.com\/es\/#website"},"datePublished":"2025-03-05T14:33:46+00:00","dateModified":"2026-03-11T07:46:10+00:00","description":"La pistola de fuego Fire Isolator EV (FI-FIREGUN) es una herramienta desarrollada para penetrar en la caja de la bater\u00eda e inundarla con agua.","breadcrumb":{"@id":"https:\/\/fireisolator.com\/es\/la-pistola-de-fuego\/#breadcrumb"},"inLanguage":"es","potentialAction":[{"@type":"ReadAction","target":["https:\/\/fireisolator.com\/es\/la-pistola-de-fuego\/"]}]},{"@type":"BreadcrumbList","@id":"https:\/\/fireisolator.com\/es\/la-pistola-de-fuego\/#breadcrumb","itemListElement":[{"@type":"ListItem","position":1,"name":"Home","item":"https:\/\/fireisolator.com\/es\/"},{"@type":"ListItem","position":2,"name":"La pistola de fuego"}]},{"@type":"WebSite","@id":"https:\/\/fireisolator.com\/es\/#website","url":"https:\/\/fireisolator.com\/es\/","name":"FIRE\u26a1\ufe0fISOLATOR","description":"The solution to isolate EV car fires","publisher":{"@id":"https:\/\/fireisolator.com\/es\/#organization"},"potentialAction":[{"@type":"SearchAction","target":{"@type":"EntryPoint","urlTemplate":"https:\/\/fireisolator.com\/es\/?s={search_term_string}"},"query-input":{"@type":"PropertyValueSpecification","valueRequired":true,"valueName":"search_term_string"}}],"inLanguage":"es"},{"@type":"Organization","@id":"https:\/\/fireisolator.com\/es\/#organization","name":"Blomsma Signs & Safety","url":"https:\/\/fireisolator.com\/es\/","logo":{"@type":"ImageObject","inLanguage":"es","@id":"https:\/\/fireisolator.com\/es\/#\/schema\/logo\/image\/","url":"","contentUrl":"","caption":"Blomsma Signs & Safety"},"image":{"@id":"https:\/\/fireisolator.com\/es\/#\/schema\/logo\/image\/"}}]}},"_links":{"self":[{"href":"https:\/\/fireisolator.com\/es\/wp-json\/wp\/v2\/pages\/6659","targetHints":{"allow":["GET"]}}],"collection":[{"href":"https:\/\/fireisolator.com\/es\/wp-json\/wp\/v2\/pages"}],"about":[{"href":"https:\/\/fireisolator.com\/es\/wp-json\/wp\/v2\/types\/page"}],"author":[{"embeddable":true,"href":"https:\/\/fireisolator.com\/es\/wp-json\/wp\/v2\/users\/5"}],"replies":[{"embeddable":true,"href":"https:\/\/fireisolator.com\/es\/wp-json\/wp\/v2\/comments?post=6659"}],"version-history":[{"count":8,"href":"https:\/\/fireisolator.com\/es\/wp-json\/wp\/v2\/pages\/6659\/revisions"}],"predecessor-version":[{"id":8743,"href":"https:\/\/fireisolator.com\/es\/wp-json\/wp\/v2\/pages\/6659\/revisions\/8743"}],"wp:attachment":[{"href":"https:\/\/fireisolator.com\/es\/wp-json\/wp\/v2\/media?parent=6659"}],"curies":[{"name":"wp","href":"https:\/\/api.w.org\/{rel}","templated":true}]}}