{"id":7182,"date":"2025-06-04T09:03:19","date_gmt":"2025-06-04T09:03:19","guid":{"rendered":"https:\/\/fireisolator.com\/?page_id=7182"},"modified":"2025-08-14T08:57:01","modified_gmt":"2025-08-14T08:57:01","slug":"manta-ignifuga-para-carretillas-elevadoras","status":"publish","type":"page","link":"https:\/\/fireisolator.com\/es\/manta-ignifuga-para-carretillas-elevadoras\/","title":{"rendered":"Manta ign\u00edfuga para carretillas elevadoras"},"content":{"rendered":"<div  data-label=\"Content\" data-id=\"content--1\" data-export-id=\"content-2\" data-category=\"content\" class=\"content-2 content-section content-section-spacing\" id=\"content-1\" style=\"background-color: rgb(255, 255, 255);\"><div > <div  class=\"row middle-xs\"><div  class=\"col-sm-5 bg-image shadow-large-black\" data-bg=\"image\" style=\"background-image: url(&quot;https:\/\/fireisolator.com\/wp-content\/uploads\/Forklift-Fire-blanket-3.jpg&quot;);\"><\/div> <div  class=\"col-sm-7 full-col-left-padding full-col-right-padding\"> <div  class=\"row\"> <div  data-type=\"column\" class=\"space-bottom-small content-title-col\"> <h5  class=\"\">FIRE ISOLATOR<\/h5> <h2  class=\"\">La FI-BL0707 &amp; FI-BL0808 Ultimate Manta ign\u00edfuga para carretillas elevadoras<\/h2> <p  class=\"\">La Ultimate manta ign\u00edfuga para carretillas elevadoras est\u00e1 dise\u00f1ada para contener incendios de bater\u00edas de litio en carretillas y veh\u00edculos el\u00e9ctricos de almac\u00e9n. Certificada seg\u00fan los m\u00e1s altos est\u00e1ndares de seguridad, la FI-BL0707 (y la FI-BL0808) contiene llamas, limita el humo t\u00f3xico y facilita el uso de unidades de aerosol para controlar la propagaci\u00f3n del fuego y reducir da\u00f1os.<\/p><\/div> <\/div> <div  class=\"row spaced-cols \" data-type=\"row\"> <div  class=\"col-xs-6\" data-type=\"column\"> <h5  class=\"\">MATERIALES<\/h5> <p  class=\"\" aria-label=\"To enrich screen reader interactions, please activate Accessibility in Grammarly extension settings\">Disponible en tres tipos de materiales de s\u00edlice resistentes hasta 2050\u202f\u00b0C \/ 3720\u202f\u00b0F, con o sin recubrimiento doble.<\/p><\/div> <div  class=\"col-xs-6\" data-type=\"column\"><h5  class=\"\">PRUEBAS<\/h5> <p  class=\"\" aria-label=\"To enrich screen reader interactions, please activate Accessibility in Grammarly extension settings\">Probado y clasificado seg\u00fan ISO EN 13501-1 A1, ISO 1716, ISO 1182, DIN 91489, NFPA 701 y ASTM D6413.<\/p><\/div> <div  class=\"col-xs-6\" data-type=\"column\"><h5  class=\"\">DIMENSIONES Y ESPECIFICACIONES<\/h5> <p  class=\"\">7\u00d77\u202fm (23\u00d723 pies) \u2013 32\u202fkg<br >\n8\u00d78\u202fm (26\u00d726 pies) \u2013 42\u202fkg<br >\n<a  data-mce-href=\"..\/..\/wp-content\/uploads\/FI-BL0707_Datasheet_FireIsolator_UltimateForkliftFireBlanket.pdf\" href=\"..\/..\/wp-content\/uploads\/FI-BL0707_Datasheet_FireIsolator_UltimateForkliftFireBlanket.pdf\" target=\"_blank\" rel=\"noopener\" data-mce-selected=\"inline-boundary\" data-cp-link=\"1\" class=\"\">Descargar ficha t\u00e9cnica.<\/a><\/p><\/div> <div  class=\"col-xs-6\" data-type=\"column\"><h5  class=\"\">F\u00c1CIL DE DESPLEGAR<\/h5> <p  class=\"\">F\u00e1cil de desplegar, equipado con asas de colores. Formaci\u00f3n disponible, cont\u00e1ctenos para m\u00e1s informaci\u00f3n.<\/p><\/div> <\/div><\/div> <\/div><\/div> <\/div><div  data-label=\"Cta\" data-id=\"cta--1\" data-export-id=\"cta-blue-section\" data-category=\"cta\" class=\"cta-blue-section content-section content-section-spacing-medium bg-color1 white-text\" id=\"cta-1\"><div  class=\"gridContainer\"> <div  class=\"row middle-xs\"><div  class=\"col-sm-8 space-bottom-xs\" data-type=\"column\"> <h2  class=\"\">\u00a1Pong\u00e1monos en contacto!<\/h2> <\/div> <div  class=\"col-sm-4 end-sm\" data-type=\"column\"> <a  class=\"button color-white dark-text\" href=\"https:\/\/fireisolator.com\/es\/contacto\/\" target=\"_self\" data-cp-link=\"1\" data-icon=\"\">CONTACTO<\/a><\/div> <\/div><\/div> <\/div><div  data-label=\"Gallery\" data-id=\"gallery--1\" data-export-id=\"gallery-2\" data-category=\"gallery\" class=\"gallery-2 content-section content-section-spacing\" id=\"gallery-1\" style=\"background-color: rgb(255, 255, 255);\"><div  class=\"\"> <div  class=\"row\"><div  class=\"col-xs-12 full-no-padding\" data-editable=\"true\" data-content-shortcode=\"mesmerize_gallery id=&quot;mesmerize-gallery-2&quot; columns=&quot;3&quot; ids=&quot;7192,7197,7201&quot; lb=&quot;1&quot; masonry=&quot;0&quot; size=&quot;large&quot; link=&quot;file&quot; \"><div id='mesmerize-gallery-2' class='gallery-wrapper'><style type=\"text\/css\">\n                    @media only screen and (min-width: 768px) {\n                    [data-unique-id='mesmerize-gallery-2-69d7da58b4e53'] dl {\n                        float: left;\n                        width: 33.333333333333% !important;\n                        max-width:  33.333333333333% !important;\n                        min-width:  33.333333333333% !important;\n                    }\n\n                    [data-unique-id='mesmerize-gallery-2-69d7da58b4e53'] dl:nth-of-type(3n +1 ) {\n                      clear: both;\n                      }\n                    }\n                <\/style><div id='mesmerize-gallery-2' class='mesmerize-gallery-2-dls-wrapper gallery-items-wrapper materialis-gallery' data-unique-id='mesmerize-gallery-2-69d7da58b4e53'><dl class='gallery-item'>\n\t\t\t<dt class='gallery-icon landscape'>\n\t\t\t\t<a data-fancybox=\"mesmerize-gallery-2-group\" href='https:\/\/fireisolator.com\/wp-content\/uploads\/Forklift-animated-1-2.jpg'><img decoding=\"async\"  width=\"1024\" height=\"1024\" src=\"https:\/\/fireisolator.com\/wp-content\/uploads\/Forklift-animated-1-2.jpg\"  class='mesmerize-gallery-2-image' alt=\"manta ign\u00edfuga para carretillas elevadoras\" srcset=\"https:\/\/fireisolator.com\/wp-content\/uploads\/Forklift-animated-1-2.jpg 1024w, https:\/\/fireisolator.com\/wp-content\/uploads\/Forklift-animated-1-2-300x300.jpg 300w, https:\/\/fireisolator.com\/wp-content\/uploads\/Forklift-animated-1-2-150x150.jpg 150w, https:\/\/fireisolator.com\/wp-content\/uploads\/Forklift-animated-1-2-768x768.jpg 768w\" sizes=\"(max-width: 1024px) 100vw, 1024px\" \/><\/a>\n\t\t\t<\/dt><\/dl><dl class='gallery-item'>\n\t\t\t<dt class='gallery-icon landscape'>\n\t\t\t\t<a data-fancybox=\"mesmerize-gallery-2-group\" href='https:\/\/fireisolator.com\/wp-content\/uploads\/Forklift-animated-2-2.jpg'><img decoding=\"async\"  width=\"1024\" height=\"1024\" src=\"https:\/\/fireisolator.com\/wp-content\/uploads\/Forklift-animated-2-2.jpg\"  class='mesmerize-gallery-2-image' alt=\"manta ign\u00edfuga para carretillas elevadoras\" srcset=\"https:\/\/fireisolator.com\/wp-content\/uploads\/Forklift-animated-2-2.jpg 1024w, https:\/\/fireisolator.com\/wp-content\/uploads\/Forklift-animated-2-2-300x300.jpg 300w, https:\/\/fireisolator.com\/wp-content\/uploads\/Forklift-animated-2-2-150x150.jpg 150w, https:\/\/fireisolator.com\/wp-content\/uploads\/Forklift-animated-2-2-768x768.jpg 768w\" sizes=\"(max-width: 1024px) 100vw, 1024px\" \/><\/a>\n\t\t\t<\/dt><\/dl><dl class='gallery-item'>\n\t\t\t<dt class='gallery-icon landscape'>\n\t\t\t\t<a data-fancybox=\"mesmerize-gallery-2-group\" href='https:\/\/fireisolator.com\/wp-content\/uploads\/Forklift-animated-3-2.jpg'><img decoding=\"async\"  width=\"1024\" height=\"1024\" src=\"https:\/\/fireisolator.com\/wp-content\/uploads\/Forklift-animated-3-2.jpg\"  class='mesmerize-gallery-2-image' alt=\"manta ign\u00edfuga para carretillas elevadoras\" srcset=\"https:\/\/fireisolator.com\/wp-content\/uploads\/Forklift-animated-3-2.jpg 1024w, https:\/\/fireisolator.com\/wp-content\/uploads\/Forklift-animated-3-2-300x300.jpg 300w, https:\/\/fireisolator.com\/wp-content\/uploads\/Forklift-animated-3-2-150x150.jpg 150w, https:\/\/fireisolator.com\/wp-content\/uploads\/Forklift-animated-3-2-768x768.jpg 768w\" sizes=\"(max-width: 1024px) 100vw, 1024px\" \/><\/a>\n\t\t\t<\/dt><\/dl>\n\t\t<\/div>\n<script>(function($){window.MaterialisCaptionsGallery && window.MaterialisCaptionsGallery($('[data-unique-id=\"mesmerize-gallery-2-69d7da58b4e53\"]'))})(jQuery)<\/script><\/div><\/div><\/div> <\/div><\/div><div  data-label=\"Content\" data-id=\"content--2\" data-export-id=\"content-12\" data-category=\"content\" class=\"content-12 content-section content-section-spacing\" id=\"content-2\" style=\"background-color: rgb(255, 255, 255); background-image: none;\"><div  class=\"gridContainer\"> <div  class=\"row text-center\"><div  class=\"section-title-col\" data-type=\"column\"> <h2  class=\"\">Beneficios y caracter\u00edsticas<\/h2> <p  class=\"lead\" style=\"text-align: left;\">La manta ign\u00edfuga para carretillas elevadoras FI-BL0707 Ultimate est\u00e1 dise\u00f1ada para contener incendios provocados por carretillas impulsadas por bater\u00edas de litio. Con una resistencia m\u00e1xima a temperaturas de hasta 1600\u202f\u00b0C (2900\u202f\u00b0F) y la capacidad de soportar calor constante de 1100\u202f\u00b0C (2200\u202f\u00b0F) durante m\u00e1s de 50 horas, esta manta est\u00e1 preparada para afrontar la naturaleza prolongada de los incendios de bater\u00edas de iones de litio, ayudando a detener la propagaci\u00f3n del fuego y a reducir los da\u00f1os en sus instalaciones y equipos.\n<br ><br >\nFabricada con materiales de s\u00edlice de alta calidad, la Ultimate Forklift Fire Blanket es duradera y respetuosa con el medio ambiente. El material ha sido seleccionado espec\u00edficamente por su resistencia en condiciones extremas de incendio y ha demostrado no inflamarse en ninguna de nuestras pruebas de fuego reales.\n<br ><br >\nLos modelos FI-BL0707 y FI-BL0808 han sido sometidos a rigurosas pruebas y cumplen con los m\u00e1s altos est\u00e1ndares de seguridad, incluidos ISO EN 13501-1, <a  data-mce-href=\"https:\/\/www.nfpa.org\/codes-and-standards\/nfpa-701-standard-development\/701\" href=\"https:\/\/www.nfpa.org\/codes-and-standards\/nfpa-701-standard-development\/701\" target=\"_blank\" rel=\"noopener\" data-mce-selected=\"inline-boundary\" data-cp-link=\"1\" class=\"\">NFPA 701<\/a> y ASTM D6413. De hecho, solo tres fabricantes de mantas ign\u00edfugas en todo el mundo cuentan con un informe de ensayo de clase A1 seg\u00fan la norma ISO 13501-1 \u2014 y estamos orgullosos de estar entre ellos.\n<br ><br >\nLa facilidad de uso es una caracter\u00edstica clave. La manta puede desplegarse r\u00e1pidamente por solo dos personas, gracias a las asas codificadas por colores que permiten un manejo intuitivo. Fire Isolator tambi\u00e9n ofrece formaci\u00f3n a distribuidores y clientes, incluido un v\u00eddeo animado de instrucciones sobre c\u00f3mo desplegar la manta de forma segura y eficaz en caso de incendio de una carretilla.\n<br ><br ><b >\nOtros beneficios:<\/b><br >\n\u2022 Reutilizable y f\u00e1cil de limpiar tras su uso<br >\n\u2022 Limita el flujo de ox\u00edgeno para suprimir las llamas y reducir da\u00f1os colaterales<br >\n\u2022 Dise\u00f1ada para carretillas elevadoras, pero tambi\u00e9n apta para otros veh\u00edculos el\u00e9ctricos<br >\n\u2022 Disponible en tama\u00f1os personalizados para diferentes modelos y dimensiones de carretillas<\/p><\/div> <\/div> <div  class=\"row center-xs middle-xs\"> <div  class=\"col-sm-9\" data-type=\"column\"><a  class=\"button color1\" href=\"https:\/\/fireisolator.com\/es\/contacto\/\" target=\"_self\" data-cp-link=\"1\" data-icon=\"\">contacte con nosotros para m\u00e1s informaci\u00f3n<\/a> <\/div> <\/div><\/div> <\/div>","protected":false},"excerpt":{"rendered":"<p>FIRE ISOLATOR La FI-BL0707 &amp; FI-BL0808 Ultimate Manta ign\u00edfuga para carretillas elevadoras La Ultimate manta ign\u00edfuga para carretillas elevadoras est\u00e1 dise\u00f1ada para contener incendios de bater\u00edas de litio en carretillas y veh\u00edculos el\u00e9ctricos de almac\u00e9n. Certificada seg\u00fan los m\u00e1s altos est\u00e1ndares de seguridad, la FI-BL0707 (y la FI-BL0808) contiene llamas, limita el humo t\u00f3xico y&hellip; <br \/> <a class=\"read-more\" href=\"https:\/\/fireisolator.com\/es\/manta-ignifuga-para-carretillas-elevadoras\/\">Leer m\u00e1s<\/a><\/p>\n","protected":false},"author":5,"featured_media":0,"parent":0,"menu_order":0,"comment_status":"closed","ping_status":"closed","template":"pro\/page-templates\/full-width-page.php","meta":{"_acf_changed":false,"content-type":"","inline_featured_image":false,"footnotes":""},"class_list":["post-7182","page","type-page","status-publish","hentry"],"acf":[],"yoast_head":"<!-- This site is optimized with the Yoast SEO Premium plugin v24.6 (Yoast SEO v24.6) - https:\/\/yoast.com\/wordpress\/plugins\/seo\/ -->\n<title>Manta ign\u00edfuga para carretillas elevadoras &#8226; Fire Isolator<\/title>\n<meta name=\"description\" content=\"Nuestra Manta ign\u00edfuga para carretillas elevadoras, ideal para incendios de bater\u00edas de litio en almacenes.\" \/>\n<meta name=\"robots\" content=\"index, follow, max-snippet:-1, max-image-preview:large, max-video-preview:-1\" \/>\n<link rel=\"canonical\" href=\"https:\/\/fireisolator.com\/es\/manta-ignifuga-para-carretillas-elevadoras\/\" \/>\n<meta property=\"og:locale\" content=\"es_ES\" \/>\n<meta property=\"og:type\" content=\"article\" \/>\n<meta property=\"og:title\" content=\"Manta ign\u00edfuga para carretillas elevadoras\" \/>\n<meta property=\"og:description\" content=\"Nuestra Manta ign\u00edfuga para carretillas elevadoras, ideal para incendios de bater\u00edas de litio en almacenes.\" \/>\n<meta property=\"og:url\" content=\"https:\/\/fireisolator.com\/es\/manta-ignifuga-para-carretillas-elevadoras\/\" \/>\n<meta property=\"og:site_name\" content=\"Fire Isolator\" \/>\n<meta property=\"article:modified_time\" content=\"2025-08-14T08:57:01+00:00\" \/>\n<meta name=\"twitter:card\" content=\"summary_large_image\" \/>\n<script type=\"application\/ld+json\" class=\"yoast-schema-graph\">{\"@context\":\"https:\/\/schema.org\",\"@graph\":[{\"@type\":\"WebPage\",\"@id\":\"https:\/\/fireisolator.com\/es\/manta-ignifuga-para-carretillas-elevadoras\/\",\"url\":\"https:\/\/fireisolator.com\/es\/manta-ignifuga-para-carretillas-elevadoras\/\",\"name\":\"Manta ign\u00edfuga para carretillas elevadoras &#8226; Fire Isolator\",\"isPartOf\":{\"@id\":\"https:\/\/fireisolator.com\/es\/#website\"},\"datePublished\":\"2025-06-04T09:03:19+00:00\",\"dateModified\":\"2025-08-14T08:57:01+00:00\",\"description\":\"Nuestra Manta ign\u00edfuga para carretillas elevadoras, ideal para incendios de bater\u00edas de litio en almacenes.\",\"breadcrumb\":{\"@id\":\"https:\/\/fireisolator.com\/es\/manta-ignifuga-para-carretillas-elevadoras\/#breadcrumb\"},\"inLanguage\":\"es\",\"potentialAction\":[{\"@type\":\"ReadAction\",\"target\":[\"https:\/\/fireisolator.com\/es\/manta-ignifuga-para-carretillas-elevadoras\/\"]}]},{\"@type\":\"BreadcrumbList\",\"@id\":\"https:\/\/fireisolator.com\/es\/manta-ignifuga-para-carretillas-elevadoras\/#breadcrumb\",\"itemListElement\":[{\"@type\":\"ListItem\",\"position\":1,\"name\":\"Home\",\"item\":\"https:\/\/fireisolator.com\/es\/\"},{\"@type\":\"ListItem\",\"position\":2,\"name\":\"Manta ign\u00edfuga para carretillas elevadoras\"}]},{\"@type\":\"WebSite\",\"@id\":\"https:\/\/fireisolator.com\/es\/#website\",\"url\":\"https:\/\/fireisolator.com\/es\/\",\"name\":\"FIRE\u26a1\ufe0fISOLATOR\",\"description\":\"The solution to isolate EV car fires\",\"publisher\":{\"@id\":\"https:\/\/fireisolator.com\/es\/#organization\"},\"potentialAction\":[{\"@type\":\"SearchAction\",\"target\":{\"@type\":\"EntryPoint\",\"urlTemplate\":\"https:\/\/fireisolator.com\/es\/?s={search_term_string}\"},\"query-input\":{\"@type\":\"PropertyValueSpecification\",\"valueRequired\":true,\"valueName\":\"search_term_string\"}}],\"inLanguage\":\"es\"},{\"@type\":\"Organization\",\"@id\":\"https:\/\/fireisolator.com\/es\/#organization\",\"name\":\"Blomsma Signs & Safety\",\"url\":\"https:\/\/fireisolator.com\/es\/\",\"logo\":{\"@type\":\"ImageObject\",\"inLanguage\":\"es\",\"@id\":\"https:\/\/fireisolator.com\/es\/#\/schema\/logo\/image\/\",\"url\":\"\",\"contentUrl\":\"\",\"caption\":\"Blomsma Signs & Safety\"},\"image\":{\"@id\":\"https:\/\/fireisolator.com\/es\/#\/schema\/logo\/image\/\"}}]}<\/script>\n<!-- \/ Yoast SEO Premium plugin. -->","yoast_head_json":{"title":"Manta ign\u00edfuga para carretillas elevadoras &#8226; Fire Isolator","description":"Nuestra Manta ign\u00edfuga para carretillas elevadoras, ideal para incendios de bater\u00edas de litio en almacenes.","robots":{"index":"index","follow":"follow","max-snippet":"max-snippet:-1","max-image-preview":"max-image-preview:large","max-video-preview":"max-video-preview:-1"},"canonical":"https:\/\/fireisolator.com\/es\/manta-ignifuga-para-carretillas-elevadoras\/","og_locale":"es_ES","og_type":"article","og_title":"Manta ign\u00edfuga para carretillas elevadoras","og_description":"Nuestra Manta ign\u00edfuga para carretillas elevadoras, ideal para incendios de bater\u00edas de litio en almacenes.","og_url":"https:\/\/fireisolator.com\/es\/manta-ignifuga-para-carretillas-elevadoras\/","og_site_name":"Fire Isolator","article_modified_time":"2025-08-14T08:57:01+00:00","twitter_card":"summary_large_image","schema":{"@context":"https:\/\/schema.org","@graph":[{"@type":"WebPage","@id":"https:\/\/fireisolator.com\/es\/manta-ignifuga-para-carretillas-elevadoras\/","url":"https:\/\/fireisolator.com\/es\/manta-ignifuga-para-carretillas-elevadoras\/","name":"Manta ign\u00edfuga para carretillas elevadoras &#8226; Fire Isolator","isPartOf":{"@id":"https:\/\/fireisolator.com\/es\/#website"},"datePublished":"2025-06-04T09:03:19+00:00","dateModified":"2025-08-14T08:57:01+00:00","description":"Nuestra Manta ign\u00edfuga para carretillas elevadoras, ideal para incendios de bater\u00edas de litio en almacenes.","breadcrumb":{"@id":"https:\/\/fireisolator.com\/es\/manta-ignifuga-para-carretillas-elevadoras\/#breadcrumb"},"inLanguage":"es","potentialAction":[{"@type":"ReadAction","target":["https:\/\/fireisolator.com\/es\/manta-ignifuga-para-carretillas-elevadoras\/"]}]},{"@type":"BreadcrumbList","@id":"https:\/\/fireisolator.com\/es\/manta-ignifuga-para-carretillas-elevadoras\/#breadcrumb","itemListElement":[{"@type":"ListItem","position":1,"name":"Home","item":"https:\/\/fireisolator.com\/es\/"},{"@type":"ListItem","position":2,"name":"Manta ign\u00edfuga para carretillas elevadoras"}]},{"@type":"WebSite","@id":"https:\/\/fireisolator.com\/es\/#website","url":"https:\/\/fireisolator.com\/es\/","name":"FIRE\u26a1\ufe0fISOLATOR","description":"The solution to isolate EV car fires","publisher":{"@id":"https:\/\/fireisolator.com\/es\/#organization"},"potentialAction":[{"@type":"SearchAction","target":{"@type":"EntryPoint","urlTemplate":"https:\/\/fireisolator.com\/es\/?s={search_term_string}"},"query-input":{"@type":"PropertyValueSpecification","valueRequired":true,"valueName":"search_term_string"}}],"inLanguage":"es"},{"@type":"Organization","@id":"https:\/\/fireisolator.com\/es\/#organization","name":"Blomsma Signs & Safety","url":"https:\/\/fireisolator.com\/es\/","logo":{"@type":"ImageObject","inLanguage":"es","@id":"https:\/\/fireisolator.com\/es\/#\/schema\/logo\/image\/","url":"","contentUrl":"","caption":"Blomsma Signs & Safety"},"image":{"@id":"https:\/\/fireisolator.com\/es\/#\/schema\/logo\/image\/"}}]}},"_links":{"self":[{"href":"https:\/\/fireisolator.com\/es\/wp-json\/wp\/v2\/pages\/7182","targetHints":{"allow":["GET"]}}],"collection":[{"href":"https:\/\/fireisolator.com\/es\/wp-json\/wp\/v2\/pages"}],"about":[{"href":"https:\/\/fireisolator.com\/es\/wp-json\/wp\/v2\/types\/page"}],"author":[{"embeddable":true,"href":"https:\/\/fireisolator.com\/es\/wp-json\/wp\/v2\/users\/5"}],"replies":[{"embeddable":true,"href":"https:\/\/fireisolator.com\/es\/wp-json\/wp\/v2\/comments?post=7182"}],"version-history":[{"count":7,"href":"https:\/\/fireisolator.com\/es\/wp-json\/wp\/v2\/pages\/7182\/revisions"}],"predecessor-version":[{"id":7751,"href":"https:\/\/fireisolator.com\/es\/wp-json\/wp\/v2\/pages\/7182\/revisions\/7751"}],"wp:attachment":[{"href":"https:\/\/fireisolator.com\/es\/wp-json\/wp\/v2\/media?parent=7182"}],"curies":[{"name":"wp","href":"https:\/\/api.w.org\/{rel}","templated":true}]}}