{"id":7305,"date":"2025-06-04T09:03:34","date_gmt":"2025-06-04T09:03:34","guid":{"rendered":"https:\/\/fireisolator.com\/?page_id=7305"},"modified":"2025-08-14T08:40:28","modified_gmt":"2025-08-14T08:40:28","slug":"mantas-ignifugas-para-almacenamiento-de-baterias-de-litio","status":"publish","type":"page","link":"https:\/\/fireisolator.com\/es\/mantas-ignifugas-para-almacenamiento-de-baterias-de-litio\/","title":{"rendered":"Mantas ign\u00edfugas para almacenamiento de bater\u00edas de litio"},"content":{"rendered":"<div  data-label=\"Content\" data-id=\"content--1\" data-export-id=\"content-2\" data-category=\"content\" class=\"content-2 content-section content-section-spacing\" id=\"content-1\" style=\"background-color: rgb(255, 255, 255);\"><div > <div  class=\"row middle-xs\"><div  class=\"col-sm-5 bg-image shadow-large-black\" data-bg=\"image\" style=\"background-image: url(&quot;https:\/\/fireisolator.com\/wp-content\/uploads\/LIthium-battery-storage-fire-blanket-3-4.jpg&quot;);\"><\/div> <div  class=\"col-sm-7 full-col-left-padding full-col-right-padding\"> <div  class=\"row\"> <div  data-type=\"column\" class=\"space-bottom-small content-title-col\"> <h5  class=\"\">FIRE ISOLATOR<\/h5> <h2  class=\"\">Las mantas ign\u00edfugas para almacenamiento de bater\u00edas de litio<\/h2> <p  class=\"\">Las mantas ign\u00edfugas para almacenamiento de bater\u00edas de litio son una soluci\u00f3n duradera y altamente eficaz para aislar incendios de bater\u00edas de litio, especialmente en almacenes u otras instalaciones de almacenamiento. Gracias a su alta resistencia a las temperaturas, estas mantas ayudan a evitar la propagaci\u00f3n del fuego y a reducir considerablemente los da\u00f1os colaterales en el entorno.<\/p><\/div> <\/div> <div  class=\"row spaced-cols \" data-type=\"row\"> <div  class=\"col-xs-6\" data-type=\"column\"> <h5  class=\"\">MATERIALES<\/h5> <p  class=\"\" aria-label=\"To enrich screen reader interactions, please activate Accessibility in Grammarly extension settings\">Disponibles en 3 tipos de materiales de grado s\u00edlice resistentes a altas temperaturas. Soportan temperaturas pico de hasta 2050\u202f\u00b0C \/3720\u00b0F, con o sin recubrimiento en ambas caras.<\/p><\/div> <div  class=\"col-xs-6\" data-type=\"column\"><h5  class=\"\">PRUEBAS<\/h5> <p  class=\"\" aria-label=\"To enrich screen reader interactions, please activate Accessibility in Grammarly extension settings\">Probadas y certificadas seg\u00fan las normas DIN EN 13501-1 (certificaci\u00f3n A1 por KIWA\/MPA), DIN 91489, ASTM D6413 y NFPA 701.<\/p><\/div> <div  class=\"col-xs-6\" data-type=\"column\"><h5  class=\"\">DIMENSIONES Y ESPECIFICACIONES<\/h5> <p  class=\"\">Tama\u00f1os est\u00e1ndar: 3\u00d73, 4\u00d74 o 6\u00d76 metros.&nbsp;<\/p><\/div> <div  class=\"col-xs-6\" data-type=\"column\"><h5  class=\"\">F\u00c1CIL DE DESPLEGAR<\/h5> <p  class=\"\">F\u00e1cil de desplegar, equipado con bucles de colores.<\/p><\/div> <\/div><\/div> <\/div><\/div> <\/div><div  data-label=\"Cta\" data-id=\"cta--1\" data-export-id=\"cta-blue-section\" data-category=\"cta\" class=\"cta-blue-section content-section content-section-spacing-medium bg-color1 white-text\" id=\"cta-1\"><div  class=\"gridContainer\"> <div  class=\"row middle-xs\"><div  class=\"col-sm-8 space-bottom-xs\" data-type=\"column\"> <h2  class=\"\">\u00a1Pong\u00e1monos en contacto!<\/h2> <\/div> <div  class=\"col-sm-4 end-sm\" data-type=\"column\"> <a  class=\"button color-white dark-text\" href=\"https:\/\/fireisolator.com\/es\/contacto\/\" target=\"_self\" data-cp-link=\"1\" data-icon=\"\">CONTACTO<\/a><\/div> <\/div><\/div> <\/div><div  data-label=\"Gallery\" data-id=\"gallery--1\" data-export-id=\"gallery-2\" data-category=\"gallery\" class=\"gallery-2 content-section content-section-spacing\" id=\"gallery-1\" style=\"background-color: rgb(255, 255, 255);\"><div  class=\"\"> <div  class=\"row\"><div  class=\"col-xs-12 full-no-padding\" data-editable=\"true\" data-content-shortcode=\"mesmerize_gallery id=&quot;mesmerize-gallery-2&quot; columns=&quot;4&quot; ids=&quot;7318,7314,7322,7308&quot; lb=&quot;1&quot; masonry=&quot;0&quot; size=&quot;large&quot; link=&quot;file&quot; \"><div id='mesmerize-gallery-2' class='gallery-wrapper'><style type=\"text\/css\">\n                    @media only screen and (min-width: 768px) {\n                    [data-unique-id='mesmerize-gallery-2-69d7da9c28405'] dl {\n                        float: left;\n                        width: 25% !important;\n                        max-width:  25% !important;\n                        min-width:  25% !important;\n                    }\n\n                    [data-unique-id='mesmerize-gallery-2-69d7da9c28405'] dl:nth-of-type(4n +1 ) {\n                      clear: both;\n                      }\n                    }\n                <\/style><div id='mesmerize-gallery-2' class='mesmerize-gallery-2-dls-wrapper gallery-items-wrapper materialis-gallery' data-unique-id='mesmerize-gallery-2-69d7da9c28405'><dl class='gallery-item'>\n\t\t\t<dt class='gallery-icon landscape'>\n\t\t\t\t<a data-fancybox=\"mesmerize-gallery-2-group\" href='https:\/\/fireisolator.com\/wp-content\/uploads\/ultra-lithium-battery-fire-blanket-2-3.jpg'><img decoding=\"async\"  width=\"1024\" height=\"597\" src=\"https:\/\/fireisolator.com\/wp-content\/uploads\/ultra-lithium-battery-fire-blanket-2-3-1024x597.jpg\"  class='mesmerize-gallery-2-image' alt=\"Las mantas ign\u00edfugas para almacenamiento de bater\u00edas de litio\" srcset=\"https:\/\/fireisolator.com\/wp-content\/uploads\/ultra-lithium-battery-fire-blanket-2-3-1024x597.jpg 1024w, https:\/\/fireisolator.com\/wp-content\/uploads\/ultra-lithium-battery-fire-blanket-2-3-300x175.jpg 300w, https:\/\/fireisolator.com\/wp-content\/uploads\/ultra-lithium-battery-fire-blanket-2-3-150x88.jpg 150w, https:\/\/fireisolator.com\/wp-content\/uploads\/ultra-lithium-battery-fire-blanket-2-3-768x448.jpg 768w, https:\/\/fireisolator.com\/wp-content\/uploads\/ultra-lithium-battery-fire-blanket-2-3.jpg 1500w\" sizes=\"(max-width: 1024px) 100vw, 1024px\" \/><\/a>\n\t\t\t<\/dt><\/dl><dl class='gallery-item'>\n\t\t\t<dt class='gallery-icon landscape'>\n\t\t\t\t<a data-fancybox=\"mesmerize-gallery-2-group\" href='https:\/\/fireisolator.com\/wp-content\/uploads\/lithium-fire-blanket-bag-2.jpg'><img decoding=\"async\"  width=\"1024\" height=\"597\" src=\"https:\/\/fireisolator.com\/wp-content\/uploads\/lithium-fire-blanket-bag-2-1024x597.jpg\"  class='mesmerize-gallery-2-image' alt=\"Las mantas ign\u00edfugas para almacenamiento de bater\u00edas de litio\" srcset=\"https:\/\/fireisolator.com\/wp-content\/uploads\/lithium-fire-blanket-bag-2-1024x597.jpg 1024w, https:\/\/fireisolator.com\/wp-content\/uploads\/lithium-fire-blanket-bag-2-300x175.jpg 300w, https:\/\/fireisolator.com\/wp-content\/uploads\/lithium-fire-blanket-bag-2-150x88.jpg 150w, https:\/\/fireisolator.com\/wp-content\/uploads\/lithium-fire-blanket-bag-2-768x448.jpg 768w, https:\/\/fireisolator.com\/wp-content\/uploads\/lithium-fire-blanket-bag-2.jpg 1500w\" sizes=\"(max-width: 1024px) 100vw, 1024px\" \/><\/a>\n\t\t\t<\/dt><\/dl><dl class='gallery-item'>\n\t\t\t<dt class='gallery-icon landscape'>\n\t\t\t\t<a data-fancybox=\"mesmerize-gallery-2-group\" href='https:\/\/fireisolator.com\/wp-content\/uploads\/ultra-lithium-battery-fire-blanket-4.jpg'><img decoding=\"async\"  width=\"1024\" height=\"597\" src=\"https:\/\/fireisolator.com\/wp-content\/uploads\/ultra-lithium-battery-fire-blanket-4-1024x597.jpg\"  class='mesmerize-gallery-2-image' alt=\"Las mantas ign\u00edfugas para almacenamiento de bater\u00edas de litio\" srcset=\"https:\/\/fireisolator.com\/wp-content\/uploads\/ultra-lithium-battery-fire-blanket-4-1024x597.jpg 1024w, https:\/\/fireisolator.com\/wp-content\/uploads\/ultra-lithium-battery-fire-blanket-4-300x175.jpg 300w, https:\/\/fireisolator.com\/wp-content\/uploads\/ultra-lithium-battery-fire-blanket-4-150x88.jpg 150w, https:\/\/fireisolator.com\/wp-content\/uploads\/ultra-lithium-battery-fire-blanket-4-768x448.jpg 768w, https:\/\/fireisolator.com\/wp-content\/uploads\/ultra-lithium-battery-fire-blanket-4.jpg 1500w\" sizes=\"(max-width: 1024px) 100vw, 1024px\" \/><\/a>\n\t\t\t<\/dt><\/dl><dl class='gallery-item'>\n\t\t\t<dt class='gallery-icon landscape'>\n\t\t\t\t<a data-fancybox=\"mesmerize-gallery-2-group\" href='https:\/\/fireisolator.com\/wp-content\/uploads\/lithium-fire-blanket-4-2.jpg'><img decoding=\"async\"  width=\"1024\" height=\"597\" src=\"https:\/\/fireisolator.com\/wp-content\/uploads\/lithium-fire-blanket-4-2-1024x597.jpg\"  class='mesmerize-gallery-2-image' alt=\"Las mantas ign\u00edfugas para almacenamiento de bater\u00edas de litio\" srcset=\"https:\/\/fireisolator.com\/wp-content\/uploads\/lithium-fire-blanket-4-2-1024x597.jpg 1024w, https:\/\/fireisolator.com\/wp-content\/uploads\/lithium-fire-blanket-4-2-300x175.jpg 300w, https:\/\/fireisolator.com\/wp-content\/uploads\/lithium-fire-blanket-4-2-150x88.jpg 150w, https:\/\/fireisolator.com\/wp-content\/uploads\/lithium-fire-blanket-4-2-768x448.jpg 768w, https:\/\/fireisolator.com\/wp-content\/uploads\/lithium-fire-blanket-4-2.jpg 1500w\" sizes=\"(max-width: 1024px) 100vw, 1024px\" \/><\/a>\n\t\t\t<\/dt><\/dl>\n\t\t<\/div>\n<script>(function($){window.MaterialisCaptionsGallery && window.MaterialisCaptionsGallery($('[data-unique-id=\"mesmerize-gallery-2-69d7da9c28405\"]'))})(jQuery)<\/script><\/div><\/div><\/div> <\/div><\/div><div  data-label=\"Content\" data-id=\"content--2\" data-export-id=\"content-12\" data-category=\"content\" class=\"content-12 content-section content-section-spacing\" id=\"content-2\" style=\"background-color: rgb(255, 255, 255); background-image: none;\"><div  class=\"gridContainer\"> <div  class=\"row text-center\"><div  class=\"section-title-col\" data-type=\"column\"> <h2  class=\"\">Beneficios y caracter\u00edsticas<\/h2> <p  class=\"lead\" style=\"text-align: left;\">Las mantas ign\u00edfugas para almacenamiento de bater\u00edas de litio est\u00e1n dise\u00f1adas para soportar calor extremo, con una resistencia m\u00e1xima a la temperatura de hasta 1700\u202f\u00b0C. Pueden resistir temperaturas sostenidas de 1200\u202f\u00b0C durante per\u00edodos prolongados, lo que las convierte en una soluci\u00f3n fiable para contener incendios de bater\u00edas de litio en entornos de almacenamiento y transporte. Al privar al fuego de ox\u00edgeno, la manta a\u00edsla las llamas, evita la propagaci\u00f3n del incendio y reduce significativamente el humo, proporcionando a los equipos de emergencia un mayor control sobre la situaci\u00f3n.\n<br ><br >\nFabricada con un 96,6\u202f% de s\u00edlice de alta calidad y recubrimiento de silicona en ambas caras, esta manta ign\u00edfuga est\u00e1 espec\u00edficamente dise\u00f1ada para funcionar bajo las condiciones extremas de un incendio de bater\u00eda de litio. Es reutilizable hasta 30 veces y puede limpiarse despu\u00e9s de su uso, ofreciendo as\u00ed una soluci\u00f3n de seguridad contra incendios econ\u00f3mica y sostenible.\n<br ><br >\nLas mantas ign\u00edfugas para almacenamiento de bater\u00edas de litio han sido rigurosamente probadas y certificadas conforme a las normas DIN EN 13501-1 (certificaci\u00f3n A1 por KIWA\/MPA), ASTM D6413 y <a  data-mce-href=\"https:\/\/www.nfpa.org\/codes-and-standards\/nfpa-701-standard-development\/701\" href=\"https:\/\/www.nfpa.org\/codes-and-standards\/nfpa-701-standard-development\/701\" target=\"_blank\" rel=\"noopener\" data-mce-selected=\"inline-boundary\" data-cp-link=\"1\" class=\"\">NFPA 701<\/a>, garantizando el cumplimiento de las normativas internacionales de seguridad contra incendios. Gracias a sus grandes asas de colores, la manta puede desplegarse f\u00e1cilmente entre dos personas y se entrega con una bolsa de almacenamiento resistente e inteligente. Tambi\u00e9n est\u00e1 disponible un armario mural para un despliegue r\u00e1pido en caso de emergencia.\n<br ><br >\nRecomendamos cubrir su bater\u00eda de litio \u2014o cualquier otro tipo de bater\u00eda\u2014 con la manta ign\u00edfuga cuando no est\u00e9 en uso. Esto act\u00faa como una medida de seguridad preventiva, ayudando a reducir el riesgo de incendio antes de que ocurra, en lugar de actuar \u00fanicamente como una soluci\u00f3n de extinci\u00f3n. Si prefiere no mantener las bater\u00edas cubiertas todo el tiempo, tambi\u00e9n ofrecemos alternativas m\u00e1s econ\u00f3micas: el modelo Ultimate, reutilizable hasta 7 veces, y el modelo Economy, dise\u00f1ado para un solo uso.\n<br ><br ><b >\nOtros beneficios: <\/b>\n<br >\u2022 Apta para diversas aplicaciones de almacenamiento de bater\u00edas.<br >\n\u2022 Sin fecha de caducidad; vida \u00fatil superior a 25 a\u00f1os si se almacena correctamente.<br >\n\u2022 Tama\u00f1os personalizados disponibles bajo pedido.<br >\n\u2022 Tambi\u00e9n disponible en otros materiales.<\/p><a  class=\"button color1\" href=\"https:\/\/fireisolator.com\/es\/contacto\/\" target=\"_self\" data-cp-link=\"1\" data-icon=\"\">Contacte con nosotros para m\u00e1s informaci\u00f3n<\/a><\/div> <\/div> <div  class=\"row center-xs middle-xs\"> <div  class=\"col-sm-9\" data-type=\"column\"> <\/div> <\/div><\/div> <\/div>","protected":false},"excerpt":{"rendered":"<p>FIRE ISOLATOR Las mantas ign\u00edfugas para almacenamiento de bater\u00edas de litio Las mantas ign\u00edfugas para almacenamiento de bater\u00edas de litio son una soluci\u00f3n duradera y altamente eficaz para aislar incendios de bater\u00edas de litio, especialmente en almacenes u otras instalaciones de almacenamiento. Gracias a su alta resistencia a las temperaturas, estas mantas ayudan a evitar&hellip; <br \/> <a class=\"read-more\" href=\"https:\/\/fireisolator.com\/es\/mantas-ignifugas-para-almacenamiento-de-baterias-de-litio\/\">Leer m\u00e1s<\/a><\/p>\n","protected":false},"author":5,"featured_media":0,"parent":0,"menu_order":0,"comment_status":"closed","ping_status":"closed","template":"pro\/page-templates\/full-width-page.php","meta":{"_acf_changed":false,"content-type":"","inline_featured_image":false,"footnotes":""},"class_list":["post-7305","page","type-page","status-publish","hentry"],"acf":[],"yoast_head":"<!-- This site is optimized with the Yoast SEO Premium plugin v24.6 (Yoast SEO v24.6) - https:\/\/yoast.com\/wordpress\/plugins\/seo\/ -->\n<title>Mantas ign\u00edfugas para almacenamiento de bater\u00edas de litio &#8226; Fire Isolator<\/title>\n<meta name=\"description\" content=\"Las mantas ign\u00edfugas para almacenamiento de bater\u00edas de litio evitan la propagaci\u00f3n del fuego y reducen da\u00f1os en caso de incendio.\" \/>\n<meta name=\"robots\" content=\"index, follow, max-snippet:-1, max-image-preview:large, max-video-preview:-1\" \/>\n<link rel=\"canonical\" href=\"https:\/\/fireisolator.com\/es\/mantas-ignifugas-para-almacenamiento-de-baterias-de-litio\/\" \/>\n<meta property=\"og:locale\" content=\"es_ES\" \/>\n<meta property=\"og:type\" content=\"article\" \/>\n<meta property=\"og:title\" content=\"Mantas ign\u00edfugas para almacenamiento de bater\u00edas de litio\" \/>\n<meta property=\"og:description\" content=\"Las mantas ign\u00edfugas para almacenamiento de bater\u00edas de litio evitan la propagaci\u00f3n del fuego y reducen da\u00f1os en caso de incendio.\" \/>\n<meta property=\"og:url\" content=\"https:\/\/fireisolator.com\/es\/mantas-ignifugas-para-almacenamiento-de-baterias-de-litio\/\" \/>\n<meta property=\"og:site_name\" content=\"Fire Isolator\" \/>\n<meta property=\"article:modified_time\" content=\"2025-08-14T08:40:28+00:00\" \/>\n<meta name=\"twitter:card\" content=\"summary_large_image\" \/>\n<script type=\"application\/ld+json\" class=\"yoast-schema-graph\">{\"@context\":\"https:\/\/schema.org\",\"@graph\":[{\"@type\":\"WebPage\",\"@id\":\"https:\/\/fireisolator.com\/es\/mantas-ignifugas-para-almacenamiento-de-baterias-de-litio\/\",\"url\":\"https:\/\/fireisolator.com\/es\/mantas-ignifugas-para-almacenamiento-de-baterias-de-litio\/\",\"name\":\"Mantas ign\u00edfugas para almacenamiento de bater\u00edas de litio &#8226; Fire Isolator\",\"isPartOf\":{\"@id\":\"https:\/\/fireisolator.com\/es\/#website\"},\"datePublished\":\"2025-06-04T09:03:34+00:00\",\"dateModified\":\"2025-08-14T08:40:28+00:00\",\"description\":\"Las mantas ign\u00edfugas para almacenamiento de bater\u00edas de litio evitan la propagaci\u00f3n del fuego y reducen da\u00f1os en caso de incendio.\",\"breadcrumb\":{\"@id\":\"https:\/\/fireisolator.com\/es\/mantas-ignifugas-para-almacenamiento-de-baterias-de-litio\/#breadcrumb\"},\"inLanguage\":\"es\",\"potentialAction\":[{\"@type\":\"ReadAction\",\"target\":[\"https:\/\/fireisolator.com\/es\/mantas-ignifugas-para-almacenamiento-de-baterias-de-litio\/\"]}]},{\"@type\":\"BreadcrumbList\",\"@id\":\"https:\/\/fireisolator.com\/es\/mantas-ignifugas-para-almacenamiento-de-baterias-de-litio\/#breadcrumb\",\"itemListElement\":[{\"@type\":\"ListItem\",\"position\":1,\"name\":\"Home\",\"item\":\"https:\/\/fireisolator.com\/es\/\"},{\"@type\":\"ListItem\",\"position\":2,\"name\":\"Mantas ign\u00edfugas para almacenamiento de bater\u00edas de litio\"}]},{\"@type\":\"WebSite\",\"@id\":\"https:\/\/fireisolator.com\/es\/#website\",\"url\":\"https:\/\/fireisolator.com\/es\/\",\"name\":\"FIRE\u26a1\ufe0fISOLATOR\",\"description\":\"The solution to isolate EV car fires\",\"publisher\":{\"@id\":\"https:\/\/fireisolator.com\/es\/#organization\"},\"potentialAction\":[{\"@type\":\"SearchAction\",\"target\":{\"@type\":\"EntryPoint\",\"urlTemplate\":\"https:\/\/fireisolator.com\/es\/?s={search_term_string}\"},\"query-input\":{\"@type\":\"PropertyValueSpecification\",\"valueRequired\":true,\"valueName\":\"search_term_string\"}}],\"inLanguage\":\"es\"},{\"@type\":\"Organization\",\"@id\":\"https:\/\/fireisolator.com\/es\/#organization\",\"name\":\"Blomsma Signs & Safety\",\"url\":\"https:\/\/fireisolator.com\/es\/\",\"logo\":{\"@type\":\"ImageObject\",\"inLanguage\":\"es\",\"@id\":\"https:\/\/fireisolator.com\/es\/#\/schema\/logo\/image\/\",\"url\":\"\",\"contentUrl\":\"\",\"caption\":\"Blomsma Signs & Safety\"},\"image\":{\"@id\":\"https:\/\/fireisolator.com\/es\/#\/schema\/logo\/image\/\"}}]}<\/script>\n<!-- \/ Yoast SEO Premium plugin. -->","yoast_head_json":{"title":"Mantas ign\u00edfugas para almacenamiento de bater\u00edas de litio &#8226; Fire Isolator","description":"Las mantas ign\u00edfugas para almacenamiento de bater\u00edas de litio evitan la propagaci\u00f3n del fuego y reducen da\u00f1os en caso de incendio.","robots":{"index":"index","follow":"follow","max-snippet":"max-snippet:-1","max-image-preview":"max-image-preview:large","max-video-preview":"max-video-preview:-1"},"canonical":"https:\/\/fireisolator.com\/es\/mantas-ignifugas-para-almacenamiento-de-baterias-de-litio\/","og_locale":"es_ES","og_type":"article","og_title":"Mantas ign\u00edfugas para almacenamiento de bater\u00edas de litio","og_description":"Las mantas ign\u00edfugas para almacenamiento de bater\u00edas de litio evitan la propagaci\u00f3n del fuego y reducen da\u00f1os en caso de incendio.","og_url":"https:\/\/fireisolator.com\/es\/mantas-ignifugas-para-almacenamiento-de-baterias-de-litio\/","og_site_name":"Fire Isolator","article_modified_time":"2025-08-14T08:40:28+00:00","twitter_card":"summary_large_image","schema":{"@context":"https:\/\/schema.org","@graph":[{"@type":"WebPage","@id":"https:\/\/fireisolator.com\/es\/mantas-ignifugas-para-almacenamiento-de-baterias-de-litio\/","url":"https:\/\/fireisolator.com\/es\/mantas-ignifugas-para-almacenamiento-de-baterias-de-litio\/","name":"Mantas ign\u00edfugas para almacenamiento de bater\u00edas de litio &#8226; Fire Isolator","isPartOf":{"@id":"https:\/\/fireisolator.com\/es\/#website"},"datePublished":"2025-06-04T09:03:34+00:00","dateModified":"2025-08-14T08:40:28+00:00","description":"Las mantas ign\u00edfugas para almacenamiento de bater\u00edas de litio evitan la propagaci\u00f3n del fuego y reducen da\u00f1os en caso de incendio.","breadcrumb":{"@id":"https:\/\/fireisolator.com\/es\/mantas-ignifugas-para-almacenamiento-de-baterias-de-litio\/#breadcrumb"},"inLanguage":"es","potentialAction":[{"@type":"ReadAction","target":["https:\/\/fireisolator.com\/es\/mantas-ignifugas-para-almacenamiento-de-baterias-de-litio\/"]}]},{"@type":"BreadcrumbList","@id":"https:\/\/fireisolator.com\/es\/mantas-ignifugas-para-almacenamiento-de-baterias-de-litio\/#breadcrumb","itemListElement":[{"@type":"ListItem","position":1,"name":"Home","item":"https:\/\/fireisolator.com\/es\/"},{"@type":"ListItem","position":2,"name":"Mantas ign\u00edfugas para almacenamiento de bater\u00edas de litio"}]},{"@type":"WebSite","@id":"https:\/\/fireisolator.com\/es\/#website","url":"https:\/\/fireisolator.com\/es\/","name":"FIRE\u26a1\ufe0fISOLATOR","description":"The solution to isolate EV car fires","publisher":{"@id":"https:\/\/fireisolator.com\/es\/#organization"},"potentialAction":[{"@type":"SearchAction","target":{"@type":"EntryPoint","urlTemplate":"https:\/\/fireisolator.com\/es\/?s={search_term_string}"},"query-input":{"@type":"PropertyValueSpecification","valueRequired":true,"valueName":"search_term_string"}}],"inLanguage":"es"},{"@type":"Organization","@id":"https:\/\/fireisolator.com\/es\/#organization","name":"Blomsma Signs & Safety","url":"https:\/\/fireisolator.com\/es\/","logo":{"@type":"ImageObject","inLanguage":"es","@id":"https:\/\/fireisolator.com\/es\/#\/schema\/logo\/image\/","url":"","contentUrl":"","caption":"Blomsma Signs & Safety"},"image":{"@id":"https:\/\/fireisolator.com\/es\/#\/schema\/logo\/image\/"}}]}},"_links":{"self":[{"href":"https:\/\/fireisolator.com\/es\/wp-json\/wp\/v2\/pages\/7305","targetHints":{"allow":["GET"]}}],"collection":[{"href":"https:\/\/fireisolator.com\/es\/wp-json\/wp\/v2\/pages"}],"about":[{"href":"https:\/\/fireisolator.com\/es\/wp-json\/wp\/v2\/types\/page"}],"author":[{"embeddable":true,"href":"https:\/\/fireisolator.com\/es\/wp-json\/wp\/v2\/users\/5"}],"replies":[{"embeddable":true,"href":"https:\/\/fireisolator.com\/es\/wp-json\/wp\/v2\/comments?post=7305"}],"version-history":[{"count":5,"href":"https:\/\/fireisolator.com\/es\/wp-json\/wp\/v2\/pages\/7305\/revisions"}],"predecessor-version":[{"id":7743,"href":"https:\/\/fireisolator.com\/es\/wp-json\/wp\/v2\/pages\/7305\/revisions\/7743"}],"wp:attachment":[{"href":"https:\/\/fireisolator.com\/es\/wp-json\/wp\/v2\/media?parent=7305"}],"curies":[{"name":"wp","href":"https:\/\/api.w.org\/{rel}","templated":true}]}}