{"id":6137,"date":"2025-02-13T08:11:29","date_gmt":"2025-02-13T08:11:29","guid":{"rendered":"https:\/\/fireisolator.com\/?page_id=6137"},"modified":"2025-11-19T07:52:03","modified_gmt":"2025-11-19T07:52:03","slug":"accessoires","status":"publish","type":"page","link":"https:\/\/fireisolator.com\/nl\/accessoires\/","title":{"rendered":"Fire Isolator accessoires"},"content":{"rendered":"<div  data-label=\"Content\" data-id=\"content--1\" data-export-id=\"content-12\" data-category=\"content\" class=\"content-12 content-section content-section-spacing\" id=\"content-1\" style=\"background-color: rgb(255, 255, 255);\"><div  class=\"gridContainer\"> <div  class=\"row text-center\"><div  class=\"section-title-col\" data-type=\"column\"> <h2  class=\"\">Fire Isolator Accessoires<\/h2> <p  class=\"lead\">Naast onze kernproducten biedt Fire Isolator een reeks accessoires die zijn ontworpen om onze oplossingen te verbeteren en aan te vullen. Onze accessoires omvatten een duurzame en praktische stalen Cabinet, ideaal om uw Fire Isolator deken en andere essenti\u00eble apparatuur georganiseerd en gemakkelijk toegankelijk te houden. Voor moeiteloos transport van onze branddekens bieden we de Fire Isolator Trolley en Backpack. Daarnaast bieden we een Thermal Viewer, waarmee eerstehulpverleners nauwkeurig warmteniveaus kunnen meten en meer controle krijgen over de situatie. Bekijk hieronder ons volledige assortiment accessoires.<\/p><\/div> <\/div> <div  class=\"row center-xs middle-xs\"> <div  class=\"col-sm-9\" data-type=\"column\"> <\/div> <\/div><\/div> <\/div><div  data-label=\"Content\" data-id=\"content--2\" data-export-id=\"content-2\" data-category=\"content\" class=\"content-2 content-section content-section-spacing\" id=\"content-2\" style=\"background-color: rgb(255, 255, 255); background-image: none;\"><div > <div  class=\"row middle-xs\"><div  class=\"col-sm-5 bg-image shadow-large-black\" data-bg=\"image\" style=\"background-image: url(&quot;https:\/\/fireisolator.com\/wp-content\/uploads\/2025\/02\/Steel-Cabinet.jpg&quot;);\"><\/div> <div  class=\"col-sm-7 full-col-left-padding full-col-right-padding\"> <div  class=\"row\"> <div  data-type=\"column\" class=\"space-bottom-small content-title-col\"> <h5  class=\"\">FIRE ISOLATOR<\/h5> <h2  class=\"\">Stalen Cabinet<\/h2> <p  class=\"\">De Fire Isolator stalen Cabinet (FI-CABINET) is sterk gebouwd, speciaal gemaakt om de Fire Isolator branddeken en andere Fire Isolator producten veilig op te bergen. Deze kast biedt een veilige en handige opslagoplossing en houdt uw branddeken gemakkelijk toegankelijk, dicht bij potenti\u00eble brandrisico\u2019s.<\/p><\/div> <\/div> <div  class=\"row spaced-cols \" data-type=\"row\"> <div  class=\"col-xs-6\" data-type=\"column\"> <h5  class=\"\">MATERIAAL<\/h5> <p  class=\"\">De stalen Cabinet is gemaakt van 0,8 mm plaatstaal.<\/p><\/div> <div  class=\"col-xs-6\" data-type=\"column\"><h5  class=\"\">AFMETINGEN &amp; SPECIFICATIES<\/h5> <p  class=\"\"><a  data-mce-href=\"..\/..\/wp-content\/uploads\/2025\/01\/Datasheet_FireIsolator_SteelCabinet_2025.pdf\" href=\"..\/..\/wp-content\/uploads\/2025\/01\/Datasheet_FireIsolator_SteelCabinet_2025.pdf\" target=\"_blank\" rel=\"noopener\" data-mce-selected=\"inline-boundary\" data-cp-link=\"1\" class=\"\">Download hier<\/a> de datasheet van ons stalen Cabinet voor alle informatie.<\/p><\/div>   <\/div><\/div> <\/div><\/div> <\/div><div  data-label=\"Content\" data-id=\"content--3\" data-export-id=\"content-3\" data-category=\"content\" class=\"content-3 content-section content-section-spacing\" id=\"content-3\" style=\"background-color: rgb(255, 255, 255); background-image: none;\"><div > <div  class=\"row middle-xs\"><div  class=\"col-sm-7 full-col-left-padding full-col-right-padding\"> <div  class=\"row\"><div  data-type=\"column\" class=\"space-bottom-small content-title-col\"> <h5  class=\"\">FIRE ISOLATOR<\/h5> <h2  class=\"\">De Thermal Viewer<\/h2> <p  class=\"\">De Thermal Viewer (FI-TVIEW) is een lichtgewicht infraroodcamera met drie beeldmodi voor realtime temperatuurbewaking. Met een bereik van -20\u00b0C tot 1.000\u00b0C (-5\u00b0F tot 1.800\u00b0F) helpt hij eerstehulpverleners om brandrisico\u2019s te beoordelen. Met speciale analysesoftware voor de pc en een batterij die meer dan 7 uur meegaat, zorgt de Thermal Viewer voor precisie en betrouwbaarheid in kritieke situaties.<\/p><\/div> <\/div> <div  class=\"row spaced-cols\" data-type=\"row\"> <div  class=\"col-xs-6\" data-type=\"column\"> <h5  class=\"\">BEELDMODUS<\/h5> <p  class=\"\">Thermisch, Visueel &amp; Fusie<\/p><\/div> <div  class=\"col-xs-6\" data-type=\"column\"><h5  class=\"\">CERTIFICERINGEN<\/h5> <p  class=\"\">CE+UKCA.<\/p><\/div> <div  class=\"col-xs-6\" data-type=\"column\"><h5  class=\"\">AFMETINGEN &amp; SPECIFICATIES<\/h5> <p  class=\"\"><a  data-mce-href=\"..\/..\/wp-content\/uploads\/2025\/01\/Datasheet_FireIsolator_ThermalViewer_2025.pdf\" href=\"..\/..\/wp-content\/uploads\/2025\/01\/Datasheet_FireIsolator_ThermalViewer_2025.pdf\" target=\"_blank\" rel=\"noopener\" data-mce-selected=\"inline-boundary\" data-cp-link=\"1\" class=\"\">Download hier<\/a> de datasheet van de Thermal Viewer.<\/p><\/div> <div  class=\"col-xs-6\" data-type=\"column\"><h5  class=\"\">BEELDGEHEUGEN<\/h5> <p  class=\"\">216G.<\/p><\/div> <\/div><\/div> <div  class=\"col-sm-5 bg-image shadow-large-black revert-classes-holder\" data-bg=\"image\" style=\"background-image: url(&quot;https:\/\/fireisolator.com\/wp-content\/uploads\/2025\/02\/thermal-viewer-1.jpg&quot;);\"><\/div><\/div> <\/div><\/div><div  data-label=\"Content\" data-id=\"content--4\" data-export-id=\"content-2\" data-category=\"content\" class=\"content-2 content-section content-section-spacing\" id=\"content-4\" style=\"background-color: rgb(255, 255, 255); background-image: none;\"><div > <div  class=\"row middle-xs\"><div  class=\"col-sm-5 bg-image shadow-large-black\" data-bg=\"image\" style=\"background-image: url(&quot;https:\/\/fireisolator.com\/wp-content\/uploads\/2025\/02\/trollehy-1.jpg&quot;);\"><\/div> <div  class=\"col-sm-7 full-col-left-padding full-col-right-padding\"> <div  class=\"row\"> <div  data-type=\"column\" class=\"space-bottom-small content-title-col\"> <h5  class=\"\">FIRE ISOLATOR<\/h5> <h2  class=\"\">De branddeken Trolley<\/h2> <p  class=\"\">De Fire Isolator Trolley (FI-TRBAG) is een compacte, gemakkelijk te verplaatsen tas met wielen voor onze branddeken. De Trolley weegt 40 kg wanneer de branddeken erin zit, heeft duurzame wielen en interne riemen voor veilige opslag. Hij is ontworpen voor snelle inzet in noodgevallen en bevat een handleiding en een klittenbandstrip voor snelle toegang.<\/p><\/div> <\/div> <div  class=\"row spaced-cols \" data-type=\"row\"> <div  class=\"col-xs-6\" data-type=\"column\"> <h5  class=\"\">MATERIALEN<\/h5> <p  class=\"\">Gecoat PVC aan beide zijden.<\/p><\/div> <div  class=\"col-xs-6\" data-type=\"column\"><h5  class=\"\">AFMETINGEN &amp; SPECIFICATIES<\/h5> <p  class=\"\"><a  data-mce-href=\"..\/..\/wp-content\/uploads\/2025\/01\/Datasheet_FireIsolator_Trolley_2025.pdf\" href=\"..\/..\/wp-content\/uploads\/2025\/01\/Datasheet_FireIsolator_Trolley_2025.pdf\" target=\"_blank\" rel=\"noopener\" data-mce-selected=\"inline-boundary\" data-cp-link=\"1\" class=\"\">Download hier<\/a> de datasheet van de Fire Isolator Trolley voor meer informatie.<\/p><\/div>   <\/div><\/div> <\/div><\/div> <\/div><div  data-label=\"Content\" data-id=\"content--5\" data-export-id=\"content-3\" data-category=\"content\" class=\"content-3 content-section content-section-spacing\" id=\"content-5\" style=\"background-color: rgb(255, 255, 255); background-image: none;\"><div > <div  class=\"row middle-xs\"><div  class=\"col-sm-7 full-col-left-padding full-col-right-padding\"> <div  class=\"row\"><div  data-type=\"column\" class=\"space-bottom-small content-title-col\"> <h5  class=\"\">FIRE ISOLATOR<\/h5> <h2  class=\"\">De Fire Isolator Rugzak<\/h2> <p  class=\"\">Met de Fire Isolator BackPack (FI-BBAG) kan onze branddeken door \u00e9\u00e9n persoon worden gedragen. De rugzak weegt 40 kg in ingepakte toestand en het ergonomische ontwerp, de gevoerde riemen en de interne compartimenten zorgen voor een veilig en comfortabel transport.<\/p><\/div> <\/div> <div  class=\"row spaced-cols\" data-type=\"row\"> <div  class=\"col-xs-6\" data-type=\"column\"> <h5  class=\"\">MATERIAAL<\/h5> <p  class=\"\">Gecoat PVC aan beide zijden.<\/p><\/div> <div  class=\"col-xs-6\" data-type=\"column\"><h5  class=\"\">AFMETINGEN &amp; SPECIFICATIES<\/h5> <p  class=\"\"><a  data-mce-href=\"..\/..\/wp-content\/uploads\/2025\/01\/Datasheet_FireIsolator_Backpack_2025.pdf\" href=\"..\/..\/wp-content\/uploads\/2025\/01\/Datasheet_FireIsolator_Backpack_2025.pdf\" target=\"_blank\" rel=\"noopener\" data-mce-selected=\"inline-boundary\" data-cp-link=\"1\" class=\"\">Download hier<\/a> de datasheet van de Fire Isolator Rugzak.<\/p><\/div>   <\/div><\/div> <div  class=\"col-sm-5 bg-image shadow-large-black revert-classes-holder\" data-bg=\"image\" style=\"background-image: url(&quot;https:\/\/fireisolator.com\/wp-content\/uploads\/2025\/02\/fire-blanket-backpacks-1.jpg&quot;);\"><\/div><\/div> <\/div><\/div><div  data-label=\"Content\" data-id=\"content--6\" data-export-id=\"content-2\" data-category=\"content\" class=\"content-2 content-section content-section-spacing\" id=\"content-6\" style=\"background-color: rgb(255, 255, 255); background-image: none;\"><div > <div  class=\"row middle-xs\"><div  class=\"col-sm-5 bg-image shadow-large-black\" data-bg=\"image\" style=\"background-image: url(&quot;https:\/\/fireisolator.com\/wp-content\/uploads\/2025\/02\/EV-fire-gun.jpg&quot;);\"><\/div> <div  class=\"col-sm-7 full-col-left-padding full-col-right-padding\"> <div  class=\"row\"> <div  data-type=\"column\" class=\"space-bottom-small content-title-col\"> <h5  class=\"\">FIRE ISOLATOR<\/h5> <h2  class=\"\">De EV Fire Gun<\/h2> <p  class=\"\">De Fire Isolator EV fire Gun (FI-FIREGUN) is een instrument dat is ontwikkeld om een accu te penetreren en te overspoelen met water. Op deze manier kan men proberen de brand in de accu te blussen. Uit vele tests is gebleken dat het EV Fire Gun een effectieve manier is om te voorkomen dat de brand zich uitbreidt.&nbsp;<\/p><\/div> <\/div> <div  class=\"row spaced-cols \" data-type=\"row\"> <div  class=\"col-xs-6\" data-type=\"column\"> <h5  class=\"\">AFMETINGEN &amp; SPECIFICATIES<\/h5> <p  class=\"\"><a  data-mce-href=\"..\/..\/wp-content\/uploads\/2025\/01\/Datasheet_FireIsolator_FireGun_2025.pdf\" href=\"..\/..\/wp-content\/uploads\/2025\/01\/Datasheet_FireIsolator_FireGun_2025.pdf\" target=\"_blank\" rel=\"noopener\" data-mce-selected=\"inline-boundary\" data-cp-link=\"1\" class=\"\">Klik hier<\/a> om de datasheet van de EV Fire Gun te downloaden.<\/p><\/div>    <\/div><\/div> <\/div><\/div> <\/div><div  data-label=\"Content\" data-id=\"content--7\" data-export-id=\"content-3\" data-category=\"content\" class=\"content-3 content-section content-section-spacing\" id=\"content-7\" style=\"background-color: rgb(255, 255, 255);\"><div > <div  class=\"row middle-xs\"><div  class=\"col-sm-7 full-col-left-padding full-col-right-padding\"> <div  class=\"row\"><div  data-type=\"column\" class=\"space-bottom-small content-title-col\"> <h5  class=\"\">FIRE ISOLATOR<\/h5> <h2  class=\"\">De Fireman\u2019s Axe<\/h2> <p  class=\"\">De brandweerbijl (FI-FAX) is een essentieel gereedschap voor brandweerlieden, ontworpen voor een breed scala aan brandbestrijdings- en reddingswerkzaamheden. Hiermee kunnen obstakels snel en effectief worden doorbroken, zodat brandweerlieden de getroffen gebieden kunnen bereiken. De brandweerbijl heeft een duurzaam fiberglas handvat en is ontworpen en getest in overeenstemming met de FSS Code.<\/p><\/div> <\/div> <div  class=\"row spaced-cols\" data-type=\"row\"> <div  class=\"col-xs-6\" data-type=\"column\"> <h5  class=\"\">MATERIALEN<\/h5> <p  class=\"\">Stalen lemmet en glasvezel handvat. Hoogspanningsisolatie kan op verzoek worden geleverd.<\/p><\/div> <div  class=\"col-xs-6\" data-type=\"column\"><h5  class=\"\">AFMETINGEN &amp; SPECIFICATIES<\/h5> <p  class=\"\"><a  data-mce-href=\"..\/..\/wp-content\/uploads\/2025\/01\/Datasheet-Fire-Isolator-FI-FAX-Fireman-Axe_2025.pdf\" href=\"..\/..\/wp-content\/uploads\/2025\/01\/Datasheet-Fire-Isolator-FI-FAX-Fireman-Axe_2025.pdf\" target=\"_self\" data-mce-selected=\"inline-boundary\" data-cp-link=\"1\" class=\"\">Download hier<\/a> de datasheet van de Fireman\u2019s Axe voor alle informatie.<\/p><\/div>   <\/div><\/div> <div  class=\"col-sm-5 bg-image shadow-large-black revert-classes-holder\" data-bg=\"image\" style=\"background-image: url(&quot;https:\/\/fireisolator.com\/wp-content\/uploads\/2025\/02\/firemans-axe-1.jpg&quot;);\"><\/div><\/div> <\/div><\/div><div  data-label=\"Content\" data-id=\"content--8\" data-export-id=\"content-2\" data-category=\"content\" class=\"content-2 content-section content-section-spacing\" id=\"content-8\" style=\"background-color: rgb(255, 255, 255); background-image: none;\"><div > <div  class=\"row middle-xs\"><div  class=\"col-sm-5 bg-image shadow-large-black\" data-bg=\"image\" style=\"background-image: url(&quot;https:\/\/fireisolator.com\/wp-content\/uploads\/The-FIre-Isolator-Kit-GRP-Box-1.jpg&quot;);\"><\/div> <div  class=\"col-sm-7 full-col-left-padding full-col-right-padding\"> <div  class=\"row\"> <div  data-type=\"column\" class=\"space-bottom-small content-title-col\"> <h5  class=\"\">FIRE ISOLATOR<\/h5> <h2  class=\"\">Fire Isolator Kit &amp; GRP Box<\/h2> <p  class=\"\">De Fire Isolator GRP Box kan afzonderlijk worden aangeschaft of als onderdeel van de Fire Isolator KIT, die de Fire Blanket Ultimate, Aerosol units, de Watermist lance en de Fireman\u2019s Axe bevat. Deze hoogwaardige, duurzame box is ontworpen om elk klimaat te weerstaan, waardoor hij ideaal is voor langdurig buitengebruik. Bovendien biedt hij ruimte voor de Watermist Stick 26, zodat al uw essenti\u00eble hulpmiddelen veilig op \u00e9\u00e9n plek kunnen worden opgeborgen.<\/p><\/div> <\/div> <div  class=\"row spaced-cols \" data-type=\"row\">  <div  class=\"col-xs-6\" data-type=\"column\"> <\/div>   <\/div><\/div> <\/div><\/div> <\/div>","protected":false},"excerpt":{"rendered":"<p>Fire Isolator Accessoires Naast onze kernproducten biedt Fire Isolator een reeks accessoires die zijn ontworpen om onze oplossingen te verbeteren en aan te vullen. Onze accessoires omvatten een duurzame en praktische stalen Cabinet, ideaal om uw Fire Isolator deken en andere essenti\u00eble apparatuur georganiseerd en gemakkelijk toegankelijk te houden. Voor moeiteloos transport van onze branddekens&hellip; <br \/> <a class=\"read-more\" href=\"https:\/\/fireisolator.com\/nl\/accessoires\/\">Lees verder<\/a><\/p>\n","protected":false},"author":5,"featured_media":0,"parent":0,"menu_order":0,"comment_status":"closed","ping_status":"closed","template":"pro\/page-templates\/full-width-page.php","meta":{"_acf_changed":false,"content-type":"","inline_featured_image":false,"footnotes":""},"class_list":["post-6137","page","type-page","status-publish","hentry"],"acf":[],"yoast_head":"<!-- This site is optimized with the Yoast SEO Premium plugin v24.6 (Yoast SEO v24.6) - https:\/\/yoast.com\/wordpress\/plugins\/seo\/ -->\n<title>Fire Isolator accessoires &#8226; Fire Isolator<\/title>\n<meta name=\"description\" content=\"Naast onze kernproducten biedt Fire Isolator diverse accessoires die onze oplossingen aanvullen en versterken.\" \/>\n<meta name=\"robots\" content=\"index, follow, max-snippet:-1, max-image-preview:large, max-video-preview:-1\" \/>\n<link rel=\"canonical\" href=\"https:\/\/fireisolator.com\/nl\/accessoires\/\" \/>\n<meta property=\"og:locale\" content=\"nl_NL\" \/>\n<meta property=\"og:type\" content=\"article\" \/>\n<meta property=\"og:title\" content=\"Fire Isolator accessoires\" \/>\n<meta property=\"og:description\" content=\"Naast onze kernproducten biedt Fire Isolator diverse accessoires die onze oplossingen aanvullen en versterken.\" \/>\n<meta property=\"og:url\" content=\"https:\/\/fireisolator.com\/nl\/accessoires\/\" \/>\n<meta property=\"og:site_name\" content=\"Fire Isolator\" \/>\n<meta property=\"article:modified_time\" content=\"2025-11-19T07:52:03+00:00\" \/>\n<meta name=\"twitter:card\" content=\"summary_large_image\" \/>\n<script type=\"application\/ld+json\" class=\"yoast-schema-graph\">{\"@context\":\"https:\/\/schema.org\",\"@graph\":[{\"@type\":\"WebPage\",\"@id\":\"https:\/\/fireisolator.com\/nl\/accessoires\/\",\"url\":\"https:\/\/fireisolator.com\/nl\/accessoires\/\",\"name\":\"Fire Isolator accessoires &#8226; Fire Isolator\",\"isPartOf\":{\"@id\":\"https:\/\/fireisolator.com\/nl\/#website\"},\"datePublished\":\"2025-02-13T08:11:29+00:00\",\"dateModified\":\"2025-11-19T07:52:03+00:00\",\"description\":\"Naast onze kernproducten biedt Fire Isolator diverse accessoires die onze oplossingen aanvullen en versterken.\",\"breadcrumb\":{\"@id\":\"https:\/\/fireisolator.com\/nl\/accessoires\/#breadcrumb\"},\"inLanguage\":\"nl-NL\",\"potentialAction\":[{\"@type\":\"ReadAction\",\"target\":[\"https:\/\/fireisolator.com\/nl\/accessoires\/\"]}]},{\"@type\":\"BreadcrumbList\",\"@id\":\"https:\/\/fireisolator.com\/nl\/accessoires\/#breadcrumb\",\"itemListElement\":[{\"@type\":\"ListItem\",\"position\":1,\"name\":\"Home\",\"item\":\"https:\/\/fireisolator.com\/nl\/\"},{\"@type\":\"ListItem\",\"position\":2,\"name\":\"Fire Isolator accessoires\"}]},{\"@type\":\"WebSite\",\"@id\":\"https:\/\/fireisolator.com\/nl\/#website\",\"url\":\"https:\/\/fireisolator.com\/nl\/\",\"name\":\"FIRE\u26a1\ufe0fISOLATOR\",\"description\":\"The solution to isolate EV car fires\",\"publisher\":{\"@id\":\"https:\/\/fireisolator.com\/nl\/#organization\"},\"potentialAction\":[{\"@type\":\"SearchAction\",\"target\":{\"@type\":\"EntryPoint\",\"urlTemplate\":\"https:\/\/fireisolator.com\/nl\/?s={search_term_string}\"},\"query-input\":{\"@type\":\"PropertyValueSpecification\",\"valueRequired\":true,\"valueName\":\"search_term_string\"}}],\"inLanguage\":\"nl-NL\"},{\"@type\":\"Organization\",\"@id\":\"https:\/\/fireisolator.com\/nl\/#organization\",\"name\":\"Blomsma Signs & Safety\",\"url\":\"https:\/\/fireisolator.com\/nl\/\",\"logo\":{\"@type\":\"ImageObject\",\"inLanguage\":\"nl-NL\",\"@id\":\"https:\/\/fireisolator.com\/nl\/#\/schema\/logo\/image\/\",\"url\":\"\",\"contentUrl\":\"\",\"caption\":\"Blomsma Signs & Safety\"},\"image\":{\"@id\":\"https:\/\/fireisolator.com\/nl\/#\/schema\/logo\/image\/\"}}]}<\/script>\n<!-- \/ Yoast SEO Premium plugin. -->","yoast_head_json":{"title":"Fire Isolator accessoires &#8226; Fire Isolator","description":"Naast onze kernproducten biedt Fire Isolator diverse accessoires die onze oplossingen aanvullen en versterken.","robots":{"index":"index","follow":"follow","max-snippet":"max-snippet:-1","max-image-preview":"max-image-preview:large","max-video-preview":"max-video-preview:-1"},"canonical":"https:\/\/fireisolator.com\/nl\/accessoires\/","og_locale":"nl_NL","og_type":"article","og_title":"Fire Isolator accessoires","og_description":"Naast onze kernproducten biedt Fire Isolator diverse accessoires die onze oplossingen aanvullen en versterken.","og_url":"https:\/\/fireisolator.com\/nl\/accessoires\/","og_site_name":"Fire Isolator","article_modified_time":"2025-11-19T07:52:03+00:00","twitter_card":"summary_large_image","schema":{"@context":"https:\/\/schema.org","@graph":[{"@type":"WebPage","@id":"https:\/\/fireisolator.com\/nl\/accessoires\/","url":"https:\/\/fireisolator.com\/nl\/accessoires\/","name":"Fire Isolator accessoires &#8226; Fire Isolator","isPartOf":{"@id":"https:\/\/fireisolator.com\/nl\/#website"},"datePublished":"2025-02-13T08:11:29+00:00","dateModified":"2025-11-19T07:52:03+00:00","description":"Naast onze kernproducten biedt Fire Isolator diverse accessoires die onze oplossingen aanvullen en versterken.","breadcrumb":{"@id":"https:\/\/fireisolator.com\/nl\/accessoires\/#breadcrumb"},"inLanguage":"nl-NL","potentialAction":[{"@type":"ReadAction","target":["https:\/\/fireisolator.com\/nl\/accessoires\/"]}]},{"@type":"BreadcrumbList","@id":"https:\/\/fireisolator.com\/nl\/accessoires\/#breadcrumb","itemListElement":[{"@type":"ListItem","position":1,"name":"Home","item":"https:\/\/fireisolator.com\/nl\/"},{"@type":"ListItem","position":2,"name":"Fire Isolator accessoires"}]},{"@type":"WebSite","@id":"https:\/\/fireisolator.com\/nl\/#website","url":"https:\/\/fireisolator.com\/nl\/","name":"FIRE\u26a1\ufe0fISOLATOR","description":"The solution to isolate EV car fires","publisher":{"@id":"https:\/\/fireisolator.com\/nl\/#organization"},"potentialAction":[{"@type":"SearchAction","target":{"@type":"EntryPoint","urlTemplate":"https:\/\/fireisolator.com\/nl\/?s={search_term_string}"},"query-input":{"@type":"PropertyValueSpecification","valueRequired":true,"valueName":"search_term_string"}}],"inLanguage":"nl-NL"},{"@type":"Organization","@id":"https:\/\/fireisolator.com\/nl\/#organization","name":"Blomsma Signs & Safety","url":"https:\/\/fireisolator.com\/nl\/","logo":{"@type":"ImageObject","inLanguage":"nl-NL","@id":"https:\/\/fireisolator.com\/nl\/#\/schema\/logo\/image\/","url":"","contentUrl":"","caption":"Blomsma Signs & Safety"},"image":{"@id":"https:\/\/fireisolator.com\/nl\/#\/schema\/logo\/image\/"}}]}},"_links":{"self":[{"href":"https:\/\/fireisolator.com\/nl\/wp-json\/wp\/v2\/pages\/6137","targetHints":{"allow":["GET"]}}],"collection":[{"href":"https:\/\/fireisolator.com\/nl\/wp-json\/wp\/v2\/pages"}],"about":[{"href":"https:\/\/fireisolator.com\/nl\/wp-json\/wp\/v2\/types\/page"}],"author":[{"embeddable":true,"href":"https:\/\/fireisolator.com\/nl\/wp-json\/wp\/v2\/users\/5"}],"replies":[{"embeddable":true,"href":"https:\/\/fireisolator.com\/nl\/wp-json\/wp\/v2\/comments?post=6137"}],"version-history":[{"count":11,"href":"https:\/\/fireisolator.com\/nl\/wp-json\/wp\/v2\/pages\/6137\/revisions"}],"predecessor-version":[{"id":8019,"href":"https:\/\/fireisolator.com\/nl\/wp-json\/wp\/v2\/pages\/6137\/revisions\/8019"}],"wp:attachment":[{"href":"https:\/\/fireisolator.com\/nl\/wp-json\/wp\/v2\/media?parent=6137"}],"curies":[{"name":"wp","href":"https:\/\/api.w.org\/{rel}","templated":true}]}}