{"id":7237,"date":"2025-06-04T09:03:34","date_gmt":"2025-06-04T09:03:34","guid":{"rendered":"https:\/\/fireisolator.com\/?page_id=7237"},"modified":"2025-08-14T08:31:48","modified_gmt":"2025-08-14T08:31:48","slug":"branddekens-voor-opslag-van-lithiumbatterijen","status":"publish","type":"page","link":"https:\/\/fireisolator.com\/nl\/branddekens-voor-opslag-van-lithiumbatterijen\/","title":{"rendered":"Branddekens voor opslag van lithiumbatterijen"},"content":{"rendered":"<div  data-label=\"Content\" data-id=\"content--1\" data-export-id=\"content-2\" data-category=\"content\" class=\"content-2 content-section content-section-spacing\" id=\"content-1\" style=\"background-color: rgb(255, 255, 255);\"><div > <div  class=\"row middle-xs\"><div  class=\"col-sm-5 bg-image shadow-large-black\" data-bg=\"image\" style=\"background-image: url(&quot;https:\/\/fireisolator.com\/wp-content\/uploads\/LIthium-battery-storage-fire-blanket-3-2.jpg&quot;);\"><\/div> <div  class=\"col-sm-7 full-col-left-padding full-col-right-padding\"> <div  class=\"row\"> <div  data-type=\"column\" class=\"space-bottom-small content-title-col\"> <h5  class=\"\">FIRE ISOLATOR<\/h5> <h2  class=\"\">Branddekens voor opslag van lithiumbatterijen<\/h2> <p  class=\"\">Lithiumbatterij opslag-branddekens zijn een duurzame en uiterst effectieve oplossing voor het isoleren van lithiumbatterijbranden, met name in magazijnen of andere opslagfaciliteiten. Dankzij hun hoge temperatuurbestendigheid helpen deze dekens de verspreiding van vuur te voorkomen en de nevenschade in de omgeving aanzienlijk te beperken.<\/p><\/div> <\/div> <div  class=\"row spaced-cols \" data-type=\"row\"> <div  class=\"col-xs-6\" data-type=\"column\"> <h5  class=\"\">MATERIALEN<\/h5> <p  class=\"\" aria-label=\"To enrich screen reader interactions, please activate Accessibility in Grammarly extension settings\">Verkrijgbaar in 3 types hoogtemperatuurbestendig silicium materiaal, tot 2050\u202f\u00b0C, met of zonder coating.<\/p><\/div> <div  class=\"col-xs-6\" data-type=\"column\"><h5  class=\"\">TESTS<\/h5> <p  class=\"\" aria-label=\"To enrich screen reader interactions, please activate Accessibility in Grammarly extension settings\">Getest volgens de normen ISO EN 13501-1, DIN 91489, ASTM D6413 en NFPA 701.<\/p><\/div> <div  class=\"col-xs-6\" data-type=\"column\"><h5  class=\"\">AFMETINGEN &amp; SPECIFICATIES<\/h5> <p  class=\"\">Standard maten zijn 3\u00d73, 4\u00d74 or 6\u00d76 meter.<\/p><\/div> <div  class=\"col-xs-6\" data-type=\"column\"><h5  class=\"\">EASY TO DEPLOY<\/h5> <p  class=\"\">Gemakkelijk in gebruik, voorzien van gekleurde lussen.<\/p><\/div> <\/div><\/div> <\/div><\/div> <\/div><div  data-label=\"Cta\" data-id=\"cta--1\" data-export-id=\"cta-blue-section\" data-category=\"cta\" class=\"cta-blue-section content-section content-section-spacing-medium bg-color1 white-text\" id=\"cta-1\"><div  class=\"gridContainer\"> <div  class=\"row middle-xs\"><div  class=\"col-sm-8 space-bottom-xs\" data-type=\"column\"> <h2  class=\"\">Neem gerust contact op!<\/h2> <\/div> <div  class=\"col-sm-4 end-sm\" data-type=\"column\"> <a  class=\"button color-white dark-text\" href=\"https:\/\/fireisolator.com\/nl\/contact\/\" target=\"_self\" data-cp-link=\"1\" data-icon=\"\">CONTACT OPNEMEN<\/a><\/div> <\/div><\/div> <\/div><div  data-label=\"Gallery\" data-id=\"gallery--1\" data-export-id=\"gallery-2\" data-category=\"gallery\" class=\"gallery-2 content-section content-section-spacing\" id=\"gallery-1\" style=\"background-color: rgb(255, 255, 255);\"><div  class=\"\"> <div  class=\"row\"><div  class=\"col-xs-12 full-no-padding\" data-editable=\"true\" data-content-shortcode=\"mesmerize_gallery id=&quot;mesmerize-gallery-2&quot; columns=&quot;4&quot; ids=&quot;7249,7257,7253,7243&quot; lb=&quot;1&quot; masonry=&quot;0&quot; size=&quot;large&quot; link=&quot;file&quot; \"><div id='mesmerize-gallery-2' class='gallery-wrapper'><style type=\"text\/css\">\n                    @media only screen and (min-width: 768px) {\n                    [data-unique-id='mesmerize-gallery-2-69d7db8aa04ae'] dl {\n                        float: left;\n                        width: 25% !important;\n                        max-width:  25% !important;\n                        min-width:  25% !important;\n                    }\n\n                    [data-unique-id='mesmerize-gallery-2-69d7db8aa04ae'] dl:nth-of-type(4n +1 ) {\n                      clear: both;\n                      }\n                    }\n                <\/style><div id='mesmerize-gallery-2' class='mesmerize-gallery-2-dls-wrapper gallery-items-wrapper materialis-gallery' data-unique-id='mesmerize-gallery-2-69d7db8aa04ae'><dl class='gallery-item'>\n\t\t\t<dt class='gallery-icon landscape'>\n\t\t\t\t<a data-fancybox=\"mesmerize-gallery-2-group\" href='https:\/\/fireisolator.com\/wp-content\/uploads\/ultra-lithium-battery-fire-blanket-2-1.jpg'><img decoding=\"async\"  width=\"1024\" height=\"597\" src=\"https:\/\/fireisolator.com\/wp-content\/uploads\/ultra-lithium-battery-fire-blanket-2-1-1024x597.jpg\"  class='mesmerize-gallery-2-image' alt=\"Branddekens voor opslag van lithiumbatterijen\" srcset=\"https:\/\/fireisolator.com\/wp-content\/uploads\/ultra-lithium-battery-fire-blanket-2-1-1024x597.jpg 1024w, https:\/\/fireisolator.com\/wp-content\/uploads\/ultra-lithium-battery-fire-blanket-2-1-300x175.jpg 300w, https:\/\/fireisolator.com\/wp-content\/uploads\/ultra-lithium-battery-fire-blanket-2-1-150x88.jpg 150w, https:\/\/fireisolator.com\/wp-content\/uploads\/ultra-lithium-battery-fire-blanket-2-1-768x448.jpg 768w, https:\/\/fireisolator.com\/wp-content\/uploads\/ultra-lithium-battery-fire-blanket-2-1.jpg 1500w\" sizes=\"(max-width: 1024px) 100vw, 1024px\" \/><\/a>\n\t\t\t<\/dt><\/dl><dl class='gallery-item'>\n\t\t\t<dt class='gallery-icon landscape'>\n\t\t\t\t<a data-fancybox=\"mesmerize-gallery-2-group\" href='https:\/\/fireisolator.com\/wp-content\/uploads\/lithium-fire-blanket-bag.jpg'><img decoding=\"async\"  width=\"1024\" height=\"597\" src=\"https:\/\/fireisolator.com\/wp-content\/uploads\/lithium-fire-blanket-bag-1024x597.jpg\"  class='mesmerize-gallery-2-image' alt=\"Branddekens voor opslag van lithiumbatterijen\" srcset=\"https:\/\/fireisolator.com\/wp-content\/uploads\/lithium-fire-blanket-bag-1024x597.jpg 1024w, https:\/\/fireisolator.com\/wp-content\/uploads\/lithium-fire-blanket-bag-300x175.jpg 300w, https:\/\/fireisolator.com\/wp-content\/uploads\/lithium-fire-blanket-bag-150x88.jpg 150w, https:\/\/fireisolator.com\/wp-content\/uploads\/lithium-fire-blanket-bag-768x448.jpg 768w, https:\/\/fireisolator.com\/wp-content\/uploads\/lithium-fire-blanket-bag.jpg 1500w\" sizes=\"(max-width: 1024px) 100vw, 1024px\" \/><\/a>\n\t\t\t<\/dt><\/dl><dl class='gallery-item'>\n\t\t\t<dt class='gallery-icon landscape'>\n\t\t\t\t<a data-fancybox=\"mesmerize-gallery-2-group\" href='https:\/\/fireisolator.com\/wp-content\/uploads\/ultra-lithium-battery-fire-blanket-1.jpg'><img decoding=\"async\"  width=\"1024\" height=\"597\" src=\"https:\/\/fireisolator.com\/wp-content\/uploads\/ultra-lithium-battery-fire-blanket-1-1024x597.jpg\"  class='mesmerize-gallery-2-image' alt=\"Branddekens voor opslag van lithiumbatterijen\" srcset=\"https:\/\/fireisolator.com\/wp-content\/uploads\/ultra-lithium-battery-fire-blanket-1-1024x597.jpg 1024w, https:\/\/fireisolator.com\/wp-content\/uploads\/ultra-lithium-battery-fire-blanket-1-300x175.jpg 300w, https:\/\/fireisolator.com\/wp-content\/uploads\/ultra-lithium-battery-fire-blanket-1-150x88.jpg 150w, https:\/\/fireisolator.com\/wp-content\/uploads\/ultra-lithium-battery-fire-blanket-1-768x448.jpg 768w, https:\/\/fireisolator.com\/wp-content\/uploads\/ultra-lithium-battery-fire-blanket-1.jpg 1500w\" sizes=\"(max-width: 1024px) 100vw, 1024px\" \/><\/a>\n\t\t\t<\/dt><\/dl><dl class='gallery-item'>\n\t\t\t<dt class='gallery-icon landscape'>\n\t\t\t\t<a data-fancybox=\"mesmerize-gallery-2-group\" href='https:\/\/fireisolator.com\/wp-content\/uploads\/lithium-fire-blanket-4.jpg'><img decoding=\"async\"  width=\"1024\" height=\"597\" src=\"https:\/\/fireisolator.com\/wp-content\/uploads\/lithium-fire-blanket-4-1024x597.jpg\"  class='mesmerize-gallery-2-image' alt=\"Branddekens voor opslag van lithiumbatterijen\" srcset=\"https:\/\/fireisolator.com\/wp-content\/uploads\/lithium-fire-blanket-4-1024x597.jpg 1024w, https:\/\/fireisolator.com\/wp-content\/uploads\/lithium-fire-blanket-4-300x175.jpg 300w, https:\/\/fireisolator.com\/wp-content\/uploads\/lithium-fire-blanket-4-150x88.jpg 150w, https:\/\/fireisolator.com\/wp-content\/uploads\/lithium-fire-blanket-4-768x448.jpg 768w, https:\/\/fireisolator.com\/wp-content\/uploads\/lithium-fire-blanket-4.jpg 1500w\" sizes=\"(max-width: 1024px) 100vw, 1024px\" \/><\/a>\n\t\t\t<\/dt><\/dl>\n\t\t<\/div>\n<script>(function($){window.MaterialisCaptionsGallery && window.MaterialisCaptionsGallery($('[data-unique-id=\"mesmerize-gallery-2-69d7db8aa04ae\"]'))})(jQuery)<\/script><\/div><\/div><\/div> <\/div><\/div><div  data-label=\"Content\" data-id=\"content--2\" data-export-id=\"content-12\" data-category=\"content\" class=\"content-12 content-section content-section-spacing\" id=\"content-2\" style=\"background-color: rgb(255, 255, 255); background-image: none;\"><div  class=\"gridContainer\"> <div  class=\"row text-center\"><div  class=\"section-title-col\" data-type=\"column\"> <h2  class=\"\">Voordelen en kenmerken<\/h2> <p  class=\"lead\" style=\"text-align: left;\">De Branddekens voor opslag van lithiumbatterijen zijn ontworpen om extreme hitte te weerstaan, met een piektemperatuurbestendigheid tot 1700\u202f\u00b0C. De deken kan langdurig temperaturen van 1200\u202f\u00b0C weerstaan, waardoor het een betrouwbare oplossing is voor het beheersen van lithiumbatterijbranden bij opslag en transport. Door het vuur van zuurstof te ontnemen, isoleert de deken de vlammen, voorkomt verdere verspreiding en vermindert de rookontwikkeling aanzienlijk, wat hulpdiensten betere controle over de situatie geeft.\n<br ><br >\nGemaakt van 96,6% hoogwaardig silica en voorzien van een dubbele siliconencoating, zijn de ultra branddekens speciaal ontwikkeld om te presteren onder de extreme omstandigheden van een lithiumbatterijbrand. De dekens zijn herbruikbaar tot 30 keer en kunnen na gebruik worden gereinigd, waardoor ze een kosteneffici\u00ebnte en duurzame brandveiligheidsoplossing bieden.\n<br ><br >\nDe Branddekens voor opslag van lithiumbatterijen zijn grondig getest en gecertificeerd volgens de normen DIN EN 13501-1 (A1-gecertificeerd door KIWA\/MPA), ASTM D6413 en <a  data-mce-href=\"https:\/\/www.nfpa.org\/codes-and-standards\/nfpa-701-standard-development\/701\" href=\"https:\/\/www.nfpa.org\/codes-and-standards\/nfpa-701-standard-development\/701\" target=\"_blank\" rel=\"noopener\" data-mce-selected=\"inline-boundary\" data-cp-link=\"1\" class=\"\">NFPA 701<\/a>, en voldoen daarmee aan internationale brandveiligheidsvoorschriften. Dankzij de grote gekleurde lussen kunnen de dekens eenvoudig door twee personen worden ingezet. Ze worden geleverd met een stevige, slimme opbergtas. Een wandgemonteerde kast is eveneens beschikbaar voor snelle inzet bij noodgevallen.\n<br ><br >\nWij adviseren om uw lithiumbatterij \u2014 of een andere batterijsoort \u2014 af te dekken met de Branddekens voor opslag van lithiumbatterijen wanneer deze niet in gebruik is. Dit dient als een preventieve veiligheidsmaatregel om brandrisico\u2019s te minimaliseren, nog voordat een incident ontstaat. Indien u liever niet voortdurend batterijen afgedekt houdt, bieden wij ook voordeligere alternatieven: kies bijvoorbeeld voor onze Ultimate Fire Blanket (herbruikbaar tot 7 keer) of de Economy Fire Blanket, speciaal ontworpen voor eenmalig gebruik.\n<br ><br ><b >\nOverige voordelen:<\/b><br >\n\u2022 Geschikt voor diverse toepassingen in batterijopslag.<br >\n\u2022 Geen vervaldatum, met een houdbaarheid van meer dan 25 jaar bij correcte opslag.<br >\n\u2022 Maatwerkafmetingen beschikbaar op aanvraag.<br >\n\u2022 Ook verkrijgbaar in andere materiaalopties.<\/p><\/div> <\/div> <div  class=\"row center-xs middle-xs\"> <div  class=\"col-sm-9\" data-type=\"column\"><a  class=\"button color1\" href=\"https:\/\/fireisolator.com\/nl\/contact\/\" target=\"_self\" data-cp-link=\"1\" data-icon=\"\">Neem contact met ons op voor meer informatie!<\/a> <\/div> <\/div><\/div> <\/div>","protected":false},"excerpt":{"rendered":"<p>FIRE ISOLATOR Branddekens voor opslag van lithiumbatterijen Lithiumbatterij opslag-branddekens zijn een duurzame en uiterst effectieve oplossing voor het isoleren van lithiumbatterijbranden, met name in magazijnen of andere opslagfaciliteiten. Dankzij hun hoge temperatuurbestendigheid helpen deze dekens de verspreiding van vuur te voorkomen en de nevenschade in de omgeving aanzienlijk te beperken. MATERIALEN Verkrijgbaar in 3 types&hellip; <br \/> <a class=\"read-more\" href=\"https:\/\/fireisolator.com\/nl\/branddekens-voor-opslag-van-lithiumbatterijen\/\">Lees verder<\/a><\/p>\n","protected":false},"author":5,"featured_media":0,"parent":0,"menu_order":0,"comment_status":"closed","ping_status":"closed","template":"pro\/page-templates\/full-width-page.php","meta":{"_acf_changed":false,"content-type":"","inline_featured_image":false,"footnotes":""},"class_list":["post-7237","page","type-page","status-publish","hentry"],"acf":[],"yoast_head":"<!-- This site is optimized with the Yoast SEO Premium plugin v24.6 (Yoast SEO v24.6) - https:\/\/yoast.com\/wordpress\/plugins\/seo\/ -->\n<title>Branddekens voor opslag van lithiumbatterijen &#8226; Fire Isolator<\/title>\n<meta name=\"description\" content=\"Branddekens voor de opslag van lithiumbatterijen isoleren batterijbranden in opslagruimten en helpen zo branduitbreiding te voorkomen.\" \/>\n<meta name=\"robots\" content=\"index, follow, max-snippet:-1, max-image-preview:large, max-video-preview:-1\" \/>\n<link rel=\"canonical\" href=\"https:\/\/fireisolator.com\/nl\/branddekens-voor-opslag-van-lithiumbatterijen\/\" \/>\n<meta property=\"og:locale\" content=\"nl_NL\" \/>\n<meta property=\"og:type\" content=\"article\" \/>\n<meta property=\"og:title\" content=\"Branddekens voor opslag van lithiumbatterijen\" \/>\n<meta property=\"og:description\" content=\"Branddekens voor de opslag van lithiumbatterijen isoleren batterijbranden in opslagruimten en helpen zo branduitbreiding te voorkomen.\" \/>\n<meta property=\"og:url\" content=\"https:\/\/fireisolator.com\/nl\/branddekens-voor-opslag-van-lithiumbatterijen\/\" \/>\n<meta property=\"og:site_name\" content=\"Fire Isolator\" \/>\n<meta property=\"article:modified_time\" content=\"2025-08-14T08:31:48+00:00\" \/>\n<meta name=\"twitter:card\" content=\"summary_large_image\" \/>\n<script type=\"application\/ld+json\" class=\"yoast-schema-graph\">{\"@context\":\"https:\/\/schema.org\",\"@graph\":[{\"@type\":\"WebPage\",\"@id\":\"https:\/\/fireisolator.com\/nl\/branddekens-voor-opslag-van-lithiumbatterijen\/\",\"url\":\"https:\/\/fireisolator.com\/nl\/branddekens-voor-opslag-van-lithiumbatterijen\/\",\"name\":\"Branddekens voor opslag van lithiumbatterijen &#8226; Fire Isolator\",\"isPartOf\":{\"@id\":\"https:\/\/fireisolator.com\/nl\/#website\"},\"datePublished\":\"2025-06-04T09:03:34+00:00\",\"dateModified\":\"2025-08-14T08:31:48+00:00\",\"description\":\"Branddekens voor de opslag van lithiumbatterijen isoleren batterijbranden in opslagruimten en helpen zo branduitbreiding te voorkomen.\",\"breadcrumb\":{\"@id\":\"https:\/\/fireisolator.com\/nl\/branddekens-voor-opslag-van-lithiumbatterijen\/#breadcrumb\"},\"inLanguage\":\"nl-NL\",\"potentialAction\":[{\"@type\":\"ReadAction\",\"target\":[\"https:\/\/fireisolator.com\/nl\/branddekens-voor-opslag-van-lithiumbatterijen\/\"]}]},{\"@type\":\"BreadcrumbList\",\"@id\":\"https:\/\/fireisolator.com\/nl\/branddekens-voor-opslag-van-lithiumbatterijen\/#breadcrumb\",\"itemListElement\":[{\"@type\":\"ListItem\",\"position\":1,\"name\":\"Home\",\"item\":\"https:\/\/fireisolator.com\/nl\/\"},{\"@type\":\"ListItem\",\"position\":2,\"name\":\"Branddekens voor opslag van lithiumbatterijen\"}]},{\"@type\":\"WebSite\",\"@id\":\"https:\/\/fireisolator.com\/nl\/#website\",\"url\":\"https:\/\/fireisolator.com\/nl\/\",\"name\":\"FIRE\u26a1\ufe0fISOLATOR\",\"description\":\"The solution to isolate EV car fires\",\"publisher\":{\"@id\":\"https:\/\/fireisolator.com\/nl\/#organization\"},\"potentialAction\":[{\"@type\":\"SearchAction\",\"target\":{\"@type\":\"EntryPoint\",\"urlTemplate\":\"https:\/\/fireisolator.com\/nl\/?s={search_term_string}\"},\"query-input\":{\"@type\":\"PropertyValueSpecification\",\"valueRequired\":true,\"valueName\":\"search_term_string\"}}],\"inLanguage\":\"nl-NL\"},{\"@type\":\"Organization\",\"@id\":\"https:\/\/fireisolator.com\/nl\/#organization\",\"name\":\"Blomsma Signs & Safety\",\"url\":\"https:\/\/fireisolator.com\/nl\/\",\"logo\":{\"@type\":\"ImageObject\",\"inLanguage\":\"nl-NL\",\"@id\":\"https:\/\/fireisolator.com\/nl\/#\/schema\/logo\/image\/\",\"url\":\"\",\"contentUrl\":\"\",\"caption\":\"Blomsma Signs & Safety\"},\"image\":{\"@id\":\"https:\/\/fireisolator.com\/nl\/#\/schema\/logo\/image\/\"}}]}<\/script>\n<!-- \/ Yoast SEO Premium plugin. -->","yoast_head_json":{"title":"Branddekens voor opslag van lithiumbatterijen &#8226; Fire Isolator","description":"Branddekens voor de opslag van lithiumbatterijen isoleren batterijbranden in opslagruimten en helpen zo branduitbreiding te voorkomen.","robots":{"index":"index","follow":"follow","max-snippet":"max-snippet:-1","max-image-preview":"max-image-preview:large","max-video-preview":"max-video-preview:-1"},"canonical":"https:\/\/fireisolator.com\/nl\/branddekens-voor-opslag-van-lithiumbatterijen\/","og_locale":"nl_NL","og_type":"article","og_title":"Branddekens voor opslag van lithiumbatterijen","og_description":"Branddekens voor de opslag van lithiumbatterijen isoleren batterijbranden in opslagruimten en helpen zo branduitbreiding te voorkomen.","og_url":"https:\/\/fireisolator.com\/nl\/branddekens-voor-opslag-van-lithiumbatterijen\/","og_site_name":"Fire Isolator","article_modified_time":"2025-08-14T08:31:48+00:00","twitter_card":"summary_large_image","schema":{"@context":"https:\/\/schema.org","@graph":[{"@type":"WebPage","@id":"https:\/\/fireisolator.com\/nl\/branddekens-voor-opslag-van-lithiumbatterijen\/","url":"https:\/\/fireisolator.com\/nl\/branddekens-voor-opslag-van-lithiumbatterijen\/","name":"Branddekens voor opslag van lithiumbatterijen &#8226; Fire Isolator","isPartOf":{"@id":"https:\/\/fireisolator.com\/nl\/#website"},"datePublished":"2025-06-04T09:03:34+00:00","dateModified":"2025-08-14T08:31:48+00:00","description":"Branddekens voor de opslag van lithiumbatterijen isoleren batterijbranden in opslagruimten en helpen zo branduitbreiding te voorkomen.","breadcrumb":{"@id":"https:\/\/fireisolator.com\/nl\/branddekens-voor-opslag-van-lithiumbatterijen\/#breadcrumb"},"inLanguage":"nl-NL","potentialAction":[{"@type":"ReadAction","target":["https:\/\/fireisolator.com\/nl\/branddekens-voor-opslag-van-lithiumbatterijen\/"]}]},{"@type":"BreadcrumbList","@id":"https:\/\/fireisolator.com\/nl\/branddekens-voor-opslag-van-lithiumbatterijen\/#breadcrumb","itemListElement":[{"@type":"ListItem","position":1,"name":"Home","item":"https:\/\/fireisolator.com\/nl\/"},{"@type":"ListItem","position":2,"name":"Branddekens voor opslag van lithiumbatterijen"}]},{"@type":"WebSite","@id":"https:\/\/fireisolator.com\/nl\/#website","url":"https:\/\/fireisolator.com\/nl\/","name":"FIRE\u26a1\ufe0fISOLATOR","description":"The solution to isolate EV car fires","publisher":{"@id":"https:\/\/fireisolator.com\/nl\/#organization"},"potentialAction":[{"@type":"SearchAction","target":{"@type":"EntryPoint","urlTemplate":"https:\/\/fireisolator.com\/nl\/?s={search_term_string}"},"query-input":{"@type":"PropertyValueSpecification","valueRequired":true,"valueName":"search_term_string"}}],"inLanguage":"nl-NL"},{"@type":"Organization","@id":"https:\/\/fireisolator.com\/nl\/#organization","name":"Blomsma Signs & Safety","url":"https:\/\/fireisolator.com\/nl\/","logo":{"@type":"ImageObject","inLanguage":"nl-NL","@id":"https:\/\/fireisolator.com\/nl\/#\/schema\/logo\/image\/","url":"","contentUrl":"","caption":"Blomsma Signs & Safety"},"image":{"@id":"https:\/\/fireisolator.com\/nl\/#\/schema\/logo\/image\/"}}]}},"_links":{"self":[{"href":"https:\/\/fireisolator.com\/nl\/wp-json\/wp\/v2\/pages\/7237","targetHints":{"allow":["GET"]}}],"collection":[{"href":"https:\/\/fireisolator.com\/nl\/wp-json\/wp\/v2\/pages"}],"about":[{"href":"https:\/\/fireisolator.com\/nl\/wp-json\/wp\/v2\/types\/page"}],"author":[{"embeddable":true,"href":"https:\/\/fireisolator.com\/nl\/wp-json\/wp\/v2\/users\/5"}],"replies":[{"embeddable":true,"href":"https:\/\/fireisolator.com\/nl\/wp-json\/wp\/v2\/comments?post=7237"}],"version-history":[{"count":6,"href":"https:\/\/fireisolator.com\/nl\/wp-json\/wp\/v2\/pages\/7237\/revisions"}],"predecessor-version":[{"id":7731,"href":"https:\/\/fireisolator.com\/nl\/wp-json\/wp\/v2\/pages\/7237\/revisions\/7731"}],"wp:attachment":[{"href":"https:\/\/fireisolator.com\/nl\/wp-json\/wp\/v2\/media?parent=7237"}],"curies":[{"name":"wp","href":"https:\/\/api.w.org\/{rel}","templated":true}]}}